{"id":23923,"date":"2025-07-20T11:13:00","date_gmt":"2025-07-20T09:13:00","guid":{"rendered":"https:\/\/hedgehogprogram.com\/heim\/ueber-uns\/unsere-geschichte\/"},"modified":"2025-11-07T00:00:36","modified_gmt":"2025-11-06T23:00:36","slug":"unsere-geschichte","status":"publish","type":"page","link":"https:\/\/vh2023vjmwd-0.hosting-space.nl\/de\/heim\/ueber-uns\/unsere-geschichte\/","title":{"rendered":"Unsere Geschichte"},"content":{"rendered":"\n<h2 class=\"wp-block-heading\">Unsere Geschichte<\/h2>\n\n<div class=\"wp-block-cover alignfull\"><img loading=\"lazy\" decoding=\"async\" width=\"1024\" height=\"639\" class=\"wp-block-cover__image-background wp-image-14164 size-large\" alt=\"\" src=\"https:\/\/hedgehogprogram.com\/wp-content\/uploads\/2022\/11\/HC-1024x639.jpg\" style=\"object-position:52% 100%\" data-object-fit=\"cover\" data-object-position=\"52% 100%\" srcset=\"https:\/\/vh2023vjmwd-0.hosting-space.nl\/wp-content\/uploads\/2022\/11\/HC-1024x639.jpg 1024w, https:\/\/vh2023vjmwd-0.hosting-space.nl\/wp-content\/uploads\/2022\/11\/HC-768x479.jpg 768w, https:\/\/vh2023vjmwd-0.hosting-space.nl\/wp-content\/uploads\/2022\/11\/HC-600x375.jpg 600w, https:\/\/vh2023vjmwd-0.hosting-space.nl\/wp-content\/uploads\/2022\/11\/HC.jpg 1280w\" sizes=\"auto, (max-width: 1024px) 100vw, 1024px\" \/><span aria-hidden=\"true\" class=\"wp-block-cover__background has-ast-global-color-2-background-color has-background-dim-60 has-background-dim\"><\/span><div class=\"wp-block-cover__inner-container is-layout-constrained wp-block-cover-is-layout-constrained\">\n<blockquote class=\"wp-block-quote is-layout-flow wp-block-quote-is-layout-flow\">\n<blockquote class=\"wp-block-quote is-layout-flow wp-block-quote-is-layout-flow\">\n<p class=\"has-text-align-center has-ast-global-color-4-color has-text-color has-link-color has-medium-font-size wp-elements-86b29d2a189c1d120d9cea371e547f21\"><em>\u201eIm Mittelpunkt des Igelprogramms steht eine pers\u00f6nliche Reise, die von der Liebe zur Tierwelt, einem gegebenen Versprechen und einem lebenslangen Engagement f\u00fcr Bildung und Naturschutz getragen wird.\u201c<\/em><\/p>\n<\/blockquote>\n<\/blockquote>\n<\/div><\/div>\n\n<div class=\"wp-block-group alignfull has-white-background-color has-background is-layout-constrained wp-block-group-is-layout-constrained\">\n<h3 class=\"wp-block-heading\">Meine Rolle als Klimabotschafterin<\/h3>\n\n\n\n<p>Im Mai 2023 wurde ich voller Begeisterung Mitglied der IVN-Ortsgruppe Hoogeveen in den Niederlanden. IVN ist eine angesehene niederl\u00e4ndische Organisation, die sich der Naturerziehung und Nachhaltigkeit verschrieben hat und landesweit mit verschiedenen Ortsgruppen vertreten ist. Im Mai 2024 trat ich dem Vorstand der Ortsgruppe Hoogeveen bei und nur sechs Monate sp\u00e4ter wurde mir die gro\u00dfe Ehre zuteil, Klimabotschafterin von Hoogeveen zu werden. Diese Aufgabe ist ebenso vielf\u00e4ltig wie inspirierend und wird von meiner tiefen Leidenschaft f\u00fcr unseren Planeten und seine Zukunft getragen. Von der Organisation lebendiger Naturveranstaltungen und pulsierender Pflanzenm\u00e4rkte bis hin zur Leitung spannender F\u00fchrungen und Naturwanderungen f\u00fcr alle Altersgruppen \u2013 ich setze mich mit Herzblut daf\u00fcr ein, eine echte Verbindung zwischen Mensch und Natur zu f\u00f6rdern. Dar\u00fcber hinaus unterst\u00fctze und berate ich Menschen zu ihren Fragen rund um Klimaschutz und nachhaltiges Leben und bef\u00e4hige unsere Gemeinschaft, den Wandel anzunehmen und gemeinsam eine gr\u00fcnere, ges\u00fcndere Zukunft zu gestalten.     <\/p>\n<\/div>\n\n<div class=\"wp-block-group alignfull has-ast-global-color-6-background-color has-background is-layout-constrained wp-block-group-is-layout-constrained\">\n<div class=\"wp-block-columns is-layout-flex wp-container-core-columns-is-layout-28f84493 wp-block-columns-is-layout-flex\">\n<div class=\"wp-block-column is-layout-flow wp-block-column-is-layout-flow\" style=\"flex-basis:33.33%\">\n<figure class=\"wp-block-image alignfull size-full\"><img loading=\"lazy\" decoding=\"async\" width=\"960\" height=\"666\" src=\"https:\/\/hedgehogprogram.com\/wp-content\/uploads\/2025\/07\/481262176_3472773113030161_2540651709150831427_n.jpg\" alt=\"\" class=\"wp-image-20143\" srcset=\"https:\/\/vh2023vjmwd-0.hosting-space.nl\/wp-content\/uploads\/2025\/07\/481262176_3472773113030161_2540651709150831427_n.jpg 960w, https:\/\/vh2023vjmwd-0.hosting-space.nl\/wp-content\/uploads\/2025\/07\/481262176_3472773113030161_2540651709150831427_n-768x533.jpg 768w\" sizes=\"auto, (max-width: 960px) 100vw, 960px\" \/><\/figure>\n<\/div>\n\n\n\n<div class=\"wp-block-column is-layout-flow wp-block-column-is-layout-flow\" style=\"flex-basis:66.66%\">\n<h3 class=\"wp-block-heading\">Ein Versprechen an meinen Bruder<\/h3>\n\n\n\n<p>Als ich mit der Zucht von Afrikanischen Wei\u00dfbauchigeln (Atelerix albiventris) begann, startete alles mit einem Besuch bei meinem Bruder und meiner Schw\u00e4gerin. An diesem Tag hielt mein Bruder mein allererstes Zuchtm\u00e4nnchen in den H\u00e4nden, einen neugierigen kleinen Igel namens Archie (Dr. Archibald Hopper). Damals gab ich ihm das Versprechen, dass ich niemals aufh\u00f6ren w\u00fcrde, mit Tieren zu arbeiten, denn sie sind meine wahre Leidenschaft.  <\/p>\n\n\n\n<p>Am 14. Oktober 2014 verstarb mein Bruder leider unerwartet. Um mein Versprechen zu halten und sein Andenken zu bewahren, gab ich bei der britischen K\u00fcnstlerin Danielle Tomlinson ein Gem\u00e4lde von Archie in Auftrag. Mit ihrer freundlichen Erlaubnis lie\u00df ich mir das Portr\u00e4t auf den Oberschenkel t\u00e4towieren. Eine bleibende und zutiefst pers\u00f6nliche Erinnerung an diesen Tag, an dieses Versprechen und an den Weg, den ich mir vorgenommen hatte zu gehen.   <\/p>\n<\/div>\n<\/div>\n<\/div>\n\n<div class=\"wp-block-group alignfull has-white-background-color has-background is-layout-constrained wp-block-group-is-layout-constrained\">\n<h3 class=\"wp-block-heading\">The Hedgehog Program: Vom einzelnen Haustier zur globalen Plattform<\/h3>\n\n\n\n<p>Alles begann 2011, als ich meinen ersten Afrikanischen Wei\u00dfbauchigel, Bella, adoptierte. Ich hatte ihn \u00fcber eine niederl\u00e4ndische Online-Plattform aus einer kleinen Auffangstation gefunden. Damals war es fast unm\u00f6glich, verl\u00e4ssliche Informationen zur Haltung dieser Tiere auf Niederl\u00e4ndisch zu finden. Deshalb suchte ich in englischen, deutschen und schlie\u00dflich sogar spanischen Quellen nach den n\u00f6tigen Informationen.   <\/p>\n\n\n\n<p>Je mehr ich lernte, desto mehr merkte ich, dass ich nicht die Einzige mit diesem Problem war. Um anderen in der gleichen Situation zu helfen, gr\u00fcndete ich ein kleines Online-Forum: das Witbuikegel Forum. Es wurde fast \u00fcber Nacht ein Riesenerfolg. Innerhalb weniger Monate hatten sich \u00fcber 200 niederl\u00e4ndische Igelbesitzer angemeldet und tauschten Wissen, Erfahrungen und Fragen aus. Die Community wuchs rasant, und damit auch der Bedarf an klaren und leicht verst\u00e4ndlichen Informationen.    <\/p>\n\n\n\n<p>2014 durfte ich meinen ersten Wurf Igelbabys begr\u00fc\u00dfen, darunter ein unvergessliches kleines M\u00e4nnchen namens Archie. Das war der Beginn meiner Zeit als Z\u00fcchterin. Ein Kapitel, das parallel zum stetig wachsenden Bedarf an Struktur und Transparenz in der Igelwelt verlief. Ich begann, ein Zuchtprogramm zu entwickeln und startete eine umfassende Website zur Pflege: De Witbuikegel Wiki. Eine Website mit verl\u00e4sslichen, wissenschaftlich fundierten Informationen zu Gesundheit und Wohlbefinden von Igeln.    <\/p>\n\n\n\n<p>Im Laufe der Jahre erwies sich das Konzept als erfolgreich. Meine Zuchtbem\u00fchungen fanden Anerkennung, und auch die Website gewann an Popularit\u00e4t. Schon bald erreichte mich die Nachricht von Igelliebhabern aus ganz Europa und dar\u00fcber hinaus. Alle suchten nach verl\u00e4sslichen, mehrsprachigen Informationsquellen. Aus diesem internationalen Interesse entstand The Hedgehog Program.    <\/p>\n\n\n\n<p>Am 14. Oktober 2019, genau f\u00fcnf Jahre nach dem Tod meines Bruders, habe ich The Hedgehog Program offiziell als Unternehmen registriert. Was als pers\u00f6nliches Projekt begonnen hatte, war zu etwas viel Gr\u00f6\u00dferem geworden: einer Mission. <\/p>\n\n\n\n<p>Als die niederl\u00e4ndische Regierung die Positivliste einf\u00fchrte und Igel als Haustiere verbot, traf ich die schwere Entscheidung, die Zucht einzustellen. Doch f\u00fcr The Hedgehog Program war das nicht das Ende, sondern ein neuer Anfang.  <\/p>\n\n\n\n<p>The Hedgehog Program ist heute eine florierende internationale Plattform f\u00fcr Bildung und Forschung \u00fcber Igel, Tenreks und Stachelschweine. Dank integrierter \u00dcbersetzungstechnologie sind unsere Inhalte nun in nahezu allen Sprachen weltweit verf\u00fcgbar. Wir verbinden Menschen, teilen Wissen und f\u00f6rdern das Wohl dieser au\u00dfergew\u00f6hnlichen Tiere \u2013 Geschichte f\u00fcr Geschichte.  <\/p>\n\n\n\n<section style=\"padding: 3rem 1rem;\">\n  <div style=\"overflow-x: auto; padding: 2rem 0;\">\n    <div style=\"display: flex; align-items: center; gap: 3rem; min-width: 900px; justify-content: space-between; padding: 1rem 2rem;\">\n\n      <!-- Timeline Item -->\n      <div style=\"text-align: center; flex-shrink: 0;\">\n        <div style=\"width: 14px; height: 14px; background-color: #88c291; border-radius: 50%; margin: 0 auto;\"><\/div>\n        <h4 style=\"margin-top: 1rem; color: #444;\">2011<\/h4>\n        <p style=\"max-width: 180px; margin: 0 auto; color: #666;\">Mein erster Afrikanischen Wei\u00dfbauchigel trat in mein Leben.<\/p>\n      <\/div>\n\n      <div style=\"height: 2px; background-color: #ccc; flex-grow: 1;\"><\/div>\n\n      <div style=\"text-align: center; flex-shrink: 0;\">\n        <div style=\"width: 14px; height: 14px; background-color: #88c291; border-radius: 50%; margin: 0 auto;\"><\/div>\n        <h4 style=\"margin-top: 1rem; color: #444;\">2013<\/h4>\n        <p style=\"max-width: 180px; margin: 0 auto; color: #666;\">Ich habe meine Wiki-Website \u00fcber die Pflege von Igeln gestartet.<\/p>\n      <\/div>\n\n      <div style=\"height: 2px; background-color: #ccc; flex-grow: 1;\"><\/div>\n\n      <div style=\"text-align: center; flex-shrink: 0;\">\n        <div style=\"width: 14px; height: 14px; background-color: #88c291; border-radius: 50%; margin: 0 auto;\"><\/div>\n        <h4 style=\"margin-top: 1rem; color: #444;\">2014<\/h4>\n        <p style=\"max-width: 180px; margin: 0 auto; color: #666;\">Ich begann mein Zuchtprogramm mit Archie, meinem ersten Zuchtm\u00e4nnchen.<\/p>\n      <\/div>\n\n      <div style=\"height: 2px; background-color: #ccc; flex-grow: 1;\"><\/div>\n\n      <div style=\"text-align: center; flex-shrink: 0;\">\n        <div style=\"width: 14px; height: 14px; background-color: #88c291; border-radius: 50%; margin: 0 auto;\"><\/div>\n        <h4 style=\"margin-top: 1rem; color: #444;\">2019<\/h4>\n        <p style=\"max-width: 180px; margin: 0 auto; color: #666;\">Offizieller Start The Hedgehog Program als internationale Plattform.<\/p>\n      <\/div>\n\n      <div style=\"height: 2px; background-color: #ccc; flex-grow: 1;\"><\/div>\n\n      <div style=\"text-align: center; flex-shrink: 0;\">\n        <div style=\"width: 14px; height: 14px; background-color: #88c291; border-radius: 50%; margin: 0 auto;\"><\/div>\n        <h4 style=\"margin-top: 1rem; color: #444;\">Jetzt<\/h4>\n        <p style=\"max-width: 180px; margin: 0 auto; color: #666;\">Ein florierendes globales Zentrum f\u00fcr Igelpflege, -schutz und -bildung.<\/p>\n      <\/div>\n\n    <\/div>\n  <\/div>\n<\/section>\n<\/div>\n\n<hr class=\"wp-block-separator alignfull has-text-color has-ast-global-color-0-color has-alpha-channel-opacity has-ast-global-color-0-background-color has-background is-style-wide\" style=\"margin-top:0;margin-bottom:0\"\/>\n","protected":false},"excerpt":{"rendered":"<p>Unsere Geschichte Meine Rolle als Klimabotschafterin Im Mai 2023 wurde ich voller Begeisterung Mitglied der IVN-Ortsgruppe Hoogeveen in den Niederlanden. IVN ist eine angesehene niederl\u00e4ndische Organisation, die sich der Naturerziehung und Nachhaltigkeit verschrieben hat und landesweit mit verschiedenen Ortsgruppen vertreten ist. Im Mai 2024 trat ich dem Vorstand der Ortsgruppe Hoogeveen bei und nur sechs [&hellip;]<\/p>\n","protected":false},"author":1,"featured_media":0,"parent":23907,"menu_order":0,"comment_status":"closed","ping_status":"closed","template":"","meta":{"_monsterinsights_skip_tracking":false,"_monsterinsights_sitenote_active":false,"_monsterinsights_sitenote_note":"","_monsterinsights_sitenote_category":0,"site-sidebar-layout":"default","site-content-layout":"","ast-site-content-layout":"default","site-content-style":"default","site-sidebar-style":"default","ast-global-header-display":"","ast-banner-title-visibility":"","ast-main-header-display":"","ast-hfb-above-header-display":"","ast-hfb-below-header-display":"","ast-hfb-mobile-header-display":"","site-post-title":"","ast-breadcrumbs-content":"","ast-featured-img":"","footer-sml-layout":"","ast-disable-related-posts":"","theme-transparent-header-meta":"","adv-header-id-meta":"","stick-header-meta":"","header-above-stick-meta":"","header-main-stick-meta":"","header-below-stick-meta":"","astra-migrate-meta-layouts":"default","ast-page-background-enabled":"default","ast-page-background-meta":{"desktop":{"background-color":"var(--ast-global-color-4)","background-image":"","background-repeat":"repeat","background-position":"center center","background-size":"auto","background-attachment":"scroll","background-type":"","background-media":"","overlay-type":"","overlay-color":"","overlay-opacity":"","overlay-gradient":""},"tablet":{"background-color":"","background-image":"","background-repeat":"repeat","background-position":"center center","background-size":"auto","background-attachment":"scroll","background-type":"","background-media":"","overlay-type":"","overlay-color":"","overlay-opacity":"","overlay-gradient":""},"mobile":{"background-color":"","background-image":"","background-repeat":"repeat","background-position":"center center","background-size":"auto","background-attachment":"scroll","background-type":"","background-media":"","overlay-type":"","overlay-color":"","overlay-opacity":"","overlay-gradient":""}},"ast-content-background-meta":{"desktop":{"background-color":"var(--ast-global-color-5)","background-image":"","background-repeat":"repeat","background-position":"center center","background-size":"auto","background-attachment":"scroll","background-type":"","background-media":"","overlay-type":"","overlay-color":"","overlay-opacity":"","overlay-gradient":""},"tablet":{"background-color":"var(--ast-global-color-5)","background-image":"","background-repeat":"repeat","background-position":"center center","background-size":"auto","background-attachment":"scroll","background-type":"","background-media":"","overlay-type":"","overlay-color":"","overlay-opacity":"","overlay-gradient":""},"mobile":{"background-color":"var(--ast-global-color-5)","background-image":"","background-repeat":"repeat","background-position":"center center","background-size":"auto","background-attachment":"scroll","background-type":"","background-media":"","overlay-type":"","overlay-color":"","overlay-opacity":"","overlay-gradient":""}},"footnotes":""},"class_list":["post-23923","page","type-page","status-publish","hentry"],"yoast_head":"<!-- This site is optimized with the Yoast SEO plugin v27.3 - https:\/\/yoast.com\/product\/yoast-seo-wordpress\/ -->\n<title>Unsere Geschichte &#187; The Hedgehog Program<\/title>\n<meta name=\"robots\" content=\"index, follow, max-snippet:-1, max-image-preview:large, max-video-preview:-1\" \/>\n<link rel=\"canonical\" href=\"https:\/\/vh2023vjmwd-0.hosting-space.nl\/de\/heim\/ueber-uns\/unsere-geschichte\/\" \/>\n<meta property=\"og:locale\" content=\"de_DE\" \/>\n<meta property=\"og:type\" content=\"article\" \/>\n<meta property=\"og:title\" content=\"Unsere Geschichte &#187; The Hedgehog Program\" \/>\n<meta property=\"og:description\" content=\"Unsere Geschichte Meine Rolle als Klimabotschafterin Im Mai 2023 wurde ich voller Begeisterung Mitglied der IVN-Ortsgruppe Hoogeveen in den Niederlanden. IVN ist eine angesehene niederl\u00e4ndische Organisation, die sich der Naturerziehung und Nachhaltigkeit verschrieben hat und landesweit mit verschiedenen Ortsgruppen vertreten ist. Im Mai 2024 trat ich dem Vorstand der Ortsgruppe Hoogeveen bei und nur sechs [&hellip;]\" \/>\n<meta property=\"og:url\" content=\"https:\/\/vh2023vjmwd-0.hosting-space.nl\/de\/heim\/ueber-uns\/unsere-geschichte\/\" \/>\n<meta property=\"og:site_name\" content=\"The Hedgehog Program\" \/>\n<meta property=\"article:publisher\" content=\"https:\/\/www.facebook.com\/hedgehogprogram\" \/>\n<meta property=\"article:modified_time\" content=\"2025-11-06T23:00:36+00:00\" \/>\n<meta property=\"og:image\" content=\"https:\/\/hedgehogprogram.com\/wp-content\/uploads\/2022\/11\/HC-1024x639.jpg\" \/>\n<meta name=\"twitter:card\" content=\"summary_large_image\" \/>\n<meta name=\"twitter:label1\" content=\"Gesch\u00e4tzte Lesezeit\" \/>\n\t<meta name=\"twitter:data1\" content=\"4\u00a0Minuten\" \/>\n<script type=\"application\/ld+json\" class=\"yoast-schema-graph\">{\"@context\":\"https:\\\/\\\/schema.org\",\"@graph\":[{\"@type\":\"WebPage\",\"@id\":\"https:\\\/\\\/vh2023vjmwd-0.hosting-space.nl\\\/de\\\/heim\\\/ueber-uns\\\/unsere-geschichte\\\/\",\"url\":\"https:\\\/\\\/vh2023vjmwd-0.hosting-space.nl\\\/de\\\/heim\\\/ueber-uns\\\/unsere-geschichte\\\/\",\"name\":\"Unsere Geschichte &#187; The Hedgehog Program\",\"isPartOf\":{\"@id\":\"https:\\\/\\\/www.hedgehogprogram.com\\\/de\\\/#website\"},\"primaryImageOfPage\":{\"@id\":\"https:\\\/\\\/vh2023vjmwd-0.hosting-space.nl\\\/de\\\/heim\\\/ueber-uns\\\/unsere-geschichte\\\/#primaryimage\"},\"image\":{\"@id\":\"https:\\\/\\\/vh2023vjmwd-0.hosting-space.nl\\\/de\\\/heim\\\/ueber-uns\\\/unsere-geschichte\\\/#primaryimage\"},\"thumbnailUrl\":\"https:\\\/\\\/hedgehogprogram.com\\\/wp-content\\\/uploads\\\/2022\\\/11\\\/HC-1024x639.jpg\",\"datePublished\":\"2025-07-20T09:13:00+00:00\",\"dateModified\":\"2025-11-06T23:00:36+00:00\",\"breadcrumb\":{\"@id\":\"https:\\\/\\\/vh2023vjmwd-0.hosting-space.nl\\\/de\\\/heim\\\/ueber-uns\\\/unsere-geschichte\\\/#breadcrumb\"},\"inLanguage\":\"de\",\"potentialAction\":[{\"@type\":\"ReadAction\",\"target\":[\"https:\\\/\\\/vh2023vjmwd-0.hosting-space.nl\\\/de\\\/heim\\\/ueber-uns\\\/unsere-geschichte\\\/\"]}]},{\"@type\":\"ImageObject\",\"inLanguage\":\"de\",\"@id\":\"https:\\\/\\\/vh2023vjmwd-0.hosting-space.nl\\\/de\\\/heim\\\/ueber-uns\\\/unsere-geschichte\\\/#primaryimage\",\"url\":\"https:\\\/\\\/hedgehogprogram.com\\\/wp-content\\\/uploads\\\/2022\\\/11\\\/HC-1024x639.jpg\",\"contentUrl\":\"https:\\\/\\\/hedgehogprogram.com\\\/wp-content\\\/uploads\\\/2022\\\/11\\\/HC-1024x639.jpg\"},{\"@type\":\"BreadcrumbList\",\"@id\":\"https:\\\/\\\/vh2023vjmwd-0.hosting-space.nl\\\/de\\\/heim\\\/ueber-uns\\\/unsere-geschichte\\\/#breadcrumb\",\"itemListElement\":[{\"@type\":\"ListItem\",\"position\":1,\"name\":\"Home\",\"item\":\"https:\\\/\\\/www.hedgehogprogram.com\\\/de\\\/\"},{\"@type\":\"ListItem\",\"position\":2,\"name\":\"The Hedgehog Program\",\"item\":\"https:\\\/\\\/www.hedgehogprogram.com\\\/de\\\/\"},{\"@type\":\"ListItem\",\"position\":3,\"name\":\"\u00dcber uns\",\"item\":\"https:\\\/\\\/hedgehogprogram.com\\\/de\\\/heim\\\/ueber-uns\\\/\"},{\"@type\":\"ListItem\",\"position\":4,\"name\":\"Unsere Geschichte\"}]},{\"@type\":\"WebSite\",\"@id\":\"https:\\\/\\\/www.hedgehogprogram.com\\\/de\\\/#website\",\"url\":\"https:\\\/\\\/www.hedgehogprogram.com\\\/de\\\/\",\"name\":\"The Hedgehog Program\",\"description\":\"The Hedgehog Program is an online platform of research and education about hedgehogs and tenrecs.\",\"publisher\":{\"@id\":\"https:\\\/\\\/www.hedgehogprogram.com\\\/de\\\/#organization\"},\"alternateName\":\"THP\",\"potentialAction\":[{\"@type\":\"SearchAction\",\"target\":{\"@type\":\"EntryPoint\",\"urlTemplate\":\"https:\\\/\\\/www.hedgehogprogram.com\\\/de\\\/?s={search_term_string}\"},\"query-input\":{\"@type\":\"PropertyValueSpecification\",\"valueRequired\":true,\"valueName\":\"search_term_string\"}}],\"inLanguage\":\"de\"},{\"@type\":\"Organization\",\"@id\":\"https:\\\/\\\/www.hedgehogprogram.com\\\/de\\\/#organization\",\"name\":\"The Hedgehog Program\",\"alternateName\":\"THP\",\"url\":\"https:\\\/\\\/www.hedgehogprogram.com\\\/de\\\/\",\"logo\":{\"@type\":\"ImageObject\",\"inLanguage\":\"de\",\"@id\":\"https:\\\/\\\/www.hedgehogprogram.com\\\/de\\\/#\\\/schema\\\/logo\\\/image\\\/\",\"url\":\"https:\\\/\\\/www.hedgehogprogram.com\\\/wp-content\\\/uploads\\\/2022\\\/11\\\/logo-klein.png\",\"contentUrl\":\"https:\\\/\\\/www.hedgehogprogram.com\\\/wp-content\\\/uploads\\\/2022\\\/11\\\/logo-klein.png\",\"width\":250,\"height\":125,\"caption\":\"The Hedgehog Program\"},\"image\":{\"@id\":\"https:\\\/\\\/www.hedgehogprogram.com\\\/de\\\/#\\\/schema\\\/logo\\\/image\\\/\"},\"sameAs\":[\"https:\\\/\\\/www.facebook.com\\\/hedgehogprogram\",\"https:\\\/\\\/www.linkedin.com\\\/company\\\/hedgehogprogram\\\/\",\"https:\\\/\\\/www.tiktok.com\\\/@hedgehogprogram\"]}]}<\/script>\n<!-- \/ Yoast SEO plugin. -->","yoast_head_json":{"title":"Unsere Geschichte &#187; The Hedgehog Program","robots":{"index":"index","follow":"follow","max-snippet":"max-snippet:-1","max-image-preview":"max-image-preview:large","max-video-preview":"max-video-preview:-1"},"canonical":"https:\/\/vh2023vjmwd-0.hosting-space.nl\/de\/heim\/ueber-uns\/unsere-geschichte\/","og_locale":"de_DE","og_type":"article","og_title":"Unsere Geschichte &#187; The Hedgehog Program","og_description":"Unsere Geschichte Meine Rolle als Klimabotschafterin Im Mai 2023 wurde ich voller Begeisterung Mitglied der IVN-Ortsgruppe Hoogeveen in den Niederlanden. IVN ist eine angesehene niederl\u00e4ndische Organisation, die sich der Naturerziehung und Nachhaltigkeit verschrieben hat und landesweit mit verschiedenen Ortsgruppen vertreten ist. Im Mai 2024 trat ich dem Vorstand der Ortsgruppe Hoogeveen bei und nur sechs [&hellip;]","og_url":"https:\/\/vh2023vjmwd-0.hosting-space.nl\/de\/heim\/ueber-uns\/unsere-geschichte\/","og_site_name":"The Hedgehog Program","article_publisher":"https:\/\/www.facebook.com\/hedgehogprogram","article_modified_time":"2025-11-06T23:00:36+00:00","og_image":[{"url":"https:\/\/hedgehogprogram.com\/wp-content\/uploads\/2022\/11\/HC-1024x639.jpg","type":"","width":"","height":""}],"twitter_card":"summary_large_image","twitter_misc":{"Gesch\u00e4tzte Lesezeit":"4\u00a0Minuten"},"schema":{"@context":"https:\/\/schema.org","@graph":[{"@type":"WebPage","@id":"https:\/\/vh2023vjmwd-0.hosting-space.nl\/de\/heim\/ueber-uns\/unsere-geschichte\/","url":"https:\/\/vh2023vjmwd-0.hosting-space.nl\/de\/heim\/ueber-uns\/unsere-geschichte\/","name":"Unsere Geschichte &#187; The Hedgehog Program","isPartOf":{"@id":"https:\/\/www.hedgehogprogram.com\/de\/#website"},"primaryImageOfPage":{"@id":"https:\/\/vh2023vjmwd-0.hosting-space.nl\/de\/heim\/ueber-uns\/unsere-geschichte\/#primaryimage"},"image":{"@id":"https:\/\/vh2023vjmwd-0.hosting-space.nl\/de\/heim\/ueber-uns\/unsere-geschichte\/#primaryimage"},"thumbnailUrl":"https:\/\/hedgehogprogram.com\/wp-content\/uploads\/2022\/11\/HC-1024x639.jpg","datePublished":"2025-07-20T09:13:00+00:00","dateModified":"2025-11-06T23:00:36+00:00","breadcrumb":{"@id":"https:\/\/vh2023vjmwd-0.hosting-space.nl\/de\/heim\/ueber-uns\/unsere-geschichte\/#breadcrumb"},"inLanguage":"de","potentialAction":[{"@type":"ReadAction","target":["https:\/\/vh2023vjmwd-0.hosting-space.nl\/de\/heim\/ueber-uns\/unsere-geschichte\/"]}]},{"@type":"ImageObject","inLanguage":"de","@id":"https:\/\/vh2023vjmwd-0.hosting-space.nl\/de\/heim\/ueber-uns\/unsere-geschichte\/#primaryimage","url":"https:\/\/hedgehogprogram.com\/wp-content\/uploads\/2022\/11\/HC-1024x639.jpg","contentUrl":"https:\/\/hedgehogprogram.com\/wp-content\/uploads\/2022\/11\/HC-1024x639.jpg"},{"@type":"BreadcrumbList","@id":"https:\/\/vh2023vjmwd-0.hosting-space.nl\/de\/heim\/ueber-uns\/unsere-geschichte\/#breadcrumb","itemListElement":[{"@type":"ListItem","position":1,"name":"Home","item":"https:\/\/www.hedgehogprogram.com\/de\/"},{"@type":"ListItem","position":2,"name":"The Hedgehog Program","item":"https:\/\/www.hedgehogprogram.com\/de\/"},{"@type":"ListItem","position":3,"name":"\u00dcber uns","item":"https:\/\/hedgehogprogram.com\/de\/heim\/ueber-uns\/"},{"@type":"ListItem","position":4,"name":"Unsere Geschichte"}]},{"@type":"WebSite","@id":"https:\/\/www.hedgehogprogram.com\/de\/#website","url":"https:\/\/www.hedgehogprogram.com\/de\/","name":"The Hedgehog Program","description":"The Hedgehog Program is an online platform of research and education about hedgehogs and tenrecs.","publisher":{"@id":"https:\/\/www.hedgehogprogram.com\/de\/#organization"},"alternateName":"THP","potentialAction":[{"@type":"SearchAction","target":{"@type":"EntryPoint","urlTemplate":"https:\/\/www.hedgehogprogram.com\/de\/?s={search_term_string}"},"query-input":{"@type":"PropertyValueSpecification","valueRequired":true,"valueName":"search_term_string"}}],"inLanguage":"de"},{"@type":"Organization","@id":"https:\/\/www.hedgehogprogram.com\/de\/#organization","name":"The Hedgehog Program","alternateName":"THP","url":"https:\/\/www.hedgehogprogram.com\/de\/","logo":{"@type":"ImageObject","inLanguage":"de","@id":"https:\/\/www.hedgehogprogram.com\/de\/#\/schema\/logo\/image\/","url":"https:\/\/www.hedgehogprogram.com\/wp-content\/uploads\/2022\/11\/logo-klein.png","contentUrl":"https:\/\/www.hedgehogprogram.com\/wp-content\/uploads\/2022\/11\/logo-klein.png","width":250,"height":125,"caption":"The Hedgehog Program"},"image":{"@id":"https:\/\/www.hedgehogprogram.com\/de\/#\/schema\/logo\/image\/"},"sameAs":["https:\/\/www.facebook.com\/hedgehogprogram","https:\/\/www.linkedin.com\/company\/hedgehogprogram\/","https:\/\/www.tiktok.com\/@hedgehogprogram"]}]}},"_links":{"self":[{"href":"https:\/\/vh2023vjmwd-0.hosting-space.nl\/de\/wp-json\/wp\/v2\/pages\/23923","targetHints":{"allow":["GET"]}}],"collection":[{"href":"https:\/\/vh2023vjmwd-0.hosting-space.nl\/de\/wp-json\/wp\/v2\/pages"}],"about":[{"href":"https:\/\/vh2023vjmwd-0.hosting-space.nl\/de\/wp-json\/wp\/v2\/types\/page"}],"author":[{"embeddable":true,"href":"https:\/\/vh2023vjmwd-0.hosting-space.nl\/de\/wp-json\/wp\/v2\/users\/1"}],"replies":[{"embeddable":true,"href":"https:\/\/vh2023vjmwd-0.hosting-space.nl\/de\/wp-json\/wp\/v2\/comments?post=23923"}],"version-history":[{"count":0,"href":"https:\/\/vh2023vjmwd-0.hosting-space.nl\/de\/wp-json\/wp\/v2\/pages\/23923\/revisions"}],"up":[{"embeddable":true,"href":"https:\/\/vh2023vjmwd-0.hosting-space.nl\/de\/wp-json\/wp\/v2\/pages\/23907"}],"wp:attachment":[{"href":"https:\/\/vh2023vjmwd-0.hosting-space.nl\/de\/wp-json\/wp\/v2\/media?parent=23923"}],"curies":[{"name":"wp","href":"https:\/\/api.w.org\/{rel}","templated":true}]}}