{"id":24069,"date":"2025-07-20T11:09:26","date_gmt":"2025-07-20T09:09:26","guid":{"rendered":"https:\/\/hedgehogprogram.com\/teilnahme\/"},"modified":"2025-11-07T00:35:30","modified_gmt":"2025-11-06T23:35:30","slug":"teilnahme","status":"publish","type":"page","link":"https:\/\/vh2023vjmwd-0.hosting-space.nl\/de\/teilnahme\/","title":{"rendered":"Teilnahme"},"content":{"rendered":"\n<h2 class=\"wp-block-heading\">Teilnahme<\/h2>\n\n<div class=\"wp-block-cover alignfull\"><img loading=\"lazy\" decoding=\"async\" width=\"1024\" height=\"683\" class=\"wp-block-cover__image-background wp-image-21229 size-large\" alt=\"\" src=\"https:\/\/hedgehogprogram.com\/wp-content\/uploads\/2025\/08\/benjamin-combs-wuU_SSxDeS0-unsplash-1024x683.jpg\" data-object-fit=\"cover\" srcset=\"https:\/\/vh2023vjmwd-0.hosting-space.nl\/wp-content\/uploads\/2025\/08\/benjamin-combs-wuU_SSxDeS0-unsplash-1024x683.jpg 1024w, https:\/\/vh2023vjmwd-0.hosting-space.nl\/wp-content\/uploads\/2025\/08\/benjamin-combs-wuU_SSxDeS0-unsplash-768x512.jpg 768w, https:\/\/vh2023vjmwd-0.hosting-space.nl\/wp-content\/uploads\/2025\/08\/benjamin-combs-wuU_SSxDeS0-unsplash-1536x1024.jpg 1536w, https:\/\/vh2023vjmwd-0.hosting-space.nl\/wp-content\/uploads\/2025\/08\/benjamin-combs-wuU_SSxDeS0-unsplash-2048x1365.jpg 2048w, https:\/\/vh2023vjmwd-0.hosting-space.nl\/wp-content\/uploads\/2025\/08\/benjamin-combs-wuU_SSxDeS0-unsplash-600x400.jpg 600w, https:\/\/vh2023vjmwd-0.hosting-space.nl\/wp-content\/uploads\/2025\/08\/benjamin-combs-wuU_SSxDeS0-unsplash-75x50.jpg 75w\" sizes=\"auto, (max-width: 1024px) 100vw, 1024px\" \/><span aria-hidden=\"true\" class=\"wp-block-cover__background has-ast-global-color-3-background-color has-background-dim-60 has-background-dim\"><\/span><div class=\"wp-block-cover__inner-container is-layout-constrained wp-block-cover-is-layout-constrained\">\n<p class=\"has-text-align-center has-white-color has-text-color has-link-color has-medium-font-size wp-elements-cc646e5edbeefe12bfc9a5cc6a38ced6\">Es gibt viele M\u00f6glichkeiten, sich zu engagieren, vom Teilen Ihrer Beobachtungen \u00fcber die Teilnahme an Freiwilligenprojekten bis hin zum Besuch von Kursen und Exkursionen.<\/p>\n<\/div><\/div>\n\n<div class=\"wp-block-group alignfull has-white-background-color has-background is-layout-constrained wp-block-group-is-layout-constrained\">\n<h4 class=\"wp-block-heading\">Einf\u00fchrung<\/h4>\n\n\n\n<p>Beim The Hedgehog Program sind wir \u00fcberzeugt, dass der Schutz von Igeln eine Gemeinschaftsaufgabe ist, und jeder kann sich einbringen. Ob Sie Daten beisteuern, neue F\u00e4higkeiten erlernen, aktiv an Naturschutzprojekten mitwirken oder einfach mehr \u00fcber diese faszinierenden Tiere erfahren m\u00f6chten \u2013 hier finden Sie die passende M\u00f6glichkeit. Auf dieser Seite finden Sie alle Optionen, um sich zu beteiligen. Entdecken Sie die folgenden M\u00f6glichkeiten und finden Sie die, die am besten zu Ihnen passt.   <\/p>\n<\/div>\n\n<div class=\"wp-block-group has-ast-global-color-5-background-color has-background is-layout-constrained wp-block-group-is-layout-constrained\">\n<h4 class=\"wp-block-heading has-text-align-center\">W\u00e4hlen Sie Ihre Route<\/h4>\n\n\n\n<div class=\"wp-block-columns is-layout-flex wp-container-core-columns-is-layout-28f84493 wp-block-columns-is-layout-flex\">\n<div class=\"wp-block-column is-layout-flow wp-block-column-is-layout-flow\">\n<div class=\"wp-block-font-awesome-icon wp-font-awesome-icon\" style=\"display:flex;justify-content:center\"><svg xmlns=\"http:\/\/www.w3.org\/2000\/svg\" aria-hidden=\"true\" focusable=\"false\" data-prefix=\"fas\" data-icon=\"clipboard\" class=\"svg-inline--fa fa-clipboard \" role=\"img\" viewbox=\"0 0 384 512\" style=\"font-size:4em\" color=\"var(--ast-global-color-1)\"><path fill=\"currentColor\" d=\"M192 0c-41.8 0-77.4 26.7-90.5 64L64 64C28.7 64 0 92.7 0 128L0 448c0 35.3 28.7 64 64 64l256 0c35.3 0 64-28.7 64-64l0-320c0-35.3-28.7-64-64-64l-37.5 0C269.4 26.7 233.8 0 192 0zm0 64a32 32 0 1 1 0 64 32 32 0 1 1 0-64zM112 192l160 0c8.8 0 16 7.2 16 16s-7.2 16-16 16l-160 0c-8.8 0-16-7.2-16-16s7.2-16 16-16z\"><\/path><\/svg><\/div>\n\n\n\n<h5 class=\"wp-block-heading has-text-align-center\">B\u00fcrgerwissenschaft<\/h5>\n\n\n\n<p class=\"has-text-align-center\">Beteiligen Sie sich an der laufenden Forschung, indem Sie Ihre Igelbeobachtungen melden oder Proben zur wissenschaftlichen Analyse einsenden. Jede Beobachtung tr\u00e4gt dazu bei, ein klareres Bild der Igelpopulationen und ihres Verhaltens zu gewinnen. <\/p>\n\n\n\n<div class=\"wp-block-buttons is-content-justification-center is-layout-flex wp-container-core-buttons-is-layout-a89b3969 wp-block-buttons-is-layout-flex\">\n<div class=\"wp-block-button\"><a class=\"wp-block-button__link wp-element-button\" href=\"https:\/\/hedgehogprogram.com\/participate\/citizen-science\/\">Jetzt beitreten<\/a><\/div>\n<\/div>\n<\/div>\n\n\n\n<div class=\"wp-block-column is-layout-flow wp-block-column-is-layout-flow\">\n<div class=\"wp-block-font-awesome-icon wp-font-awesome-icon\" style=\"display:flex;justify-content:center\"><svg xmlns=\"http:\/\/www.w3.org\/2000\/svg\" aria-hidden=\"true\" focusable=\"false\" data-prefix=\"fas\" data-icon=\"graduation-cap\" class=\"svg-inline--fa fa-graduation-cap \" role=\"img\" viewbox=\"0 0 640 512\" style=\"font-size:4em\" color=\"var(--ast-global-color-1)\"><path fill=\"currentColor\" d=\"M320 32c-8.1 0-16.1 1.4-23.7 4.1L15.8 137.4C6.3 140.9 0 149.9 0 160s6.3 19.1 15.8 22.6l57.9 20.9C57.3 229.3 48 259.8 48 291.9l0 28.1c0 28.4-10.8 57.7-22.3 80.8c-6.5 13-13.9 25.8-22.5 37.6C0 442.7-.9 448.3 .9 453.4s6 8.9 11.2 10.2l64 16c4.2 1.1 8.7 .3 12.4-2s6.3-6.1 7.1-10.4c8.6-42.8 4.3-81.2-2.1-108.7C90.3 344.3 86 329.8 80 316.5l0-24.6c0-30.2 10.2-58.7 27.9-81.5c12.9-15.5 29.6-28 49.2-35.7l157-61.7c8.2-3.2 17.5 .8 20.7 9s-.8 17.5-9 20.7l-157 61.7c-12.4 4.9-23.3 12.4-32.2 21.6l159.6 57.6c7.6 2.7 15.6 4.1 23.7 4.1s16.1-1.4 23.7-4.1L624.2 182.6c9.5-3.4 15.8-12.5 15.8-22.6s-6.3-19.1-15.8-22.6L343.7 36.1C336.1 33.4 328.1 32 320 32zM128 408c0 35.3 86 72 192 72s192-36.7 192-72L496.7 262.6 354.5 314c-11.1 4-22.8 6-34.5 6s-23.5-2-34.5-6L143.3 262.6 128 408z\"><\/path><\/svg><\/div>\n\n\n\n<h5 class=\"wp-block-heading has-text-align-center\">Folgen Sie einem Kurs<\/h5>\n\n\n\n<p class=\"has-text-align-center\">Erweitern Sie Ihr Wissen mit unseren von Experten geleiteten Online-Kursen zu Biologie, \u00d6kologie, Pflege und Schutz von Igeln. Lernen Sie in Ihrem eigenen Tempo, machen Sie Ihr Interesse zum Beruf und erwerben Sie ein Zertifikat. <\/p>\n\n\n\n<div class=\"wp-block-buttons is-content-justification-center is-layout-flex wp-container-core-buttons-is-layout-a89b3969 wp-block-buttons-is-layout-flex\">\n<div class=\"wp-block-button\"><a class=\"wp-block-button__link wp-element-button\" href=\"https:\/\/hedgehogprogram.com\/courses\/\">Kurse entdecken<\/a><\/div>\n<\/div>\n<\/div>\n\n\n\n<div class=\"wp-block-column is-layout-flow wp-block-column-is-layout-flow\">\n<div class=\"wp-block-font-awesome-icon wp-font-awesome-icon\" style=\"display:flex;justify-content:center\"><svg xmlns=\"http:\/\/www.w3.org\/2000\/svg\" aria-hidden=\"true\" focusable=\"false\" data-prefix=\"fas\" data-icon=\"handshake-angle\" class=\"svg-inline--fa fa-handshake-angle \" role=\"img\" viewbox=\"0 0 640 512\" style=\"font-size:4em\" color=\"var(--ast-global-color-1)\"><path fill=\"currentColor\" d=\"M544 248l0 3.3 69.7-69.7c21.9-21.9 21.9-57.3 0-79.2L535.6 24.4c-21.9-21.9-57.3-21.9-79.2 0L416.3 64.5c-2.7-.3-5.5-.5-8.3-.5L296 64c-37.1 0-67.6 28-71.6 64l-.4 0 0 120c0 22.1 17.9 40 40 40s40-17.9 40-40l0-72c0 0 0-.1 0-.1l0-15.9 16 0 136 0c0 0 0 0 .1 0l7.9 0c44.2 0 80 35.8 80 80l0 8zM336 192l0 56c0 39.8-32.2 72-72 72s-72-32.2-72-72l0-118.6c-35.9 6.2-65.8 32.3-76 68.2L99.5 255.2 26.3 328.4c-21.9 21.9-21.9 57.3 0 79.2l78.1 78.1c21.9 21.9 57.3 21.9 79.2 0l37.7-37.7c.9 0 1.8 .1 2.7 .1l160 0c26.5 0 48-21.5 48-48c0-5.6-1-11-2.7-16l2.7 0c26.5 0 48-21.5 48-48c0-12.8-5-24.4-13.2-33c25.7-5 45.1-27.6 45.2-54.8l0-.4c-.1-30.8-25.1-55.8-56-55.8c0 0 0 0 0 0l-120 0z\"><\/path><\/svg><\/div>\n\n\n\n<h5 class=\"wp-block-heading has-text-align-center\">Freiwilligenprojekte<\/h5>\n\n\n\n<p class=\"has-text-align-center\">Engagieren Sie sich aktiv im Naturschutz \u2013 von der Verbesserung von Lebensr\u00e4umen \u00fcber \u00d6ffentlichkeitsarbeit bis hin zu praktischen Heimwerkerprojekten in Ihrer Nachbarschaft. Arbeiten Sie mit anderen zusammen, die Ihre Leidenschaft f\u00fcr Igel teilen. <\/p>\n\n\n\n<div class=\"wp-block-buttons is-content-justification-center is-layout-flex wp-container-core-buttons-is-layout-a89b3969 wp-block-buttons-is-layout-flex\">\n<div class=\"wp-block-button\"><a class=\"wp-block-button__link wp-element-button\" href=\"https:\/\/hedgehogprogram.com\/participate\/volunteer-projects\/\">Jetzt beitreten<\/a><\/div>\n<\/div>\n<\/div>\n<\/div>\n<\/div>\n\n<div class=\"wp-block-group alignfull has-white-background-color has-background is-layout-constrained wp-block-group-is-layout-constrained\">\n<div class=\"wp-block-columns is-layout-flex wp-container-core-columns-is-layout-28f84493 wp-block-columns-is-layout-flex\">\n<div class=\"wp-block-column is-layout-flow wp-block-column-is-layout-flow\">\n<h4 class=\"wp-block-heading\">Warum teilnehmen?<\/h4>\n\n\n\n<p>Sich f\u00fcr den Igelschutz zu engagieren, bedeutet mehr als nur Zeit zu spenden \u2013 es geht darum, einen echten Beitrag zum Schutz der Wildtiere zu leisten. Durch Ihre Teilnahme helfen Sie, wertvolle Daten zu sammeln, Lebensr\u00e4ume zu verbessern und das Bewusstsein in Ihrer Gemeinde zu st\u00e4rken. Im Gegenzug erwerben Sie neue F\u00e4higkeiten, treffen Gleichgesinnte und erleben die Befriedigung, mit Ihrem Handeln eine Art zu sch\u00fctzen, die unsere Unterst\u00fctzung braucht. Jeder Beitrag, so klein er auch sein mag, bringt uns einer sichereren Zukunft f\u00fcr Igel n\u00e4her.   <\/p>\n<\/div>\n\n\n\n<div class=\"wp-block-column is-layout-flow wp-block-column-is-layout-flow\">\n<figure class=\"wp-block-image size-large\"><img loading=\"lazy\" decoding=\"async\" width=\"1024\" height=\"685\" src=\"https:\/\/hedgehogprogram.com\/wp-content\/uploads\/2025\/08\/reader-8211917_1280-1024x685.jpg\" alt=\"\" class=\"wp-image-21230\" srcset=\"https:\/\/vh2023vjmwd-0.hosting-space.nl\/wp-content\/uploads\/2025\/08\/reader-8211917_1280-1024x685.jpg 1024w, https:\/\/vh2023vjmwd-0.hosting-space.nl\/wp-content\/uploads\/2025\/08\/reader-8211917_1280-768x514.jpg 768w, https:\/\/vh2023vjmwd-0.hosting-space.nl\/wp-content\/uploads\/2025\/08\/reader-8211917_1280-600x401.jpg 600w, https:\/\/vh2023vjmwd-0.hosting-space.nl\/wp-content\/uploads\/2025\/08\/reader-8211917_1280-75x50.jpg 75w, https:\/\/vh2023vjmwd-0.hosting-space.nl\/wp-content\/uploads\/2025\/08\/reader-8211917_1280.jpg 1280w\" sizes=\"auto, (max-width: 1024px) 100vw, 1024px\" \/><\/figure>\n<\/div>\n<\/div>\n<\/div>\n\n<div class=\"wp-block-group alignfull has-ast-global-color-5-background-color has-background is-layout-constrained wp-block-group-is-layout-constrained\">\n<div class=\"wp-block-columns is-layout-flex wp-container-core-columns-is-layout-28f84493 wp-block-columns-is-layout-flex\">\n<div class=\"wp-block-column is-layout-flow wp-block-column-is-layout-flow\">\n<figure class=\"wp-block-image size-full\"><img loading=\"lazy\" decoding=\"async\" width=\"1000\" height=\"750\" src=\"https:\/\/hedgehogprogram.com\/wp-content\/uploads\/2025\/08\/85727247.jpg\" alt=\"\" class=\"wp-image-21231\" srcset=\"https:\/\/vh2023vjmwd-0.hosting-space.nl\/wp-content\/uploads\/2025\/08\/85727247.jpg 1000w, https:\/\/vh2023vjmwd-0.hosting-space.nl\/wp-content\/uploads\/2025\/08\/85727247-768x576.jpg 768w, https:\/\/vh2023vjmwd-0.hosting-space.nl\/wp-content\/uploads\/2025\/08\/85727247-600x450.jpg 600w, https:\/\/vh2023vjmwd-0.hosting-space.nl\/wp-content\/uploads\/2025\/08\/85727247-67x50.jpg 67w\" sizes=\"auto, (max-width: 1000px) 100vw, 1000px\" \/><\/figure>\n<\/div>\n\n\n\n<div class=\"wp-block-column is-layout-flow wp-block-column-is-layout-flow\">\n<h4 class=\"wp-block-heading\">Hervorragende Gelegenheit<\/h4>\n\n\n\n<p>Eine unserer wirkungsvollsten laufenden Initiativen ist die Igel-Sichtungskarte. Dieses Projekt ruft Menschen weltweit dazu auf, zu dokumentieren, wo und wann sie Igel sehen \u2013 ob lebend, beim Nisten oder leider als Verkehrsopfer. Durch die Erfassung dieser Daten k\u00f6nnen wir die Populationsverteilung kartieren, saisonales Verhalten verfolgen und Gefahrengebiete identifizieren. Ihre Teilnahme kann dazu beitragen, lokale Schutzma\u00dfnahmen zu steuern und Leben zu retten.   <\/p>\n\n\n\n<div class=\"wp-block-buttons is-content-justification-center is-layout-flex wp-container-core-buttons-is-layout-a89b3969 wp-block-buttons-is-layout-flex\">\n<div class=\"wp-block-button\"><a class=\"wp-block-button__link wp-element-button\">Mach mit beim Projekt!<\/a><\/div>\n<\/div>\n<\/div>\n<\/div>\n<\/div>\n\n<p><\/p>\n","protected":false},"excerpt":{"rendered":"<p>Teilnahme Einf\u00fchrung Beim The Hedgehog Program sind wir \u00fcberzeugt, dass der Schutz von Igeln eine Gemeinschaftsaufgabe ist, und jeder kann sich einbringen. Ob Sie Daten beisteuern, neue F\u00e4higkeiten erlernen, aktiv an Naturschutzprojekten mitwirken oder einfach mehr \u00fcber diese faszinierenden Tiere erfahren m\u00f6chten \u2013 hier finden Sie die passende M\u00f6glichkeit. Auf dieser Seite finden Sie alle [&hellip;]<\/p>\n","protected":false},"author":1,"featured_media":0,"parent":0,"menu_order":0,"comment_status":"closed","ping_status":"closed","template":"","meta":{"_monsterinsights_skip_tracking":false,"_monsterinsights_sitenote_active":false,"_monsterinsights_sitenote_note":"","_monsterinsights_sitenote_category":0,"site-sidebar-layout":"default","site-content-layout":"","ast-site-content-layout":"default","site-content-style":"default","site-sidebar-style":"default","ast-global-header-display":"","ast-banner-title-visibility":"","ast-main-header-display":"","ast-hfb-above-header-display":"","ast-hfb-below-header-display":"","ast-hfb-mobile-header-display":"","site-post-title":"","ast-breadcrumbs-content":"","ast-featured-img":"","footer-sml-layout":"","ast-disable-related-posts":"","theme-transparent-header-meta":"","adv-header-id-meta":"","stick-header-meta":"","header-above-stick-meta":"","header-main-stick-meta":"","header-below-stick-meta":"","astra-migrate-meta-layouts":"default","ast-page-background-enabled":"default","ast-page-background-meta":{"desktop":{"background-color":"var(--ast-global-color-4)","background-image":"","background-repeat":"repeat","background-position":"center center","background-size":"auto","background-attachment":"scroll","background-type":"","background-media":"","overlay-type":"","overlay-color":"","overlay-opacity":"","overlay-gradient":""},"tablet":{"background-color":"","background-image":"","background-repeat":"repeat","background-position":"center center","background-size":"auto","background-attachment":"scroll","background-type":"","background-media":"","overlay-type":"","overlay-color":"","overlay-opacity":"","overlay-gradient":""},"mobile":{"background-color":"","background-image":"","background-repeat":"repeat","background-position":"center center","background-size":"auto","background-attachment":"scroll","background-type":"","background-media":"","overlay-type":"","overlay-color":"","overlay-opacity":"","overlay-gradient":""}},"ast-content-background-meta":{"desktop":{"background-color":"var(--ast-global-color-5)","background-image":"","background-repeat":"repeat","background-position":"center center","background-size":"auto","background-attachment":"scroll","background-type":"","background-media":"","overlay-type":"","overlay-color":"","overlay-opacity":"","overlay-gradient":""},"tablet":{"background-color":"var(--ast-global-color-5)","background-image":"","background-repeat":"repeat","background-position":"center center","background-size":"auto","background-attachment":"scroll","background-type":"","background-media":"","overlay-type":"","overlay-color":"","overlay-opacity":"","overlay-gradient":""},"mobile":{"background-color":"var(--ast-global-color-5)","background-image":"","background-repeat":"repeat","background-position":"center center","background-size":"auto","background-attachment":"scroll","background-type":"","background-media":"","overlay-type":"","overlay-color":"","overlay-opacity":"","overlay-gradient":""}},"footnotes":""},"class_list":["post-24069","page","type-page","status-publish","hentry"],"yoast_head":"<!-- This site is optimized with the Yoast SEO plugin v27.3 - https:\/\/yoast.com\/product\/yoast-seo-wordpress\/ -->\n<title>Teilnahme &#187; The Hedgehog Program<\/title>\n<meta name=\"robots\" content=\"index, follow, max-snippet:-1, max-image-preview:large, max-video-preview:-1\" \/>\n<link rel=\"canonical\" href=\"https:\/\/vh2023vjmwd-0.hosting-space.nl\/de\/teilnahme\/\" \/>\n<meta property=\"og:locale\" content=\"de_DE\" \/>\n<meta property=\"og:type\" content=\"article\" \/>\n<meta property=\"og:title\" content=\"Teilnahme &#187; The Hedgehog Program\" \/>\n<meta property=\"og:description\" content=\"Teilnahme Einf\u00fchrung Beim The Hedgehog Program sind wir \u00fcberzeugt, dass der Schutz von Igeln eine Gemeinschaftsaufgabe ist, und jeder kann sich einbringen. Ob Sie Daten beisteuern, neue F\u00e4higkeiten erlernen, aktiv an Naturschutzprojekten mitwirken oder einfach mehr \u00fcber diese faszinierenden Tiere erfahren m\u00f6chten \u2013 hier finden Sie die passende M\u00f6glichkeit. Auf dieser Seite finden Sie alle [&hellip;]\" \/>\n<meta property=\"og:url\" content=\"https:\/\/vh2023vjmwd-0.hosting-space.nl\/de\/teilnahme\/\" \/>\n<meta property=\"og:site_name\" content=\"The Hedgehog Program\" \/>\n<meta property=\"article:publisher\" content=\"https:\/\/www.facebook.com\/hedgehogprogram\" \/>\n<meta property=\"article:modified_time\" content=\"2025-11-06T23:35:30+00:00\" \/>\n<meta property=\"og:image\" content=\"https:\/\/hedgehogprogram.com\/wp-content\/uploads\/2025\/08\/benjamin-combs-wuU_SSxDeS0-unsplash-1024x683.jpg\" \/>\n<meta name=\"twitter:card\" content=\"summary_large_image\" \/>\n<meta name=\"twitter:label1\" content=\"Gesch\u00e4tzte Lesezeit\" \/>\n\t<meta name=\"twitter:data1\" content=\"2\u00a0Minuten\" \/>\n<script type=\"application\/ld+json\" class=\"yoast-schema-graph\">{\"@context\":\"https:\\\/\\\/schema.org\",\"@graph\":[{\"@type\":\"WebPage\",\"@id\":\"https:\\\/\\\/vh2023vjmwd-0.hosting-space.nl\\\/de\\\/teilnahme\\\/\",\"url\":\"https:\\\/\\\/vh2023vjmwd-0.hosting-space.nl\\\/de\\\/teilnahme\\\/\",\"name\":\"Teilnahme &#187; The Hedgehog Program\",\"isPartOf\":{\"@id\":\"https:\\\/\\\/www.hedgehogprogram.com\\\/de\\\/#website\"},\"primaryImageOfPage\":{\"@id\":\"https:\\\/\\\/vh2023vjmwd-0.hosting-space.nl\\\/de\\\/teilnahme\\\/#primaryimage\"},\"image\":{\"@id\":\"https:\\\/\\\/vh2023vjmwd-0.hosting-space.nl\\\/de\\\/teilnahme\\\/#primaryimage\"},\"thumbnailUrl\":\"https:\\\/\\\/hedgehogprogram.com\\\/wp-content\\\/uploads\\\/2025\\\/08\\\/benjamin-combs-wuU_SSxDeS0-unsplash-1024x683.jpg\",\"datePublished\":\"2025-07-20T09:09:26+00:00\",\"dateModified\":\"2025-11-06T23:35:30+00:00\",\"breadcrumb\":{\"@id\":\"https:\\\/\\\/vh2023vjmwd-0.hosting-space.nl\\\/de\\\/teilnahme\\\/#breadcrumb\"},\"inLanguage\":\"de\",\"potentialAction\":[{\"@type\":\"ReadAction\",\"target\":[\"https:\\\/\\\/vh2023vjmwd-0.hosting-space.nl\\\/de\\\/teilnahme\\\/\"]}]},{\"@type\":\"ImageObject\",\"inLanguage\":\"de\",\"@id\":\"https:\\\/\\\/vh2023vjmwd-0.hosting-space.nl\\\/de\\\/teilnahme\\\/#primaryimage\",\"url\":\"https:\\\/\\\/hedgehogprogram.com\\\/wp-content\\\/uploads\\\/2025\\\/08\\\/benjamin-combs-wuU_SSxDeS0-unsplash-1024x683.jpg\",\"contentUrl\":\"https:\\\/\\\/hedgehogprogram.com\\\/wp-content\\\/uploads\\\/2025\\\/08\\\/benjamin-combs-wuU_SSxDeS0-unsplash-1024x683.jpg\"},{\"@type\":\"BreadcrumbList\",\"@id\":\"https:\\\/\\\/vh2023vjmwd-0.hosting-space.nl\\\/de\\\/teilnahme\\\/#breadcrumb\",\"itemListElement\":[{\"@type\":\"ListItem\",\"position\":1,\"name\":\"Home\",\"item\":\"https:\\\/\\\/www.hedgehogprogram.com\\\/de\\\/\"},{\"@type\":\"ListItem\",\"position\":2,\"name\":\"Teilnahme\"}]},{\"@type\":\"WebSite\",\"@id\":\"https:\\\/\\\/www.hedgehogprogram.com\\\/de\\\/#website\",\"url\":\"https:\\\/\\\/www.hedgehogprogram.com\\\/de\\\/\",\"name\":\"The Hedgehog Program\",\"description\":\"The Hedgehog Program is an online platform of research and education about hedgehogs and tenrecs.\",\"publisher\":{\"@id\":\"https:\\\/\\\/www.hedgehogprogram.com\\\/de\\\/#organization\"},\"alternateName\":\"THP\",\"potentialAction\":[{\"@type\":\"SearchAction\",\"target\":{\"@type\":\"EntryPoint\",\"urlTemplate\":\"https:\\\/\\\/www.hedgehogprogram.com\\\/de\\\/?s={search_term_string}\"},\"query-input\":{\"@type\":\"PropertyValueSpecification\",\"valueRequired\":true,\"valueName\":\"search_term_string\"}}],\"inLanguage\":\"de\"},{\"@type\":\"Organization\",\"@id\":\"https:\\\/\\\/www.hedgehogprogram.com\\\/de\\\/#organization\",\"name\":\"The Hedgehog Program\",\"alternateName\":\"THP\",\"url\":\"https:\\\/\\\/www.hedgehogprogram.com\\\/de\\\/\",\"logo\":{\"@type\":\"ImageObject\",\"inLanguage\":\"de\",\"@id\":\"https:\\\/\\\/www.hedgehogprogram.com\\\/de\\\/#\\\/schema\\\/logo\\\/image\\\/\",\"url\":\"https:\\\/\\\/www.hedgehogprogram.com\\\/wp-content\\\/uploads\\\/2022\\\/11\\\/logo-klein.png\",\"contentUrl\":\"https:\\\/\\\/www.hedgehogprogram.com\\\/wp-content\\\/uploads\\\/2022\\\/11\\\/logo-klein.png\",\"width\":250,\"height\":125,\"caption\":\"The Hedgehog Program\"},\"image\":{\"@id\":\"https:\\\/\\\/www.hedgehogprogram.com\\\/de\\\/#\\\/schema\\\/logo\\\/image\\\/\"},\"sameAs\":[\"https:\\\/\\\/www.facebook.com\\\/hedgehogprogram\",\"https:\\\/\\\/www.linkedin.com\\\/company\\\/hedgehogprogram\\\/\",\"https:\\\/\\\/www.tiktok.com\\\/@hedgehogprogram\"]}]}<\/script>\n<!-- \/ Yoast SEO plugin. -->","yoast_head_json":{"title":"Teilnahme &#187; The Hedgehog Program","robots":{"index":"index","follow":"follow","max-snippet":"max-snippet:-1","max-image-preview":"max-image-preview:large","max-video-preview":"max-video-preview:-1"},"canonical":"https:\/\/vh2023vjmwd-0.hosting-space.nl\/de\/teilnahme\/","og_locale":"de_DE","og_type":"article","og_title":"Teilnahme &#187; The Hedgehog Program","og_description":"Teilnahme Einf\u00fchrung Beim The Hedgehog Program sind wir \u00fcberzeugt, dass der Schutz von Igeln eine Gemeinschaftsaufgabe ist, und jeder kann sich einbringen. Ob Sie Daten beisteuern, neue F\u00e4higkeiten erlernen, aktiv an Naturschutzprojekten mitwirken oder einfach mehr \u00fcber diese faszinierenden Tiere erfahren m\u00f6chten \u2013 hier finden Sie die passende M\u00f6glichkeit. Auf dieser Seite finden Sie alle [&hellip;]","og_url":"https:\/\/vh2023vjmwd-0.hosting-space.nl\/de\/teilnahme\/","og_site_name":"The Hedgehog Program","article_publisher":"https:\/\/www.facebook.com\/hedgehogprogram","article_modified_time":"2025-11-06T23:35:30+00:00","og_image":[{"url":"https:\/\/hedgehogprogram.com\/wp-content\/uploads\/2025\/08\/benjamin-combs-wuU_SSxDeS0-unsplash-1024x683.jpg","type":"","width":"","height":""}],"twitter_card":"summary_large_image","twitter_misc":{"Gesch\u00e4tzte Lesezeit":"2\u00a0Minuten"},"schema":{"@context":"https:\/\/schema.org","@graph":[{"@type":"WebPage","@id":"https:\/\/vh2023vjmwd-0.hosting-space.nl\/de\/teilnahme\/","url":"https:\/\/vh2023vjmwd-0.hosting-space.nl\/de\/teilnahme\/","name":"Teilnahme &#187; The Hedgehog Program","isPartOf":{"@id":"https:\/\/www.hedgehogprogram.com\/de\/#website"},"primaryImageOfPage":{"@id":"https:\/\/vh2023vjmwd-0.hosting-space.nl\/de\/teilnahme\/#primaryimage"},"image":{"@id":"https:\/\/vh2023vjmwd-0.hosting-space.nl\/de\/teilnahme\/#primaryimage"},"thumbnailUrl":"https:\/\/hedgehogprogram.com\/wp-content\/uploads\/2025\/08\/benjamin-combs-wuU_SSxDeS0-unsplash-1024x683.jpg","datePublished":"2025-07-20T09:09:26+00:00","dateModified":"2025-11-06T23:35:30+00:00","breadcrumb":{"@id":"https:\/\/vh2023vjmwd-0.hosting-space.nl\/de\/teilnahme\/#breadcrumb"},"inLanguage":"de","potentialAction":[{"@type":"ReadAction","target":["https:\/\/vh2023vjmwd-0.hosting-space.nl\/de\/teilnahme\/"]}]},{"@type":"ImageObject","inLanguage":"de","@id":"https:\/\/vh2023vjmwd-0.hosting-space.nl\/de\/teilnahme\/#primaryimage","url":"https:\/\/hedgehogprogram.com\/wp-content\/uploads\/2025\/08\/benjamin-combs-wuU_SSxDeS0-unsplash-1024x683.jpg","contentUrl":"https:\/\/hedgehogprogram.com\/wp-content\/uploads\/2025\/08\/benjamin-combs-wuU_SSxDeS0-unsplash-1024x683.jpg"},{"@type":"BreadcrumbList","@id":"https:\/\/vh2023vjmwd-0.hosting-space.nl\/de\/teilnahme\/#breadcrumb","itemListElement":[{"@type":"ListItem","position":1,"name":"Home","item":"https:\/\/www.hedgehogprogram.com\/de\/"},{"@type":"ListItem","position":2,"name":"Teilnahme"}]},{"@type":"WebSite","@id":"https:\/\/www.hedgehogprogram.com\/de\/#website","url":"https:\/\/www.hedgehogprogram.com\/de\/","name":"The Hedgehog Program","description":"The Hedgehog Program is an online platform of research and education about hedgehogs and tenrecs.","publisher":{"@id":"https:\/\/www.hedgehogprogram.com\/de\/#organization"},"alternateName":"THP","potentialAction":[{"@type":"SearchAction","target":{"@type":"EntryPoint","urlTemplate":"https:\/\/www.hedgehogprogram.com\/de\/?s={search_term_string}"},"query-input":{"@type":"PropertyValueSpecification","valueRequired":true,"valueName":"search_term_string"}}],"inLanguage":"de"},{"@type":"Organization","@id":"https:\/\/www.hedgehogprogram.com\/de\/#organization","name":"The Hedgehog Program","alternateName":"THP","url":"https:\/\/www.hedgehogprogram.com\/de\/","logo":{"@type":"ImageObject","inLanguage":"de","@id":"https:\/\/www.hedgehogprogram.com\/de\/#\/schema\/logo\/image\/","url":"https:\/\/www.hedgehogprogram.com\/wp-content\/uploads\/2022\/11\/logo-klein.png","contentUrl":"https:\/\/www.hedgehogprogram.com\/wp-content\/uploads\/2022\/11\/logo-klein.png","width":250,"height":125,"caption":"The Hedgehog Program"},"image":{"@id":"https:\/\/www.hedgehogprogram.com\/de\/#\/schema\/logo\/image\/"},"sameAs":["https:\/\/www.facebook.com\/hedgehogprogram","https:\/\/www.linkedin.com\/company\/hedgehogprogram\/","https:\/\/www.tiktok.com\/@hedgehogprogram"]}]}},"_links":{"self":[{"href":"https:\/\/vh2023vjmwd-0.hosting-space.nl\/de\/wp-json\/wp\/v2\/pages\/24069","targetHints":{"allow":["GET"]}}],"collection":[{"href":"https:\/\/vh2023vjmwd-0.hosting-space.nl\/de\/wp-json\/wp\/v2\/pages"}],"about":[{"href":"https:\/\/vh2023vjmwd-0.hosting-space.nl\/de\/wp-json\/wp\/v2\/types\/page"}],"author":[{"embeddable":true,"href":"https:\/\/vh2023vjmwd-0.hosting-space.nl\/de\/wp-json\/wp\/v2\/users\/1"}],"replies":[{"embeddable":true,"href":"https:\/\/vh2023vjmwd-0.hosting-space.nl\/de\/wp-json\/wp\/v2\/comments?post=24069"}],"version-history":[{"count":0,"href":"https:\/\/vh2023vjmwd-0.hosting-space.nl\/de\/wp-json\/wp\/v2\/pages\/24069\/revisions"}],"wp:attachment":[{"href":"https:\/\/vh2023vjmwd-0.hosting-space.nl\/de\/wp-json\/wp\/v2\/media?parent=24069"}],"curies":[{"name":"wp","href":"https:\/\/api.w.org\/{rel}","templated":true}]}}