{"id":24079,"date":"2025-08-05T19:25:10","date_gmt":"2025-08-05T17:25:10","guid":{"rendered":"https:\/\/hedgehogprogram.com\/teilnahme\/buergerwissenschaft\/"},"modified":"2026-03-09T13:42:46","modified_gmt":"2026-03-09T12:42:46","slug":"buergerwissenschaft","status":"publish","type":"page","link":"https:\/\/vh2023vjmwd-0.hosting-space.nl\/de\/teilnahme\/buergerwissenschaft\/","title":{"rendered":"B\u00fcrgerwissenschaft"},"content":{"rendered":"\n<h2 class=\"wp-block-heading\">B\u00fcrgerwissenschaft<\/h2>\n\n<div class=\"wp-block-cover alignfull\"><img loading=\"lazy\" decoding=\"async\" width=\"1024\" height=\"683\" class=\"wp-block-cover__image-background wp-image-21234 size-large\" alt=\"\" src=\"https:\/\/hedgehogprogram.com\/wp-content\/uploads\/2025\/08\/animal-2636367_1280-1024x683.jpg\" style=\"object-position:50% 62%\" data-object-fit=\"cover\" data-object-position=\"50% 62%\" srcset=\"https:\/\/vh2023vjmwd-0.hosting-space.nl\/wp-content\/uploads\/2025\/08\/animal-2636367_1280-1024x683.jpg 1024w, https:\/\/vh2023vjmwd-0.hosting-space.nl\/wp-content\/uploads\/2025\/08\/animal-2636367_1280-768x512.jpg 768w, https:\/\/vh2023vjmwd-0.hosting-space.nl\/wp-content\/uploads\/2025\/08\/animal-2636367_1280-600x400.jpg 600w, https:\/\/vh2023vjmwd-0.hosting-space.nl\/wp-content\/uploads\/2025\/08\/animal-2636367_1280-75x50.jpg 75w, https:\/\/vh2023vjmwd-0.hosting-space.nl\/wp-content\/uploads\/2025\/08\/animal-2636367_1280.jpg 1280w\" sizes=\"auto, (max-width: 1024px) 100vw, 1024px\" \/><span aria-hidden=\"true\" class=\"wp-block-cover__background has-ast-global-color-3-background-color has-background-dim-60 has-background-dim\"><\/span><div class=\"wp-block-cover__inner-container is-layout-constrained wp-block-cover-is-layout-constrained\">\n<p class=\"has-text-align-center has-white-color has-text-color has-link-color has-medium-font-size wp-elements-9957e50f250868be09cffe0bdd65b42e\">Ihre Beobachtungen und Beitr\u00e4ge k\u00f6nnen einen echten Unterschied machen. Beteiligen Sie sich an unseren B\u00fcrgerwissenschaftsprojekten und helfen Sie uns, die notwendigen Daten zum Schutz von Igeln zu sammeln. <\/p>\n<\/div><\/div>\n\n<div class=\"wp-block-group alignfull has-white-background-color has-background is-layout-constrained wp-block-group-is-layout-constrained\">\n<div class=\"wp-block-columns is-layout-flex wp-container-core-columns-is-layout-28f84493 wp-block-columns-is-layout-flex\">\n<div class=\"wp-block-column is-layout-flow wp-block-column-is-layout-flow\">\n<figure class=\"wp-block-image size-large\"><img loading=\"lazy\" decoding=\"async\" width=\"1024\" height=\"682\" src=\"https:\/\/hedgehogprogram.com\/wp-content\/uploads\/2025\/08\/photographer-4882729_1280-1024x682.jpg\" alt=\"\" class=\"wp-image-21235\" srcset=\"https:\/\/vh2023vjmwd-0.hosting-space.nl\/wp-content\/uploads\/2025\/08\/photographer-4882729_1280-1024x682.jpg 1024w, https:\/\/vh2023vjmwd-0.hosting-space.nl\/wp-content\/uploads\/2025\/08\/photographer-4882729_1280-768x512.jpg 768w, https:\/\/vh2023vjmwd-0.hosting-space.nl\/wp-content\/uploads\/2025\/08\/photographer-4882729_1280-600x400.jpg 600w, https:\/\/vh2023vjmwd-0.hosting-space.nl\/wp-content\/uploads\/2025\/08\/photographer-4882729_1280.jpg 1280w\" sizes=\"auto, (max-width: 1024px) 100vw, 1024px\" \/><\/figure>\n<\/div>\n\n\n\n<div class=\"wp-block-column is-layout-flow wp-block-column-is-layout-flow\">\n<h4 class=\"wp-block-heading\">Einf\u00fchrung<\/h4>\n\n\n\n<p>Bei The Hedgehog Program glauben wir, dass jeder eine aktive Rolle beim Schutz von Igeln spielen kann. Unsere Citizen-Science-Initiativen erm\u00f6glichen es jedem, unabh\u00e4ngig von seiner Erfahrung, direkt zur Forschung und zum Naturschutz beizutragen. <\/p>\n\n\n\n<p>Indem Sie Daten sammeln und teilen, helfen Sie uns zu verstehen, wo Igel leben, wie sie sich verhalten und welchen Gefahren sie ausgesetzt sind. Jede Meldung, von einer Sichtung im Garten bis hin zu einer gesammelten Probe, ist ein wertvolles Puzzleteil. <\/p>\n<\/div>\n<\/div>\n<\/div>\n\n<div class=\"wp-block-group alignfull is-layout-constrained wp-block-group-is-layout-constrained\">\n<h4 class=\"wp-block-heading has-text-align-center\">Wie B\u00fcrgerwissenschaft funktioniert<\/h4>\n\n\n\n<div class=\"wp-block-columns is-layout-flex wp-container-core-columns-is-layout-28f84493 wp-block-columns-is-layout-flex\">\n<div class=\"wp-block-column is-layout-flow wp-block-column-is-layout-flow\">\n<div class=\"wp-block-font-awesome-icon wp-font-awesome-icon\" style=\"display:flex;justify-content:center\"><svg xmlns=\"http:\/\/www.w3.org\/2000\/svg\" aria-hidden=\"true\" focusable=\"false\" data-prefix=\"fas\" data-icon=\"binoculars\" class=\"svg-inline--fa fa-binoculars \" role=\"img\" viewbox=\"0 0 512 512\" style=\"font-size:4em\" color=\"var(--ast-global-color-1)\"><path fill=\"currentColor\" d=\"M128 32l32 0c17.7 0 32 14.3 32 32l0 32L96 96l0-32c0-17.7 14.3-32 32-32zm64 96l0 320c0 17.7-14.3 32-32 32L32 480c-17.7 0-32-14.3-32-32l0-59.1c0-34.6 9.4-68.6 27.2-98.3C40.9 267.8 49.7 242.4 53 216L60.5 156c2-16 15.6-28 31.8-28l99.8 0zm227.8 0c16.1 0 29.8 12 31.8 28L459 216c3.3 26.4 12.1 51.8 25.8 74.6c17.8 29.7 27.2 63.7 27.2 98.3l0 59.1c0 17.7-14.3 32-32 32l-128 0c-17.7 0-32-14.3-32-32l0-320 99.8 0zM320 64c0-17.7 14.3-32 32-32l32 0c17.7 0 32 14.3 32 32l0 32-96 0 0-32zm-32 64l0 160-64 0 0-160 64 0z\"><\/path><\/svg><\/div>\n\n\n\n<h5 class=\"wp-block-heading has-text-align-center\">Beobachtungen und Sichtungen<\/h5>\n\n\n\n<p class=\"has-text-align-center\">Einen Igel entdeckt? Erfassen Sie die Details \u00fcber <a title=\"Observation.org\" href=\"https:\/\/www.observation.org\" target=\"_blank\" rel=\"noopener\">Observation.org<\/a> oder die <a title=\"\" href=\"https:\/\/observation.org\/apps\/observation\/\" target=\"_blank\" rel=\"noopener\">ObsIdentify-App<\/a>. Ihre Daten helfen uns, Populationen und saisonale Ver\u00e4nderungen zu verfolgen.  <\/p>\n<\/div>\n\n\n\n<div class=\"wp-block-column is-layout-flow wp-block-column-is-layout-flow\">\n<div class=\"wp-block-font-awesome-icon wp-font-awesome-icon\" style=\"display:flex;justify-content:center\"><svg xmlns=\"http:\/\/www.w3.org\/2000\/svg\" aria-hidden=\"true\" focusable=\"false\" data-prefix=\"fas\" data-icon=\"mobile-screen-button\" class=\"svg-inline--fa fa-mobile-screen-button \" role=\"img\" viewbox=\"0 0 384 512\" style=\"font-size:4em\" color=\"var(--ast-global-color-1)\"><path fill=\"currentColor\" d=\"M16 64C16 28.7 44.7 0 80 0L304 0c35.3 0 64 28.7 64 64l0 384c0 35.3-28.7 64-64 64L80 512c-35.3 0-64-28.7-64-64L16 64zM224 448a32 32 0 1 0 -64 0 32 32 0 1 0 64 0zM304 64L80 64l0 320 224 0 0-320z\"><\/path><\/svg><\/div>\n\n\n\n<h5 class=\"wp-block-heading has-text-align-center\">Daten \u00fcber Apps \u00fcbermitteln<\/h5>\n\n\n\n<p class=\"has-text-align-center\">Nutzen Sie Ihr Smartphone oder Ihren Computer, um Fotos, Notizen und genaue Standorte hochzuladen. Je detaillierter die Angaben, desto wertvoller die Aufzeichnung. <\/p>\n<\/div>\n\n\n\n<div class=\"wp-block-column is-layout-flow wp-block-column-is-layout-flow\">\n<div class=\"wp-block-font-awesome-icon wp-font-awesome-icon\" style=\"display:flex;justify-content:center\"><svg xmlns=\"http:\/\/www.w3.org\/2000\/svg\" aria-hidden=\"true\" focusable=\"false\" data-prefix=\"fas\" data-icon=\"microscope\" class=\"svg-inline--fa fa-microscope \" role=\"img\" viewbox=\"0 0 512 512\" style=\"font-size:4em\" color=\"var(--ast-global-color-1)\"><path fill=\"currentColor\" d=\"M160 32c0-17.7 14.3-32 32-32l32 0c17.7 0 32 14.3 32 32c17.7 0 32 14.3 32 32l0 224c0 17.7-14.3 32-32 32c0 17.7-14.3 32-32 32l-32 0c-17.7 0-32-14.3-32-32c-17.7 0-32-14.3-32-32l0-224c0-17.7 14.3-32 32-32zM32 448l288 0c70.7 0 128-57.3 128-128s-57.3-128-128-128l0-64c106 0 192 86 192 192c0 49.2-18.5 94-48.9 128l16.9 0c17.7 0 32 14.3 32 32s-14.3 32-32 32l-160 0L32 512c-17.7 0-32-14.3-32-32s14.3-32 32-32zm80-64l192 0c8.8 0 16 7.2 16 16s-7.2 16-16 16l-192 0c-8.8 0-16-7.2-16-16s7.2-16 16-16z\"><\/path><\/svg><\/div>\n\n\n\n<h5 class=\"wp-block-heading has-text-align-center\">Senden Sie Proben (Haare &amp; Stacheln)<\/h5>\n\n\n\n<p class=\"has-text-align-center\">Sie m\u00f6chten physische Muster beisteuern? Bitte kontaktieren Sie uns zun\u00e4chst mit dem Projekttitel, Ihrem Namen und den Details zu den Mustern. Nach der Genehmigung erhalten Sie unsere Postanschrift f\u00fcr die Zusendung.  <\/p>\n<\/div>\n<\/div>\n<\/div>\n\n<div class=\"wp-block-group alignfull has-white-background-color has-background is-layout-constrained wp-block-group-is-layout-constrained\">\n<h4 class=\"wp-block-heading\">\u00dcberblick \u00fcber B\u00fcrgerwissenschaftsinitiativen<\/h4>\n\n\n\n<p>Unsere B\u00fcrgerwissenschaftsprojekte sind vielf\u00e4ltig. Sie k\u00f6nnen sich bei lokalen Naturschutzorganisationen anmelden, mit unseren Anleitungen und passenden Kursen Ihr eigenes Naturschutzprojekt starten oder abends auf Igelspazierg\u00e4ngen nach Igeln Ausschau halten und Ihre Sichtungen melden. Bei manchen Projekten bitten wir Sie auch, uns Haar- oder Stachelproben zuzusenden \u2013 allerdings nur, wenn Sie zuf\u00e4llig einen Igel finden oder Igel in Gefangenschaft halten, beispielsweise in Auffangstationen oder als Haustiere. Entdecken Sie die unten aufgef\u00fchrten Projekte und finden Sie heraus, wie Sie sich ganz nach Ihren Interessen und Erfahrungen engagieren k\u00f6nnen.   <\/p>\n\n\n<ul class=\"wp-block-latest-posts__list is-grid columns-2 wp-block-latest-posts\"><\/ul><\/div>\n\n<div class=\"wp-block-group alignfull has-ast-global-color-5-background-color has-background is-layout-constrained wp-block-group-is-layout-constrained\">\n<h4 class=\"wp-block-heading\">Ergebnisse und Auswirkungen<\/h4>\n\n\n\n<p>B\u00fcrgerwissenschaft ist mehr als nur Datenerfassung; sie wandelt individuelle Beitr\u00e4ge in kollektives Wissen um. Beobachtungen, App-Einsendungen und physische Proben helfen uns, Igelpopulationen zu kartieren, Verhaltens- oder Populationsver\u00e4nderungen zu erkennen und Problemzonen wie gef\u00e4hrliche Stra\u00dfen zu identifizieren. Diese Ergebnisse werden mit Forschern, Natursch\u00fctzern und lokalen Beh\u00f6rden geteilt, um Ma\u00dfnahmen zu entwickeln, die einen echten und nachhaltigen Einfluss auf das \u00dcberleben der Igel haben.  <\/p>\n\n\n\n<div class=\"wp-block-columns is-layout-flex wp-container-core-columns-is-layout-28f84493 wp-block-columns-is-layout-flex\">\n<div class=\"wp-block-column is-layout-flow wp-block-column-is-layout-flow\">\n<h5 class=\"wp-block-heading has-text-align-left\">Eingesandte Proben<\/h5>\n<\/div>\n\n\n\n<div class=\"wp-block-column is-layout-flow wp-block-column-is-layout-flow\">\n<h5 class=\"wp-block-heading has-text-align-left\">Anzahl der Teilnehmer<\/h5>\n<\/div>\n<\/div>\n<\/div>\n\n<p><\/p>\n","protected":false},"excerpt":{"rendered":"<p>B\u00fcrgerwissenschaft Einf\u00fchrung Bei The Hedgehog Program glauben wir, dass jeder eine aktive Rolle beim Schutz von Igeln spielen kann. Unsere Citizen-Science-Initiativen erm\u00f6glichen es jedem, unabh\u00e4ngig von seiner Erfahrung, direkt zur Forschung und zum Naturschutz beizutragen. Indem Sie Daten sammeln und teilen, helfen Sie uns zu verstehen, wo Igel leben, wie sie sich verhalten und welchen [&hellip;]<\/p>\n","protected":false},"author":1,"featured_media":0,"parent":24069,"menu_order":0,"comment_status":"closed","ping_status":"closed","template":"","meta":{"_monsterinsights_skip_tracking":false,"_monsterinsights_sitenote_active":false,"_monsterinsights_sitenote_note":"","_monsterinsights_sitenote_category":0,"site-sidebar-layout":"default","site-content-layout":"","ast-site-content-layout":"default","site-content-style":"default","site-sidebar-style":"default","ast-global-header-display":"","ast-banner-title-visibility":"","ast-main-header-display":"","ast-hfb-above-header-display":"","ast-hfb-below-header-display":"","ast-hfb-mobile-header-display":"","site-post-title":"","ast-breadcrumbs-content":"","ast-featured-img":"","footer-sml-layout":"","ast-disable-related-posts":"","theme-transparent-header-meta":"","adv-header-id-meta":"","stick-header-meta":"","header-above-stick-meta":"","header-main-stick-meta":"","header-below-stick-meta":"","astra-migrate-meta-layouts":"default","ast-page-background-enabled":"default","ast-page-background-meta":{"desktop":{"background-color":"var(--ast-global-color-4)","background-image":"","background-repeat":"repeat","background-position":"center center","background-size":"auto","background-attachment":"scroll","background-type":"","background-media":"","overlay-type":"","overlay-color":"","overlay-opacity":"","overlay-gradient":""},"tablet":{"background-color":"","background-image":"","background-repeat":"repeat","background-position":"center center","background-size":"auto","background-attachment":"scroll","background-type":"","background-media":"","overlay-type":"","overlay-color":"","overlay-opacity":"","overlay-gradient":""},"mobile":{"background-color":"","background-image":"","background-repeat":"repeat","background-position":"center center","background-size":"auto","background-attachment":"scroll","background-type":"","background-media":"","overlay-type":"","overlay-color":"","overlay-opacity":"","overlay-gradient":""}},"ast-content-background-meta":{"desktop":{"background-color":"var(--ast-global-color-5)","background-image":"","background-repeat":"repeat","background-position":"center center","background-size":"auto","background-attachment":"scroll","background-type":"","background-media":"","overlay-type":"","overlay-color":"","overlay-opacity":"","overlay-gradient":""},"tablet":{"background-color":"var(--ast-global-color-5)","background-image":"","background-repeat":"repeat","background-position":"center center","background-size":"auto","background-attachment":"scroll","background-type":"","background-media":"","overlay-type":"","overlay-color":"","overlay-opacity":"","overlay-gradient":""},"mobile":{"background-color":"var(--ast-global-color-5)","background-image":"","background-repeat":"repeat","background-position":"center center","background-size":"auto","background-attachment":"scroll","background-type":"","background-media":"","overlay-type":"","overlay-color":"","overlay-opacity":"","overlay-gradient":""}},"footnotes":""},"class_list":["post-24079","page","type-page","status-publish","hentry"],"yoast_head":"<!-- This site is optimized with the Yoast SEO plugin v27.3 - https:\/\/yoast.com\/product\/yoast-seo-wordpress\/ -->\n<title>B\u00fcrgerwissenschaft &#187; The Hedgehog Program<\/title>\n<meta name=\"robots\" content=\"index, follow, max-snippet:-1, max-image-preview:large, max-video-preview:-1\" \/>\n<link rel=\"canonical\" href=\"https:\/\/vh2023vjmwd-0.hosting-space.nl\/de\/teilnahme\/buergerwissenschaft\/\" \/>\n<meta property=\"og:locale\" content=\"de_DE\" \/>\n<meta property=\"og:type\" content=\"article\" \/>\n<meta property=\"og:title\" content=\"B\u00fcrgerwissenschaft &#187; The Hedgehog Program\" \/>\n<meta property=\"og:description\" content=\"B\u00fcrgerwissenschaft Einf\u00fchrung Bei The Hedgehog Program glauben wir, dass jeder eine aktive Rolle beim Schutz von Igeln spielen kann. Unsere Citizen-Science-Initiativen erm\u00f6glichen es jedem, unabh\u00e4ngig von seiner Erfahrung, direkt zur Forschung und zum Naturschutz beizutragen. Indem Sie Daten sammeln und teilen, helfen Sie uns zu verstehen, wo Igel leben, wie sie sich verhalten und welchen [&hellip;]\" \/>\n<meta property=\"og:url\" content=\"https:\/\/vh2023vjmwd-0.hosting-space.nl\/de\/teilnahme\/buergerwissenschaft\/\" \/>\n<meta property=\"og:site_name\" content=\"The Hedgehog Program\" \/>\n<meta property=\"article:publisher\" content=\"https:\/\/www.facebook.com\/hedgehogprogram\" \/>\n<meta property=\"article:modified_time\" content=\"2026-03-09T12:42:46+00:00\" \/>\n<meta property=\"og:image\" content=\"https:\/\/hedgehogprogram.com\/wp-content\/uploads\/2025\/08\/animal-2636367_1280-1024x683.jpg\" \/>\n<meta name=\"twitter:card\" content=\"summary_large_image\" \/>\n<meta name=\"twitter:label1\" content=\"Gesch\u00e4tzte Lesezeit\" \/>\n\t<meta name=\"twitter:data1\" content=\"2\u00a0Minuten\" \/>\n<script type=\"application\/ld+json\" class=\"yoast-schema-graph\">{\"@context\":\"https:\\\/\\\/schema.org\",\"@graph\":[{\"@type\":\"WebPage\",\"@id\":\"https:\\\/\\\/vh2023vjmwd-0.hosting-space.nl\\\/de\\\/teilnahme\\\/buergerwissenschaft\\\/\",\"url\":\"https:\\\/\\\/vh2023vjmwd-0.hosting-space.nl\\\/de\\\/teilnahme\\\/buergerwissenschaft\\\/\",\"name\":\"B\u00fcrgerwissenschaft &#187; The Hedgehog Program\",\"isPartOf\":{\"@id\":\"https:\\\/\\\/www.hedgehogprogram.com\\\/de\\\/#website\"},\"primaryImageOfPage\":{\"@id\":\"https:\\\/\\\/vh2023vjmwd-0.hosting-space.nl\\\/de\\\/teilnahme\\\/buergerwissenschaft\\\/#primaryimage\"},\"image\":{\"@id\":\"https:\\\/\\\/vh2023vjmwd-0.hosting-space.nl\\\/de\\\/teilnahme\\\/buergerwissenschaft\\\/#primaryimage\"},\"thumbnailUrl\":\"https:\\\/\\\/hedgehogprogram.com\\\/wp-content\\\/uploads\\\/2025\\\/08\\\/animal-2636367_1280-1024x683.jpg\",\"datePublished\":\"2025-08-05T17:25:10+00:00\",\"dateModified\":\"2026-03-09T12:42:46+00:00\",\"breadcrumb\":{\"@id\":\"https:\\\/\\\/vh2023vjmwd-0.hosting-space.nl\\\/de\\\/teilnahme\\\/buergerwissenschaft\\\/#breadcrumb\"},\"inLanguage\":\"de\",\"potentialAction\":[{\"@type\":\"ReadAction\",\"target\":[\"https:\\\/\\\/vh2023vjmwd-0.hosting-space.nl\\\/de\\\/teilnahme\\\/buergerwissenschaft\\\/\"]}]},{\"@type\":\"ImageObject\",\"inLanguage\":\"de\",\"@id\":\"https:\\\/\\\/vh2023vjmwd-0.hosting-space.nl\\\/de\\\/teilnahme\\\/buergerwissenschaft\\\/#primaryimage\",\"url\":\"https:\\\/\\\/hedgehogprogram.com\\\/wp-content\\\/uploads\\\/2025\\\/08\\\/animal-2636367_1280-1024x683.jpg\",\"contentUrl\":\"https:\\\/\\\/hedgehogprogram.com\\\/wp-content\\\/uploads\\\/2025\\\/08\\\/animal-2636367_1280-1024x683.jpg\"},{\"@type\":\"BreadcrumbList\",\"@id\":\"https:\\\/\\\/vh2023vjmwd-0.hosting-space.nl\\\/de\\\/teilnahme\\\/buergerwissenschaft\\\/#breadcrumb\",\"itemListElement\":[{\"@type\":\"ListItem\",\"position\":1,\"name\":\"Home\",\"item\":\"https:\\\/\\\/www.hedgehogprogram.com\\\/de\\\/\"},{\"@type\":\"ListItem\",\"position\":2,\"name\":\"Teilnahme\",\"item\":\"https:\\\/\\\/hedgehogprogram.com\\\/de\\\/teilnahme\\\/\"},{\"@type\":\"ListItem\",\"position\":3,\"name\":\"B\u00fcrgerwissenschaft\"}]},{\"@type\":\"WebSite\",\"@id\":\"https:\\\/\\\/www.hedgehogprogram.com\\\/de\\\/#website\",\"url\":\"https:\\\/\\\/www.hedgehogprogram.com\\\/de\\\/\",\"name\":\"The Hedgehog Program\",\"description\":\"The Hedgehog Program is an online platform of research and education about hedgehogs and tenrecs.\",\"publisher\":{\"@id\":\"https:\\\/\\\/www.hedgehogprogram.com\\\/de\\\/#organization\"},\"alternateName\":\"THP\",\"potentialAction\":[{\"@type\":\"SearchAction\",\"target\":{\"@type\":\"EntryPoint\",\"urlTemplate\":\"https:\\\/\\\/www.hedgehogprogram.com\\\/de\\\/?s={search_term_string}\"},\"query-input\":{\"@type\":\"PropertyValueSpecification\",\"valueRequired\":true,\"valueName\":\"search_term_string\"}}],\"inLanguage\":\"de\"},{\"@type\":\"Organization\",\"@id\":\"https:\\\/\\\/www.hedgehogprogram.com\\\/de\\\/#organization\",\"name\":\"The Hedgehog Program\",\"alternateName\":\"THP\",\"url\":\"https:\\\/\\\/www.hedgehogprogram.com\\\/de\\\/\",\"logo\":{\"@type\":\"ImageObject\",\"inLanguage\":\"de\",\"@id\":\"https:\\\/\\\/www.hedgehogprogram.com\\\/de\\\/#\\\/schema\\\/logo\\\/image\\\/\",\"url\":\"https:\\\/\\\/www.hedgehogprogram.com\\\/wp-content\\\/uploads\\\/2022\\\/11\\\/logo-klein.png\",\"contentUrl\":\"https:\\\/\\\/www.hedgehogprogram.com\\\/wp-content\\\/uploads\\\/2022\\\/11\\\/logo-klein.png\",\"width\":250,\"height\":125,\"caption\":\"The Hedgehog Program\"},\"image\":{\"@id\":\"https:\\\/\\\/www.hedgehogprogram.com\\\/de\\\/#\\\/schema\\\/logo\\\/image\\\/\"},\"sameAs\":[\"https:\\\/\\\/www.facebook.com\\\/hedgehogprogram\",\"https:\\\/\\\/www.linkedin.com\\\/company\\\/hedgehogprogram\\\/\",\"https:\\\/\\\/www.tiktok.com\\\/@hedgehogprogram\"]}]}<\/script>\n<!-- \/ Yoast SEO plugin. -->","yoast_head_json":{"title":"B\u00fcrgerwissenschaft &#187; The Hedgehog Program","robots":{"index":"index","follow":"follow","max-snippet":"max-snippet:-1","max-image-preview":"max-image-preview:large","max-video-preview":"max-video-preview:-1"},"canonical":"https:\/\/vh2023vjmwd-0.hosting-space.nl\/de\/teilnahme\/buergerwissenschaft\/","og_locale":"de_DE","og_type":"article","og_title":"B\u00fcrgerwissenschaft &#187; The Hedgehog Program","og_description":"B\u00fcrgerwissenschaft Einf\u00fchrung Bei The Hedgehog Program glauben wir, dass jeder eine aktive Rolle beim Schutz von Igeln spielen kann. Unsere Citizen-Science-Initiativen erm\u00f6glichen es jedem, unabh\u00e4ngig von seiner Erfahrung, direkt zur Forschung und zum Naturschutz beizutragen. Indem Sie Daten sammeln und teilen, helfen Sie uns zu verstehen, wo Igel leben, wie sie sich verhalten und welchen [&hellip;]","og_url":"https:\/\/vh2023vjmwd-0.hosting-space.nl\/de\/teilnahme\/buergerwissenschaft\/","og_site_name":"The Hedgehog Program","article_publisher":"https:\/\/www.facebook.com\/hedgehogprogram","article_modified_time":"2026-03-09T12:42:46+00:00","og_image":[{"url":"https:\/\/hedgehogprogram.com\/wp-content\/uploads\/2025\/08\/animal-2636367_1280-1024x683.jpg","type":"","width":"","height":""}],"twitter_card":"summary_large_image","twitter_misc":{"Gesch\u00e4tzte Lesezeit":"2\u00a0Minuten"},"schema":{"@context":"https:\/\/schema.org","@graph":[{"@type":"WebPage","@id":"https:\/\/vh2023vjmwd-0.hosting-space.nl\/de\/teilnahme\/buergerwissenschaft\/","url":"https:\/\/vh2023vjmwd-0.hosting-space.nl\/de\/teilnahme\/buergerwissenschaft\/","name":"B\u00fcrgerwissenschaft &#187; The Hedgehog Program","isPartOf":{"@id":"https:\/\/www.hedgehogprogram.com\/de\/#website"},"primaryImageOfPage":{"@id":"https:\/\/vh2023vjmwd-0.hosting-space.nl\/de\/teilnahme\/buergerwissenschaft\/#primaryimage"},"image":{"@id":"https:\/\/vh2023vjmwd-0.hosting-space.nl\/de\/teilnahme\/buergerwissenschaft\/#primaryimage"},"thumbnailUrl":"https:\/\/hedgehogprogram.com\/wp-content\/uploads\/2025\/08\/animal-2636367_1280-1024x683.jpg","datePublished":"2025-08-05T17:25:10+00:00","dateModified":"2026-03-09T12:42:46+00:00","breadcrumb":{"@id":"https:\/\/vh2023vjmwd-0.hosting-space.nl\/de\/teilnahme\/buergerwissenschaft\/#breadcrumb"},"inLanguage":"de","potentialAction":[{"@type":"ReadAction","target":["https:\/\/vh2023vjmwd-0.hosting-space.nl\/de\/teilnahme\/buergerwissenschaft\/"]}]},{"@type":"ImageObject","inLanguage":"de","@id":"https:\/\/vh2023vjmwd-0.hosting-space.nl\/de\/teilnahme\/buergerwissenschaft\/#primaryimage","url":"https:\/\/hedgehogprogram.com\/wp-content\/uploads\/2025\/08\/animal-2636367_1280-1024x683.jpg","contentUrl":"https:\/\/hedgehogprogram.com\/wp-content\/uploads\/2025\/08\/animal-2636367_1280-1024x683.jpg"},{"@type":"BreadcrumbList","@id":"https:\/\/vh2023vjmwd-0.hosting-space.nl\/de\/teilnahme\/buergerwissenschaft\/#breadcrumb","itemListElement":[{"@type":"ListItem","position":1,"name":"Home","item":"https:\/\/www.hedgehogprogram.com\/de\/"},{"@type":"ListItem","position":2,"name":"Teilnahme","item":"https:\/\/hedgehogprogram.com\/de\/teilnahme\/"},{"@type":"ListItem","position":3,"name":"B\u00fcrgerwissenschaft"}]},{"@type":"WebSite","@id":"https:\/\/www.hedgehogprogram.com\/de\/#website","url":"https:\/\/www.hedgehogprogram.com\/de\/","name":"The Hedgehog Program","description":"The Hedgehog Program is an online platform of research and education about hedgehogs and tenrecs.","publisher":{"@id":"https:\/\/www.hedgehogprogram.com\/de\/#organization"},"alternateName":"THP","potentialAction":[{"@type":"SearchAction","target":{"@type":"EntryPoint","urlTemplate":"https:\/\/www.hedgehogprogram.com\/de\/?s={search_term_string}"},"query-input":{"@type":"PropertyValueSpecification","valueRequired":true,"valueName":"search_term_string"}}],"inLanguage":"de"},{"@type":"Organization","@id":"https:\/\/www.hedgehogprogram.com\/de\/#organization","name":"The Hedgehog Program","alternateName":"THP","url":"https:\/\/www.hedgehogprogram.com\/de\/","logo":{"@type":"ImageObject","inLanguage":"de","@id":"https:\/\/www.hedgehogprogram.com\/de\/#\/schema\/logo\/image\/","url":"https:\/\/www.hedgehogprogram.com\/wp-content\/uploads\/2022\/11\/logo-klein.png","contentUrl":"https:\/\/www.hedgehogprogram.com\/wp-content\/uploads\/2022\/11\/logo-klein.png","width":250,"height":125,"caption":"The Hedgehog Program"},"image":{"@id":"https:\/\/www.hedgehogprogram.com\/de\/#\/schema\/logo\/image\/"},"sameAs":["https:\/\/www.facebook.com\/hedgehogprogram","https:\/\/www.linkedin.com\/company\/hedgehogprogram\/","https:\/\/www.tiktok.com\/@hedgehogprogram"]}]}},"_links":{"self":[{"href":"https:\/\/vh2023vjmwd-0.hosting-space.nl\/de\/wp-json\/wp\/v2\/pages\/24079","targetHints":{"allow":["GET"]}}],"collection":[{"href":"https:\/\/vh2023vjmwd-0.hosting-space.nl\/de\/wp-json\/wp\/v2\/pages"}],"about":[{"href":"https:\/\/vh2023vjmwd-0.hosting-space.nl\/de\/wp-json\/wp\/v2\/types\/page"}],"author":[{"embeddable":true,"href":"https:\/\/vh2023vjmwd-0.hosting-space.nl\/de\/wp-json\/wp\/v2\/users\/1"}],"replies":[{"embeddable":true,"href":"https:\/\/vh2023vjmwd-0.hosting-space.nl\/de\/wp-json\/wp\/v2\/comments?post=24079"}],"version-history":[{"count":2,"href":"https:\/\/vh2023vjmwd-0.hosting-space.nl\/de\/wp-json\/wp\/v2\/pages\/24079\/revisions"}],"predecessor-version":[{"id":25624,"href":"https:\/\/vh2023vjmwd-0.hosting-space.nl\/de\/wp-json\/wp\/v2\/pages\/24079\/revisions\/25624"}],"up":[{"embeddable":true,"href":"https:\/\/vh2023vjmwd-0.hosting-space.nl\/de\/wp-json\/wp\/v2\/pages\/24069"}],"wp:attachment":[{"href":"https:\/\/vh2023vjmwd-0.hosting-space.nl\/de\/wp-json\/wp\/v2\/media?parent=24079"}],"curies":[{"name":"wp","href":"https:\/\/api.w.org\/{rel}","templated":true}]}}