{"id":24122,"date":"2025-07-20T11:13:00","date_gmt":"2025-07-20T09:13:00","guid":{"rendered":"https:\/\/hedgehogprogram.com\/teilnahme\/freiwilligenprojekte\/"},"modified":"2025-11-07T10:18:41","modified_gmt":"2025-11-07T09:18:41","slug":"freiwilligenprojekte","status":"publish","type":"page","link":"https:\/\/vh2023vjmwd-0.hosting-space.nl\/de\/teilnahme\/freiwilligenprojekte\/","title":{"rendered":"Freiwilligenprojekte"},"content":{"rendered":"\n<h2 class=\"wp-block-heading\">Freiwilligenprojekte<\/h2>\n\n<div class=\"wp-block-cover alignfull\"><img loading=\"lazy\" decoding=\"async\" width=\"1024\" height=\"682\" class=\"wp-block-cover__image-background wp-image-21281 size-large\" alt=\"\" src=\"https:\/\/hedgehogprogram.com\/wp-content\/uploads\/2025\/08\/nature-2340449_1280-1024x682.jpg\" data-object-fit=\"cover\" srcset=\"https:\/\/vh2023vjmwd-0.hosting-space.nl\/wp-content\/uploads\/2025\/08\/nature-2340449_1280-1024x682.jpg 1024w, https:\/\/vh2023vjmwd-0.hosting-space.nl\/wp-content\/uploads\/2025\/08\/nature-2340449_1280-768x512.jpg 768w, https:\/\/vh2023vjmwd-0.hosting-space.nl\/wp-content\/uploads\/2025\/08\/nature-2340449_1280-600x400.jpg 600w, https:\/\/vh2023vjmwd-0.hosting-space.nl\/wp-content\/uploads\/2025\/08\/nature-2340449_1280-75x50.jpg 75w, https:\/\/vh2023vjmwd-0.hosting-space.nl\/wp-content\/uploads\/2025\/08\/nature-2340449_1280.jpg 1280w\" sizes=\"auto, (max-width: 1024px) 100vw, 1024px\" \/><span aria-hidden=\"true\" class=\"wp-block-cover__background has-ast-global-color-3-background-color has-background-dim-60 has-background-dim\"><\/span><div class=\"wp-block-cover__inner-container is-layout-constrained wp-block-cover-is-layout-constrained\">\n<p class=\"has-text-align-center has-white-color has-text-color has-link-color has-medium-font-size wp-elements-8ac1902aae8f984d5df184d8e46f7660\">Engagieren Sie sich in praxisnahen Projekten, die einen direkten Beitrag zum Schutz von Igeln leisten. Tauschen Sie sich mit Gleichgesinnten aus und sammeln Sie wertvolle praktische Erfahrungen. <\/p>\n<\/div><\/div>\n\n<div class=\"wp-block-group alignfull has-white-background-color has-background is-layout-constrained wp-block-group-is-layout-constrained\">\n<h4 class=\"wp-block-heading\">Einf\u00fchrung<\/h4>\n\n\n\n<p>Beim The Hedgehog Program geht es darum, aktiv zu werden \u2013 ob in der Natur, in Ihrer Gemeinde oder gemeinsam mit Partnerorganisationen \u2013, um Igel und ihre Lebensr\u00e4ume zu sch\u00fctzen. Egal, ob Sie Daten sammeln, Lebensr\u00e4ume verbessern oder Wissen weitergeben: Ihr Beitrag hat direkte Auswirkungen. Wir entwickeln derzeit eigene Freiwilligenprojekte, aber auf dieser Seite finden Sie auch Angebote unserer vertrauensw\u00fcrdigen Partner, damit Sie sofort mitmachen k\u00f6nnen.  <\/p>\n<\/div>\n\n<div class=\"wp-block-group alignfull has-ast-global-color-5-background-color has-background is-layout-constrained wp-block-group-is-layout-constrained\">\n<h4 class=\"wp-block-heading has-text-align-center\">Was Freiwilligenarbeit beinhaltet<\/h4>\n\n\n\n<div class=\"wp-block-columns is-layout-flex wp-container-core-columns-is-layout-28f84493 wp-block-columns-is-layout-flex\">\n<div class=\"wp-block-column is-layout-flow wp-block-column-is-layout-flow\">\n<div class=\"wp-block-font-awesome-icon wp-font-awesome-icon\" style=\"display:flex;justify-content:center\"><svg xmlns=\"http:\/\/www.w3.org\/2000\/svg\" aria-hidden=\"true\" focusable=\"false\" data-prefix=\"fas\" data-icon=\"chart-simple\" class=\"svg-inline--fa fa-chart-simple \" role=\"img\" viewbox=\"0 0 448 512\" style=\"font-size:4em\" color=\"var(--ast-global-color-1)\"><path fill=\"currentColor\" d=\"M160 80c0-26.5 21.5-48 48-48l32 0c26.5 0 48 21.5 48 48l0 352c0 26.5-21.5 48-48 48l-32 0c-26.5 0-48-21.5-48-48l0-352zM0 272c0-26.5 21.5-48 48-48l32 0c26.5 0 48 21.5 48 48l0 160c0 26.5-21.5 48-48 48l-32 0c-26.5 0-48-21.5-48-48L0 272zM368 96l32 0c26.5 0 48 21.5 48 48l0 288c0 26.5-21.5 48-48 48l-32 0c-26.5 0-48-21.5-48-48l0-288c0-26.5 21.5-48 48-48z\"><\/path><\/svg><\/div>\n\n\n\n<h5 class=\"wp-block-heading has-text-align-center\">Feldarbeit &amp; \u00dcberwachung<\/h5>\n\n\n\n<p class=\"has-text-align-center\">Unterst\u00fctzen Sie uns bei der Erhebung wertvoller Daten \u00fcber Igelpopulationen und deren Verhalten. Dies kann die Dokumentation von Sichtungen, die Einrichtung von \u00dcberwachungsger\u00e4ten und die Identifizierung potenzieller Gefahren umfassen. <\/p>\n<\/div>\n\n\n\n<div class=\"wp-block-column is-layout-flow wp-block-column-is-layout-flow\">\n<div class=\"wp-block-font-awesome-icon wp-font-awesome-icon\" style=\"display:flex;justify-content:center\"><svg xmlns=\"http:\/\/www.w3.org\/2000\/svg\" aria-hidden=\"true\" focusable=\"false\" data-prefix=\"fas\" data-icon=\"tree\" class=\"svg-inline--fa fa-tree \" role=\"img\" viewbox=\"0 0 448 512\" style=\"font-size:4em\" color=\"var(--ast-global-color-1)\"><path fill=\"currentColor\" d=\"M210.6 5.9L62 169.4c-3.9 4.2-6 9.8-6 15.5C56 197.7 66.3 208 79.1 208l24.9 0L30.6 281.4c-4.2 4.2-6.6 10-6.6 16C24 309.9 34.1 320 46.6 320L80 320 5.4 409.5C1.9 413.7 0 419 0 424.5c0 13 10.5 23.5 23.5 23.5L192 448l0 32c0 17.7 14.3 32 32 32s32-14.3 32-32l0-32 168.5 0c13 0 23.5-10.5 23.5-23.5c0-5.5-1.9-10.8-5.4-15L368 320l33.4 0c12.5 0 22.6-10.1 22.6-22.6c0-6-2.4-11.8-6.6-16L344 208l24.9 0c12.7 0 23.1-10.3 23.1-23.1c0-5.7-2.1-11.3-6-15.5L237.4 5.9C234 2.1 229.1 0 224 0s-10 2.1-13.4 5.9z\"><\/path><\/svg><\/div>\n\n\n\n<h5 class=\"wp-block-heading has-text-align-center\">Lebensraumverbesserung<\/h5>\n\n\n\n<p class=\"has-text-align-center\">Beteiligen Sie sich an der Schaffung und Erhaltung sicherer Lebensr\u00e4ume f\u00fcr Igel. Zu den Aktivit\u00e4ten geh\u00f6ren beispielsweise das Anpflanzen einheimischer Pflanzen, der Bau von Unterschl\u00fcpfen und die Gestaltung von G\u00e4rten oder Gr\u00fcnfl\u00e4chen wildtierfreundlicher. <\/p>\n<\/div>\n\n\n\n<div class=\"wp-block-column is-layout-flow wp-block-column-is-layout-flow\">\n<div class=\"wp-block-font-awesome-icon wp-font-awesome-icon\" style=\"display:flex;justify-content:center\"><svg xmlns=\"http:\/\/www.w3.org\/2000\/svg\" aria-hidden=\"true\" focusable=\"false\" data-prefix=\"fas\" data-icon=\"chalkboard-user\" class=\"svg-inline--fa fa-chalkboard-user \" role=\"img\" viewbox=\"0 0 640 512\" style=\"font-size:4em\" color=\"var(--ast-global-color-1)\"><path fill=\"currentColor\" d=\"M160 64c0-35.3 28.7-64 64-64L576 0c35.3 0 64 28.7 64 64l0 288c0 35.3-28.7 64-64 64l-239.2 0c-11.8-25.5-29.9-47.5-52.4-64l99.6 0 0-32c0-17.7 14.3-32 32-32l64 0c17.7 0 32 14.3 32 32l0 32 64 0 0-288L224 64l0 49.1C205.2 102.2 183.3 96 160 96l0-32zm0 64a96 96 0 1 1 0 192 96 96 0 1 1 0-192zM133.3 352l53.3 0C260.3 352 320 411.7 320 485.3c0 14.7-11.9 26.7-26.7 26.7L26.7 512C11.9 512 0 500.1 0 485.3C0 411.7 59.7 352 133.3 352z\"><\/path><\/svg><\/div>\n\n\n\n<h5 class=\"wp-block-heading has-text-align-center\">Bildung und \u00d6ffentlichkeitsarbeit<\/h5>\n\n\n\n<p class=\"has-text-align-center\">Tragen Sie dazu bei, das Bewusstsein in Ihrer Gemeinde zu st\u00e4rken, indem Sie Wissen \u00fcber Igel und die Artenvielfalt weitergeben. Dies kann durch Vortr\u00e4ge, Mithilfe bei Veranstaltungen oder Unterst\u00fctzung von Bildungsaktivit\u00e4ten f\u00fcr Schulen und Gruppen geschehen. <\/p>\n<\/div>\n<\/div>\n<\/div>\n\n<div class=\"wp-block-group alignfull has-white-background-color has-background is-layout-constrained wp-block-group-is-layout-constrained\">\n<h4 class=\"wp-block-heading\">Aktuelle Projekte<\/h4>\n\n\n<ul class=\"wp-block-latest-posts__list is-grid columns-3 wp-block-latest-posts\"><\/ul><\/div>\n\n<div class=\"wp-block-group alignfull has-ast-global-color-5-background-color has-background is-layout-constrained wp-block-group-is-layout-constrained\">\n<h4 class=\"wp-block-heading\">So k\u00f6nnen Sie sich anmelden<\/h4>\n\n\n\n<p>Wenn Sie sich ehrenamtlich engagieren m\u00f6chten, freuen wir uns \u00fcber Ihre Kontaktaufnahme. Vorkenntnisse sind nicht erforderlich; wichtig sind uns Ihre Begeisterung, Zuverl\u00e4ssigkeit und Lernbereitschaft. Melden Sie sich einfach \u00fcber unser Formular f\u00fcr Freiwilligenarbeit an, und wir informieren Sie, sobald neue Projekte verf\u00fcgbar sind. Gerne k\u00f6nnen Sie auch \u00fcber Partnerprojekte informiert werden, die Ihren F\u00e4higkeiten und Interessen entsprechen.   <\/p>\n\n\n\n<div class=\"wp-block-buttons is-layout-flex wp-block-buttons-is-layout-flex\">\n<div class=\"wp-block-button\"><a class=\"wp-block-button__link wp-element-button\">Melden Sie sich f\u00fcr Updates an.<\/a><\/div>\n<\/div>\n<\/div>\n\n<p><\/p>\n","protected":false},"excerpt":{"rendered":"<p>Freiwilligenprojekte Einf\u00fchrung Beim The Hedgehog Program geht es darum, aktiv zu werden \u2013 ob in der Natur, in Ihrer Gemeinde oder gemeinsam mit Partnerorganisationen \u2013, um Igel und ihre Lebensr\u00e4ume zu sch\u00fctzen. Egal, ob Sie Daten sammeln, Lebensr\u00e4ume verbessern oder Wissen weitergeben: Ihr Beitrag hat direkte Auswirkungen. Wir entwickeln derzeit eigene Freiwilligenprojekte, aber auf dieser [&hellip;]<\/p>\n","protected":false},"author":1,"featured_media":0,"parent":24069,"menu_order":0,"comment_status":"closed","ping_status":"closed","template":"","meta":{"_monsterinsights_skip_tracking":false,"_monsterinsights_sitenote_active":false,"_monsterinsights_sitenote_note":"","_monsterinsights_sitenote_category":0,"site-sidebar-layout":"default","site-content-layout":"","ast-site-content-layout":"default","site-content-style":"default","site-sidebar-style":"default","ast-global-header-display":"","ast-banner-title-visibility":"","ast-main-header-display":"","ast-hfb-above-header-display":"","ast-hfb-below-header-display":"","ast-hfb-mobile-header-display":"","site-post-title":"","ast-breadcrumbs-content":"","ast-featured-img":"","footer-sml-layout":"","ast-disable-related-posts":"","theme-transparent-header-meta":"","adv-header-id-meta":"","stick-header-meta":"","header-above-stick-meta":"","header-main-stick-meta":"","header-below-stick-meta":"","astra-migrate-meta-layouts":"default","ast-page-background-enabled":"default","ast-page-background-meta":{"desktop":{"background-color":"var(--ast-global-color-4)","background-image":"","background-repeat":"repeat","background-position":"center center","background-size":"auto","background-attachment":"scroll","background-type":"","background-media":"","overlay-type":"","overlay-color":"","overlay-opacity":"","overlay-gradient":""},"tablet":{"background-color":"","background-image":"","background-repeat":"repeat","background-position":"center center","background-size":"auto","background-attachment":"scroll","background-type":"","background-media":"","overlay-type":"","overlay-color":"","overlay-opacity":"","overlay-gradient":""},"mobile":{"background-color":"","background-image":"","background-repeat":"repeat","background-position":"center center","background-size":"auto","background-attachment":"scroll","background-type":"","background-media":"","overlay-type":"","overlay-color":"","overlay-opacity":"","overlay-gradient":""}},"ast-content-background-meta":{"desktop":{"background-color":"var(--ast-global-color-5)","background-image":"","background-repeat":"repeat","background-position":"center center","background-size":"auto","background-attachment":"scroll","background-type":"","background-media":"","overlay-type":"","overlay-color":"","overlay-opacity":"","overlay-gradient":""},"tablet":{"background-color":"var(--ast-global-color-5)","background-image":"","background-repeat":"repeat","background-position":"center center","background-size":"auto","background-attachment":"scroll","background-type":"","background-media":"","overlay-type":"","overlay-color":"","overlay-opacity":"","overlay-gradient":""},"mobile":{"background-color":"var(--ast-global-color-5)","background-image":"","background-repeat":"repeat","background-position":"center center","background-size":"auto","background-attachment":"scroll","background-type":"","background-media":"","overlay-type":"","overlay-color":"","overlay-opacity":"","overlay-gradient":""}},"footnotes":""},"class_list":["post-24122","page","type-page","status-publish","hentry"],"yoast_head":"<!-- This site is optimized with the Yoast SEO plugin v27.3 - https:\/\/yoast.com\/product\/yoast-seo-wordpress\/ -->\n<title>Freiwilligenprojekte &#187; The Hedgehog Program<\/title>\n<meta name=\"robots\" content=\"index, follow, max-snippet:-1, max-image-preview:large, max-video-preview:-1\" \/>\n<link rel=\"canonical\" href=\"https:\/\/vh2023vjmwd-0.hosting-space.nl\/de\/teilnahme\/freiwilligenprojekte\/\" \/>\n<meta property=\"og:locale\" content=\"de_DE\" \/>\n<meta property=\"og:type\" content=\"article\" \/>\n<meta property=\"og:title\" content=\"Freiwilligenprojekte &#187; The Hedgehog Program\" \/>\n<meta property=\"og:description\" content=\"Freiwilligenprojekte Einf\u00fchrung Beim The Hedgehog Program geht es darum, aktiv zu werden \u2013 ob in der Natur, in Ihrer Gemeinde oder gemeinsam mit Partnerorganisationen \u2013, um Igel und ihre Lebensr\u00e4ume zu sch\u00fctzen. Egal, ob Sie Daten sammeln, Lebensr\u00e4ume verbessern oder Wissen weitergeben: Ihr Beitrag hat direkte Auswirkungen. Wir entwickeln derzeit eigene Freiwilligenprojekte, aber auf dieser [&hellip;]\" \/>\n<meta property=\"og:url\" content=\"https:\/\/vh2023vjmwd-0.hosting-space.nl\/de\/teilnahme\/freiwilligenprojekte\/\" \/>\n<meta property=\"og:site_name\" content=\"The Hedgehog Program\" \/>\n<meta property=\"article:publisher\" content=\"https:\/\/www.facebook.com\/hedgehogprogram\" \/>\n<meta property=\"article:modified_time\" content=\"2025-11-07T09:18:41+00:00\" \/>\n<meta property=\"og:image\" content=\"https:\/\/hedgehogprogram.com\/wp-content\/uploads\/2025\/08\/nature-2340449_1280-1024x682.jpg\" \/>\n<meta name=\"twitter:card\" content=\"summary_large_image\" \/>\n<meta name=\"twitter:label1\" content=\"Gesch\u00e4tzte Lesezeit\" \/>\n\t<meta name=\"twitter:data1\" content=\"2\u00a0Minuten\" \/>\n<script type=\"application\/ld+json\" class=\"yoast-schema-graph\">{\"@context\":\"https:\\\/\\\/schema.org\",\"@graph\":[{\"@type\":\"WebPage\",\"@id\":\"https:\\\/\\\/vh2023vjmwd-0.hosting-space.nl\\\/de\\\/teilnahme\\\/freiwilligenprojekte\\\/\",\"url\":\"https:\\\/\\\/vh2023vjmwd-0.hosting-space.nl\\\/de\\\/teilnahme\\\/freiwilligenprojekte\\\/\",\"name\":\"Freiwilligenprojekte &#187; The Hedgehog Program\",\"isPartOf\":{\"@id\":\"https:\\\/\\\/www.hedgehogprogram.com\\\/de\\\/#website\"},\"primaryImageOfPage\":{\"@id\":\"https:\\\/\\\/vh2023vjmwd-0.hosting-space.nl\\\/de\\\/teilnahme\\\/freiwilligenprojekte\\\/#primaryimage\"},\"image\":{\"@id\":\"https:\\\/\\\/vh2023vjmwd-0.hosting-space.nl\\\/de\\\/teilnahme\\\/freiwilligenprojekte\\\/#primaryimage\"},\"thumbnailUrl\":\"https:\\\/\\\/hedgehogprogram.com\\\/wp-content\\\/uploads\\\/2025\\\/08\\\/nature-2340449_1280-1024x682.jpg\",\"datePublished\":\"2025-07-20T09:13:00+00:00\",\"dateModified\":\"2025-11-07T09:18:41+00:00\",\"breadcrumb\":{\"@id\":\"https:\\\/\\\/vh2023vjmwd-0.hosting-space.nl\\\/de\\\/teilnahme\\\/freiwilligenprojekte\\\/#breadcrumb\"},\"inLanguage\":\"de\",\"potentialAction\":[{\"@type\":\"ReadAction\",\"target\":[\"https:\\\/\\\/vh2023vjmwd-0.hosting-space.nl\\\/de\\\/teilnahme\\\/freiwilligenprojekte\\\/\"]}]},{\"@type\":\"ImageObject\",\"inLanguage\":\"de\",\"@id\":\"https:\\\/\\\/vh2023vjmwd-0.hosting-space.nl\\\/de\\\/teilnahme\\\/freiwilligenprojekte\\\/#primaryimage\",\"url\":\"https:\\\/\\\/hedgehogprogram.com\\\/wp-content\\\/uploads\\\/2025\\\/08\\\/nature-2340449_1280-1024x682.jpg\",\"contentUrl\":\"https:\\\/\\\/hedgehogprogram.com\\\/wp-content\\\/uploads\\\/2025\\\/08\\\/nature-2340449_1280-1024x682.jpg\"},{\"@type\":\"BreadcrumbList\",\"@id\":\"https:\\\/\\\/vh2023vjmwd-0.hosting-space.nl\\\/de\\\/teilnahme\\\/freiwilligenprojekte\\\/#breadcrumb\",\"itemListElement\":[{\"@type\":\"ListItem\",\"position\":1,\"name\":\"Home\",\"item\":\"https:\\\/\\\/www.hedgehogprogram.com\\\/de\\\/\"},{\"@type\":\"ListItem\",\"position\":2,\"name\":\"Teilnahme\",\"item\":\"https:\\\/\\\/hedgehogprogram.com\\\/de\\\/teilnahme\\\/\"},{\"@type\":\"ListItem\",\"position\":3,\"name\":\"Freiwilligenprojekte\"}]},{\"@type\":\"WebSite\",\"@id\":\"https:\\\/\\\/www.hedgehogprogram.com\\\/de\\\/#website\",\"url\":\"https:\\\/\\\/www.hedgehogprogram.com\\\/de\\\/\",\"name\":\"The Hedgehog Program\",\"description\":\"The Hedgehog Program is an online platform of research and education about hedgehogs and tenrecs.\",\"publisher\":{\"@id\":\"https:\\\/\\\/www.hedgehogprogram.com\\\/de\\\/#organization\"},\"alternateName\":\"THP\",\"potentialAction\":[{\"@type\":\"SearchAction\",\"target\":{\"@type\":\"EntryPoint\",\"urlTemplate\":\"https:\\\/\\\/www.hedgehogprogram.com\\\/de\\\/?s={search_term_string}\"},\"query-input\":{\"@type\":\"PropertyValueSpecification\",\"valueRequired\":true,\"valueName\":\"search_term_string\"}}],\"inLanguage\":\"de\"},{\"@type\":\"Organization\",\"@id\":\"https:\\\/\\\/www.hedgehogprogram.com\\\/de\\\/#organization\",\"name\":\"The Hedgehog Program\",\"alternateName\":\"THP\",\"url\":\"https:\\\/\\\/www.hedgehogprogram.com\\\/de\\\/\",\"logo\":{\"@type\":\"ImageObject\",\"inLanguage\":\"de\",\"@id\":\"https:\\\/\\\/www.hedgehogprogram.com\\\/de\\\/#\\\/schema\\\/logo\\\/image\\\/\",\"url\":\"https:\\\/\\\/www.hedgehogprogram.com\\\/wp-content\\\/uploads\\\/2022\\\/11\\\/logo-klein.png\",\"contentUrl\":\"https:\\\/\\\/www.hedgehogprogram.com\\\/wp-content\\\/uploads\\\/2022\\\/11\\\/logo-klein.png\",\"width\":250,\"height\":125,\"caption\":\"The Hedgehog Program\"},\"image\":{\"@id\":\"https:\\\/\\\/www.hedgehogprogram.com\\\/de\\\/#\\\/schema\\\/logo\\\/image\\\/\"},\"sameAs\":[\"https:\\\/\\\/www.facebook.com\\\/hedgehogprogram\",\"https:\\\/\\\/www.linkedin.com\\\/company\\\/hedgehogprogram\\\/\",\"https:\\\/\\\/www.tiktok.com\\\/@hedgehogprogram\"]}]}<\/script>\n<!-- \/ Yoast SEO plugin. -->","yoast_head_json":{"title":"Freiwilligenprojekte &#187; The Hedgehog Program","robots":{"index":"index","follow":"follow","max-snippet":"max-snippet:-1","max-image-preview":"max-image-preview:large","max-video-preview":"max-video-preview:-1"},"canonical":"https:\/\/vh2023vjmwd-0.hosting-space.nl\/de\/teilnahme\/freiwilligenprojekte\/","og_locale":"de_DE","og_type":"article","og_title":"Freiwilligenprojekte &#187; The Hedgehog Program","og_description":"Freiwilligenprojekte Einf\u00fchrung Beim The Hedgehog Program geht es darum, aktiv zu werden \u2013 ob in der Natur, in Ihrer Gemeinde oder gemeinsam mit Partnerorganisationen \u2013, um Igel und ihre Lebensr\u00e4ume zu sch\u00fctzen. Egal, ob Sie Daten sammeln, Lebensr\u00e4ume verbessern oder Wissen weitergeben: Ihr Beitrag hat direkte Auswirkungen. Wir entwickeln derzeit eigene Freiwilligenprojekte, aber auf dieser [&hellip;]","og_url":"https:\/\/vh2023vjmwd-0.hosting-space.nl\/de\/teilnahme\/freiwilligenprojekte\/","og_site_name":"The Hedgehog Program","article_publisher":"https:\/\/www.facebook.com\/hedgehogprogram","article_modified_time":"2025-11-07T09:18:41+00:00","og_image":[{"url":"https:\/\/hedgehogprogram.com\/wp-content\/uploads\/2025\/08\/nature-2340449_1280-1024x682.jpg","type":"","width":"","height":""}],"twitter_card":"summary_large_image","twitter_misc":{"Gesch\u00e4tzte Lesezeit":"2\u00a0Minuten"},"schema":{"@context":"https:\/\/schema.org","@graph":[{"@type":"WebPage","@id":"https:\/\/vh2023vjmwd-0.hosting-space.nl\/de\/teilnahme\/freiwilligenprojekte\/","url":"https:\/\/vh2023vjmwd-0.hosting-space.nl\/de\/teilnahme\/freiwilligenprojekte\/","name":"Freiwilligenprojekte &#187; The Hedgehog Program","isPartOf":{"@id":"https:\/\/www.hedgehogprogram.com\/de\/#website"},"primaryImageOfPage":{"@id":"https:\/\/vh2023vjmwd-0.hosting-space.nl\/de\/teilnahme\/freiwilligenprojekte\/#primaryimage"},"image":{"@id":"https:\/\/vh2023vjmwd-0.hosting-space.nl\/de\/teilnahme\/freiwilligenprojekte\/#primaryimage"},"thumbnailUrl":"https:\/\/hedgehogprogram.com\/wp-content\/uploads\/2025\/08\/nature-2340449_1280-1024x682.jpg","datePublished":"2025-07-20T09:13:00+00:00","dateModified":"2025-11-07T09:18:41+00:00","breadcrumb":{"@id":"https:\/\/vh2023vjmwd-0.hosting-space.nl\/de\/teilnahme\/freiwilligenprojekte\/#breadcrumb"},"inLanguage":"de","potentialAction":[{"@type":"ReadAction","target":["https:\/\/vh2023vjmwd-0.hosting-space.nl\/de\/teilnahme\/freiwilligenprojekte\/"]}]},{"@type":"ImageObject","inLanguage":"de","@id":"https:\/\/vh2023vjmwd-0.hosting-space.nl\/de\/teilnahme\/freiwilligenprojekte\/#primaryimage","url":"https:\/\/hedgehogprogram.com\/wp-content\/uploads\/2025\/08\/nature-2340449_1280-1024x682.jpg","contentUrl":"https:\/\/hedgehogprogram.com\/wp-content\/uploads\/2025\/08\/nature-2340449_1280-1024x682.jpg"},{"@type":"BreadcrumbList","@id":"https:\/\/vh2023vjmwd-0.hosting-space.nl\/de\/teilnahme\/freiwilligenprojekte\/#breadcrumb","itemListElement":[{"@type":"ListItem","position":1,"name":"Home","item":"https:\/\/www.hedgehogprogram.com\/de\/"},{"@type":"ListItem","position":2,"name":"Teilnahme","item":"https:\/\/hedgehogprogram.com\/de\/teilnahme\/"},{"@type":"ListItem","position":3,"name":"Freiwilligenprojekte"}]},{"@type":"WebSite","@id":"https:\/\/www.hedgehogprogram.com\/de\/#website","url":"https:\/\/www.hedgehogprogram.com\/de\/","name":"The Hedgehog Program","description":"The Hedgehog Program is an online platform of research and education about hedgehogs and tenrecs.","publisher":{"@id":"https:\/\/www.hedgehogprogram.com\/de\/#organization"},"alternateName":"THP","potentialAction":[{"@type":"SearchAction","target":{"@type":"EntryPoint","urlTemplate":"https:\/\/www.hedgehogprogram.com\/de\/?s={search_term_string}"},"query-input":{"@type":"PropertyValueSpecification","valueRequired":true,"valueName":"search_term_string"}}],"inLanguage":"de"},{"@type":"Organization","@id":"https:\/\/www.hedgehogprogram.com\/de\/#organization","name":"The Hedgehog Program","alternateName":"THP","url":"https:\/\/www.hedgehogprogram.com\/de\/","logo":{"@type":"ImageObject","inLanguage":"de","@id":"https:\/\/www.hedgehogprogram.com\/de\/#\/schema\/logo\/image\/","url":"https:\/\/www.hedgehogprogram.com\/wp-content\/uploads\/2022\/11\/logo-klein.png","contentUrl":"https:\/\/www.hedgehogprogram.com\/wp-content\/uploads\/2022\/11\/logo-klein.png","width":250,"height":125,"caption":"The Hedgehog Program"},"image":{"@id":"https:\/\/www.hedgehogprogram.com\/de\/#\/schema\/logo\/image\/"},"sameAs":["https:\/\/www.facebook.com\/hedgehogprogram","https:\/\/www.linkedin.com\/company\/hedgehogprogram\/","https:\/\/www.tiktok.com\/@hedgehogprogram"]}]}},"_links":{"self":[{"href":"https:\/\/vh2023vjmwd-0.hosting-space.nl\/de\/wp-json\/wp\/v2\/pages\/24122","targetHints":{"allow":["GET"]}}],"collection":[{"href":"https:\/\/vh2023vjmwd-0.hosting-space.nl\/de\/wp-json\/wp\/v2\/pages"}],"about":[{"href":"https:\/\/vh2023vjmwd-0.hosting-space.nl\/de\/wp-json\/wp\/v2\/types\/page"}],"author":[{"embeddable":true,"href":"https:\/\/vh2023vjmwd-0.hosting-space.nl\/de\/wp-json\/wp\/v2\/users\/1"}],"replies":[{"embeddable":true,"href":"https:\/\/vh2023vjmwd-0.hosting-space.nl\/de\/wp-json\/wp\/v2\/comments?post=24122"}],"version-history":[{"count":0,"href":"https:\/\/vh2023vjmwd-0.hosting-space.nl\/de\/wp-json\/wp\/v2\/pages\/24122\/revisions"}],"up":[{"embeddable":true,"href":"https:\/\/vh2023vjmwd-0.hosting-space.nl\/de\/wp-json\/wp\/v2\/pages\/24069"}],"wp:attachment":[{"href":"https:\/\/vh2023vjmwd-0.hosting-space.nl\/de\/wp-json\/wp\/v2\/media?parent=24122"}],"curies":[{"name":"wp","href":"https:\/\/api.w.org\/{rel}","templated":true}]}}