{"id":24142,"date":"2025-07-20T11:06:53","date_gmt":"2025-07-20T09:06:53","guid":{"rendered":"https:\/\/hedgehogprogram.com\/projekte\/aktive-projekte\/"},"modified":"2026-03-09T13:47:28","modified_gmt":"2026-03-09T12:47:28","slug":"aktive-projekte","status":"publish","type":"page","link":"https:\/\/vh2023vjmwd-0.hosting-space.nl\/de\/projekte\/aktive-projekte\/","title":{"rendered":"Aktive Projekte"},"content":{"rendered":"\n<h2 class=\"wp-block-heading\">Aktive Projekte<\/h2>\n\n<div class=\"wp-block-cover alignfull\"><img loading=\"lazy\" decoding=\"async\" width=\"1024\" height=\"768\" class=\"wp-block-cover__image-background wp-image-21186 size-large\" alt=\"\" src=\"https:\/\/hedgehogprogram.com\/wp-content\/uploads\/2025\/08\/370225329_148425845022996_8338049426925051744_n-1024x768.jpg\" data-object-fit=\"cover\" srcset=\"https:\/\/vh2023vjmwd-0.hosting-space.nl\/wp-content\/uploads\/2025\/08\/370225329_148425845022996_8338049426925051744_n-1024x768.jpg 1024w, https:\/\/vh2023vjmwd-0.hosting-space.nl\/wp-content\/uploads\/2025\/08\/370225329_148425845022996_8338049426925051744_n-768x576.jpg 768w, https:\/\/vh2023vjmwd-0.hosting-space.nl\/wp-content\/uploads\/2025\/08\/370225329_148425845022996_8338049426925051744_n-1536x1152.jpg 1536w, https:\/\/vh2023vjmwd-0.hosting-space.nl\/wp-content\/uploads\/2025\/08\/370225329_148425845022996_8338049426925051744_n-2048x1536.jpg 2048w, https:\/\/vh2023vjmwd-0.hosting-space.nl\/wp-content\/uploads\/2025\/08\/370225329_148425845022996_8338049426925051744_n-600x450.jpg 600w, https:\/\/vh2023vjmwd-0.hosting-space.nl\/wp-content\/uploads\/2025\/08\/370225329_148425845022996_8338049426925051744_n-67x50.jpg 67w\" sizes=\"auto, (max-width: 1024px) 100vw, 1024px\" \/><span aria-hidden=\"true\" class=\"wp-block-cover__background has-ast-global-color-3-background-color has-background-dim-60 has-background-dim\"><\/span><div class=\"wp-block-cover__inner-container is-layout-constrained wp-block-cover-is-layout-constrained\">\n<p class=\"has-text-align-center has-white-color has-text-color has-link-color has-medium-font-size wp-elements-81f6d56ef65a1fc6908009380b0d229a\">Entdecken Sie die Forschungsprojekte, an denen wir derzeit arbeiten, von Feldforschung und Naturschutz bis hin zu Projekten zum Engagement in der Gemeinschaft. Diese aktiven Projekte sind Ausdruck unseres kontinuierlichen Engagements f\u00fcr den Schutz der Igel und ihrer Lebensr\u00e4ume. <\/p>\n<\/div><\/div>\n\n<div class=\"wp-block-group alignfull has-ast-global-color-3-background-color has-text-color has-background is-layout-flow wp-block-group-is-layout-flow\" style=\"color:#000000\">\n<div class=\"wp-block-group is-layout-constrained wp-block-group-is-layout-constrained\">\n<h2 class=\"wp-block-heading has-text-align-center has-white-color has-text-color has-link-color wp-elements-84ad25af95480e46bf83280235c18069\" id=\"schedule-a-visit\" style=\"font-size:59px;line-height:1.15\"><strong>Teilnehmen<\/strong><\/h2>\n\n\n\n<p class=\"has-text-align-center has-white-color has-text-color has-link-color wp-elements-d4ffce1d6d98a5203769ba1591306dc7\" style=\"font-size:16px;line-height:1.5\">Ihr Beitrag z\u00e4hlt. Ob Sie einen Igel in Ihrem Garten gesehen, Spuren gefunden haben oder einfach nur die heimische Tierwelt beobachten m\u00f6chten \u2013 Ihre Teilnahme kann einen echten Unterschied machen. Machen Sie mit bei unseren laufenden Projekten, teilen Sie Ihre Beobachtungen und helfen Sie uns, Igel f\u00fcr zuk\u00fcnftige Generationen zu sch\u00fctzen.  <\/p>\n\n\n\n<div class=\"wp-block-buttons is-horizontal is-content-justification-center is-layout-flex wp-container-core-buttons-is-layout-03627597 wp-block-buttons-is-layout-flex\">\n<div class=\"wp-block-button has-custom-width wp-block-button__width-50\"><a class=\"wp-block-button__link has-ast-global-color-1-background-color has-text-color has-background wp-element-button\" href=\"https:\/\/hedgehogprogram.com\/de\/teilnahme\/\" style=\"border-radius:50px;color:#ffffff\">Dazu kommen!<\/a><\/div>\n<\/div>\n<\/div>\n\n\n\n<div style=\"height:64px\" aria-hidden=\"true\" class=\"wp-block-spacer\"><\/div>\n<\/div>\n\n<div class=\"wp-block-group alignfull has-white-background-color has-background is-layout-constrained wp-block-group-is-layout-constrained\">\n<h4 class=\"wp-block-heading\">Einf\u00fchrung<\/h4>\n\n\n\n<p>Beim The Hedgehog Program vereinen unsere aktiven Projekte Forschung, Naturschutz und gesellschaftliches Engagement zum Schutz von Igeln und ihren Lebensr\u00e4umen. Diese Seite bietet einen aktuellen \u00dcberblick \u00fcber die Initiativen, an denen wir derzeit arbeiten. Von Feldforschung und Lebensraumverbesserung bis hin zu Bildungsarbeit und B\u00fcrgerwissenschaft tr\u00e4gt jedes Projekt dazu bei, eine sicherere Zukunft f\u00fcr Igel zu schaffen. Schauen Sie regelm\u00e4\u00dfig vorbei, um zu erfahren, was es Neues gibt und wie Sie teilnehmen k\u00f6nnen.   <\/p>\n<\/div>\n\n<div class=\"wp-block-group alignfull has-ast-global-color-5-background-color has-background is-layout-constrained wp-block-group-is-layout-constrained\">\n<h4 class=\"wp-block-heading\">Projekt\u00fcbersicht<\/h4>\n\n\n\n<div class=\"wp-block-columns is-layout-flex wp-container-core-columns-is-layout-28f84493 wp-block-columns-is-layout-flex\">\n<div class=\"wp-block-column is-layout-flow wp-block-column-is-layout-flow\">\n<figure class=\"wp-block-image alignfull size-full\"><img loading=\"lazy\" decoding=\"async\" width=\"1384\" height=\"671\" src=\"https:\/\/hedgehogprogram.com\/wp-content\/uploads\/2025\/08\/hedgehog-dome.jpg\" alt=\"\" class=\"wp-image-21615\" srcset=\"https:\/\/vh2023vjmwd-0.hosting-space.nl\/wp-content\/uploads\/2025\/08\/hedgehog-dome.jpg 1384w, https:\/\/vh2023vjmwd-0.hosting-space.nl\/wp-content\/uploads\/2025\/08\/hedgehog-dome-1024x496.jpg 1024w, https:\/\/vh2023vjmwd-0.hosting-space.nl\/wp-content\/uploads\/2025\/08\/hedgehog-dome-768x372.jpg 768w, https:\/\/vh2023vjmwd-0.hosting-space.nl\/wp-content\/uploads\/2025\/08\/hedgehog-dome-600x291.jpg 600w\" sizes=\"auto, (max-width: 1384px) 100vw, 1384px\" \/><\/figure>\n\n\n\n<h5 class=\"wp-block-heading has-text-align-center\">Igelkuppeln<\/h5>\n\n\n\n<p class=\"has-text-align-center\">Igelkuppeln sind nat\u00fcrliche, nachhaltige und wartungsfreie Erdkuppeln mit mehreren Igel-Nistkammern, die mit einheimischen Blumen und Str\u00e4uchern bedeckt sind.<\/p>\n\n\n\n<div class=\"wp-block-buttons is-content-justification-center is-layout-flex wp-container-core-buttons-is-layout-a89b3969 wp-block-buttons-is-layout-flex\">\n<div class=\"wp-block-button\"><a class=\"wp-block-button__link wp-element-button\" href=\"https:\/\/hedgehogprogram.com\/de\/projekte\/aktive-projekte\/igelkuppeln\/\">Mehr lesen<\/a><\/div>\n<\/div>\n<\/div>\n\n\n\n<div class=\"wp-block-column is-layout-flow wp-block-column-is-layout-flow\"><\/div>\n\n\n\n<div class=\"wp-block-column is-layout-flow wp-block-column-is-layout-flow\"><\/div>\n<\/div>\n<\/div>\n","protected":false},"excerpt":{"rendered":"<p>Aktive Projekte Teilnehmen Ihr Beitrag z\u00e4hlt. Ob Sie einen Igel in Ihrem Garten gesehen, Spuren gefunden haben oder einfach nur die heimische Tierwelt beobachten m\u00f6chten \u2013 Ihre Teilnahme kann einen echten Unterschied machen. Machen Sie mit bei unseren laufenden Projekten, teilen Sie Ihre Beobachtungen und helfen Sie uns, Igel f\u00fcr zuk\u00fcnftige Generationen zu sch\u00fctzen. Einf\u00fchrung [&hellip;]<\/p>\n","protected":false},"author":1,"featured_media":0,"parent":24138,"menu_order":0,"comment_status":"closed","ping_status":"closed","template":"","meta":{"_monsterinsights_skip_tracking":false,"_monsterinsights_sitenote_active":false,"_monsterinsights_sitenote_note":"","_monsterinsights_sitenote_category":0,"site-sidebar-layout":"default","site-content-layout":"","ast-site-content-layout":"default","site-content-style":"default","site-sidebar-style":"default","ast-global-header-display":"","ast-banner-title-visibility":"","ast-main-header-display":"","ast-hfb-above-header-display":"","ast-hfb-below-header-display":"","ast-hfb-mobile-header-display":"","site-post-title":"","ast-breadcrumbs-content":"","ast-featured-img":"","footer-sml-layout":"","ast-disable-related-posts":"","theme-transparent-header-meta":"","adv-header-id-meta":"","stick-header-meta":"","header-above-stick-meta":"","header-main-stick-meta":"","header-below-stick-meta":"","astra-migrate-meta-layouts":"default","ast-page-background-enabled":"default","ast-page-background-meta":{"desktop":{"background-color":"var(--ast-global-color-4)","background-image":"","background-repeat":"repeat","background-position":"center center","background-size":"auto","background-attachment":"scroll","background-type":"","background-media":"","overlay-type":"","overlay-color":"","overlay-opacity":"","overlay-gradient":""},"tablet":{"background-color":"","background-image":"","background-repeat":"repeat","background-position":"center center","background-size":"auto","background-attachment":"scroll","background-type":"","background-media":"","overlay-type":"","overlay-color":"","overlay-opacity":"","overlay-gradient":""},"mobile":{"background-color":"","background-image":"","background-repeat":"repeat","background-position":"center center","background-size":"auto","background-attachment":"scroll","background-type":"","background-media":"","overlay-type":"","overlay-color":"","overlay-opacity":"","overlay-gradient":""}},"ast-content-background-meta":{"desktop":{"background-color":"var(--ast-global-color-5)","background-image":"","background-repeat":"repeat","background-position":"center center","background-size":"auto","background-attachment":"scroll","background-type":"","background-media":"","overlay-type":"","overlay-color":"","overlay-opacity":"","overlay-gradient":""},"tablet":{"background-color":"var(--ast-global-color-5)","background-image":"","background-repeat":"repeat","background-position":"center center","background-size":"auto","background-attachment":"scroll","background-type":"","background-media":"","overlay-type":"","overlay-color":"","overlay-opacity":"","overlay-gradient":""},"mobile":{"background-color":"var(--ast-global-color-5)","background-image":"","background-repeat":"repeat","background-position":"center center","background-size":"auto","background-attachment":"scroll","background-type":"","background-media":"","overlay-type":"","overlay-color":"","overlay-opacity":"","overlay-gradient":""}},"footnotes":""},"class_list":["post-24142","page","type-page","status-publish","hentry"],"yoast_head":"<!-- This site is optimized with the Yoast SEO plugin v27.3 - https:\/\/yoast.com\/product\/yoast-seo-wordpress\/ -->\n<title>Aktive Projekte &#187; The Hedgehog Program<\/title>\n<meta name=\"robots\" content=\"index, follow, max-snippet:-1, max-image-preview:large, max-video-preview:-1\" \/>\n<link rel=\"canonical\" href=\"https:\/\/vh2023vjmwd-0.hosting-space.nl\/de\/projekte\/aktive-projekte\/\" \/>\n<meta property=\"og:locale\" content=\"de_DE\" \/>\n<meta property=\"og:type\" content=\"article\" \/>\n<meta property=\"og:title\" content=\"Aktive Projekte &#187; The Hedgehog Program\" \/>\n<meta property=\"og:description\" content=\"Aktive Projekte Teilnehmen Ihr Beitrag z\u00e4hlt. Ob Sie einen Igel in Ihrem Garten gesehen, Spuren gefunden haben oder einfach nur die heimische Tierwelt beobachten m\u00f6chten \u2013 Ihre Teilnahme kann einen echten Unterschied machen. Machen Sie mit bei unseren laufenden Projekten, teilen Sie Ihre Beobachtungen und helfen Sie uns, Igel f\u00fcr zuk\u00fcnftige Generationen zu sch\u00fctzen. Einf\u00fchrung [&hellip;]\" \/>\n<meta property=\"og:url\" content=\"https:\/\/vh2023vjmwd-0.hosting-space.nl\/de\/projekte\/aktive-projekte\/\" \/>\n<meta property=\"og:site_name\" content=\"The Hedgehog Program\" \/>\n<meta property=\"article:publisher\" content=\"https:\/\/www.facebook.com\/hedgehogprogram\" \/>\n<meta property=\"article:modified_time\" content=\"2026-03-09T12:47:28+00:00\" \/>\n<meta property=\"og:image\" content=\"https:\/\/hedgehogprogram.com\/wp-content\/uploads\/2025\/08\/370225329_148425845022996_8338049426925051744_n-1024x768.jpg\" \/>\n<meta name=\"twitter:card\" content=\"summary_large_image\" \/>\n<meta name=\"twitter:label1\" content=\"Gesch\u00e4tzte Lesezeit\" \/>\n\t<meta name=\"twitter:data1\" content=\"1\u00a0Minute\" \/>\n<script type=\"application\/ld+json\" class=\"yoast-schema-graph\">{\"@context\":\"https:\\\/\\\/schema.org\",\"@graph\":[{\"@type\":\"WebPage\",\"@id\":\"https:\\\/\\\/vh2023vjmwd-0.hosting-space.nl\\\/de\\\/projekte\\\/aktive-projekte\\\/\",\"url\":\"https:\\\/\\\/vh2023vjmwd-0.hosting-space.nl\\\/de\\\/projekte\\\/aktive-projekte\\\/\",\"name\":\"Aktive Projekte &#187; The Hedgehog Program\",\"isPartOf\":{\"@id\":\"https:\\\/\\\/www.hedgehogprogram.com\\\/de\\\/#website\"},\"primaryImageOfPage\":{\"@id\":\"https:\\\/\\\/vh2023vjmwd-0.hosting-space.nl\\\/de\\\/projekte\\\/aktive-projekte\\\/#primaryimage\"},\"image\":{\"@id\":\"https:\\\/\\\/vh2023vjmwd-0.hosting-space.nl\\\/de\\\/projekte\\\/aktive-projekte\\\/#primaryimage\"},\"thumbnailUrl\":\"https:\\\/\\\/hedgehogprogram.com\\\/wp-content\\\/uploads\\\/2025\\\/08\\\/370225329_148425845022996_8338049426925051744_n-1024x768.jpg\",\"datePublished\":\"2025-07-20T09:06:53+00:00\",\"dateModified\":\"2026-03-09T12:47:28+00:00\",\"breadcrumb\":{\"@id\":\"https:\\\/\\\/vh2023vjmwd-0.hosting-space.nl\\\/de\\\/projekte\\\/aktive-projekte\\\/#breadcrumb\"},\"inLanguage\":\"de\",\"potentialAction\":[{\"@type\":\"ReadAction\",\"target\":[\"https:\\\/\\\/vh2023vjmwd-0.hosting-space.nl\\\/de\\\/projekte\\\/aktive-projekte\\\/\"]}]},{\"@type\":\"ImageObject\",\"inLanguage\":\"de\",\"@id\":\"https:\\\/\\\/vh2023vjmwd-0.hosting-space.nl\\\/de\\\/projekte\\\/aktive-projekte\\\/#primaryimage\",\"url\":\"https:\\\/\\\/hedgehogprogram.com\\\/wp-content\\\/uploads\\\/2025\\\/08\\\/370225329_148425845022996_8338049426925051744_n-1024x768.jpg\",\"contentUrl\":\"https:\\\/\\\/hedgehogprogram.com\\\/wp-content\\\/uploads\\\/2025\\\/08\\\/370225329_148425845022996_8338049426925051744_n-1024x768.jpg\"},{\"@type\":\"BreadcrumbList\",\"@id\":\"https:\\\/\\\/vh2023vjmwd-0.hosting-space.nl\\\/de\\\/projekte\\\/aktive-projekte\\\/#breadcrumb\",\"itemListElement\":[{\"@type\":\"ListItem\",\"position\":1,\"name\":\"Home\",\"item\":\"https:\\\/\\\/www.hedgehogprogram.com\\\/de\\\/\"},{\"@type\":\"ListItem\",\"position\":2,\"name\":\"Projekte\",\"item\":\"https:\\\/\\\/hedgehogprogram.com\\\/de\\\/projekte\\\/\"},{\"@type\":\"ListItem\",\"position\":3,\"name\":\"Aktive Projekte\"}]},{\"@type\":\"WebSite\",\"@id\":\"https:\\\/\\\/www.hedgehogprogram.com\\\/de\\\/#website\",\"url\":\"https:\\\/\\\/www.hedgehogprogram.com\\\/de\\\/\",\"name\":\"The Hedgehog Program\",\"description\":\"The Hedgehog Program is an online platform of research and education about hedgehogs and tenrecs.\",\"publisher\":{\"@id\":\"https:\\\/\\\/www.hedgehogprogram.com\\\/de\\\/#organization\"},\"alternateName\":\"THP\",\"potentialAction\":[{\"@type\":\"SearchAction\",\"target\":{\"@type\":\"EntryPoint\",\"urlTemplate\":\"https:\\\/\\\/www.hedgehogprogram.com\\\/de\\\/?s={search_term_string}\"},\"query-input\":{\"@type\":\"PropertyValueSpecification\",\"valueRequired\":true,\"valueName\":\"search_term_string\"}}],\"inLanguage\":\"de\"},{\"@type\":\"Organization\",\"@id\":\"https:\\\/\\\/www.hedgehogprogram.com\\\/de\\\/#organization\",\"name\":\"The Hedgehog Program\",\"alternateName\":\"THP\",\"url\":\"https:\\\/\\\/www.hedgehogprogram.com\\\/de\\\/\",\"logo\":{\"@type\":\"ImageObject\",\"inLanguage\":\"de\",\"@id\":\"https:\\\/\\\/www.hedgehogprogram.com\\\/de\\\/#\\\/schema\\\/logo\\\/image\\\/\",\"url\":\"https:\\\/\\\/www.hedgehogprogram.com\\\/wp-content\\\/uploads\\\/2022\\\/11\\\/logo-klein.png\",\"contentUrl\":\"https:\\\/\\\/www.hedgehogprogram.com\\\/wp-content\\\/uploads\\\/2022\\\/11\\\/logo-klein.png\",\"width\":250,\"height\":125,\"caption\":\"The Hedgehog Program\"},\"image\":{\"@id\":\"https:\\\/\\\/www.hedgehogprogram.com\\\/de\\\/#\\\/schema\\\/logo\\\/image\\\/\"},\"sameAs\":[\"https:\\\/\\\/www.facebook.com\\\/hedgehogprogram\",\"https:\\\/\\\/www.linkedin.com\\\/company\\\/hedgehogprogram\\\/\",\"https:\\\/\\\/www.tiktok.com\\\/@hedgehogprogram\"]}]}<\/script>\n<!-- \/ Yoast SEO plugin. -->","yoast_head_json":{"title":"Aktive Projekte &#187; The Hedgehog Program","robots":{"index":"index","follow":"follow","max-snippet":"max-snippet:-1","max-image-preview":"max-image-preview:large","max-video-preview":"max-video-preview:-1"},"canonical":"https:\/\/vh2023vjmwd-0.hosting-space.nl\/de\/projekte\/aktive-projekte\/","og_locale":"de_DE","og_type":"article","og_title":"Aktive Projekte &#187; The Hedgehog Program","og_description":"Aktive Projekte Teilnehmen Ihr Beitrag z\u00e4hlt. Ob Sie einen Igel in Ihrem Garten gesehen, Spuren gefunden haben oder einfach nur die heimische Tierwelt beobachten m\u00f6chten \u2013 Ihre Teilnahme kann einen echten Unterschied machen. Machen Sie mit bei unseren laufenden Projekten, teilen Sie Ihre Beobachtungen und helfen Sie uns, Igel f\u00fcr zuk\u00fcnftige Generationen zu sch\u00fctzen. Einf\u00fchrung [&hellip;]","og_url":"https:\/\/vh2023vjmwd-0.hosting-space.nl\/de\/projekte\/aktive-projekte\/","og_site_name":"The Hedgehog Program","article_publisher":"https:\/\/www.facebook.com\/hedgehogprogram","article_modified_time":"2026-03-09T12:47:28+00:00","og_image":[{"url":"https:\/\/hedgehogprogram.com\/wp-content\/uploads\/2025\/08\/370225329_148425845022996_8338049426925051744_n-1024x768.jpg","type":"","width":"","height":""}],"twitter_card":"summary_large_image","twitter_misc":{"Gesch\u00e4tzte Lesezeit":"1\u00a0Minute"},"schema":{"@context":"https:\/\/schema.org","@graph":[{"@type":"WebPage","@id":"https:\/\/vh2023vjmwd-0.hosting-space.nl\/de\/projekte\/aktive-projekte\/","url":"https:\/\/vh2023vjmwd-0.hosting-space.nl\/de\/projekte\/aktive-projekte\/","name":"Aktive Projekte &#187; The Hedgehog Program","isPartOf":{"@id":"https:\/\/www.hedgehogprogram.com\/de\/#website"},"primaryImageOfPage":{"@id":"https:\/\/vh2023vjmwd-0.hosting-space.nl\/de\/projekte\/aktive-projekte\/#primaryimage"},"image":{"@id":"https:\/\/vh2023vjmwd-0.hosting-space.nl\/de\/projekte\/aktive-projekte\/#primaryimage"},"thumbnailUrl":"https:\/\/hedgehogprogram.com\/wp-content\/uploads\/2025\/08\/370225329_148425845022996_8338049426925051744_n-1024x768.jpg","datePublished":"2025-07-20T09:06:53+00:00","dateModified":"2026-03-09T12:47:28+00:00","breadcrumb":{"@id":"https:\/\/vh2023vjmwd-0.hosting-space.nl\/de\/projekte\/aktive-projekte\/#breadcrumb"},"inLanguage":"de","potentialAction":[{"@type":"ReadAction","target":["https:\/\/vh2023vjmwd-0.hosting-space.nl\/de\/projekte\/aktive-projekte\/"]}]},{"@type":"ImageObject","inLanguage":"de","@id":"https:\/\/vh2023vjmwd-0.hosting-space.nl\/de\/projekte\/aktive-projekte\/#primaryimage","url":"https:\/\/hedgehogprogram.com\/wp-content\/uploads\/2025\/08\/370225329_148425845022996_8338049426925051744_n-1024x768.jpg","contentUrl":"https:\/\/hedgehogprogram.com\/wp-content\/uploads\/2025\/08\/370225329_148425845022996_8338049426925051744_n-1024x768.jpg"},{"@type":"BreadcrumbList","@id":"https:\/\/vh2023vjmwd-0.hosting-space.nl\/de\/projekte\/aktive-projekte\/#breadcrumb","itemListElement":[{"@type":"ListItem","position":1,"name":"Home","item":"https:\/\/www.hedgehogprogram.com\/de\/"},{"@type":"ListItem","position":2,"name":"Projekte","item":"https:\/\/hedgehogprogram.com\/de\/projekte\/"},{"@type":"ListItem","position":3,"name":"Aktive Projekte"}]},{"@type":"WebSite","@id":"https:\/\/www.hedgehogprogram.com\/de\/#website","url":"https:\/\/www.hedgehogprogram.com\/de\/","name":"The Hedgehog Program","description":"The Hedgehog Program is an online platform of research and education about hedgehogs and tenrecs.","publisher":{"@id":"https:\/\/www.hedgehogprogram.com\/de\/#organization"},"alternateName":"THP","potentialAction":[{"@type":"SearchAction","target":{"@type":"EntryPoint","urlTemplate":"https:\/\/www.hedgehogprogram.com\/de\/?s={search_term_string}"},"query-input":{"@type":"PropertyValueSpecification","valueRequired":true,"valueName":"search_term_string"}}],"inLanguage":"de"},{"@type":"Organization","@id":"https:\/\/www.hedgehogprogram.com\/de\/#organization","name":"The Hedgehog Program","alternateName":"THP","url":"https:\/\/www.hedgehogprogram.com\/de\/","logo":{"@type":"ImageObject","inLanguage":"de","@id":"https:\/\/www.hedgehogprogram.com\/de\/#\/schema\/logo\/image\/","url":"https:\/\/www.hedgehogprogram.com\/wp-content\/uploads\/2022\/11\/logo-klein.png","contentUrl":"https:\/\/www.hedgehogprogram.com\/wp-content\/uploads\/2022\/11\/logo-klein.png","width":250,"height":125,"caption":"The Hedgehog Program"},"image":{"@id":"https:\/\/www.hedgehogprogram.com\/de\/#\/schema\/logo\/image\/"},"sameAs":["https:\/\/www.facebook.com\/hedgehogprogram","https:\/\/www.linkedin.com\/company\/hedgehogprogram\/","https:\/\/www.tiktok.com\/@hedgehogprogram"]}]}},"_links":{"self":[{"href":"https:\/\/vh2023vjmwd-0.hosting-space.nl\/de\/wp-json\/wp\/v2\/pages\/24142","targetHints":{"allow":["GET"]}}],"collection":[{"href":"https:\/\/vh2023vjmwd-0.hosting-space.nl\/de\/wp-json\/wp\/v2\/pages"}],"about":[{"href":"https:\/\/vh2023vjmwd-0.hosting-space.nl\/de\/wp-json\/wp\/v2\/types\/page"}],"author":[{"embeddable":true,"href":"https:\/\/vh2023vjmwd-0.hosting-space.nl\/de\/wp-json\/wp\/v2\/users\/1"}],"replies":[{"embeddable":true,"href":"https:\/\/vh2023vjmwd-0.hosting-space.nl\/de\/wp-json\/wp\/v2\/comments?post=24142"}],"version-history":[{"count":2,"href":"https:\/\/vh2023vjmwd-0.hosting-space.nl\/de\/wp-json\/wp\/v2\/pages\/24142\/revisions"}],"predecessor-version":[{"id":25633,"href":"https:\/\/vh2023vjmwd-0.hosting-space.nl\/de\/wp-json\/wp\/v2\/pages\/24142\/revisions\/25633"}],"up":[{"embeddable":true,"href":"https:\/\/vh2023vjmwd-0.hosting-space.nl\/de\/wp-json\/wp\/v2\/pages\/24138"}],"wp:attachment":[{"href":"https:\/\/vh2023vjmwd-0.hosting-space.nl\/de\/wp-json\/wp\/v2\/media?parent=24142"}],"curies":[{"name":"wp","href":"https:\/\/api.w.org\/{rel}","templated":true}]}}