{"id":24157,"date":"2025-07-20T11:09:26","date_gmt":"2025-07-20T09:09:26","guid":{"rendered":"https:\/\/hedgehogprogram.com\/projekte\/buergerwissenschaft\/"},"modified":"2026-03-09T13:51:50","modified_gmt":"2026-03-09T12:51:50","slug":"buergerwissenschaft","status":"publish","type":"page","link":"https:\/\/vh2023vjmwd-0.hosting-space.nl\/de\/projekte\/buergerwissenschaft\/","title":{"rendered":"B\u00fcrgerwissenschaft"},"content":{"rendered":"\n<h2 class=\"wp-block-heading\">B\u00fcrgerwissenschaft<\/h2>\n\n<div class=\"wp-block-cover alignfull\"><img loading=\"lazy\" decoding=\"async\" width=\"1024\" height=\"683\" class=\"wp-block-cover__image-background wp-image-21220 size-large\" alt=\"\" src=\"https:\/\/hedgehogprogram.com\/wp-content\/uploads\/2025\/08\/james-bremer-K3Zk5ZLPZsw-unsplash-scaled-1-1024x683.jpg\" style=\"object-position:54% 75%\" data-object-fit=\"cover\" data-object-position=\"54% 75%\" srcset=\"https:\/\/vh2023vjmwd-0.hosting-space.nl\/wp-content\/uploads\/2025\/08\/james-bremer-K3Zk5ZLPZsw-unsplash-scaled-1-1024x683.jpg 1024w, https:\/\/vh2023vjmwd-0.hosting-space.nl\/wp-content\/uploads\/2025\/08\/james-bremer-K3Zk5ZLPZsw-unsplash-scaled-1-768x512.jpg 768w, https:\/\/vh2023vjmwd-0.hosting-space.nl\/wp-content\/uploads\/2025\/08\/james-bremer-K3Zk5ZLPZsw-unsplash-scaled-1-1536x1024.jpg 1536w, https:\/\/vh2023vjmwd-0.hosting-space.nl\/wp-content\/uploads\/2025\/08\/james-bremer-K3Zk5ZLPZsw-unsplash-scaled-1-2048x1366.jpg 2048w, https:\/\/vh2023vjmwd-0.hosting-space.nl\/wp-content\/uploads\/2025\/08\/james-bremer-K3Zk5ZLPZsw-unsplash-scaled-1-600x400.jpg 600w, https:\/\/vh2023vjmwd-0.hosting-space.nl\/wp-content\/uploads\/2025\/08\/james-bremer-K3Zk5ZLPZsw-unsplash-scaled-1-75x50.jpg 75w\" sizes=\"auto, (max-width: 1024px) 100vw, 1024px\" \/><span aria-hidden=\"true\" class=\"wp-block-cover__background has-ast-global-color-3-background-color has-background-dim-60 has-background-dim\"><\/span><div class=\"wp-block-cover__inner-container is-layout-constrained wp-block-cover-is-layout-constrained\">\n<p class=\"has-text-align-center has-white-color has-text-color has-link-color has-medium-font-size wp-elements-c2588263a772af7dca2a2a8fcb6593d8\">Beteiligen Sie sich an unseren B\u00fcrgerwissenschaftsprojekten und machen Sie Ihre Beobachtungen zu wertvollen Daten f\u00fcr den Schutz der Igel.<\/p>\n<\/div><\/div>\n\n<div class=\"wp-block-group alignfull has-ast-global-color-3-background-color has-text-color has-background is-layout-flow wp-block-group-is-layout-flow\" style=\"color:#000000\">\n<div class=\"wp-block-group is-layout-constrained wp-block-group-is-layout-constrained\">\n<h2 class=\"wp-block-heading has-text-align-center has-white-color has-text-color has-link-color wp-elements-84ad25af95480e46bf83280235c18069\" id=\"schedule-a-visit\" style=\"font-size:59px;line-height:1.15\"><strong>Teilnehmen<\/strong><\/h2>\n\n\n\n<p class=\"has-text-align-center has-white-color has-text-color has-link-color wp-elements-d4ffce1d6d98a5203769ba1591306dc7\" style=\"font-size:16px;line-height:1.5\">Ihr Beitrag z\u00e4hlt. Ob Sie einen Igel in Ihrem Garten gesehen, Spuren gefunden haben oder einfach nur die heimische Tierwelt beobachten m\u00f6chten \u2013 Ihre Teilnahme kann einen echten Unterschied machen. Machen Sie mit bei unseren laufenden Projekten, teilen Sie Ihre Beobachtungen und helfen Sie uns, Igel f\u00fcr zuk\u00fcnftige Generationen zu sch\u00fctzen.  <\/p>\n\n\n\n<div class=\"wp-block-buttons is-horizontal is-content-justification-center is-layout-flex wp-container-core-buttons-is-layout-03627597 wp-block-buttons-is-layout-flex\">\n<div class=\"wp-block-button has-custom-width wp-block-button__width-50\"><a class=\"wp-block-button__link has-ast-global-color-1-background-color has-text-color has-background wp-element-button\" href=\"https:\/\/hedgehogprogram.com\/de\/teilnahme\/\" style=\"border-radius:50px;color:#ffffff\">Dazu kommen!<\/a><\/div>\n<\/div>\n<\/div>\n\n\n\n<div style=\"height:64px\" aria-hidden=\"true\" class=\"wp-block-spacer\"><\/div>\n<\/div>\n\n<div class=\"wp-block-columns has-white-background-color has-background is-layout-flex wp-container-core-columns-is-layout-28f84493 wp-block-columns-is-layout-flex\">\n<div class=\"wp-block-column is-layout-flow wp-block-column-is-layout-flow\">\n<figure class=\"wp-block-image size-large\"><img loading=\"lazy\" decoding=\"async\" width=\"1024\" height=\"576\" src=\"https:\/\/hedgehogprogram.com\/wp-content\/uploads\/2025\/08\/524012719_3598945780412893_5329110938621663001_n-1024x576.jpg\" alt=\"\" class=\"wp-image-21221\" srcset=\"https:\/\/vh2023vjmwd-0.hosting-space.nl\/wp-content\/uploads\/2025\/08\/524012719_3598945780412893_5329110938621663001_n-1024x576.jpg 1024w, https:\/\/vh2023vjmwd-0.hosting-space.nl\/wp-content\/uploads\/2025\/08\/524012719_3598945780412893_5329110938621663001_n-768x432.jpg 768w, https:\/\/vh2023vjmwd-0.hosting-space.nl\/wp-content\/uploads\/2025\/08\/524012719_3598945780412893_5329110938621663001_n-1536x864.jpg 1536w, https:\/\/vh2023vjmwd-0.hosting-space.nl\/wp-content\/uploads\/2025\/08\/524012719_3598945780412893_5329110938621663001_n-600x338.jpg 600w, https:\/\/vh2023vjmwd-0.hosting-space.nl\/wp-content\/uploads\/2025\/08\/524012719_3598945780412893_5329110938621663001_n-89x50.jpg 89w, https:\/\/vh2023vjmwd-0.hosting-space.nl\/wp-content\/uploads\/2025\/08\/524012719_3598945780412893_5329110938621663001_n.jpg 2048w\" sizes=\"auto, (max-width: 1024px) 100vw, 1024px\" \/><\/figure>\n<\/div>\n\n\n\n<div class=\"wp-block-column is-layout-flow wp-block-column-is-layout-flow\">\n<h4 class=\"wp-block-heading\">Einf\u00fchrung<\/h4>\n\n\n\n<p>Wir vom The Hedgehog Program sind \u00fcberzeugt, dass jeder zum Schutz der Igel beitragen kann. Unsere B\u00fcrgerwissenschaftsprojekte bieten Ihnen die M\u00f6glichkeit, sich direkt an Forschung und Naturschutz zu beteiligen \u2013 unabh\u00e4ngig von Ihren Vorkenntnissen. <\/p>\n\n\n\n<p>Durch Ihre Teilnahme helfen Sie uns, wertvolle Daten zu sammeln, die Bev\u00f6lkerungstrends aufdecken, Bedrohungen erkennen und Lebensr\u00e4ume verbessern k\u00f6nnen. Ob Sie in Ihrem Garten sind, auf dem Land spazieren gehen oder auf dem Feld arbeiten, Ihr Beitrag macht einen Unterschied. <\/p>\n<\/div>\n<\/div>\n\n<div class=\"wp-block-group alignfull has-ast-global-color-5-background-color has-background is-layout-constrained wp-block-group-is-layout-constrained\">\n<h4 class=\"wp-block-heading\">Aktuelle Initiativen<\/h4>\n\n\n<ul class=\"wp-block-latest-posts__list is-grid columns-3 wp-block-latest-posts\"><\/ul><\/div>\n\n<div class=\"wp-block-group alignfull has-white-background-color has-background is-layout-constrained wp-block-group-is-layout-constrained\">\n<h4 class=\"wp-block-heading\">Wie die Teilnahme funktioniert<\/h4>\n\n\n\n<p>Die Teilnahme an unseren Citizen-Science-Projekten ist einfach und unkompliziert gestaltet, die genaue Vorgehensweise h\u00e4ngt jedoch vom jeweiligen Projekt ab. Bei einigen Initiativen k\u00f6nnen Sie Ihre Sichtungen \u00fcber <a href=\"https:\/\/observation.org\/\" target=\"_blank\" rel=\"noopener\" title=\"\">Observation.org<\/a> oder die <a href=\"https:\/\/observation.org\/apps\/observation\/\" target=\"_blank\" rel=\"noopener\" title=\"\">ObsIdentify-App<\/a> melden und Fotos sowie Details Ihrer Begegnungen einreichen. Bei anderen Projekten helfen Sie uns m\u00f6glicherweise, indem Sie uns Proben von Igelhaaren und\/oder -stacheln zusenden, die wir mikroskopisch analysieren. Jedes Projekt enth\u00e4lt klare Anweisungen, sodass Sie immer genau wissen, wie Sie beitragen k\u00f6nnen und welche Informationen besonders wertvoll sind.   <\/p>\n<\/div>\n\n<div class=\"wp-block-group alignfull has-ast-global-color-5-background-color has-background is-layout-constrained wp-block-group-is-layout-constrained\">\n<h4 class=\"wp-block-heading\">Ergebnisse und Auswirkungen<\/h4>\n\n\n\n<p>B\u00fcrgerwissenschaft bedeutet mehr als nur Daten sammeln; es geht darum, Beobachtungen in konkrete Ma\u00dfnahmen umzusetzen. Die Ergebnisse unserer Initiativen helfen uns, Igelpopulationen zu kartieren, saisonale Verhaltensweisen zu beobachten und Ver\u00e4nderungen in ihrem Lebensraum zu erkennen. Diese Informationen werden mit Naturschutzorganisationen, Forschern und politischen Entscheidungstr\u00e4gern geteilt, um Entscheidungen zu unterst\u00fctzen, die einen echten und nachhaltigen Einfluss auf das \u00dcberleben der Igel haben k\u00f6nnen. Jeder Beitrag, den Sie einreichen, ist ein wichtiger Baustein f\u00fcr das Gesamtbild.   <\/p>\n\n\n\n<div class=\"wp-block-columns has-ast-global-color-5-background-color has-background is-layout-flex wp-container-core-columns-is-layout-28f84493 wp-block-columns-is-layout-flex\">\n<div class=\"wp-block-column is-layout-flow wp-block-column-is-layout-flow\">\n\n\n<h5 class=\"wp-block-heading has-text-align-center\">Name<\/h5>\n\n\n\n<p class=\"has-text-align-center\">Quote<\/p>\n<\/div>\n\n\n\n<div class=\"wp-block-column is-layout-flow wp-block-column-is-layout-flow\">\n\n\n<h5 class=\"wp-block-heading has-text-align-center\">Name<\/h5>\n\n\n\n<p class=\"has-text-align-center\">Quote<\/p>\n<\/div>\n\n\n\n<div class=\"wp-block-column is-layout-flow wp-block-column-is-layout-flow\">\n\n\n<h5 class=\"wp-block-heading has-text-align-center\">Name<\/h5>\n\n\n\n<p class=\"has-text-align-center\">Quote<\/p>\n<\/div>\n<\/div>\n<\/div>\n\n<div class=\"wp-block-group alignfull has-ast-global-color-3-background-color has-text-color has-background is-layout-flow wp-block-group-is-layout-flow\" style=\"color:#000000\">\n<div class=\"wp-block-group is-layout-constrained wp-block-group-is-layout-constrained\">\n<h3 class=\"wp-block-heading has-text-align-center has-white-color has-text-color has-link-color wp-elements-57ea5f752a360252d158fda8e8763351\" id=\"schedule-a-visit\" style=\"font-size:40px;line-height:1.15\"><strong>Beteiligen Sie sich an der B\u00fcrgerwissenschaft!<\/strong><\/h3>\n\n\n\n<p class=\"has-text-align-center has-white-color has-text-color has-link-color wp-elements-cd07406e5b7c5b3817514fb2fd787c43\" style=\"font-size:16px;line-height:1.5\">Bereit, etwas zu bewegen? Schlie\u00dfen Sie sich noch heute einem unserer B\u00fcrgerwissenschaftsprojekte an und helfen Sie uns, Igel zu sch\u00fctzen \u2013 mit jeder einzelnen Beobachtung. <\/p>\n\n\n\n<div class=\"wp-block-buttons is-horizontal is-content-justification-center is-layout-flex wp-container-core-buttons-is-layout-03627597 wp-block-buttons-is-layout-flex\">\n<div class=\"wp-block-button has-custom-width wp-block-button__width-50\"><a class=\"wp-block-button__link has-ast-global-color-1-background-color has-text-color has-background wp-element-button\" href=\"https:\/\/hedgehogprogram.com\/de\/teilnahme\/\" style=\"border-radius:50px;color:#ffffff\">Dazu kommen!<\/a><\/div>\n<\/div>\n<\/div>\n\n\n\n<div style=\"height:64px\" aria-hidden=\"true\" class=\"wp-block-spacer\"><\/div>\n<\/div>\n","protected":false},"excerpt":{"rendered":"<p>B\u00fcrgerwissenschaft Teilnehmen Ihr Beitrag z\u00e4hlt. Ob Sie einen Igel in Ihrem Garten gesehen, Spuren gefunden haben oder einfach nur die heimische Tierwelt beobachten m\u00f6chten \u2013 Ihre Teilnahme kann einen echten Unterschied machen. Machen Sie mit bei unseren laufenden Projekten, teilen Sie Ihre Beobachtungen und helfen Sie uns, Igel f\u00fcr zuk\u00fcnftige Generationen zu sch\u00fctzen. Einf\u00fchrung Wir [&hellip;]<\/p>\n","protected":false},"author":1,"featured_media":0,"parent":24138,"menu_order":0,"comment_status":"closed","ping_status":"closed","template":"","meta":{"_monsterinsights_skip_tracking":false,"_monsterinsights_sitenote_active":false,"_monsterinsights_sitenote_note":"","_monsterinsights_sitenote_category":0,"site-sidebar-layout":"default","site-content-layout":"","ast-site-content-layout":"default","site-content-style":"default","site-sidebar-style":"default","ast-global-header-display":"","ast-banner-title-visibility":"","ast-main-header-display":"","ast-hfb-above-header-display":"","ast-hfb-below-header-display":"","ast-hfb-mobile-header-display":"","site-post-title":"","ast-breadcrumbs-content":"","ast-featured-img":"","footer-sml-layout":"","ast-disable-related-posts":"","theme-transparent-header-meta":"","adv-header-id-meta":"","stick-header-meta":"","header-above-stick-meta":"","header-main-stick-meta":"","header-below-stick-meta":"","astra-migrate-meta-layouts":"default","ast-page-background-enabled":"default","ast-page-background-meta":{"desktop":{"background-color":"var(--ast-global-color-4)","background-image":"","background-repeat":"repeat","background-position":"center center","background-size":"auto","background-attachment":"scroll","background-type":"","background-media":"","overlay-type":"","overlay-color":"","overlay-opacity":"","overlay-gradient":""},"tablet":{"background-color":"","background-image":"","background-repeat":"repeat","background-position":"center center","background-size":"auto","background-attachment":"scroll","background-type":"","background-media":"","overlay-type":"","overlay-color":"","overlay-opacity":"","overlay-gradient":""},"mobile":{"background-color":"","background-image":"","background-repeat":"repeat","background-position":"center center","background-size":"auto","background-attachment":"scroll","background-type":"","background-media":"","overlay-type":"","overlay-color":"","overlay-opacity":"","overlay-gradient":""}},"ast-content-background-meta":{"desktop":{"background-color":"var(--ast-global-color-5)","background-image":"","background-repeat":"repeat","background-position":"center center","background-size":"auto","background-attachment":"scroll","background-type":"","background-media":"","overlay-type":"","overlay-color":"","overlay-opacity":"","overlay-gradient":""},"tablet":{"background-color":"var(--ast-global-color-5)","background-image":"","background-repeat":"repeat","background-position":"center center","background-size":"auto","background-attachment":"scroll","background-type":"","background-media":"","overlay-type":"","overlay-color":"","overlay-opacity":"","overlay-gradient":""},"mobile":{"background-color":"var(--ast-global-color-5)","background-image":"","background-repeat":"repeat","background-position":"center center","background-size":"auto","background-attachment":"scroll","background-type":"","background-media":"","overlay-type":"","overlay-color":"","overlay-opacity":"","overlay-gradient":""}},"footnotes":""},"class_list":["post-24157","page","type-page","status-publish","hentry"],"yoast_head":"<!-- This site is optimized with the Yoast SEO plugin v27.3 - https:\/\/yoast.com\/product\/yoast-seo-wordpress\/ -->\n<title>B\u00fcrgerwissenschaft &#187; The Hedgehog Program<\/title>\n<meta name=\"robots\" content=\"index, follow, max-snippet:-1, max-image-preview:large, max-video-preview:-1\" \/>\n<link rel=\"canonical\" href=\"https:\/\/vh2023vjmwd-0.hosting-space.nl\/de\/projekte\/buergerwissenschaft\/\" \/>\n<meta property=\"og:locale\" content=\"de_DE\" \/>\n<meta property=\"og:type\" content=\"article\" \/>\n<meta property=\"og:title\" content=\"B\u00fcrgerwissenschaft &#187; The Hedgehog Program\" \/>\n<meta property=\"og:description\" content=\"B\u00fcrgerwissenschaft Teilnehmen Ihr Beitrag z\u00e4hlt. Ob Sie einen Igel in Ihrem Garten gesehen, Spuren gefunden haben oder einfach nur die heimische Tierwelt beobachten m\u00f6chten \u2013 Ihre Teilnahme kann einen echten Unterschied machen. Machen Sie mit bei unseren laufenden Projekten, teilen Sie Ihre Beobachtungen und helfen Sie uns, Igel f\u00fcr zuk\u00fcnftige Generationen zu sch\u00fctzen. Einf\u00fchrung Wir [&hellip;]\" \/>\n<meta property=\"og:url\" content=\"https:\/\/vh2023vjmwd-0.hosting-space.nl\/de\/projekte\/buergerwissenschaft\/\" \/>\n<meta property=\"og:site_name\" content=\"The Hedgehog Program\" \/>\n<meta property=\"article:publisher\" content=\"https:\/\/www.facebook.com\/hedgehogprogram\" \/>\n<meta property=\"article:modified_time\" content=\"2026-03-09T12:51:50+00:00\" \/>\n<meta property=\"og:image\" content=\"https:\/\/hedgehogprogram.com\/wp-content\/uploads\/2025\/08\/james-bremer-K3Zk5ZLPZsw-unsplash-scaled-1-1024x683.jpg\" \/>\n<meta name=\"twitter:card\" content=\"summary_large_image\" \/>\n<meta name=\"twitter:label1\" content=\"Gesch\u00e4tzte Lesezeit\" \/>\n\t<meta name=\"twitter:data1\" content=\"2\u00a0Minuten\" \/>\n<script type=\"application\/ld+json\" class=\"yoast-schema-graph\">{\"@context\":\"https:\\\/\\\/schema.org\",\"@graph\":[{\"@type\":\"WebPage\",\"@id\":\"https:\\\/\\\/vh2023vjmwd-0.hosting-space.nl\\\/de\\\/projekte\\\/buergerwissenschaft\\\/\",\"url\":\"https:\\\/\\\/vh2023vjmwd-0.hosting-space.nl\\\/de\\\/projekte\\\/buergerwissenschaft\\\/\",\"name\":\"B\u00fcrgerwissenschaft &#187; The Hedgehog Program\",\"isPartOf\":{\"@id\":\"https:\\\/\\\/www.hedgehogprogram.com\\\/de\\\/#website\"},\"primaryImageOfPage\":{\"@id\":\"https:\\\/\\\/vh2023vjmwd-0.hosting-space.nl\\\/de\\\/projekte\\\/buergerwissenschaft\\\/#primaryimage\"},\"image\":{\"@id\":\"https:\\\/\\\/vh2023vjmwd-0.hosting-space.nl\\\/de\\\/projekte\\\/buergerwissenschaft\\\/#primaryimage\"},\"thumbnailUrl\":\"https:\\\/\\\/hedgehogprogram.com\\\/wp-content\\\/uploads\\\/2025\\\/08\\\/james-bremer-K3Zk5ZLPZsw-unsplash-scaled-1-1024x683.jpg\",\"datePublished\":\"2025-07-20T09:09:26+00:00\",\"dateModified\":\"2026-03-09T12:51:50+00:00\",\"breadcrumb\":{\"@id\":\"https:\\\/\\\/vh2023vjmwd-0.hosting-space.nl\\\/de\\\/projekte\\\/buergerwissenschaft\\\/#breadcrumb\"},\"inLanguage\":\"de\",\"potentialAction\":[{\"@type\":\"ReadAction\",\"target\":[\"https:\\\/\\\/vh2023vjmwd-0.hosting-space.nl\\\/de\\\/projekte\\\/buergerwissenschaft\\\/\"]}]},{\"@type\":\"ImageObject\",\"inLanguage\":\"de\",\"@id\":\"https:\\\/\\\/vh2023vjmwd-0.hosting-space.nl\\\/de\\\/projekte\\\/buergerwissenschaft\\\/#primaryimage\",\"url\":\"https:\\\/\\\/hedgehogprogram.com\\\/wp-content\\\/uploads\\\/2025\\\/08\\\/james-bremer-K3Zk5ZLPZsw-unsplash-scaled-1-1024x683.jpg\",\"contentUrl\":\"https:\\\/\\\/hedgehogprogram.com\\\/wp-content\\\/uploads\\\/2025\\\/08\\\/james-bremer-K3Zk5ZLPZsw-unsplash-scaled-1-1024x683.jpg\"},{\"@type\":\"BreadcrumbList\",\"@id\":\"https:\\\/\\\/vh2023vjmwd-0.hosting-space.nl\\\/de\\\/projekte\\\/buergerwissenschaft\\\/#breadcrumb\",\"itemListElement\":[{\"@type\":\"ListItem\",\"position\":1,\"name\":\"Home\",\"item\":\"https:\\\/\\\/www.hedgehogprogram.com\\\/de\\\/\"},{\"@type\":\"ListItem\",\"position\":2,\"name\":\"Projekte\",\"item\":\"https:\\\/\\\/hedgehogprogram.com\\\/de\\\/projekte\\\/\"},{\"@type\":\"ListItem\",\"position\":3,\"name\":\"B\u00fcrgerwissenschaft\"}]},{\"@type\":\"WebSite\",\"@id\":\"https:\\\/\\\/www.hedgehogprogram.com\\\/de\\\/#website\",\"url\":\"https:\\\/\\\/www.hedgehogprogram.com\\\/de\\\/\",\"name\":\"The Hedgehog Program\",\"description\":\"The Hedgehog Program is an online platform of research and education about hedgehogs and tenrecs.\",\"publisher\":{\"@id\":\"https:\\\/\\\/www.hedgehogprogram.com\\\/de\\\/#organization\"},\"alternateName\":\"THP\",\"potentialAction\":[{\"@type\":\"SearchAction\",\"target\":{\"@type\":\"EntryPoint\",\"urlTemplate\":\"https:\\\/\\\/www.hedgehogprogram.com\\\/de\\\/?s={search_term_string}\"},\"query-input\":{\"@type\":\"PropertyValueSpecification\",\"valueRequired\":true,\"valueName\":\"search_term_string\"}}],\"inLanguage\":\"de\"},{\"@type\":\"Organization\",\"@id\":\"https:\\\/\\\/www.hedgehogprogram.com\\\/de\\\/#organization\",\"name\":\"The Hedgehog Program\",\"alternateName\":\"THP\",\"url\":\"https:\\\/\\\/www.hedgehogprogram.com\\\/de\\\/\",\"logo\":{\"@type\":\"ImageObject\",\"inLanguage\":\"de\",\"@id\":\"https:\\\/\\\/www.hedgehogprogram.com\\\/de\\\/#\\\/schema\\\/logo\\\/image\\\/\",\"url\":\"https:\\\/\\\/www.hedgehogprogram.com\\\/wp-content\\\/uploads\\\/2022\\\/11\\\/logo-klein.png\",\"contentUrl\":\"https:\\\/\\\/www.hedgehogprogram.com\\\/wp-content\\\/uploads\\\/2022\\\/11\\\/logo-klein.png\",\"width\":250,\"height\":125,\"caption\":\"The Hedgehog Program\"},\"image\":{\"@id\":\"https:\\\/\\\/www.hedgehogprogram.com\\\/de\\\/#\\\/schema\\\/logo\\\/image\\\/\"},\"sameAs\":[\"https:\\\/\\\/www.facebook.com\\\/hedgehogprogram\",\"https:\\\/\\\/www.linkedin.com\\\/company\\\/hedgehogprogram\\\/\",\"https:\\\/\\\/www.tiktok.com\\\/@hedgehogprogram\"]}]}<\/script>\n<!-- \/ Yoast SEO plugin. -->","yoast_head_json":{"title":"B\u00fcrgerwissenschaft &#187; The Hedgehog Program","robots":{"index":"index","follow":"follow","max-snippet":"max-snippet:-1","max-image-preview":"max-image-preview:large","max-video-preview":"max-video-preview:-1"},"canonical":"https:\/\/vh2023vjmwd-0.hosting-space.nl\/de\/projekte\/buergerwissenschaft\/","og_locale":"de_DE","og_type":"article","og_title":"B\u00fcrgerwissenschaft &#187; The Hedgehog Program","og_description":"B\u00fcrgerwissenschaft Teilnehmen Ihr Beitrag z\u00e4hlt. Ob Sie einen Igel in Ihrem Garten gesehen, Spuren gefunden haben oder einfach nur die heimische Tierwelt beobachten m\u00f6chten \u2013 Ihre Teilnahme kann einen echten Unterschied machen. Machen Sie mit bei unseren laufenden Projekten, teilen Sie Ihre Beobachtungen und helfen Sie uns, Igel f\u00fcr zuk\u00fcnftige Generationen zu sch\u00fctzen. Einf\u00fchrung Wir [&hellip;]","og_url":"https:\/\/vh2023vjmwd-0.hosting-space.nl\/de\/projekte\/buergerwissenschaft\/","og_site_name":"The Hedgehog Program","article_publisher":"https:\/\/www.facebook.com\/hedgehogprogram","article_modified_time":"2026-03-09T12:51:50+00:00","og_image":[{"url":"https:\/\/hedgehogprogram.com\/wp-content\/uploads\/2025\/08\/james-bremer-K3Zk5ZLPZsw-unsplash-scaled-1-1024x683.jpg","type":"","width":"","height":""}],"twitter_card":"summary_large_image","twitter_misc":{"Gesch\u00e4tzte Lesezeit":"2\u00a0Minuten"},"schema":{"@context":"https:\/\/schema.org","@graph":[{"@type":"WebPage","@id":"https:\/\/vh2023vjmwd-0.hosting-space.nl\/de\/projekte\/buergerwissenschaft\/","url":"https:\/\/vh2023vjmwd-0.hosting-space.nl\/de\/projekte\/buergerwissenschaft\/","name":"B\u00fcrgerwissenschaft &#187; The Hedgehog Program","isPartOf":{"@id":"https:\/\/www.hedgehogprogram.com\/de\/#website"},"primaryImageOfPage":{"@id":"https:\/\/vh2023vjmwd-0.hosting-space.nl\/de\/projekte\/buergerwissenschaft\/#primaryimage"},"image":{"@id":"https:\/\/vh2023vjmwd-0.hosting-space.nl\/de\/projekte\/buergerwissenschaft\/#primaryimage"},"thumbnailUrl":"https:\/\/hedgehogprogram.com\/wp-content\/uploads\/2025\/08\/james-bremer-K3Zk5ZLPZsw-unsplash-scaled-1-1024x683.jpg","datePublished":"2025-07-20T09:09:26+00:00","dateModified":"2026-03-09T12:51:50+00:00","breadcrumb":{"@id":"https:\/\/vh2023vjmwd-0.hosting-space.nl\/de\/projekte\/buergerwissenschaft\/#breadcrumb"},"inLanguage":"de","potentialAction":[{"@type":"ReadAction","target":["https:\/\/vh2023vjmwd-0.hosting-space.nl\/de\/projekte\/buergerwissenschaft\/"]}]},{"@type":"ImageObject","inLanguage":"de","@id":"https:\/\/vh2023vjmwd-0.hosting-space.nl\/de\/projekte\/buergerwissenschaft\/#primaryimage","url":"https:\/\/hedgehogprogram.com\/wp-content\/uploads\/2025\/08\/james-bremer-K3Zk5ZLPZsw-unsplash-scaled-1-1024x683.jpg","contentUrl":"https:\/\/hedgehogprogram.com\/wp-content\/uploads\/2025\/08\/james-bremer-K3Zk5ZLPZsw-unsplash-scaled-1-1024x683.jpg"},{"@type":"BreadcrumbList","@id":"https:\/\/vh2023vjmwd-0.hosting-space.nl\/de\/projekte\/buergerwissenschaft\/#breadcrumb","itemListElement":[{"@type":"ListItem","position":1,"name":"Home","item":"https:\/\/www.hedgehogprogram.com\/de\/"},{"@type":"ListItem","position":2,"name":"Projekte","item":"https:\/\/hedgehogprogram.com\/de\/projekte\/"},{"@type":"ListItem","position":3,"name":"B\u00fcrgerwissenschaft"}]},{"@type":"WebSite","@id":"https:\/\/www.hedgehogprogram.com\/de\/#website","url":"https:\/\/www.hedgehogprogram.com\/de\/","name":"The Hedgehog Program","description":"The Hedgehog Program is an online platform of research and education about hedgehogs and tenrecs.","publisher":{"@id":"https:\/\/www.hedgehogprogram.com\/de\/#organization"},"alternateName":"THP","potentialAction":[{"@type":"SearchAction","target":{"@type":"EntryPoint","urlTemplate":"https:\/\/www.hedgehogprogram.com\/de\/?s={search_term_string}"},"query-input":{"@type":"PropertyValueSpecification","valueRequired":true,"valueName":"search_term_string"}}],"inLanguage":"de"},{"@type":"Organization","@id":"https:\/\/www.hedgehogprogram.com\/de\/#organization","name":"The Hedgehog Program","alternateName":"THP","url":"https:\/\/www.hedgehogprogram.com\/de\/","logo":{"@type":"ImageObject","inLanguage":"de","@id":"https:\/\/www.hedgehogprogram.com\/de\/#\/schema\/logo\/image\/","url":"https:\/\/www.hedgehogprogram.com\/wp-content\/uploads\/2022\/11\/logo-klein.png","contentUrl":"https:\/\/www.hedgehogprogram.com\/wp-content\/uploads\/2022\/11\/logo-klein.png","width":250,"height":125,"caption":"The Hedgehog Program"},"image":{"@id":"https:\/\/www.hedgehogprogram.com\/de\/#\/schema\/logo\/image\/"},"sameAs":["https:\/\/www.facebook.com\/hedgehogprogram","https:\/\/www.linkedin.com\/company\/hedgehogprogram\/","https:\/\/www.tiktok.com\/@hedgehogprogram"]}]}},"_links":{"self":[{"href":"https:\/\/vh2023vjmwd-0.hosting-space.nl\/de\/wp-json\/wp\/v2\/pages\/24157","targetHints":{"allow":["GET"]}}],"collection":[{"href":"https:\/\/vh2023vjmwd-0.hosting-space.nl\/de\/wp-json\/wp\/v2\/pages"}],"about":[{"href":"https:\/\/vh2023vjmwd-0.hosting-space.nl\/de\/wp-json\/wp\/v2\/types\/page"}],"author":[{"embeddable":true,"href":"https:\/\/vh2023vjmwd-0.hosting-space.nl\/de\/wp-json\/wp\/v2\/users\/1"}],"replies":[{"embeddable":true,"href":"https:\/\/vh2023vjmwd-0.hosting-space.nl\/de\/wp-json\/wp\/v2\/comments?post=24157"}],"version-history":[{"count":2,"href":"https:\/\/vh2023vjmwd-0.hosting-space.nl\/de\/wp-json\/wp\/v2\/pages\/24157\/revisions"}],"predecessor-version":[{"id":25640,"href":"https:\/\/vh2023vjmwd-0.hosting-space.nl\/de\/wp-json\/wp\/v2\/pages\/24157\/revisions\/25640"}],"up":[{"embeddable":true,"href":"https:\/\/vh2023vjmwd-0.hosting-space.nl\/de\/wp-json\/wp\/v2\/pages\/24138"}],"wp:attachment":[{"href":"https:\/\/vh2023vjmwd-0.hosting-space.nl\/de\/wp-json\/wp\/v2\/media?parent=24157"}],"curies":[{"name":"wp","href":"https:\/\/api.w.org\/{rel}","templated":true}]}}