{"id":25418,"date":"2025-08-02T21:07:29","date_gmt":"2025-08-02T19:07:29","guid":{"rendered":"https:\/\/hedgehogprogram.com\/shop\/unkategorisiert\/ebook-african-pygmy-hedgehog\/"},"modified":"2026-03-22T20:23:35","modified_gmt":"2026-03-22T19:23:35","slug":"ebook-african-pygmy-hedgehog","status":"publish","type":"product","link":"https:\/\/vh2023vjmwd-0.hosting-space.nl\/de\/shop\/bucher\/ebook-african-pygmy-hedgehog\/","title":{"rendered":"Afrikanische Wei\u00dfbauchigel: Vollst\u00e4ndiger Pflege-, Biologie- und Haltungsleitfaden"},"content":{"rendered":"<p>Afrikanische Wei\u00dfbauchigel: Ein umfassender Ratgeber zu Pflege, Biologie und Haltung ist ein fundiertes und ma\u00dfgebliches E-Book. Es richtet sich an alle, die Afrikanische Zwergigel (Atelerix albiventris) halten m\u00f6chten \u2013 ob bereits in der Haltung oder zuk\u00fcnftig. Auf 119 Seiten bietet dieser Ratgeber detailliertes Wissen und schl\u00e4gt die Br\u00fccke zwischen praktischer Pflege und wissenschaftlichem Verst\u00e4ndnis. Damit ist er eine unverzichtbare Informationsquelle f\u00fcr Tierhalter, Z\u00fcchter und Fachleute gleicherma\u00dfen.   <\/p>\n<p>Afrikanische Zwergigel stammen aus der Subsahara-Region, insbesondere aus der Sahelzone, einem Gebiet, das f\u00fcr seine einzigartigen \u00d6kosysteme und seine Artenvielfalt bekannt ist. Obwohl diese Igel seit den 1990er-Jahren als Haustiere immer beliebter werden, sind verl\u00e4ssliche und strukturierte Informationen \u00fcber ihre Haltung, Biologie und ihr Wohlergehen nach wie vor rar. Dieses Buch schlie\u00dft diese L\u00fccke, indem es Feldforschung, praktische Erfahrung und wissenschaftliche Zusammenarbeit vereint.  <\/p>\n<p>Dieses E-Book entstand in Zusammenarbeit mit Organisationen und Experten wie der Roten Liste der IUCN, Hedgehogs of Asgard, dem Hedgehog Program und einem Studenten der Universit\u00e4t Utrecht. Es bietet eine umfassende und wissenschaftlich fundierte Perspektive auf diese Tierart. <\/p>\n<h4>Was Sie finden werden<\/h4>\n<p>In diesem Leitfaden erfahren Sie Folgendes:<\/p>\n<ul>\n<li>Ein tiefer Einblick in den nat\u00fcrlichen Lebensraum und das Verhalten Afrikanischer Wei\u00dfbauchigel.<\/li>\n<li>Klare, praxisnahe Leitlinien zu Wohnen, F\u00f6rderung und Umweltbed\u00fcrfnissen.<\/li>\n<li>Ausf\u00fchrliche Abschnitte \u00fcber Ern\u00e4hrung, F\u00fctterungsstrategien und h\u00e4ufige Fehler.<\/li>\n<li>Umfassende Einblicke in Gesundheit, Krankheitspr\u00e4vention und Wohlbefinden.<\/li>\n<li>Ethische \u00dcberlegungen und bew\u00e4hrte Verfahren f\u00fcr Zucht und verantwortungsvolle Tierhaltung.<\/li>\n<li>Wissenschaftlicher Kontext kombiniert mit praktischer Pflegeerfahrung.<\/li>\n<\/ul>\n<p>Egal, ob Sie neu in der Igelhaltung sind oder Ihr Wissen auf einem h\u00f6heren Niveau vertiefen m\u00f6chten, dieses Buch bietet sowohl grundlegendes Verst\u00e4ndnis als auch fortgeschrittene Einblicke.<\/p>\n<p>Dieser Leitfaden wird als herunterladbares eBook im .epub-Format mit offizieller ISBN-Nummer geliefert und eignet sich sowohl f\u00fcr die langfristige Nutzung als auch f\u00fcr den professionellen Einsatz.<\/p>\n<p>Wenn es Ihnen wirklich am Herzen liegt, Afrikanischen Zwergigeln die bestm\u00f6gliche Pflege zukommen zu lassen, bietet Ihnen dieses Buch die n\u00f6tige Tiefe, Glaubw\u00fcrdigkeit und Klarheit.<\/p>\n","protected":false},"excerpt":{"rendered":"<p>\u201eAfrikanische Wei\u00dfbauchigel: Umfassender Ratgeber zu Pflege, Biologie &amp; Haltung\u201c ist ein fundiertes und ma\u00dfgebliches E-Book f\u00fcr alle, die Afrikanische Zwergigel (Atelerix albiventris) halten m\u00f6chten \u2013 ob bereits in der Haltung oder zuk\u00fcnftig. Auf 119 Seiten bietet dieser Ratgeber detailliertes Wissen und schl\u00e4gt die Br\u00fccke zwischen praktischer Pflege und wissenschaftlichem Verst\u00e4ndnis. Damit ist er eine unverzichtbare Informationsquelle f\u00fcr Tierhalter, Z\u00fcchter und Fachleute gleicherma\u00dfen. <\/p>\n<p>&nbsp;<\/p>\n","protected":false},"featured_media":20982,"template":"","meta":{"_monsterinsights_skip_tracking":false,"_monsterinsights_sitenote_active":false,"_monsterinsights_sitenote_note":"","_monsterinsights_sitenote_category":0,"site-sidebar-layout":"default","site-content-layout":"","ast-site-content-layout":"default","site-content-style":"default","site-sidebar-style":"default","ast-global-header-display":"","ast-banner-title-visibility":"","ast-main-header-display":"","ast-hfb-above-header-display":"","ast-hfb-below-header-display":"","ast-hfb-mobile-header-display":"","site-post-title":"","ast-breadcrumbs-content":"","ast-featured-img":"","footer-sml-layout":"","ast-disable-related-posts":"","theme-transparent-header-meta":"default","adv-header-id-meta":"","stick-header-meta":"","header-above-stick-meta":"","header-main-stick-meta":"","header-below-stick-meta":"","astra-migrate-meta-layouts":"default","ast-page-background-enabled":"default","ast-page-background-meta":{"desktop":{"background-color":"var(--ast-global-color-4)","background-image":"","background-repeat":"repeat","background-position":"center center","background-size":"auto","background-attachment":"scroll","background-type":"","background-media":"","overlay-type":"","overlay-color":"","overlay-opacity":"","overlay-gradient":""},"tablet":{"background-color":"","background-image":"","background-repeat":"repeat","background-position":"center center","background-size":"auto","background-attachment":"scroll","background-type":"","background-media":"","overlay-type":"","overlay-color":"","overlay-opacity":"","overlay-gradient":""},"mobile":{"background-color":"","background-image":"","background-repeat":"repeat","background-position":"center center","background-size":"auto","background-attachment":"scroll","background-type":"","background-media":"","overlay-type":"","overlay-color":"","overlay-opacity":"","overlay-gradient":""}},"ast-content-background-meta":{"desktop":{"background-color":"var(--ast-global-color-5)","background-image":"","background-repeat":"repeat","background-position":"center center","background-size":"auto","background-attachment":"scroll","background-type":"","background-media":"","overlay-type":"","overlay-color":"","overlay-opacity":"","overlay-gradient":""},"tablet":{"background-color":"var(--ast-global-color-5)","background-image":"","background-repeat":"repeat","background-position":"center center","background-size":"auto","background-attachment":"scroll","background-type":"","background-media":"","overlay-type":"","overlay-color":"","overlay-opacity":"","overlay-gradient":""},"mobile":{"background-color":"var(--ast-global-color-5)","background-image":"","background-repeat":"repeat","background-position":"center center","background-size":"auto","background-attachment":"scroll","background-type":"","background-media":"","overlay-type":"","overlay-color":"","overlay-opacity":"","overlay-gradient":""}}},"product_brand":[],"product_cat":[628],"product_tag":[],"class_list":{"0":"post-25418","1":"product","2":"type-product","3":"status-publish","4":"has-post-thumbnail","6":"product_cat-bucher","7":"desktop-align-left","8":"tablet-align-left","9":"mobile-align-left","11":"first","12":"instock","13":"downloadable","14":"virtual","15":"sold-individually","16":"taxable","17":"purchasable","18":"product-type-simple"},"yoast_head":"<!-- This site is optimized with the Yoast SEO plugin v27.3 - https:\/\/yoast.com\/product\/yoast-seo-wordpress\/ -->\n<title>Afrikanische Wei\u00dfbauchigel: Vollst\u00e4ndiger Pflege-, Biologie- und Haltungsleitfaden &#187; The Hedgehog Program<\/title>\n<meta name=\"description\" content=\"Vollst\u00e4ndiger Ratgeber zur Haltung von Afrikanische Weisbauchigeln: Unterbringung, Ern\u00e4hrung, Gesundheit und Verhalten. Ein 119-seitiges E-Book f\u00fcr Halter und Z\u00fcchter.\" \/>\n<meta name=\"robots\" content=\"index, follow, max-snippet:-1, max-image-preview:large, max-video-preview:-1\" \/>\n<link rel=\"canonical\" href=\"https:\/\/vh2023vjmwd-0.hosting-space.nl\/de\/shop\/bucher\/ebook-african-pygmy-hedgehog\/\" \/>\n<meta property=\"og:locale\" content=\"de_DE\" \/>\n<meta property=\"og:type\" content=\"article\" \/>\n<meta property=\"og:title\" content=\"Afrikanische Wei\u00dfbauchigel: Vollst\u00e4ndiger Pflege-, Biologie- und Haltungsleitfaden &#187; The Hedgehog Program\" \/>\n<meta property=\"og:description\" content=\"Vollst\u00e4ndiger Ratgeber zur Haltung von Afrikanische Weisbauchigeln: Unterbringung, Ern\u00e4hrung, Gesundheit und Verhalten. Ein 119-seitiges E-Book f\u00fcr Halter und Z\u00fcchter.\" \/>\n<meta property=\"og:url\" content=\"https:\/\/vh2023vjmwd-0.hosting-space.nl\/de\/shop\/bucher\/ebook-african-pygmy-hedgehog\/\" \/>\n<meta property=\"og:site_name\" content=\"The Hedgehog Program\" \/>\n<meta property=\"article:publisher\" content=\"https:\/\/www.facebook.com\/hedgehogprogram\" \/>\n<meta property=\"article:modified_time\" content=\"2026-03-22T19:23:35+00:00\" \/>\n<meta property=\"og:image\" content=\"https:\/\/hedgehogprogram.com\/wp-content\/uploads\/2025\/08\/african-pygmy-hedgehog.jpg\" \/>\n\t<meta property=\"og:image:width\" content=\"353\" \/>\n\t<meta property=\"og:image:height\" content=\"510\" \/>\n\t<meta property=\"og:image:type\" content=\"image\/jpeg\" \/>\n<meta name=\"twitter:card\" content=\"summary_large_image\" \/>\n<meta name=\"twitter:label1\" content=\"Gesch\u00e4tzte Lesezeit\" \/>\n\t<meta name=\"twitter:data1\" content=\"2\u00a0Minuten\" \/>\n<script type=\"application\/ld+json\" class=\"yoast-schema-graph\">{\"@context\":\"https:\\\/\\\/schema.org\",\"@graph\":[{\"@type\":\"WebPage\",\"@id\":\"https:\\\/\\\/vh2023vjmwd-0.hosting-space.nl\\\/de\\\/shop\\\/bucher\\\/ebook-african-pygmy-hedgehog\\\/\",\"url\":\"https:\\\/\\\/vh2023vjmwd-0.hosting-space.nl\\\/de\\\/shop\\\/bucher\\\/ebook-african-pygmy-hedgehog\\\/\",\"name\":\"Afrikanische Wei\u00dfbauchigel: Vollst\u00e4ndiger Pflege-, Biologie- und Haltungsleitfaden &#187; The Hedgehog Program\",\"isPartOf\":{\"@id\":\"https:\\\/\\\/www.hedgehogprogram.com\\\/de\\\/#website\"},\"primaryImageOfPage\":{\"@id\":\"https:\\\/\\\/vh2023vjmwd-0.hosting-space.nl\\\/de\\\/shop\\\/bucher\\\/ebook-african-pygmy-hedgehog\\\/#primaryimage\"},\"image\":{\"@id\":\"https:\\\/\\\/vh2023vjmwd-0.hosting-space.nl\\\/de\\\/shop\\\/bucher\\\/ebook-african-pygmy-hedgehog\\\/#primaryimage\"},\"thumbnailUrl\":\"https:\\\/\\\/vh2023vjmwd-0.hosting-space.nl\\\/wp-content\\\/uploads\\\/2025\\\/08\\\/african-pygmy-hedgehog.jpg\",\"datePublished\":\"2025-08-02T19:07:29+00:00\",\"dateModified\":\"2026-03-22T19:23:35+00:00\",\"description\":\"Vollst\u00e4ndiger Ratgeber zur Haltung von Afrikanische Weisbauchigeln: Unterbringung, Ern\u00e4hrung, Gesundheit und Verhalten. Ein 119-seitiges E-Book f\u00fcr Halter und Z\u00fcchter.\",\"breadcrumb\":{\"@id\":\"https:\\\/\\\/vh2023vjmwd-0.hosting-space.nl\\\/de\\\/shop\\\/bucher\\\/ebook-african-pygmy-hedgehog\\\/#breadcrumb\"},\"inLanguage\":\"de\",\"potentialAction\":[{\"@type\":\"ReadAction\",\"target\":[\"https:\\\/\\\/vh2023vjmwd-0.hosting-space.nl\\\/de\\\/shop\\\/bucher\\\/ebook-african-pygmy-hedgehog\\\/\"]}]},{\"@type\":\"ImageObject\",\"inLanguage\":\"de\",\"@id\":\"https:\\\/\\\/vh2023vjmwd-0.hosting-space.nl\\\/de\\\/shop\\\/bucher\\\/ebook-african-pygmy-hedgehog\\\/#primaryimage\",\"url\":\"https:\\\/\\\/vh2023vjmwd-0.hosting-space.nl\\\/wp-content\\\/uploads\\\/2025\\\/08\\\/african-pygmy-hedgehog.jpg\",\"contentUrl\":\"https:\\\/\\\/vh2023vjmwd-0.hosting-space.nl\\\/wp-content\\\/uploads\\\/2025\\\/08\\\/african-pygmy-hedgehog.jpg\",\"width\":353,\"height\":510},{\"@type\":\"BreadcrumbList\",\"@id\":\"https:\\\/\\\/vh2023vjmwd-0.hosting-space.nl\\\/de\\\/shop\\\/bucher\\\/ebook-african-pygmy-hedgehog\\\/#breadcrumb\",\"itemListElement\":[{\"@type\":\"ListItem\",\"position\":1,\"name\":\"Home\",\"item\":\"https:\\\/\\\/www.hedgehogprogram.com\\\/de\\\/\"},{\"@type\":\"ListItem\",\"position\":2,\"name\":\"Gesch\u00e4ft\",\"item\":\"https:\\\/\\\/hedgehogprogram.com\\\/de\\\/shop\\\/\"},{\"@type\":\"ListItem\",\"position\":3,\"name\":\"Afrikanische Wei\u00dfbauchigel: Vollst\u00e4ndiger Pflege-, Biologie- und Haltungsleitfaden\"}]},{\"@type\":\"WebSite\",\"@id\":\"https:\\\/\\\/www.hedgehogprogram.com\\\/de\\\/#website\",\"url\":\"https:\\\/\\\/www.hedgehogprogram.com\\\/de\\\/\",\"name\":\"The Hedgehog Program\",\"description\":\"The Hedgehog Program is an online platform of research and education about hedgehogs and tenrecs.\",\"publisher\":{\"@id\":\"https:\\\/\\\/www.hedgehogprogram.com\\\/de\\\/#organization\"},\"alternateName\":\"THP\",\"potentialAction\":[{\"@type\":\"SearchAction\",\"target\":{\"@type\":\"EntryPoint\",\"urlTemplate\":\"https:\\\/\\\/www.hedgehogprogram.com\\\/de\\\/?s={search_term_string}\"},\"query-input\":{\"@type\":\"PropertyValueSpecification\",\"valueRequired\":true,\"valueName\":\"search_term_string\"}}],\"inLanguage\":\"de\"},{\"@type\":\"Organization\",\"@id\":\"https:\\\/\\\/www.hedgehogprogram.com\\\/de\\\/#organization\",\"name\":\"The Hedgehog Program\",\"alternateName\":\"THP\",\"url\":\"https:\\\/\\\/www.hedgehogprogram.com\\\/de\\\/\",\"logo\":{\"@type\":\"ImageObject\",\"inLanguage\":\"de\",\"@id\":\"https:\\\/\\\/www.hedgehogprogram.com\\\/de\\\/#\\\/schema\\\/logo\\\/image\\\/\",\"url\":\"https:\\\/\\\/www.hedgehogprogram.com\\\/wp-content\\\/uploads\\\/2022\\\/11\\\/logo-klein.png\",\"contentUrl\":\"https:\\\/\\\/www.hedgehogprogram.com\\\/wp-content\\\/uploads\\\/2022\\\/11\\\/logo-klein.png\",\"width\":250,\"height\":125,\"caption\":\"The Hedgehog Program\"},\"image\":{\"@id\":\"https:\\\/\\\/www.hedgehogprogram.com\\\/de\\\/#\\\/schema\\\/logo\\\/image\\\/\"},\"sameAs\":[\"https:\\\/\\\/www.facebook.com\\\/hedgehogprogram\",\"https:\\\/\\\/www.linkedin.com\\\/company\\\/hedgehogprogram\\\/\",\"https:\\\/\\\/www.tiktok.com\\\/@hedgehogprogram\"]}]}<\/script>\n<!-- \/ Yoast SEO plugin. -->","yoast_head_json":{"title":"Afrikanische Wei\u00dfbauchigel: Vollst\u00e4ndiger Pflege-, Biologie- und Haltungsleitfaden &#187; The Hedgehog Program","description":"Vollst\u00e4ndiger Ratgeber zur Haltung von Afrikanische Weisbauchigeln: Unterbringung, Ern\u00e4hrung, Gesundheit und Verhalten. Ein 119-seitiges E-Book f\u00fcr Halter und Z\u00fcchter.","robots":{"index":"index","follow":"follow","max-snippet":"max-snippet:-1","max-image-preview":"max-image-preview:large","max-video-preview":"max-video-preview:-1"},"canonical":"https:\/\/vh2023vjmwd-0.hosting-space.nl\/de\/shop\/bucher\/ebook-african-pygmy-hedgehog\/","og_locale":"de_DE","og_type":"article","og_title":"Afrikanische Wei\u00dfbauchigel: Vollst\u00e4ndiger Pflege-, Biologie- und Haltungsleitfaden &#187; The Hedgehog Program","og_description":"Vollst\u00e4ndiger Ratgeber zur Haltung von Afrikanische Weisbauchigeln: Unterbringung, Ern\u00e4hrung, Gesundheit und Verhalten. Ein 119-seitiges E-Book f\u00fcr Halter und Z\u00fcchter.","og_url":"https:\/\/vh2023vjmwd-0.hosting-space.nl\/de\/shop\/bucher\/ebook-african-pygmy-hedgehog\/","og_site_name":"The Hedgehog Program","article_publisher":"https:\/\/www.facebook.com\/hedgehogprogram","article_modified_time":"2026-03-22T19:23:35+00:00","og_image":[{"width":353,"height":510,"url":"https:\/\/hedgehogprogram.com\/wp-content\/uploads\/2025\/08\/african-pygmy-hedgehog.jpg","type":"image\/jpeg"}],"twitter_card":"summary_large_image","twitter_misc":{"Gesch\u00e4tzte Lesezeit":"2\u00a0Minuten"},"schema":{"@context":"https:\/\/schema.org","@graph":[{"@type":"WebPage","@id":"https:\/\/vh2023vjmwd-0.hosting-space.nl\/de\/shop\/bucher\/ebook-african-pygmy-hedgehog\/","url":"https:\/\/vh2023vjmwd-0.hosting-space.nl\/de\/shop\/bucher\/ebook-african-pygmy-hedgehog\/","name":"Afrikanische Wei\u00dfbauchigel: Vollst\u00e4ndiger Pflege-, Biologie- und Haltungsleitfaden &#187; The Hedgehog Program","isPartOf":{"@id":"https:\/\/www.hedgehogprogram.com\/de\/#website"},"primaryImageOfPage":{"@id":"https:\/\/vh2023vjmwd-0.hosting-space.nl\/de\/shop\/bucher\/ebook-african-pygmy-hedgehog\/#primaryimage"},"image":{"@id":"https:\/\/vh2023vjmwd-0.hosting-space.nl\/de\/shop\/bucher\/ebook-african-pygmy-hedgehog\/#primaryimage"},"thumbnailUrl":"https:\/\/vh2023vjmwd-0.hosting-space.nl\/wp-content\/uploads\/2025\/08\/african-pygmy-hedgehog.jpg","datePublished":"2025-08-02T19:07:29+00:00","dateModified":"2026-03-22T19:23:35+00:00","description":"Vollst\u00e4ndiger Ratgeber zur Haltung von Afrikanische Weisbauchigeln: Unterbringung, Ern\u00e4hrung, Gesundheit und Verhalten. Ein 119-seitiges E-Book f\u00fcr Halter und Z\u00fcchter.","breadcrumb":{"@id":"https:\/\/vh2023vjmwd-0.hosting-space.nl\/de\/shop\/bucher\/ebook-african-pygmy-hedgehog\/#breadcrumb"},"inLanguage":"de","potentialAction":[{"@type":"ReadAction","target":["https:\/\/vh2023vjmwd-0.hosting-space.nl\/de\/shop\/bucher\/ebook-african-pygmy-hedgehog\/"]}]},{"@type":"ImageObject","inLanguage":"de","@id":"https:\/\/vh2023vjmwd-0.hosting-space.nl\/de\/shop\/bucher\/ebook-african-pygmy-hedgehog\/#primaryimage","url":"https:\/\/vh2023vjmwd-0.hosting-space.nl\/wp-content\/uploads\/2025\/08\/african-pygmy-hedgehog.jpg","contentUrl":"https:\/\/vh2023vjmwd-0.hosting-space.nl\/wp-content\/uploads\/2025\/08\/african-pygmy-hedgehog.jpg","width":353,"height":510},{"@type":"BreadcrumbList","@id":"https:\/\/vh2023vjmwd-0.hosting-space.nl\/de\/shop\/bucher\/ebook-african-pygmy-hedgehog\/#breadcrumb","itemListElement":[{"@type":"ListItem","position":1,"name":"Home","item":"https:\/\/www.hedgehogprogram.com\/de\/"},{"@type":"ListItem","position":2,"name":"Gesch\u00e4ft","item":"https:\/\/hedgehogprogram.com\/de\/shop\/"},{"@type":"ListItem","position":3,"name":"Afrikanische Wei\u00dfbauchigel: Vollst\u00e4ndiger Pflege-, Biologie- und Haltungsleitfaden"}]},{"@type":"WebSite","@id":"https:\/\/www.hedgehogprogram.com\/de\/#website","url":"https:\/\/www.hedgehogprogram.com\/de\/","name":"The Hedgehog Program","description":"The Hedgehog Program is an online platform of research and education about hedgehogs and tenrecs.","publisher":{"@id":"https:\/\/www.hedgehogprogram.com\/de\/#organization"},"alternateName":"THP","potentialAction":[{"@type":"SearchAction","target":{"@type":"EntryPoint","urlTemplate":"https:\/\/www.hedgehogprogram.com\/de\/?s={search_term_string}"},"query-input":{"@type":"PropertyValueSpecification","valueRequired":true,"valueName":"search_term_string"}}],"inLanguage":"de"},{"@type":"Organization","@id":"https:\/\/www.hedgehogprogram.com\/de\/#organization","name":"The Hedgehog Program","alternateName":"THP","url":"https:\/\/www.hedgehogprogram.com\/de\/","logo":{"@type":"ImageObject","inLanguage":"de","@id":"https:\/\/www.hedgehogprogram.com\/de\/#\/schema\/logo\/image\/","url":"https:\/\/www.hedgehogprogram.com\/wp-content\/uploads\/2022\/11\/logo-klein.png","contentUrl":"https:\/\/www.hedgehogprogram.com\/wp-content\/uploads\/2022\/11\/logo-klein.png","width":250,"height":125,"caption":"The Hedgehog Program"},"image":{"@id":"https:\/\/www.hedgehogprogram.com\/de\/#\/schema\/logo\/image\/"},"sameAs":["https:\/\/www.facebook.com\/hedgehogprogram","https:\/\/www.linkedin.com\/company\/hedgehogprogram\/","https:\/\/www.tiktok.com\/@hedgehogprogram"]}]}},"_links":{"self":[{"href":"https:\/\/vh2023vjmwd-0.hosting-space.nl\/de\/wp-json\/wp\/v2\/product\/25418","targetHints":{"allow":["GET"]}}],"collection":[{"href":"https:\/\/vh2023vjmwd-0.hosting-space.nl\/de\/wp-json\/wp\/v2\/product"}],"about":[{"href":"https:\/\/vh2023vjmwd-0.hosting-space.nl\/de\/wp-json\/wp\/v2\/types\/product"}],"wp:featuredmedia":[{"embeddable":true,"href":"https:\/\/vh2023vjmwd-0.hosting-space.nl\/de\/wp-json\/wp\/v2\/media\/20982"}],"wp:attachment":[{"href":"https:\/\/vh2023vjmwd-0.hosting-space.nl\/de\/wp-json\/wp\/v2\/media?parent=25418"}],"wp:term":[{"taxonomy":"product_brand","embeddable":true,"href":"https:\/\/vh2023vjmwd-0.hosting-space.nl\/de\/wp-json\/wp\/v2\/product_brand?post=25418"},{"taxonomy":"product_cat","embeddable":true,"href":"https:\/\/vh2023vjmwd-0.hosting-space.nl\/de\/wp-json\/wp\/v2\/product_cat?post=25418"},{"taxonomy":"product_tag","embeddable":true,"href":"https:\/\/vh2023vjmwd-0.hosting-space.nl\/de\/wp-json\/wp\/v2\/product_tag?post=25418"}],"curies":[{"name":"wp","href":"https:\/\/api.w.org\/{rel}","templated":true}]}}