{"id":25430,"date":"2025-08-02T21:02:08","date_gmt":"2025-08-02T19:02:08","guid":{"rendered":"https:\/\/hedgehogprogram.com\/shop\/unkategorisiert\/ebook-de-witbuikegel-als-huisdier\/"},"modified":"2026-03-22T16:33:14","modified_gmt":"2026-03-22T15:33:14","slug":"ebook-de-witbuikegel-als-huisdier","status":"publish","type":"product","link":"https:\/\/vh2023vjmwd-0.hosting-space.nl\/de\/shop\/bucher\/ebook-de-witbuikegel-als-huisdier\/","title":{"rendered":"Der Afrikanische Wei\u00dfbauchigel Igel als Haustier: Vollst\u00e4ndiger Pflegeratgeber"},"content":{"rendered":"<p>Der Afrikanische Wei\u00dfbauchigel Igel als Haustier: Complete Care Guide for African pygmy hedgehogs is an accessible and informative eBook designed specifically for beginners and hobby keepers who want to proper care for this unique and increasing popular exotic pet.<\/p>\n<p>Der Afrikanische Wei\u00dfbauchigel (Atelerix albiventris), im Niederl\u00e4ndischen als \u201eWitbuikegel\u201c bekannt, wird in den Niederlanden seit Anfang der 2000er-Jahre als Haustier gehalten und erfreut sich zunehmender Beliebtheit. Trotzdem sind verl\u00e4ssliche und leicht verst\u00e4ndliche Informationen, insbesondere im niederl\u00e4ndischen Kontext, nach wie vor rar. Dieses Buch soll diese L\u00fccke schlie\u00dfen.   <\/p>\n<p>Dieser Ratgeber vermittelt klares, praktisches Wissen auf leicht verst\u00e4ndlichem Niveau und ist daher ideal f\u00fcr Erstbesitzer. Komplexe Themen werden unkompliziert erkl\u00e4rt, sodass Leser auch ohne Vorkenntnisse ihren Igel sicher pflegen k\u00f6nnen. <\/p>\n<h4>Was Sie finden werden<\/h4>\n<p>In &#8222;Der Afrikanische Wei\u00dfbauchigel Igel als Haustier: Vollst\u00e4ndiger Pflegeratgeber&#8220; finden Sie:<\/p>\n<ul>\n<li>Eine klare Einf\u00fchrung in die Art und ihre Geschichte.<\/li>\n<li>Praktische Hinweise zu Unterkunft, Einrichtung und t\u00e4glicher Pflege.<\/li>\n<li>Leicht verst\u00e4ndliche Informationen zu F\u00fctterung, Ern\u00e4hrung und geeigneten Zwischenmahlzeiten.<\/li>\n<li>Einblicke in grundlegende Gesundheit, Verhalten und Wohlbefinden.<\/li>\n<li>Eine Einf\u00fchrung in die Zucht und Fortpflanzung.<\/li>\n<li>Visuelle Unterst\u00fctzung durch Fotos und praktische Beispiele.<\/li>\n<\/ul>\n<p>Dieses Buch ist informativ und leicht verst\u00e4ndlich und hilft neuen Besitzern, h\u00e4ufige Fehler zu vermeiden und von Anfang an die richtige Pflege zu gew\u00e4hrleisten.<\/p>\n<p>Es wird im herunterladbaren .epub-Format geliefert und eignet sich daher perfekt zum schnellen Nachschlagen und f\u00fcr den t\u00e4glichen Gebrauch.<\/p>\n<p>Wenn Sie eine klare, anf\u00e4ngerfreundliche Anleitung zur Haltung von Afrikanischen Zwergigeln als Haustiere suchen, bietet Ihnen dieses Buch genau das, was Sie f\u00fcr einen sicheren Einstieg ben\u00f6tigen.<\/p>\n","protected":false},"excerpt":{"rendered":"<p>Der Afrikanische Wei\u00dfbauchigel Igel als Haustier: Complete Care Guide for African pygmy hedgehogs is an accessible and informative eBook designed specifically for beginners and hobby keepers who want to proper care for this unique and increasing popular exotic pet.<\/p>\n<p>Der Afrikanische Wei\u00dfbauchigel (Atelerix albiventris), im Niederl\u00e4ndischen als \u201eWitbuikegel\u201c bekannt, wird in den Niederlanden seit Anfang der 2000er-Jahre als Haustier gehalten und erfreut sich zunehmender Beliebtheit. Trotzdem sind verl\u00e4ssliche und leicht verst\u00e4ndliche Informationen, insbesondere im niederl\u00e4ndischen Kontext, nach wie vor rar. Dieses Buch soll diese L\u00fccke schlie\u00dfen.   <\/p>\n","protected":false},"featured_media":20976,"template":"","meta":{"_monsterinsights_skip_tracking":false,"_monsterinsights_sitenote_active":false,"_monsterinsights_sitenote_note":"","_monsterinsights_sitenote_category":0,"site-sidebar-layout":"default","site-content-layout":"","ast-site-content-layout":"default","site-content-style":"default","site-sidebar-style":"default","ast-global-header-display":"","ast-banner-title-visibility":"","ast-main-header-display":"","ast-hfb-above-header-display":"","ast-hfb-below-header-display":"","ast-hfb-mobile-header-display":"","site-post-title":"","ast-breadcrumbs-content":"","ast-featured-img":"","footer-sml-layout":"","ast-disable-related-posts":"","theme-transparent-header-meta":"default","adv-header-id-meta":"","stick-header-meta":"","header-above-stick-meta":"","header-main-stick-meta":"","header-below-stick-meta":"","astra-migrate-meta-layouts":"default","ast-page-background-enabled":"default","ast-page-background-meta":{"desktop":{"background-color":"var(--ast-global-color-4)","background-image":"","background-repeat":"repeat","background-position":"center center","background-size":"auto","background-attachment":"scroll","background-type":"","background-media":"","overlay-type":"","overlay-color":"","overlay-opacity":"","overlay-gradient":""},"tablet":{"background-color":"","background-image":"","background-repeat":"repeat","background-position":"center center","background-size":"auto","background-attachment":"scroll","background-type":"","background-media":"","overlay-type":"","overlay-color":"","overlay-opacity":"","overlay-gradient":""},"mobile":{"background-color":"","background-image":"","background-repeat":"repeat","background-position":"center center","background-size":"auto","background-attachment":"scroll","background-type":"","background-media":"","overlay-type":"","overlay-color":"","overlay-opacity":"","overlay-gradient":""}},"ast-content-background-meta":{"desktop":{"background-color":"var(--ast-global-color-5)","background-image":"","background-repeat":"repeat","background-position":"center center","background-size":"auto","background-attachment":"scroll","background-type":"","background-media":"","overlay-type":"","overlay-color":"","overlay-opacity":"","overlay-gradient":""},"tablet":{"background-color":"var(--ast-global-color-5)","background-image":"","background-repeat":"repeat","background-position":"center center","background-size":"auto","background-attachment":"scroll","background-type":"","background-media":"","overlay-type":"","overlay-color":"","overlay-opacity":"","overlay-gradient":""},"mobile":{"background-color":"var(--ast-global-color-5)","background-image":"","background-repeat":"repeat","background-position":"center center","background-size":"auto","background-attachment":"scroll","background-type":"","background-media":"","overlay-type":"","overlay-color":"","overlay-opacity":"","overlay-gradient":""}}},"product_brand":[],"product_cat":[628],"product_tag":[],"class_list":{"0":"post-25430","1":"product","2":"type-product","3":"status-publish","4":"has-post-thumbnail","6":"product_cat-bucher","7":"desktop-align-left","8":"tablet-align-left","9":"mobile-align-left","11":"first","12":"instock","13":"downloadable","14":"virtual","15":"sold-individually","16":"taxable","17":"purchasable","18":"product-type-simple"},"yoast_head":"<!-- This site is optimized with the Yoast SEO plugin v27.3 - https:\/\/yoast.com\/product\/yoast-seo-wordpress\/ -->\n<title>Der Afrikanische Wei\u00dfbauchigel Igel als Haustier: Vollst\u00e4ndiger Pflegeratgeber &#187; The Hedgehog Program<\/title>\n<meta name=\"description\" content=\"Anf\u00e4ngerfreundlicher Ratgeber zur Haltung von Afrikanischen Zwergigeln. Erfahren Sie mehr \u00fcber Unterbringung, F\u00fctterung und grundlegende Pflege von Haustierigeln. Niederl\u00e4ndisches E-Book im epub-Format zum Download.\" \/>\n<meta name=\"robots\" content=\"index, follow, max-snippet:-1, max-image-preview:large, max-video-preview:-1\" \/>\n<link rel=\"canonical\" href=\"https:\/\/vh2023vjmwd-0.hosting-space.nl\/de\/shop\/bucher\/ebook-de-witbuikegel-als-huisdier\/\" \/>\n<meta property=\"og:locale\" content=\"de_DE\" \/>\n<meta property=\"og:type\" content=\"article\" \/>\n<meta property=\"og:title\" content=\"Der Afrikanische Wei\u00dfbauchigel Igel als Haustier: Vollst\u00e4ndiger Pflegeratgeber &#187; The Hedgehog Program\" \/>\n<meta property=\"og:description\" content=\"Anf\u00e4ngerfreundlicher Ratgeber zur Haltung von Afrikanischen Zwergigeln. Erfahren Sie mehr \u00fcber Unterbringung, F\u00fctterung und grundlegende Pflege von Haustierigeln. Niederl\u00e4ndisches E-Book im epub-Format zum Download.\" \/>\n<meta property=\"og:url\" content=\"https:\/\/vh2023vjmwd-0.hosting-space.nl\/de\/shop\/bucher\/ebook-de-witbuikegel-als-huisdier\/\" \/>\n<meta property=\"og:site_name\" content=\"The Hedgehog Program\" \/>\n<meta property=\"article:publisher\" content=\"https:\/\/www.facebook.com\/hedgehogprogram\" \/>\n<meta property=\"article:modified_time\" content=\"2026-03-22T15:33:14+00:00\" \/>\n<meta property=\"og:image\" content=\"https:\/\/hedgehogprogram.com\/wp-content\/uploads\/2025\/08\/de-witbuikegel-als-huisdier-1.jpg\" \/>\n\t<meta property=\"og:image:width\" content=\"353\" \/>\n\t<meta property=\"og:image:height\" content=\"506\" \/>\n\t<meta property=\"og:image:type\" content=\"image\/jpeg\" \/>\n<meta name=\"twitter:card\" content=\"summary_large_image\" \/>\n<meta name=\"twitter:label1\" content=\"Gesch\u00e4tzte Lesezeit\" \/>\n\t<meta name=\"twitter:data1\" content=\"1\u00a0Minute\" \/>\n<script type=\"application\/ld+json\" class=\"yoast-schema-graph\">{\"@context\":\"https:\\\/\\\/schema.org\",\"@graph\":[{\"@type\":\"WebPage\",\"@id\":\"https:\\\/\\\/vh2023vjmwd-0.hosting-space.nl\\\/de\\\/shop\\\/bucher\\\/ebook-de-witbuikegel-als-huisdier\\\/\",\"url\":\"https:\\\/\\\/vh2023vjmwd-0.hosting-space.nl\\\/de\\\/shop\\\/bucher\\\/ebook-de-witbuikegel-als-huisdier\\\/\",\"name\":\"Der Afrikanische Wei\u00dfbauchigel Igel als Haustier: Vollst\u00e4ndiger Pflegeratgeber &#187; The Hedgehog Program\",\"isPartOf\":{\"@id\":\"https:\\\/\\\/www.hedgehogprogram.com\\\/de\\\/#website\"},\"primaryImageOfPage\":{\"@id\":\"https:\\\/\\\/vh2023vjmwd-0.hosting-space.nl\\\/de\\\/shop\\\/bucher\\\/ebook-de-witbuikegel-als-huisdier\\\/#primaryimage\"},\"image\":{\"@id\":\"https:\\\/\\\/vh2023vjmwd-0.hosting-space.nl\\\/de\\\/shop\\\/bucher\\\/ebook-de-witbuikegel-als-huisdier\\\/#primaryimage\"},\"thumbnailUrl\":\"https:\\\/\\\/vh2023vjmwd-0.hosting-space.nl\\\/wp-content\\\/uploads\\\/2025\\\/08\\\/de-witbuikegel-als-huisdier-1.jpg\",\"datePublished\":\"2025-08-02T19:02:08+00:00\",\"dateModified\":\"2026-03-22T15:33:14+00:00\",\"description\":\"Anf\u00e4ngerfreundlicher Ratgeber zur Haltung von Afrikanischen Zwergigeln. Erfahren Sie mehr \u00fcber Unterbringung, F\u00fctterung und grundlegende Pflege von Haustierigeln. Niederl\u00e4ndisches E-Book im epub-Format zum Download.\",\"breadcrumb\":{\"@id\":\"https:\\\/\\\/vh2023vjmwd-0.hosting-space.nl\\\/de\\\/shop\\\/bucher\\\/ebook-de-witbuikegel-als-huisdier\\\/#breadcrumb\"},\"inLanguage\":\"de\",\"potentialAction\":[{\"@type\":\"ReadAction\",\"target\":[\"https:\\\/\\\/vh2023vjmwd-0.hosting-space.nl\\\/de\\\/shop\\\/bucher\\\/ebook-de-witbuikegel-als-huisdier\\\/\"]}]},{\"@type\":\"ImageObject\",\"inLanguage\":\"de\",\"@id\":\"https:\\\/\\\/vh2023vjmwd-0.hosting-space.nl\\\/de\\\/shop\\\/bucher\\\/ebook-de-witbuikegel-als-huisdier\\\/#primaryimage\",\"url\":\"https:\\\/\\\/vh2023vjmwd-0.hosting-space.nl\\\/wp-content\\\/uploads\\\/2025\\\/08\\\/de-witbuikegel-als-huisdier-1.jpg\",\"contentUrl\":\"https:\\\/\\\/vh2023vjmwd-0.hosting-space.nl\\\/wp-content\\\/uploads\\\/2025\\\/08\\\/de-witbuikegel-als-huisdier-1.jpg\",\"width\":353,\"height\":506},{\"@type\":\"BreadcrumbList\",\"@id\":\"https:\\\/\\\/vh2023vjmwd-0.hosting-space.nl\\\/de\\\/shop\\\/bucher\\\/ebook-de-witbuikegel-als-huisdier\\\/#breadcrumb\",\"itemListElement\":[{\"@type\":\"ListItem\",\"position\":1,\"name\":\"Home\",\"item\":\"https:\\\/\\\/www.hedgehogprogram.com\\\/de\\\/\"},{\"@type\":\"ListItem\",\"position\":2,\"name\":\"Gesch\u00e4ft\",\"item\":\"https:\\\/\\\/hedgehogprogram.com\\\/de\\\/shop\\\/\"},{\"@type\":\"ListItem\",\"position\":3,\"name\":\"Der Afrikanische Wei\u00dfbauchigel Igel als Haustier: Vollst\u00e4ndiger Pflegeratgeber\"}]},{\"@type\":\"WebSite\",\"@id\":\"https:\\\/\\\/www.hedgehogprogram.com\\\/de\\\/#website\",\"url\":\"https:\\\/\\\/www.hedgehogprogram.com\\\/de\\\/\",\"name\":\"The Hedgehog Program\",\"description\":\"The Hedgehog Program is an online platform of research and education about hedgehogs and tenrecs.\",\"publisher\":{\"@id\":\"https:\\\/\\\/www.hedgehogprogram.com\\\/de\\\/#organization\"},\"alternateName\":\"THP\",\"potentialAction\":[{\"@type\":\"SearchAction\",\"target\":{\"@type\":\"EntryPoint\",\"urlTemplate\":\"https:\\\/\\\/www.hedgehogprogram.com\\\/de\\\/?s={search_term_string}\"},\"query-input\":{\"@type\":\"PropertyValueSpecification\",\"valueRequired\":true,\"valueName\":\"search_term_string\"}}],\"inLanguage\":\"de\"},{\"@type\":\"Organization\",\"@id\":\"https:\\\/\\\/www.hedgehogprogram.com\\\/de\\\/#organization\",\"name\":\"The Hedgehog Program\",\"alternateName\":\"THP\",\"url\":\"https:\\\/\\\/www.hedgehogprogram.com\\\/de\\\/\",\"logo\":{\"@type\":\"ImageObject\",\"inLanguage\":\"de\",\"@id\":\"https:\\\/\\\/www.hedgehogprogram.com\\\/de\\\/#\\\/schema\\\/logo\\\/image\\\/\",\"url\":\"https:\\\/\\\/www.hedgehogprogram.com\\\/wp-content\\\/uploads\\\/2022\\\/11\\\/logo-klein.png\",\"contentUrl\":\"https:\\\/\\\/www.hedgehogprogram.com\\\/wp-content\\\/uploads\\\/2022\\\/11\\\/logo-klein.png\",\"width\":250,\"height\":125,\"caption\":\"The Hedgehog Program\"},\"image\":{\"@id\":\"https:\\\/\\\/www.hedgehogprogram.com\\\/de\\\/#\\\/schema\\\/logo\\\/image\\\/\"},\"sameAs\":[\"https:\\\/\\\/www.facebook.com\\\/hedgehogprogram\",\"https:\\\/\\\/www.linkedin.com\\\/company\\\/hedgehogprogram\\\/\",\"https:\\\/\\\/www.tiktok.com\\\/@hedgehogprogram\"]}]}<\/script>\n<!-- \/ Yoast SEO plugin. -->","yoast_head_json":{"title":"Der Afrikanische Wei\u00dfbauchigel Igel als Haustier: Vollst\u00e4ndiger Pflegeratgeber &#187; The Hedgehog Program","description":"Anf\u00e4ngerfreundlicher Ratgeber zur Haltung von Afrikanischen Zwergigeln. Erfahren Sie mehr \u00fcber Unterbringung, F\u00fctterung und grundlegende Pflege von Haustierigeln. Niederl\u00e4ndisches E-Book im epub-Format zum Download.","robots":{"index":"index","follow":"follow","max-snippet":"max-snippet:-1","max-image-preview":"max-image-preview:large","max-video-preview":"max-video-preview:-1"},"canonical":"https:\/\/vh2023vjmwd-0.hosting-space.nl\/de\/shop\/bucher\/ebook-de-witbuikegel-als-huisdier\/","og_locale":"de_DE","og_type":"article","og_title":"Der Afrikanische Wei\u00dfbauchigel Igel als Haustier: Vollst\u00e4ndiger Pflegeratgeber &#187; The Hedgehog Program","og_description":"Anf\u00e4ngerfreundlicher Ratgeber zur Haltung von Afrikanischen Zwergigeln. Erfahren Sie mehr \u00fcber Unterbringung, F\u00fctterung und grundlegende Pflege von Haustierigeln. Niederl\u00e4ndisches E-Book im epub-Format zum Download.","og_url":"https:\/\/vh2023vjmwd-0.hosting-space.nl\/de\/shop\/bucher\/ebook-de-witbuikegel-als-huisdier\/","og_site_name":"The Hedgehog Program","article_publisher":"https:\/\/www.facebook.com\/hedgehogprogram","article_modified_time":"2026-03-22T15:33:14+00:00","og_image":[{"width":353,"height":506,"url":"https:\/\/hedgehogprogram.com\/wp-content\/uploads\/2025\/08\/de-witbuikegel-als-huisdier-1.jpg","type":"image\/jpeg"}],"twitter_card":"summary_large_image","twitter_misc":{"Gesch\u00e4tzte Lesezeit":"1\u00a0Minute"},"schema":{"@context":"https:\/\/schema.org","@graph":[{"@type":"WebPage","@id":"https:\/\/vh2023vjmwd-0.hosting-space.nl\/de\/shop\/bucher\/ebook-de-witbuikegel-als-huisdier\/","url":"https:\/\/vh2023vjmwd-0.hosting-space.nl\/de\/shop\/bucher\/ebook-de-witbuikegel-als-huisdier\/","name":"Der Afrikanische Wei\u00dfbauchigel Igel als Haustier: Vollst\u00e4ndiger Pflegeratgeber &#187; The Hedgehog Program","isPartOf":{"@id":"https:\/\/www.hedgehogprogram.com\/de\/#website"},"primaryImageOfPage":{"@id":"https:\/\/vh2023vjmwd-0.hosting-space.nl\/de\/shop\/bucher\/ebook-de-witbuikegel-als-huisdier\/#primaryimage"},"image":{"@id":"https:\/\/vh2023vjmwd-0.hosting-space.nl\/de\/shop\/bucher\/ebook-de-witbuikegel-als-huisdier\/#primaryimage"},"thumbnailUrl":"https:\/\/vh2023vjmwd-0.hosting-space.nl\/wp-content\/uploads\/2025\/08\/de-witbuikegel-als-huisdier-1.jpg","datePublished":"2025-08-02T19:02:08+00:00","dateModified":"2026-03-22T15:33:14+00:00","description":"Anf\u00e4ngerfreundlicher Ratgeber zur Haltung von Afrikanischen Zwergigeln. Erfahren Sie mehr \u00fcber Unterbringung, F\u00fctterung und grundlegende Pflege von Haustierigeln. Niederl\u00e4ndisches E-Book im epub-Format zum Download.","breadcrumb":{"@id":"https:\/\/vh2023vjmwd-0.hosting-space.nl\/de\/shop\/bucher\/ebook-de-witbuikegel-als-huisdier\/#breadcrumb"},"inLanguage":"de","potentialAction":[{"@type":"ReadAction","target":["https:\/\/vh2023vjmwd-0.hosting-space.nl\/de\/shop\/bucher\/ebook-de-witbuikegel-als-huisdier\/"]}]},{"@type":"ImageObject","inLanguage":"de","@id":"https:\/\/vh2023vjmwd-0.hosting-space.nl\/de\/shop\/bucher\/ebook-de-witbuikegel-als-huisdier\/#primaryimage","url":"https:\/\/vh2023vjmwd-0.hosting-space.nl\/wp-content\/uploads\/2025\/08\/de-witbuikegel-als-huisdier-1.jpg","contentUrl":"https:\/\/vh2023vjmwd-0.hosting-space.nl\/wp-content\/uploads\/2025\/08\/de-witbuikegel-als-huisdier-1.jpg","width":353,"height":506},{"@type":"BreadcrumbList","@id":"https:\/\/vh2023vjmwd-0.hosting-space.nl\/de\/shop\/bucher\/ebook-de-witbuikegel-als-huisdier\/#breadcrumb","itemListElement":[{"@type":"ListItem","position":1,"name":"Home","item":"https:\/\/www.hedgehogprogram.com\/de\/"},{"@type":"ListItem","position":2,"name":"Gesch\u00e4ft","item":"https:\/\/hedgehogprogram.com\/de\/shop\/"},{"@type":"ListItem","position":3,"name":"Der Afrikanische Wei\u00dfbauchigel Igel als Haustier: Vollst\u00e4ndiger Pflegeratgeber"}]},{"@type":"WebSite","@id":"https:\/\/www.hedgehogprogram.com\/de\/#website","url":"https:\/\/www.hedgehogprogram.com\/de\/","name":"The Hedgehog Program","description":"The Hedgehog Program is an online platform of research and education about hedgehogs and tenrecs.","publisher":{"@id":"https:\/\/www.hedgehogprogram.com\/de\/#organization"},"alternateName":"THP","potentialAction":[{"@type":"SearchAction","target":{"@type":"EntryPoint","urlTemplate":"https:\/\/www.hedgehogprogram.com\/de\/?s={search_term_string}"},"query-input":{"@type":"PropertyValueSpecification","valueRequired":true,"valueName":"search_term_string"}}],"inLanguage":"de"},{"@type":"Organization","@id":"https:\/\/www.hedgehogprogram.com\/de\/#organization","name":"The Hedgehog Program","alternateName":"THP","url":"https:\/\/www.hedgehogprogram.com\/de\/","logo":{"@type":"ImageObject","inLanguage":"de","@id":"https:\/\/www.hedgehogprogram.com\/de\/#\/schema\/logo\/image\/","url":"https:\/\/www.hedgehogprogram.com\/wp-content\/uploads\/2022\/11\/logo-klein.png","contentUrl":"https:\/\/www.hedgehogprogram.com\/wp-content\/uploads\/2022\/11\/logo-klein.png","width":250,"height":125,"caption":"The Hedgehog Program"},"image":{"@id":"https:\/\/www.hedgehogprogram.com\/de\/#\/schema\/logo\/image\/"},"sameAs":["https:\/\/www.facebook.com\/hedgehogprogram","https:\/\/www.linkedin.com\/company\/hedgehogprogram\/","https:\/\/www.tiktok.com\/@hedgehogprogram"]}]}},"_links":{"self":[{"href":"https:\/\/vh2023vjmwd-0.hosting-space.nl\/de\/wp-json\/wp\/v2\/product\/25430","targetHints":{"allow":["GET"]}}],"collection":[{"href":"https:\/\/vh2023vjmwd-0.hosting-space.nl\/de\/wp-json\/wp\/v2\/product"}],"about":[{"href":"https:\/\/vh2023vjmwd-0.hosting-space.nl\/de\/wp-json\/wp\/v2\/types\/product"}],"wp:featuredmedia":[{"embeddable":true,"href":"https:\/\/vh2023vjmwd-0.hosting-space.nl\/de\/wp-json\/wp\/v2\/media\/20976"}],"wp:attachment":[{"href":"https:\/\/vh2023vjmwd-0.hosting-space.nl\/de\/wp-json\/wp\/v2\/media?parent=25430"}],"wp:term":[{"taxonomy":"product_brand","embeddable":true,"href":"https:\/\/vh2023vjmwd-0.hosting-space.nl\/de\/wp-json\/wp\/v2\/product_brand?post=25430"},{"taxonomy":"product_cat","embeddable":true,"href":"https:\/\/vh2023vjmwd-0.hosting-space.nl\/de\/wp-json\/wp\/v2\/product_cat?post=25430"},{"taxonomy":"product_tag","embeddable":true,"href":"https:\/\/vh2023vjmwd-0.hosting-space.nl\/de\/wp-json\/wp\/v2\/product_tag?post=25430"}],"curies":[{"name":"wp","href":"https:\/\/api.w.org\/{rel}","templated":true}]}}