{"id":23905,"date":"2015-11-18T08:34:00","date_gmt":"2015-11-18T07:34:00","guid":{"rendered":"https:\/\/hedgehogprogram.com\/page-daccueil\/a-propos-de-nous\/"},"modified":"2025-11-06T23:31:58","modified_gmt":"2025-11-06T22:31:58","slug":"a-propos-de-nous","status":"publish","type":"page","link":"https:\/\/vh2023vjmwd-0.hosting-space.nl\/fr\/page-daccueil\/a-propos-de-nous\/","title":{"rendered":"\u00c0 propos de nous"},"content":{"rendered":"\n<h2 class=\"wp-block-heading\">\u00c0 propos de nous<\/h2>\n\n<div class=\"wp-block-cover alignfull has-white-color has-text-color has-link-color wp-elements-21869812d8a6623df5c45a8a60420292\"><img loading=\"lazy\" decoding=\"async\" width=\"1049\" height=\"1300\" class=\"wp-block-cover__image-background wp-image-20174 size-full\" alt=\"close up of a hedgehog in natural habitat\" src=\"https:\/\/hedgehogprogram.com\/wp-content\/uploads\/2015\/11\/pexels-photo-28556116.jpeg\" style=\"object-position:61% 60%\" data-object-fit=\"cover\" data-object-position=\"61% 60%\" srcset=\"https:\/\/vh2023vjmwd-0.hosting-space.nl\/wp-content\/uploads\/2015\/11\/pexels-photo-28556116.jpeg 1049w, https:\/\/vh2023vjmwd-0.hosting-space.nl\/wp-content\/uploads\/2015\/11\/pexels-photo-28556116-826x1024.jpeg 826w, https:\/\/vh2023vjmwd-0.hosting-space.nl\/wp-content\/uploads\/2015\/11\/pexels-photo-28556116-768x952.jpeg 768w\" sizes=\"auto, (max-width: 1049px) 100vw, 1049px\" \/><span aria-hidden=\"true\" class=\"wp-block-cover__background has-background-dim-60 has-background-dim\" style=\"background-color:#334155\"><\/span><div class=\"wp-block-cover__inner-container is-layout-constrained wp-block-cover-is-layout-constrained\">\n<div class=\"wp-block-group is-layout-constrained wp-block-group-is-layout-constrained\">\n<p class=\"has-text-align-center\">Au sein The Hedgehog Program, nous sommes convaincus que le changement significatif passe par la sensibilisation, le savoir et l&rsquo;engagement communautaire. Anim\u00e9s par la compassion et guid\u00e9s par la science, nous \u0153uvrons \u00e0 la protection des h\u00e9rissons et de leurs habitats, tout en incitant les personnes de tous \u00e2ges \u00e0 renouer avec la nature. <\/p>\n\n\n\n<p class=\"has-text-align-center\">D\u00e9couvrez l&rsquo;essence m\u00eame de notre mission, notre vision de l&rsquo;avenir et l&rsquo;histoire qui nous a men\u00e9s jusqu&rsquo;ici.<\/p>\n<\/div>\n<\/div><\/div>\n\n<hr class=\"wp-block-separator alignfull has-text-color has-ast-global-color-0-color has-alpha-channel-opacity has-ast-global-color-0-background-color has-background is-style-wide\" style=\"margin-top:0;margin-bottom:0\"\/>\n\n<div class=\"wp-block-group alignfull has-white-background-color has-background is-layout-constrained wp-block-group-is-layout-constrained\">\n<div style=\"height:20px\" aria-hidden=\"true\" class=\"wp-block-spacer\"><\/div>\n\n\n\n<div class=\"wp-block-columns is-layout-flex wp-container-core-columns-is-layout-28f84493 wp-block-columns-is-layout-flex\">\n<div class=\"wp-block-column is-layout-flow wp-block-column-is-layout-flow\">\n<figure class=\"wp-block-image alignleft size-large\"><img loading=\"lazy\" decoding=\"async\" width=\"1024\" height=\"684\" src=\"https:\/\/hedgehogprogram.com\/wp-content\/uploads\/2024\/03\/cytonn-photography-vWchRczcQwM-unsplash-1024x684.jpg\" alt=\"\" class=\"wp-image-19321\" style=\"aspect-ratio:4\/3;object-fit:cover\" srcset=\"https:\/\/vh2023vjmwd-0.hosting-space.nl\/wp-content\/uploads\/2024\/03\/cytonn-photography-vWchRczcQwM-unsplash-1024x684.jpg 1024w, https:\/\/vh2023vjmwd-0.hosting-space.nl\/wp-content\/uploads\/2024\/03\/cytonn-photography-vWchRczcQwM-unsplash-768x513.jpg 768w, https:\/\/vh2023vjmwd-0.hosting-space.nl\/wp-content\/uploads\/2024\/03\/cytonn-photography-vWchRczcQwM-unsplash-1536x1025.jpg 1536w, https:\/\/vh2023vjmwd-0.hosting-space.nl\/wp-content\/uploads\/2024\/03\/cytonn-photography-vWchRczcQwM-unsplash-2048x1367.jpg 2048w, https:\/\/vh2023vjmwd-0.hosting-space.nl\/wp-content\/uploads\/2024\/03\/cytonn-photography-vWchRczcQwM-unsplash-scaled-600x401.jpg 600w\" sizes=\"auto, (max-width: 1024px) 100vw, 1024px\" \/><\/figure>\n\n\n\n<div style=\"height:10px\" aria-hidden=\"true\" class=\"wp-block-spacer\"><\/div>\n\n\n\n<h4 class=\"wp-block-heading has-text-align-left\">Mission et vision<\/h4>\n\n\n\n<p class=\"has-text-align-left\">Notre mission est de prot\u00e9ger les h\u00e9rissons par l&rsquo;\u00e9ducation, la recherche et la restauration de leur habitat. Notre vision est un avenir o\u00f9 les h\u00e9rissons vivent en harmonie avec les humains, en ville, \u00e0 la campagne et partout ailleurs.  <\/p>\n\n\n\n<div class=\"wp-block-buttons is-content-justification-left is-layout-flex wp-container-core-buttons-is-layout-fc4fd283 wp-block-buttons-is-layout-flex\">\n<div class=\"wp-block-button\"><a class=\"wp-block-button__link wp-element-button\" href=\"https:\/\/hedgehogprogram.com\/home\/about-us\/mission-vision\/\">D\u00e9couvrez notre mission<\/a><\/div>\n<\/div>\n<\/div>\n\n\n\n<div class=\"wp-block-column is-layout-flow wp-block-column-is-layout-flow\">\n<figure class=\"wp-block-image alignleft size-large\"><img loading=\"lazy\" decoding=\"async\" width=\"1024\" height=\"639\" src=\"https:\/\/hedgehogprogram.com\/wp-content\/uploads\/2022\/11\/HC-1024x639.jpg\" alt=\"\" class=\"wp-image-14164\" style=\"aspect-ratio:4\/3;object-fit:cover\" srcset=\"https:\/\/vh2023vjmwd-0.hosting-space.nl\/wp-content\/uploads\/2022\/11\/HC-1024x639.jpg 1024w, https:\/\/vh2023vjmwd-0.hosting-space.nl\/wp-content\/uploads\/2022\/11\/HC-768x479.jpg 768w, https:\/\/vh2023vjmwd-0.hosting-space.nl\/wp-content\/uploads\/2022\/11\/HC-600x375.jpg 600w, https:\/\/vh2023vjmwd-0.hosting-space.nl\/wp-content\/uploads\/2022\/11\/HC.jpg 1280w\" sizes=\"auto, (max-width: 1024px) 100vw, 1024px\" \/><\/figure>\n\n\n\n<div style=\"height:10px\" aria-hidden=\"true\" class=\"wp-block-spacer\"><\/div>\n\n\n\n<h4 class=\"wp-block-heading has-text-align-left\">Notre histoire<\/h4>\n\n\n\n<p class=\"has-text-align-left\">D&rsquo;une simple id\u00e9e \u00e0 un mouvement en pleine expansion. D\u00e9couvrez comment The Hedgehog Program a vu le jour et rencontrez les personnes, les h\u00e9rissons et les moments qui ont fa\u00e7onn\u00e9 notre parcours dans le domaine de l&rsquo;\u00e9ducation et de la recherche sur les h\u00e9rissons. <\/p>\n\n\n\n<div class=\"wp-block-buttons is-content-justification-left is-layout-flex wp-container-core-buttons-is-layout-fc4fd283 wp-block-buttons-is-layout-flex\">\n<div class=\"wp-block-button\"><a class=\"wp-block-button__link wp-element-button\" href=\"https:\/\/hedgehogprogram.com\/home\/about-us\/our-story\/\">D\u00e9couvrez notre parcours<\/a><\/div>\n<\/div>\n<\/div>\n<\/div>\n<\/div>\n\n<hr class=\"wp-block-separator alignfull has-text-color has-ast-global-color-0-color has-alpha-channel-opacity has-ast-global-color-0-background-color has-background is-style-wide\" style=\"margin-top:0;margin-bottom:0\"\/>\n\n<p><\/p>\n","protected":false},"excerpt":{"rendered":"<p>\u00c0 propos de nous Mission et vision Notre mission est de prot\u00e9ger les h\u00e9rissons par l&rsquo;\u00e9ducation, la recherche et la restauration de leur habitat. Notre vision est un avenir o\u00f9 les h\u00e9rissons vivent en harmonie avec les humains, en ville, \u00e0 la campagne et partout ailleurs. Notre histoire D&rsquo;une simple id\u00e9e \u00e0 un mouvement en [&hellip;]<\/p>\n","protected":false},"author":1,"featured_media":0,"parent":23899,"menu_order":0,"comment_status":"closed","ping_status":"closed","template":"","meta":{"_monsterinsights_skip_tracking":false,"_monsterinsights_sitenote_active":false,"_monsterinsights_sitenote_note":"","_monsterinsights_sitenote_category":0,"site-sidebar-layout":"default","site-content-layout":"","ast-site-content-layout":"default","site-content-style":"default","site-sidebar-style":"default","ast-global-header-display":"","ast-banner-title-visibility":"","ast-main-header-display":"","ast-hfb-above-header-display":"","ast-hfb-below-header-display":"","ast-hfb-mobile-header-display":"","site-post-title":"","ast-breadcrumbs-content":"","ast-featured-img":"","footer-sml-layout":"","ast-disable-related-posts":"","theme-transparent-header-meta":"","adv-header-id-meta":"","stick-header-meta":"","header-above-stick-meta":"","header-main-stick-meta":"","header-below-stick-meta":"","astra-migrate-meta-layouts":"default","ast-page-background-enabled":"default","ast-page-background-meta":{"desktop":{"background-color":"var(--ast-global-color-4)","background-image":"","background-repeat":"repeat","background-position":"center center","background-size":"auto","background-attachment":"scroll","background-type":"","background-media":"","overlay-type":"","overlay-color":"","overlay-opacity":"","overlay-gradient":""},"tablet":{"background-color":"","background-image":"","background-repeat":"repeat","background-position":"center center","background-size":"auto","background-attachment":"scroll","background-type":"","background-media":"","overlay-type":"","overlay-color":"","overlay-opacity":"","overlay-gradient":""},"mobile":{"background-color":"","background-image":"","background-repeat":"repeat","background-position":"center center","background-size":"auto","background-attachment":"scroll","background-type":"","background-media":"","overlay-type":"","overlay-color":"","overlay-opacity":"","overlay-gradient":""}},"ast-content-background-meta":{"desktop":{"background-color":"var(--ast-global-color-5)","background-image":"","background-repeat":"repeat","background-position":"center center","background-size":"auto","background-attachment":"scroll","background-type":"","background-media":"","overlay-type":"","overlay-color":"","overlay-opacity":"","overlay-gradient":""},"tablet":{"background-color":"var(--ast-global-color-5)","background-image":"","background-repeat":"repeat","background-position":"center center","background-size":"auto","background-attachment":"scroll","background-type":"","background-media":"","overlay-type":"","overlay-color":"","overlay-opacity":"","overlay-gradient":""},"mobile":{"background-color":"var(--ast-global-color-5)","background-image":"","background-repeat":"repeat","background-position":"center center","background-size":"auto","background-attachment":"scroll","background-type":"","background-media":"","overlay-type":"","overlay-color":"","overlay-opacity":"","overlay-gradient":""}},"footnotes":""},"class_list":["post-23905","page","type-page","status-publish","hentry"],"yoast_head":"<!-- This site is optimized with the Yoast SEO plugin v27.3 - https:\/\/yoast.com\/product\/yoast-seo-wordpress\/ -->\n<title>\u00c0 propos de nous &#187; The Hedgehog Program<\/title>\n<meta name=\"robots\" content=\"index, follow, max-snippet:-1, max-image-preview:large, max-video-preview:-1\" \/>\n<link rel=\"canonical\" href=\"https:\/\/vh2023vjmwd-0.hosting-space.nl\/fr\/page-daccueil\/a-propos-de-nous\/\" \/>\n<meta property=\"og:locale\" content=\"fr_FR\" \/>\n<meta property=\"og:type\" content=\"article\" \/>\n<meta property=\"og:title\" content=\"\u00c0 propos de nous &#187; The Hedgehog Program\" \/>\n<meta property=\"og:description\" content=\"\u00c0 propos de nous Mission et vision Notre mission est de prot\u00e9ger les h\u00e9rissons par l&rsquo;\u00e9ducation, la recherche et la restauration de leur habitat. Notre vision est un avenir o\u00f9 les h\u00e9rissons vivent en harmonie avec les humains, en ville, \u00e0 la campagne et partout ailleurs. Notre histoire D&rsquo;une simple id\u00e9e \u00e0 un mouvement en [&hellip;]\" \/>\n<meta property=\"og:url\" content=\"https:\/\/vh2023vjmwd-0.hosting-space.nl\/fr\/page-daccueil\/a-propos-de-nous\/\" \/>\n<meta property=\"og:site_name\" content=\"The Hedgehog Program\" \/>\n<meta property=\"article:publisher\" content=\"https:\/\/www.facebook.com\/hedgehogprogram\" \/>\n<meta property=\"article:modified_time\" content=\"2025-11-06T22:31:58+00:00\" \/>\n<meta property=\"og:image\" content=\"https:\/\/hedgehogprogram.com\/wp-content\/uploads\/2015\/11\/pexels-photo-28556116.jpeg\" \/>\n<meta name=\"twitter:card\" content=\"summary_large_image\" \/>\n<meta name=\"twitter:label1\" content=\"Dur\u00e9e de lecture estim\u00e9e\" \/>\n\t<meta name=\"twitter:data1\" content=\"1 minute\" \/>\n<script type=\"application\/ld+json\" class=\"yoast-schema-graph\">{\"@context\":\"https:\\\/\\\/schema.org\",\"@graph\":[{\"@type\":\"WebPage\",\"@id\":\"https:\\\/\\\/vh2023vjmwd-0.hosting-space.nl\\\/fr\\\/page-daccueil\\\/a-propos-de-nous\\\/\",\"url\":\"https:\\\/\\\/vh2023vjmwd-0.hosting-space.nl\\\/fr\\\/page-daccueil\\\/a-propos-de-nous\\\/\",\"name\":\"\u00c0 propos de nous &#187; The Hedgehog Program\",\"isPartOf\":{\"@id\":\"https:\\\/\\\/www.hedgehogprogram.com\\\/de\\\/#website\"},\"primaryImageOfPage\":{\"@id\":\"https:\\\/\\\/vh2023vjmwd-0.hosting-space.nl\\\/fr\\\/page-daccueil\\\/a-propos-de-nous\\\/#primaryimage\"},\"image\":{\"@id\":\"https:\\\/\\\/vh2023vjmwd-0.hosting-space.nl\\\/fr\\\/page-daccueil\\\/a-propos-de-nous\\\/#primaryimage\"},\"thumbnailUrl\":\"https:\\\/\\\/hedgehogprogram.com\\\/wp-content\\\/uploads\\\/2015\\\/11\\\/pexels-photo-28556116.jpeg\",\"datePublished\":\"2015-11-18T07:34:00+00:00\",\"dateModified\":\"2025-11-06T22:31:58+00:00\",\"breadcrumb\":{\"@id\":\"https:\\\/\\\/vh2023vjmwd-0.hosting-space.nl\\\/fr\\\/page-daccueil\\\/a-propos-de-nous\\\/#breadcrumb\"},\"inLanguage\":\"fr-FR\",\"potentialAction\":[{\"@type\":\"ReadAction\",\"target\":[\"https:\\\/\\\/vh2023vjmwd-0.hosting-space.nl\\\/fr\\\/page-daccueil\\\/a-propos-de-nous\\\/\"]}]},{\"@type\":\"ImageObject\",\"inLanguage\":\"fr-FR\",\"@id\":\"https:\\\/\\\/vh2023vjmwd-0.hosting-space.nl\\\/fr\\\/page-daccueil\\\/a-propos-de-nous\\\/#primaryimage\",\"url\":\"https:\\\/\\\/hedgehogprogram.com\\\/wp-content\\\/uploads\\\/2015\\\/11\\\/pexels-photo-28556116.jpeg\",\"contentUrl\":\"https:\\\/\\\/hedgehogprogram.com\\\/wp-content\\\/uploads\\\/2015\\\/11\\\/pexels-photo-28556116.jpeg\"},{\"@type\":\"BreadcrumbList\",\"@id\":\"https:\\\/\\\/vh2023vjmwd-0.hosting-space.nl\\\/fr\\\/page-daccueil\\\/a-propos-de-nous\\\/#breadcrumb\",\"itemListElement\":[{\"@type\":\"ListItem\",\"position\":1,\"name\":\"Home\",\"item\":\"https:\\\/\\\/www.hedgehogprogram.com\\\/fr\\\/\"},{\"@type\":\"ListItem\",\"position\":2,\"name\":\"The Hedgehog Program\",\"item\":\"https:\\\/\\\/www.hedgehogprogram.com\\\/fr\\\/\"},{\"@type\":\"ListItem\",\"position\":3,\"name\":\"\u00c0 propos de nous\"}]},{\"@type\":\"WebSite\",\"@id\":\"https:\\\/\\\/www.hedgehogprogram.com\\\/de\\\/#website\",\"url\":\"https:\\\/\\\/www.hedgehogprogram.com\\\/de\\\/\",\"name\":\"The Hedgehog Program\",\"description\":\"The Hedgehog Program is an online platform of research and education about hedgehogs and tenrecs.\",\"publisher\":{\"@id\":\"https:\\\/\\\/www.hedgehogprogram.com\\\/de\\\/#organization\"},\"alternateName\":\"THP\",\"potentialAction\":[{\"@type\":\"SearchAction\",\"target\":{\"@type\":\"EntryPoint\",\"urlTemplate\":\"https:\\\/\\\/www.hedgehogprogram.com\\\/de\\\/?s={search_term_string}\"},\"query-input\":{\"@type\":\"PropertyValueSpecification\",\"valueRequired\":true,\"valueName\":\"search_term_string\"}}],\"inLanguage\":\"fr-FR\"},{\"@type\":\"Organization\",\"@id\":\"https:\\\/\\\/www.hedgehogprogram.com\\\/de\\\/#organization\",\"name\":\"The Hedgehog Program\",\"alternateName\":\"THP\",\"url\":\"https:\\\/\\\/www.hedgehogprogram.com\\\/de\\\/\",\"logo\":{\"@type\":\"ImageObject\",\"inLanguage\":\"fr-FR\",\"@id\":\"https:\\\/\\\/www.hedgehogprogram.com\\\/de\\\/#\\\/schema\\\/logo\\\/image\\\/\",\"url\":\"https:\\\/\\\/www.hedgehogprogram.com\\\/wp-content\\\/uploads\\\/2022\\\/11\\\/logo-klein.png\",\"contentUrl\":\"https:\\\/\\\/www.hedgehogprogram.com\\\/wp-content\\\/uploads\\\/2022\\\/11\\\/logo-klein.png\",\"width\":250,\"height\":125,\"caption\":\"The Hedgehog Program\"},\"image\":{\"@id\":\"https:\\\/\\\/www.hedgehogprogram.com\\\/de\\\/#\\\/schema\\\/logo\\\/image\\\/\"},\"sameAs\":[\"https:\\\/\\\/www.facebook.com\\\/hedgehogprogram\",\"https:\\\/\\\/www.linkedin.com\\\/company\\\/hedgehogprogram\\\/\",\"https:\\\/\\\/www.tiktok.com\\\/@hedgehogprogram\"]}]}<\/script>\n<!-- \/ Yoast SEO plugin. -->","yoast_head_json":{"title":"\u00c0 propos de nous &#187; The Hedgehog Program","robots":{"index":"index","follow":"follow","max-snippet":"max-snippet:-1","max-image-preview":"max-image-preview:large","max-video-preview":"max-video-preview:-1"},"canonical":"https:\/\/vh2023vjmwd-0.hosting-space.nl\/fr\/page-daccueil\/a-propos-de-nous\/","og_locale":"fr_FR","og_type":"article","og_title":"\u00c0 propos de nous &#187; The Hedgehog Program","og_description":"\u00c0 propos de nous Mission et vision Notre mission est de prot\u00e9ger les h\u00e9rissons par l&rsquo;\u00e9ducation, la recherche et la restauration de leur habitat. Notre vision est un avenir o\u00f9 les h\u00e9rissons vivent en harmonie avec les humains, en ville, \u00e0 la campagne et partout ailleurs. Notre histoire D&rsquo;une simple id\u00e9e \u00e0 un mouvement en [&hellip;]","og_url":"https:\/\/vh2023vjmwd-0.hosting-space.nl\/fr\/page-daccueil\/a-propos-de-nous\/","og_site_name":"The Hedgehog Program","article_publisher":"https:\/\/www.facebook.com\/hedgehogprogram","article_modified_time":"2025-11-06T22:31:58+00:00","og_image":[{"url":"https:\/\/hedgehogprogram.com\/wp-content\/uploads\/2015\/11\/pexels-photo-28556116.jpeg","type":"","width":"","height":""}],"twitter_card":"summary_large_image","twitter_misc":{"Dur\u00e9e de lecture estim\u00e9e":"1 minute"},"schema":{"@context":"https:\/\/schema.org","@graph":[{"@type":"WebPage","@id":"https:\/\/vh2023vjmwd-0.hosting-space.nl\/fr\/page-daccueil\/a-propos-de-nous\/","url":"https:\/\/vh2023vjmwd-0.hosting-space.nl\/fr\/page-daccueil\/a-propos-de-nous\/","name":"\u00c0 propos de nous &#187; The Hedgehog Program","isPartOf":{"@id":"https:\/\/www.hedgehogprogram.com\/de\/#website"},"primaryImageOfPage":{"@id":"https:\/\/vh2023vjmwd-0.hosting-space.nl\/fr\/page-daccueil\/a-propos-de-nous\/#primaryimage"},"image":{"@id":"https:\/\/vh2023vjmwd-0.hosting-space.nl\/fr\/page-daccueil\/a-propos-de-nous\/#primaryimage"},"thumbnailUrl":"https:\/\/hedgehogprogram.com\/wp-content\/uploads\/2015\/11\/pexels-photo-28556116.jpeg","datePublished":"2015-11-18T07:34:00+00:00","dateModified":"2025-11-06T22:31:58+00:00","breadcrumb":{"@id":"https:\/\/vh2023vjmwd-0.hosting-space.nl\/fr\/page-daccueil\/a-propos-de-nous\/#breadcrumb"},"inLanguage":"fr-FR","potentialAction":[{"@type":"ReadAction","target":["https:\/\/vh2023vjmwd-0.hosting-space.nl\/fr\/page-daccueil\/a-propos-de-nous\/"]}]},{"@type":"ImageObject","inLanguage":"fr-FR","@id":"https:\/\/vh2023vjmwd-0.hosting-space.nl\/fr\/page-daccueil\/a-propos-de-nous\/#primaryimage","url":"https:\/\/hedgehogprogram.com\/wp-content\/uploads\/2015\/11\/pexels-photo-28556116.jpeg","contentUrl":"https:\/\/hedgehogprogram.com\/wp-content\/uploads\/2015\/11\/pexels-photo-28556116.jpeg"},{"@type":"BreadcrumbList","@id":"https:\/\/vh2023vjmwd-0.hosting-space.nl\/fr\/page-daccueil\/a-propos-de-nous\/#breadcrumb","itemListElement":[{"@type":"ListItem","position":1,"name":"Home","item":"https:\/\/www.hedgehogprogram.com\/fr\/"},{"@type":"ListItem","position":2,"name":"The Hedgehog Program","item":"https:\/\/www.hedgehogprogram.com\/fr\/"},{"@type":"ListItem","position":3,"name":"\u00c0 propos de nous"}]},{"@type":"WebSite","@id":"https:\/\/www.hedgehogprogram.com\/de\/#website","url":"https:\/\/www.hedgehogprogram.com\/de\/","name":"The Hedgehog Program","description":"The Hedgehog Program is an online platform of research and education about hedgehogs and tenrecs.","publisher":{"@id":"https:\/\/www.hedgehogprogram.com\/de\/#organization"},"alternateName":"THP","potentialAction":[{"@type":"SearchAction","target":{"@type":"EntryPoint","urlTemplate":"https:\/\/www.hedgehogprogram.com\/de\/?s={search_term_string}"},"query-input":{"@type":"PropertyValueSpecification","valueRequired":true,"valueName":"search_term_string"}}],"inLanguage":"fr-FR"},{"@type":"Organization","@id":"https:\/\/www.hedgehogprogram.com\/de\/#organization","name":"The Hedgehog Program","alternateName":"THP","url":"https:\/\/www.hedgehogprogram.com\/de\/","logo":{"@type":"ImageObject","inLanguage":"fr-FR","@id":"https:\/\/www.hedgehogprogram.com\/de\/#\/schema\/logo\/image\/","url":"https:\/\/www.hedgehogprogram.com\/wp-content\/uploads\/2022\/11\/logo-klein.png","contentUrl":"https:\/\/www.hedgehogprogram.com\/wp-content\/uploads\/2022\/11\/logo-klein.png","width":250,"height":125,"caption":"The Hedgehog Program"},"image":{"@id":"https:\/\/www.hedgehogprogram.com\/de\/#\/schema\/logo\/image\/"},"sameAs":["https:\/\/www.facebook.com\/hedgehogprogram","https:\/\/www.linkedin.com\/company\/hedgehogprogram\/","https:\/\/www.tiktok.com\/@hedgehogprogram"]}]}},"_links":{"self":[{"href":"https:\/\/vh2023vjmwd-0.hosting-space.nl\/fr\/wp-json\/wp\/v2\/pages\/23905","targetHints":{"allow":["GET"]}}],"collection":[{"href":"https:\/\/vh2023vjmwd-0.hosting-space.nl\/fr\/wp-json\/wp\/v2\/pages"}],"about":[{"href":"https:\/\/vh2023vjmwd-0.hosting-space.nl\/fr\/wp-json\/wp\/v2\/types\/page"}],"author":[{"embeddable":true,"href":"https:\/\/vh2023vjmwd-0.hosting-space.nl\/fr\/wp-json\/wp\/v2\/users\/1"}],"replies":[{"embeddable":true,"href":"https:\/\/vh2023vjmwd-0.hosting-space.nl\/fr\/wp-json\/wp\/v2\/comments?post=23905"}],"version-history":[{"count":0,"href":"https:\/\/vh2023vjmwd-0.hosting-space.nl\/fr\/wp-json\/wp\/v2\/pages\/23905\/revisions"}],"up":[{"embeddable":true,"href":"https:\/\/vh2023vjmwd-0.hosting-space.nl\/fr\/wp-json\/wp\/v2\/pages\/23899"}],"wp:attachment":[{"href":"https:\/\/vh2023vjmwd-0.hosting-space.nl\/fr\/wp-json\/wp\/v2\/media?parent=23905"}],"curies":[{"name":"wp","href":"https:\/\/api.w.org\/{rel}","templated":true}]}}