{"id":24026,"date":"2025-07-20T11:13:00","date_gmt":"2025-07-20T09:13:00","guid":{"rendered":"https:\/\/hedgehogprogram.com\/page-daccueil\/partenaires-et-sponsors\/"},"modified":"2025-11-07T00:12:07","modified_gmt":"2025-11-06T23:12:07","slug":"partenaires-et-sponsors","status":"publish","type":"page","link":"https:\/\/vh2023vjmwd-0.hosting-space.nl\/fr\/page-daccueil\/partenaires-et-sponsors\/","title":{"rendered":"Partenaires et sponsors"},"content":{"rendered":"\n<h2 class=\"wp-block-heading\">Partenaires et sponsors<\/h2>\n\n<div class=\"wp-block-cover alignfull\"><img loading=\"lazy\" decoding=\"async\" width=\"1880\" height=\"1194\" class=\"wp-block-cover__image-background wp-image-20161 size-full\" alt=\"brown porcupine on green grass close up photography\" src=\"https:\/\/hedgehogprogram.com\/wp-content\/uploads\/2025\/07\/pexels-photo-206858.jpeg\" data-object-fit=\"cover\" srcset=\"https:\/\/vh2023vjmwd-0.hosting-space.nl\/wp-content\/uploads\/2025\/07\/pexels-photo-206858.jpeg 1880w, https:\/\/vh2023vjmwd-0.hosting-space.nl\/wp-content\/uploads\/2025\/07\/pexels-photo-206858-1024x650.jpeg 1024w, https:\/\/vh2023vjmwd-0.hosting-space.nl\/wp-content\/uploads\/2025\/07\/pexels-photo-206858-768x488.jpeg 768w, https:\/\/vh2023vjmwd-0.hosting-space.nl\/wp-content\/uploads\/2025\/07\/pexels-photo-206858-1536x976.jpeg 1536w\" sizes=\"auto, (max-width: 1880px) 100vw, 1880px\" \/><span aria-hidden=\"true\" class=\"wp-block-cover__background has-ast-global-color-3-background-color has-background-dim-60 has-background-dim\"><\/span><div class=\"wp-block-cover__inner-container is-layout-constrained wp-block-cover-is-layout-constrained\">\n<p class=\"has-text-align-center has-white-color has-text-color has-link-color has-medium-font-size wp-elements-697cf12277dda8e57034595d5d64fb03\">Chaque progr\u00e8s, qu&rsquo;il s&rsquo;agisse de conservation, de sensibilisation ou d&rsquo;\u00e9ducation, est renforc\u00e9 par la collaboration. Cette page met fi\u00e8rement en lumi\u00e8re les organisations, entreprises et associations qui rendent notre travail possible. Leur soutien, leur confiance et leur implication transforment les id\u00e9es en actions et donnent la parole aux histoires qui comptent.  <\/p>\n\n\n\n<p class=\"has-text-align-center has-white-color has-text-color has-link-color has-medium-font-size wp-elements-0c77efddb5f9f09f4de23aa32ac8bcac\">Envie de contribuer \u00e0 un monde plus vert, plus conscient et plus respectueux des h\u00e9rissons ? <br\/>Construisons ensemble quelque chose de significatif.<\/p>\n\n\n\n<p><\/p>\n<\/div><\/div>\n\n<div class=\"wp-block-group alignfull has-white-background-color has-background is-layout-constrained wp-block-group-is-layout-constrained\">\n<div style=\"height:20px\" aria-hidden=\"true\" class=\"wp-block-spacer\"><\/div>\n\n\n\n<h4 class=\"wp-block-heading\">Quartiers accueillants pour les h\u00e9rissons<\/h4>\n\n\n\n<p>Les partenaires suivants contribuent grandement \u00e0 la conservation locale des h\u00e9rissons. SWW a mis en place un projet local visant \u00e0 installer des abris pour h\u00e9rissons dans les quartiers r\u00e9sidentiels. Le centre de sauvetage de h\u00e9rissons &lsquo;t Egelhuus et le service IVN de Hoogeveen ont tous deux apport\u00e9 leurs conseils sur les abris adapt\u00e9s aux h\u00e9rissons et leur emplacement. COA a fourni des b\u00e9n\u00e9voles pour la fabrication des abris dans le cadre de ce projet.    <\/p>\n\n\n\n<div class=\"wp-block-columns is-layout-flex wp-container-core-columns-is-layout-28f84493 wp-block-columns-is-layout-flex\">\n<div class=\"wp-block-column is-layout-flow wp-block-column-is-layout-flow\">\n<figure class=\"wp-block-image aligncenter size-full\"><a href=\"https:\/\/www.ivn.nl\/afdeling\/hoogeveen\/\" target=\"_blank\" rel=\" noreferrer noopener\"><img loading=\"lazy\" decoding=\"async\" width=\"376\" height=\"376\" src=\"https:\/\/hedgehogprogram.com\/wp-content\/uploads\/2024\/03\/IVN.jpg\" alt=\"\" class=\"wp-image-19199\" style=\"aspect-ratio:4\/3;object-fit:cover\" srcset=\"https:\/\/vh2023vjmwd-0.hosting-space.nl\/wp-content\/uploads\/2024\/03\/IVN.jpg 376w, https:\/\/vh2023vjmwd-0.hosting-space.nl\/wp-content\/uploads\/2024\/03\/IVN-300x300.jpg 300w, https:\/\/vh2023vjmwd-0.hosting-space.nl\/wp-content\/uploads\/2024\/03\/IVN-150x150.jpg 150w, https:\/\/vh2023vjmwd-0.hosting-space.nl\/wp-content\/uploads\/2024\/03\/IVN-100x100.jpg 100w, https:\/\/vh2023vjmwd-0.hosting-space.nl\/wp-content\/uploads\/2024\/03\/IVN-50x50.jpg 50w\" sizes=\"auto, (max-width: 376px) 100vw, 376px\" \/><\/a><\/figure>\n\n\n\n<h5 class=\"wp-block-heading has-text-align-center\">IVN Hoogeveen<\/h5>\n<\/div>\n\n\n\n<div class=\"wp-block-column is-layout-flow wp-block-column-is-layout-flow\">\n<figure class=\"wp-block-image aligncenter size-large\"><a href=\"http:\/\/www.egelhuus.nl\/\" target=\"_blank\" rel=\" noreferrer noopener\"><img loading=\"lazy\" decoding=\"async\" width=\"1024\" height=\"757\" src=\"https:\/\/hedgehogprogram.com\/wp-content\/uploads\/2024\/03\/t-egelhuus-1024x757.jpg\" alt=\"\" class=\"wp-image-19198\" style=\"aspect-ratio:4\/3;object-fit:cover\" srcset=\"https:\/\/vh2023vjmwd-0.hosting-space.nl\/wp-content\/uploads\/2024\/03\/t-egelhuus-1024x757.jpg 1024w, https:\/\/vh2023vjmwd-0.hosting-space.nl\/wp-content\/uploads\/2024\/03\/t-egelhuus-768x568.jpg 768w, https:\/\/vh2023vjmwd-0.hosting-space.nl\/wp-content\/uploads\/2024\/03\/t-egelhuus-1536x1136.jpg 1536w, https:\/\/vh2023vjmwd-0.hosting-space.nl\/wp-content\/uploads\/2024\/03\/t-egelhuus-2048x1515.jpg 2048w, https:\/\/vh2023vjmwd-0.hosting-space.nl\/wp-content\/uploads\/2024\/03\/t-egelhuus-600x444.jpg 600w\" sizes=\"auto, (max-width: 1024px) 100vw, 1024px\" \/><\/a><\/figure>\n\n\n\n<h5 class=\"wp-block-heading has-text-align-center\">Sauvetage du h\u00e9risson<br\/>&lsquo;t Egelhuus Hollandscheveld<\/h5>\n<\/div>\n\n\n\n<div class=\"wp-block-column is-layout-flow wp-block-column-is-layout-flow\">\n<figure class=\"wp-block-image aligncenter size-full\"><a href=\"https:\/\/www.coa.nl\/nl\/locatie\/hoogeveen-kinholtsweg\" target=\"_blank\" rel=\" noreferrer noopener\"><img loading=\"lazy\" decoding=\"async\" width=\"400\" height=\"400\" src=\"https:\/\/hedgehogprogram.com\/wp-content\/uploads\/2024\/03\/COA.jpg\" alt=\"\" class=\"wp-image-19197\" style=\"aspect-ratio:4\/3;object-fit:cover\" srcset=\"https:\/\/vh2023vjmwd-0.hosting-space.nl\/wp-content\/uploads\/2024\/03\/COA.jpg 400w, https:\/\/vh2023vjmwd-0.hosting-space.nl\/wp-content\/uploads\/2024\/03\/COA-300x300.jpg 300w, https:\/\/vh2023vjmwd-0.hosting-space.nl\/wp-content\/uploads\/2024\/03\/COA-150x150.jpg 150w, https:\/\/vh2023vjmwd-0.hosting-space.nl\/wp-content\/uploads\/2024\/03\/COA-100x100.jpg 100w, https:\/\/vh2023vjmwd-0.hosting-space.nl\/wp-content\/uploads\/2024\/03\/COA-50x50.jpg 50w\" sizes=\"auto, (max-width: 400px) 100vw, 400px\" \/><\/a><\/figure>\n\n\n\n<h5 class=\"wp-block-heading has-text-align-center\">COA<br\/>Centre de r\u00e9fugi\u00e9s de Hoogeveen<\/h5>\n<\/div>\n\n\n\n<div class=\"wp-block-column is-layout-flow wp-block-column-is-layout-flow\">\n<figure class=\"wp-block-image aligncenter size-full\"><img loading=\"lazy\" decoding=\"async\" width=\"487\" height=\"260\" src=\"https:\/\/hedgehogprogram.com\/wp-content\/uploads\/2025\/07\/Logo-Stichting-Welzijnswerk-Hoogeveen.jpeg\" alt=\"\" class=\"wp-image-20167\" style=\"aspect-ratio:4\/3;object-fit:cover\"\/><\/figure>\n\n\n\n<h5 class=\"wp-block-heading has-text-align-center\">SWWH<br\/>Stichting Welzijnswerk Hoogeveen<\/h5>\n<\/div>\n<\/div>\n\n\n\n<div style=\"height:30px\" aria-hidden=\"true\" class=\"wp-block-spacer\"><\/div>\n\n\n\n<h4 class=\"wp-block-heading\">D\u00f4mes pour h\u00e9rissons<\/h4>\n\n\n\n<p>Les partenaires suivants ont rendu possible le projet de D\u00f4me des h\u00e9rissons en fournissant l&rsquo;espace n\u00e9cessaire \u00e0 la construction des d\u00f4mes et en recrutant des b\u00e9n\u00e9voles pour les travaux. Sans eux, ce projet n&rsquo;aurait pas pu voir le jour. <\/p>\n\n\n\n<div class=\"wp-block-columns is-layout-flex wp-container-core-columns-is-layout-28f84493 wp-block-columns-is-layout-flex\">\n<div class=\"wp-block-column is-layout-flow wp-block-column-is-layout-flow\">\n<figure class=\"wp-block-image size-full\"><a href=\"https:\/\/carpevitam.net\/\" target=\"_blank\" rel=\" noreferrer noopener\"><img loading=\"lazy\" decoding=\"async\" width=\"750\" height=\"750\" src=\"https:\/\/hedgehogprogram.com\/wp-content\/uploads\/2025\/10\/358716595_765793118882595_7876807330925201670_n.jpg\" alt=\"\" class=\"wp-image-23705\" srcset=\"https:\/\/vh2023vjmwd-0.hosting-space.nl\/wp-content\/uploads\/2025\/10\/358716595_765793118882595_7876807330925201670_n.jpg 750w, https:\/\/vh2023vjmwd-0.hosting-space.nl\/wp-content\/uploads\/2025\/10\/358716595_765793118882595_7876807330925201670_n-300x300.jpg 300w, https:\/\/vh2023vjmwd-0.hosting-space.nl\/wp-content\/uploads\/2025\/10\/358716595_765793118882595_7876807330925201670_n-150x150.jpg 150w, https:\/\/vh2023vjmwd-0.hosting-space.nl\/wp-content\/uploads\/2025\/10\/358716595_765793118882595_7876807330925201670_n-600x600.jpg 600w, https:\/\/vh2023vjmwd-0.hosting-space.nl\/wp-content\/uploads\/2025\/10\/358716595_765793118882595_7876807330925201670_n-100x100.jpg 100w\" sizes=\"auto, (max-width: 750px) 100vw, 750px\" \/><\/a><\/figure>\n\n\n\n<h5 class=\"wp-block-heading\">For\u00eat comestible Carpe Vitam<\/h5>\n<\/div>\n\n\n\n<div class=\"wp-block-column is-layout-flow wp-block-column-is-layout-flow\"><\/div>\n\n\n\n<div class=\"wp-block-column is-layout-flow wp-block-column-is-layout-flow\"><\/div>\n\n\n\n<div class=\"wp-block-column is-layout-flow wp-block-column-is-layout-flow\"><\/div>\n<\/div>\n<\/div>\n\n<hr class=\"wp-block-separator alignfull has-text-color has-ast-global-color-0-color has-alpha-channel-opacity has-ast-global-color-0-background-color has-background is-style-wide\" style=\"margin-top:0;margin-bottom:0\"\/>\n","protected":false},"excerpt":{"rendered":"<p>Partenaires et sponsors Quartiers accueillants pour les h\u00e9rissons Les partenaires suivants contribuent grandement \u00e0 la conservation locale des h\u00e9rissons. SWW a mis en place un projet local visant \u00e0 installer des abris pour h\u00e9rissons dans les quartiers r\u00e9sidentiels. Le centre de sauvetage de h\u00e9rissons &lsquo;t Egelhuus et le service IVN de Hoogeveen ont tous deux [&hellip;]<\/p>\n","protected":false},"author":1,"featured_media":0,"parent":23899,"menu_order":0,"comment_status":"closed","ping_status":"closed","template":"","meta":{"_monsterinsights_skip_tracking":false,"_monsterinsights_sitenote_active":false,"_monsterinsights_sitenote_note":"","_monsterinsights_sitenote_category":0,"site-sidebar-layout":"default","site-content-layout":"","ast-site-content-layout":"default","site-content-style":"default","site-sidebar-style":"default","ast-global-header-display":"","ast-banner-title-visibility":"","ast-main-header-display":"","ast-hfb-above-header-display":"","ast-hfb-below-header-display":"","ast-hfb-mobile-header-display":"","site-post-title":"","ast-breadcrumbs-content":"","ast-featured-img":"","footer-sml-layout":"","ast-disable-related-posts":"","theme-transparent-header-meta":"","adv-header-id-meta":"","stick-header-meta":"","header-above-stick-meta":"","header-main-stick-meta":"","header-below-stick-meta":"","astra-migrate-meta-layouts":"default","ast-page-background-enabled":"default","ast-page-background-meta":{"desktop":{"background-color":"var(--ast-global-color-4)","background-image":"","background-repeat":"repeat","background-position":"center center","background-size":"auto","background-attachment":"scroll","background-type":"","background-media":"","overlay-type":"","overlay-color":"","overlay-opacity":"","overlay-gradient":""},"tablet":{"background-color":"","background-image":"","background-repeat":"repeat","background-position":"center center","background-size":"auto","background-attachment":"scroll","background-type":"","background-media":"","overlay-type":"","overlay-color":"","overlay-opacity":"","overlay-gradient":""},"mobile":{"background-color":"","background-image":"","background-repeat":"repeat","background-position":"center center","background-size":"auto","background-attachment":"scroll","background-type":"","background-media":"","overlay-type":"","overlay-color":"","overlay-opacity":"","overlay-gradient":""}},"ast-content-background-meta":{"desktop":{"background-color":"var(--ast-global-color-5)","background-image":"","background-repeat":"repeat","background-position":"center center","background-size":"auto","background-attachment":"scroll","background-type":"","background-media":"","overlay-type":"","overlay-color":"","overlay-opacity":"","overlay-gradient":""},"tablet":{"background-color":"var(--ast-global-color-5)","background-image":"","background-repeat":"repeat","background-position":"center center","background-size":"auto","background-attachment":"scroll","background-type":"","background-media":"","overlay-type":"","overlay-color":"","overlay-opacity":"","overlay-gradient":""},"mobile":{"background-color":"var(--ast-global-color-5)","background-image":"","background-repeat":"repeat","background-position":"center center","background-size":"auto","background-attachment":"scroll","background-type":"","background-media":"","overlay-type":"","overlay-color":"","overlay-opacity":"","overlay-gradient":""}},"footnotes":""},"class_list":["post-24026","page","type-page","status-publish","hentry"],"yoast_head":"<!-- This site is optimized with the Yoast SEO plugin v27.3 - https:\/\/yoast.com\/product\/yoast-seo-wordpress\/ -->\n<title>Partenaires et sponsors &#187; The Hedgehog Program<\/title>\n<meta name=\"robots\" content=\"index, follow, max-snippet:-1, max-image-preview:large, max-video-preview:-1\" \/>\n<link rel=\"canonical\" href=\"https:\/\/vh2023vjmwd-0.hosting-space.nl\/fr\/page-daccueil\/partenaires-et-sponsors\/\" \/>\n<meta property=\"og:locale\" content=\"fr_FR\" \/>\n<meta property=\"og:type\" content=\"article\" \/>\n<meta property=\"og:title\" content=\"Partenaires et sponsors &#187; The Hedgehog Program\" \/>\n<meta property=\"og:description\" content=\"Partenaires et sponsors Quartiers accueillants pour les h\u00e9rissons Les partenaires suivants contribuent grandement \u00e0 la conservation locale des h\u00e9rissons. SWW a mis en place un projet local visant \u00e0 installer des abris pour h\u00e9rissons dans les quartiers r\u00e9sidentiels. Le centre de sauvetage de h\u00e9rissons &lsquo;t Egelhuus et le service IVN de Hoogeveen ont tous deux [&hellip;]\" \/>\n<meta property=\"og:url\" content=\"https:\/\/vh2023vjmwd-0.hosting-space.nl\/fr\/page-daccueil\/partenaires-et-sponsors\/\" \/>\n<meta property=\"og:site_name\" content=\"The Hedgehog Program\" \/>\n<meta property=\"article:publisher\" content=\"https:\/\/www.facebook.com\/hedgehogprogram\" \/>\n<meta property=\"article:modified_time\" content=\"2025-11-06T23:12:07+00:00\" \/>\n<meta property=\"og:image\" content=\"https:\/\/hedgehogprogram.com\/wp-content\/uploads\/2025\/07\/pexels-photo-206858.jpeg\" \/>\n<meta name=\"twitter:card\" content=\"summary_large_image\" \/>\n<meta name=\"twitter:label1\" content=\"Dur\u00e9e de lecture estim\u00e9e\" \/>\n\t<meta name=\"twitter:data1\" content=\"1 minute\" \/>\n<script type=\"application\/ld+json\" class=\"yoast-schema-graph\">{\"@context\":\"https:\\\/\\\/schema.org\",\"@graph\":[{\"@type\":\"WebPage\",\"@id\":\"https:\\\/\\\/vh2023vjmwd-0.hosting-space.nl\\\/fr\\\/page-daccueil\\\/partenaires-et-sponsors\\\/\",\"url\":\"https:\\\/\\\/vh2023vjmwd-0.hosting-space.nl\\\/fr\\\/page-daccueil\\\/partenaires-et-sponsors\\\/\",\"name\":\"Partenaires et sponsors &#187; The Hedgehog Program\",\"isPartOf\":{\"@id\":\"https:\\\/\\\/www.hedgehogprogram.com\\\/de\\\/#website\"},\"primaryImageOfPage\":{\"@id\":\"https:\\\/\\\/vh2023vjmwd-0.hosting-space.nl\\\/fr\\\/page-daccueil\\\/partenaires-et-sponsors\\\/#primaryimage\"},\"image\":{\"@id\":\"https:\\\/\\\/vh2023vjmwd-0.hosting-space.nl\\\/fr\\\/page-daccueil\\\/partenaires-et-sponsors\\\/#primaryimage\"},\"thumbnailUrl\":\"https:\\\/\\\/hedgehogprogram.com\\\/wp-content\\\/uploads\\\/2025\\\/07\\\/pexels-photo-206858.jpeg\",\"datePublished\":\"2025-07-20T09:13:00+00:00\",\"dateModified\":\"2025-11-06T23:12:07+00:00\",\"breadcrumb\":{\"@id\":\"https:\\\/\\\/vh2023vjmwd-0.hosting-space.nl\\\/fr\\\/page-daccueil\\\/partenaires-et-sponsors\\\/#breadcrumb\"},\"inLanguage\":\"fr-FR\",\"potentialAction\":[{\"@type\":\"ReadAction\",\"target\":[\"https:\\\/\\\/vh2023vjmwd-0.hosting-space.nl\\\/fr\\\/page-daccueil\\\/partenaires-et-sponsors\\\/\"]}]},{\"@type\":\"ImageObject\",\"inLanguage\":\"fr-FR\",\"@id\":\"https:\\\/\\\/vh2023vjmwd-0.hosting-space.nl\\\/fr\\\/page-daccueil\\\/partenaires-et-sponsors\\\/#primaryimage\",\"url\":\"https:\\\/\\\/hedgehogprogram.com\\\/wp-content\\\/uploads\\\/2025\\\/07\\\/pexels-photo-206858.jpeg\",\"contentUrl\":\"https:\\\/\\\/hedgehogprogram.com\\\/wp-content\\\/uploads\\\/2025\\\/07\\\/pexels-photo-206858.jpeg\"},{\"@type\":\"BreadcrumbList\",\"@id\":\"https:\\\/\\\/vh2023vjmwd-0.hosting-space.nl\\\/fr\\\/page-daccueil\\\/partenaires-et-sponsors\\\/#breadcrumb\",\"itemListElement\":[{\"@type\":\"ListItem\",\"position\":1,\"name\":\"Home\",\"item\":\"https:\\\/\\\/www.hedgehogprogram.com\\\/fr\\\/\"},{\"@type\":\"ListItem\",\"position\":2,\"name\":\"The Hedgehog Program\",\"item\":\"https:\\\/\\\/www.hedgehogprogram.com\\\/fr\\\/\"},{\"@type\":\"ListItem\",\"position\":3,\"name\":\"Partenaires et sponsors\"}]},{\"@type\":\"WebSite\",\"@id\":\"https:\\\/\\\/www.hedgehogprogram.com\\\/de\\\/#website\",\"url\":\"https:\\\/\\\/www.hedgehogprogram.com\\\/de\\\/\",\"name\":\"The Hedgehog Program\",\"description\":\"The Hedgehog Program is an online platform of research and education about hedgehogs and tenrecs.\",\"publisher\":{\"@id\":\"https:\\\/\\\/www.hedgehogprogram.com\\\/de\\\/#organization\"},\"alternateName\":\"THP\",\"potentialAction\":[{\"@type\":\"SearchAction\",\"target\":{\"@type\":\"EntryPoint\",\"urlTemplate\":\"https:\\\/\\\/www.hedgehogprogram.com\\\/de\\\/?s={search_term_string}\"},\"query-input\":{\"@type\":\"PropertyValueSpecification\",\"valueRequired\":true,\"valueName\":\"search_term_string\"}}],\"inLanguage\":\"fr-FR\"},{\"@type\":\"Organization\",\"@id\":\"https:\\\/\\\/www.hedgehogprogram.com\\\/de\\\/#organization\",\"name\":\"The Hedgehog Program\",\"alternateName\":\"THP\",\"url\":\"https:\\\/\\\/www.hedgehogprogram.com\\\/de\\\/\",\"logo\":{\"@type\":\"ImageObject\",\"inLanguage\":\"fr-FR\",\"@id\":\"https:\\\/\\\/www.hedgehogprogram.com\\\/de\\\/#\\\/schema\\\/logo\\\/image\\\/\",\"url\":\"https:\\\/\\\/www.hedgehogprogram.com\\\/wp-content\\\/uploads\\\/2022\\\/11\\\/logo-klein.png\",\"contentUrl\":\"https:\\\/\\\/www.hedgehogprogram.com\\\/wp-content\\\/uploads\\\/2022\\\/11\\\/logo-klein.png\",\"width\":250,\"height\":125,\"caption\":\"The Hedgehog Program\"},\"image\":{\"@id\":\"https:\\\/\\\/www.hedgehogprogram.com\\\/de\\\/#\\\/schema\\\/logo\\\/image\\\/\"},\"sameAs\":[\"https:\\\/\\\/www.facebook.com\\\/hedgehogprogram\",\"https:\\\/\\\/www.linkedin.com\\\/company\\\/hedgehogprogram\\\/\",\"https:\\\/\\\/www.tiktok.com\\\/@hedgehogprogram\"]}]}<\/script>\n<!-- \/ Yoast SEO plugin. -->","yoast_head_json":{"title":"Partenaires et sponsors &#187; The Hedgehog Program","robots":{"index":"index","follow":"follow","max-snippet":"max-snippet:-1","max-image-preview":"max-image-preview:large","max-video-preview":"max-video-preview:-1"},"canonical":"https:\/\/vh2023vjmwd-0.hosting-space.nl\/fr\/page-daccueil\/partenaires-et-sponsors\/","og_locale":"fr_FR","og_type":"article","og_title":"Partenaires et sponsors &#187; The Hedgehog Program","og_description":"Partenaires et sponsors Quartiers accueillants pour les h\u00e9rissons Les partenaires suivants contribuent grandement \u00e0 la conservation locale des h\u00e9rissons. SWW a mis en place un projet local visant \u00e0 installer des abris pour h\u00e9rissons dans les quartiers r\u00e9sidentiels. Le centre de sauvetage de h\u00e9rissons &lsquo;t Egelhuus et le service IVN de Hoogeveen ont tous deux [&hellip;]","og_url":"https:\/\/vh2023vjmwd-0.hosting-space.nl\/fr\/page-daccueil\/partenaires-et-sponsors\/","og_site_name":"The Hedgehog Program","article_publisher":"https:\/\/www.facebook.com\/hedgehogprogram","article_modified_time":"2025-11-06T23:12:07+00:00","og_image":[{"url":"https:\/\/hedgehogprogram.com\/wp-content\/uploads\/2025\/07\/pexels-photo-206858.jpeg","type":"","width":"","height":""}],"twitter_card":"summary_large_image","twitter_misc":{"Dur\u00e9e de lecture estim\u00e9e":"1 minute"},"schema":{"@context":"https:\/\/schema.org","@graph":[{"@type":"WebPage","@id":"https:\/\/vh2023vjmwd-0.hosting-space.nl\/fr\/page-daccueil\/partenaires-et-sponsors\/","url":"https:\/\/vh2023vjmwd-0.hosting-space.nl\/fr\/page-daccueil\/partenaires-et-sponsors\/","name":"Partenaires et sponsors &#187; The Hedgehog Program","isPartOf":{"@id":"https:\/\/www.hedgehogprogram.com\/de\/#website"},"primaryImageOfPage":{"@id":"https:\/\/vh2023vjmwd-0.hosting-space.nl\/fr\/page-daccueil\/partenaires-et-sponsors\/#primaryimage"},"image":{"@id":"https:\/\/vh2023vjmwd-0.hosting-space.nl\/fr\/page-daccueil\/partenaires-et-sponsors\/#primaryimage"},"thumbnailUrl":"https:\/\/hedgehogprogram.com\/wp-content\/uploads\/2025\/07\/pexels-photo-206858.jpeg","datePublished":"2025-07-20T09:13:00+00:00","dateModified":"2025-11-06T23:12:07+00:00","breadcrumb":{"@id":"https:\/\/vh2023vjmwd-0.hosting-space.nl\/fr\/page-daccueil\/partenaires-et-sponsors\/#breadcrumb"},"inLanguage":"fr-FR","potentialAction":[{"@type":"ReadAction","target":["https:\/\/vh2023vjmwd-0.hosting-space.nl\/fr\/page-daccueil\/partenaires-et-sponsors\/"]}]},{"@type":"ImageObject","inLanguage":"fr-FR","@id":"https:\/\/vh2023vjmwd-0.hosting-space.nl\/fr\/page-daccueil\/partenaires-et-sponsors\/#primaryimage","url":"https:\/\/hedgehogprogram.com\/wp-content\/uploads\/2025\/07\/pexels-photo-206858.jpeg","contentUrl":"https:\/\/hedgehogprogram.com\/wp-content\/uploads\/2025\/07\/pexels-photo-206858.jpeg"},{"@type":"BreadcrumbList","@id":"https:\/\/vh2023vjmwd-0.hosting-space.nl\/fr\/page-daccueil\/partenaires-et-sponsors\/#breadcrumb","itemListElement":[{"@type":"ListItem","position":1,"name":"Home","item":"https:\/\/www.hedgehogprogram.com\/fr\/"},{"@type":"ListItem","position":2,"name":"The Hedgehog Program","item":"https:\/\/www.hedgehogprogram.com\/fr\/"},{"@type":"ListItem","position":3,"name":"Partenaires et sponsors"}]},{"@type":"WebSite","@id":"https:\/\/www.hedgehogprogram.com\/de\/#website","url":"https:\/\/www.hedgehogprogram.com\/de\/","name":"The Hedgehog Program","description":"The Hedgehog Program is an online platform of research and education about hedgehogs and tenrecs.","publisher":{"@id":"https:\/\/www.hedgehogprogram.com\/de\/#organization"},"alternateName":"THP","potentialAction":[{"@type":"SearchAction","target":{"@type":"EntryPoint","urlTemplate":"https:\/\/www.hedgehogprogram.com\/de\/?s={search_term_string}"},"query-input":{"@type":"PropertyValueSpecification","valueRequired":true,"valueName":"search_term_string"}}],"inLanguage":"fr-FR"},{"@type":"Organization","@id":"https:\/\/www.hedgehogprogram.com\/de\/#organization","name":"The Hedgehog Program","alternateName":"THP","url":"https:\/\/www.hedgehogprogram.com\/de\/","logo":{"@type":"ImageObject","inLanguage":"fr-FR","@id":"https:\/\/www.hedgehogprogram.com\/de\/#\/schema\/logo\/image\/","url":"https:\/\/www.hedgehogprogram.com\/wp-content\/uploads\/2022\/11\/logo-klein.png","contentUrl":"https:\/\/www.hedgehogprogram.com\/wp-content\/uploads\/2022\/11\/logo-klein.png","width":250,"height":125,"caption":"The Hedgehog Program"},"image":{"@id":"https:\/\/www.hedgehogprogram.com\/de\/#\/schema\/logo\/image\/"},"sameAs":["https:\/\/www.facebook.com\/hedgehogprogram","https:\/\/www.linkedin.com\/company\/hedgehogprogram\/","https:\/\/www.tiktok.com\/@hedgehogprogram"]}]}},"_links":{"self":[{"href":"https:\/\/vh2023vjmwd-0.hosting-space.nl\/fr\/wp-json\/wp\/v2\/pages\/24026","targetHints":{"allow":["GET"]}}],"collection":[{"href":"https:\/\/vh2023vjmwd-0.hosting-space.nl\/fr\/wp-json\/wp\/v2\/pages"}],"about":[{"href":"https:\/\/vh2023vjmwd-0.hosting-space.nl\/fr\/wp-json\/wp\/v2\/types\/page"}],"author":[{"embeddable":true,"href":"https:\/\/vh2023vjmwd-0.hosting-space.nl\/fr\/wp-json\/wp\/v2\/users\/1"}],"replies":[{"embeddable":true,"href":"https:\/\/vh2023vjmwd-0.hosting-space.nl\/fr\/wp-json\/wp\/v2\/comments?post=24026"}],"version-history":[{"count":0,"href":"https:\/\/vh2023vjmwd-0.hosting-space.nl\/fr\/wp-json\/wp\/v2\/pages\/24026\/revisions"}],"up":[{"embeddable":true,"href":"https:\/\/vh2023vjmwd-0.hosting-space.nl\/fr\/wp-json\/wp\/v2\/pages\/23899"}],"wp:attachment":[{"href":"https:\/\/vh2023vjmwd-0.hosting-space.nl\/fr\/wp-json\/wp\/v2\/media?parent=24026"}],"curies":[{"name":"wp","href":"https:\/\/api.w.org\/{rel}","templated":true}]}}