{"id":24036,"date":"2025-07-20T11:13:00","date_gmt":"2025-07-20T09:13:00","guid":{"rendered":"https:\/\/hedgehogprogram.com\/page-daccueil\/presse-et-medias\/"},"modified":"2025-11-07T00:18:34","modified_gmt":"2025-11-06T23:18:34","slug":"presse-et-medias","status":"publish","type":"page","link":"https:\/\/vh2023vjmwd-0.hosting-space.nl\/fr\/page-daccueil\/presse-et-medias\/","title":{"rendered":"Presse et m\u00e9dias"},"content":{"rendered":"\n<h2 class=\"wp-block-heading\">Presse et m\u00e9dias<\/h2>\n\n<div class=\"wp-block-cover alignfull\"><img loading=\"lazy\" decoding=\"async\" width=\"1880\" height=\"1279\" class=\"wp-block-cover__image-background wp-image-20183 size-full\" alt=\"hedgehogs walking on ground\" src=\"https:\/\/hedgehogprogram.com\/wp-content\/uploads\/2025\/07\/pexels-photo-5009385.jpeg\" data-object-fit=\"cover\" srcset=\"https:\/\/vh2023vjmwd-0.hosting-space.nl\/wp-content\/uploads\/2025\/07\/pexels-photo-5009385.jpeg 1880w, https:\/\/vh2023vjmwd-0.hosting-space.nl\/wp-content\/uploads\/2025\/07\/pexels-photo-5009385-1024x697.jpeg 1024w, https:\/\/vh2023vjmwd-0.hosting-space.nl\/wp-content\/uploads\/2025\/07\/pexels-photo-5009385-768x522.jpeg 768w, https:\/\/vh2023vjmwd-0.hosting-space.nl\/wp-content\/uploads\/2025\/07\/pexels-photo-5009385-1536x1045.jpeg 1536w\" sizes=\"auto, (max-width: 1880px) 100vw, 1880px\" \/><span aria-hidden=\"true\" class=\"wp-block-cover__background has-ast-global-color-3-background-color has-background-dim-60 has-background-dim\"><\/span><div class=\"wp-block-cover__inner-container is-layout-constrained wp-block-cover-is-layout-constrained\">\n<p class=\"has-text-align-center has-white-color has-text-color has-link-color has-medium-font-size wp-elements-83bda6993abfff2d7d231eec5cba4cc2\">Qu&rsquo;il s&rsquo;agisse de h\u00e9rissons, de lutte contre le changement climatique ou de la beaut\u00e9 paisible de la nature, les histoires comptent. Cette page rassemble mes apparitions dans les m\u00e9dias, mes interviews et les articles qui contribuent \u00e0 diffuser le message de mon travail. <\/p>\n<\/div><\/div>\n\n<div class=\"wp-block-group alignfull has-white-background-color has-background is-layout-constrained wp-block-group-is-layout-constrained\">\n<div style=\"height:20px\" aria-hidden=\"true\" class=\"wp-block-spacer\"><\/div>\n\n\n\n<h3 class=\"wp-block-heading\">Pour les journalistes et les demandes des m\u00e9dias<\/h3>\n\n\n\n<p>Si vous \u00eates journaliste ou professionnel des m\u00e9dias et que vous souhaitez pr\u00e9senter mon travail, solliciter une interview ou collaborer \u00e0 un article, n&rsquo;h\u00e9sitez pas \u00e0 me contacter par e-mail ou WhatsApp. Je suis toujours ravi de partager des analyses, des visuels ou des informations compl\u00e9mentaires. <\/p>\n\n\n\n<div class=\"wp-block-columns is-layout-flex wp-container-core-columns-is-layout-28f84493 wp-block-columns-is-layout-flex\">\n<div class=\"wp-block-column is-layout-flow wp-block-column-is-layout-flow\" style=\"flex-basis:33.33%\">\n<div class=\"wp-block-font-awesome-icon aligncenter wp-font-awesome-icon\" style=\"display:flex;justify-content:center\"><svg xmlns=\"http:\/\/www.w3.org\/2000\/svg\" aria-hidden=\"true\" focusable=\"false\" data-prefix=\"fas\" data-icon=\"envelope\" class=\"svg-inline--fa fa-envelope \" role=\"img\" viewbox=\"0 0 512 512\" style=\"font-size:2.5em\" color=\"var(--ast-global-color-0)\"><path fill=\"currentColor\" d=\"M48 64C21.5 64 0 85.5 0 112c0 15.1 7.1 29.3 19.2 38.4L236.8 313.6c11.4 8.5 27 8.5 38.4 0L492.8 150.4c12.1-9.1 19.2-23.3 19.2-38.4c0-26.5-21.5-48-48-48L48 64zM0 176L0 384c0 35.3 28.7 64 64 64l384 0c35.3 0 64-28.7 64-64l0-208L294.4 339.2c-22.8 17.1-54 17.1-76.8 0L0 176z\"><\/path><\/svg><\/div>\n\n\n\n<div class=\"wp-block-font-awesome-icon aligncenter wp-font-awesome-icon\" style=\"display:flex;justify-content:center\"><svg xmlns=\"http:\/\/www.w3.org\/2000\/svg\" aria-hidden=\"true\" focusable=\"false\" data-prefix=\"fas\" data-icon=\"comments\" class=\"svg-inline--fa fa-comments \" role=\"img\" viewbox=\"0 0 640 512\" style=\"font-size:2.5em\" color=\"var(--ast-global-color-0)\"><path fill=\"currentColor\" d=\"M208 352c114.9 0 208-78.8 208-176S322.9 0 208 0S0 78.8 0 176c0 38.6 14.7 74.3 39.6 103.4c-3.5 9.4-8.7 17.7-14.2 24.7c-4.8 6.2-9.7 11-13.3 14.3c-1.8 1.6-3.3 2.9-4.3 3.7c-.5 .4-.9 .7-1.1 .8l-.2 .2s0 0 0 0s0 0 0 0C1 327.2-1.4 334.4 .8 340.9S9.1 352 16 352c21.8 0 43.8-5.6 62.1-12.5c9.2-3.5 17.8-7.4 25.2-11.4C134.1 343.3 169.8 352 208 352zM448 176c0 112.3-99.1 196.9-216.5 207C255.8 457.4 336.4 512 432 512c38.2 0 73.9-8.7 104.7-23.9c7.5 4 16 7.9 25.2 11.4c18.3 6.9 40.3 12.5 62.1 12.5c6.9 0 13.1-4.5 15.2-11.1c2.1-6.6-.2-13.8-5.8-17.9c0 0 0 0 0 0s0 0 0 0l-.2-.2c-.2-.2-.6-.4-1.1-.8c-1-.8-2.5-2-4.3-3.7c-3.6-3.3-8.5-8.1-13.3-14.3c-5.5-7-10.7-15.4-14.2-24.7c24.9-29 39.6-64.7 39.6-103.4c0-92.8-84.9-168.9-192.6-175.5c.4 5.1 .6 10.3 .6 15.5z\"><\/path><\/svg><\/div>\n<\/div>\n\n\n\n<div class=\"wp-block-column is-layout-flow wp-block-column-is-layout-flow\" style=\"flex-basis:66.66%\">\n<p>Envoyez-moi un e-mail: <a href=\"mailto:info@hedgehogprogram.com\" target=\"_blank\" rel=\"noreferrer noopener\">info@hedgehogprogram.com<\/a> <\/p>\n\n\n\n<p>Contactez-moi sur WhatsApp: <a href=\"https:\/\/wa.me\/31621144970\" target=\"_blank\" rel=\"noreferrer noopener\">+31 621144970<\/a><br\/><em>Ou cliquez sur le bouton WhatsApp situ\u00e9 en bas \u00e0 gauche du site web.<\/em><\/p>\n<\/div>\n<\/div>\n<\/div>\n\n<div class=\"wp-block-group alignfull has-ast-global-color-6-background-color has-background is-layout-constrained wp-block-group-is-layout-constrained\">\n<h3 class=\"wp-block-heading\">Apparitions m\u00e9diatiques<\/h3>\n\n\n\n<p>Au fil des ans, mon travail et mon histoire ont \u00e9t\u00e9 pr\u00e9sent\u00e9s dans divers m\u00e9dias, des journaux locaux aux plateformes internationales. Vous trouverez ci-dessous une s\u00e9lection des articles les plus marquants. <\/p>\n\n\n\n<div class=\"wp-block-columns is-layout-flex wp-container-core-columns-is-layout-28f84493 wp-block-columns-is-layout-flex\">\n<div class=\"wp-block-column is-layout-flow wp-block-column-is-layout-flow\"><\/div>\n\n\n\n<div class=\"wp-block-column is-layout-flow wp-block-column-is-layout-flow\"><\/div>\n\n\n\n<div class=\"wp-block-column is-layout-flow wp-block-column-is-layout-flow\"><\/div>\n<\/div>\n<\/div>\n\n<hr class=\"wp-block-separator alignfull has-text-color has-ast-global-color-0-color has-alpha-channel-opacity has-ast-global-color-0-background-color has-background is-style-wide\" style=\"margin-top:0;margin-bottom:0\"\/>\n\n<p><\/p>\n","protected":false},"excerpt":{"rendered":"<p>Presse et m\u00e9dias Pour les journalistes et les demandes des m\u00e9dias Si vous \u00eates journaliste ou professionnel des m\u00e9dias et que vous souhaitez pr\u00e9senter mon travail, solliciter une interview ou collaborer \u00e0 un article, n&rsquo;h\u00e9sitez pas \u00e0 me contacter par e-mail ou WhatsApp. Je suis toujours ravi de partager des analyses, des visuels ou des [&hellip;]<\/p>\n","protected":false},"author":1,"featured_media":0,"parent":23899,"menu_order":0,"comment_status":"closed","ping_status":"closed","template":"","meta":{"_monsterinsights_skip_tracking":false,"_monsterinsights_sitenote_active":false,"_monsterinsights_sitenote_note":"","_monsterinsights_sitenote_category":0,"site-sidebar-layout":"default","site-content-layout":"","ast-site-content-layout":"default","site-content-style":"default","site-sidebar-style":"default","ast-global-header-display":"","ast-banner-title-visibility":"","ast-main-header-display":"","ast-hfb-above-header-display":"","ast-hfb-below-header-display":"","ast-hfb-mobile-header-display":"","site-post-title":"","ast-breadcrumbs-content":"","ast-featured-img":"","footer-sml-layout":"","ast-disable-related-posts":"","theme-transparent-header-meta":"","adv-header-id-meta":"","stick-header-meta":"","header-above-stick-meta":"","header-main-stick-meta":"","header-below-stick-meta":"","astra-migrate-meta-layouts":"default","ast-page-background-enabled":"default","ast-page-background-meta":{"desktop":{"background-color":"var(--ast-global-color-4)","background-image":"","background-repeat":"repeat","background-position":"center center","background-size":"auto","background-attachment":"scroll","background-type":"","background-media":"","overlay-type":"","overlay-color":"","overlay-opacity":"","overlay-gradient":""},"tablet":{"background-color":"","background-image":"","background-repeat":"repeat","background-position":"center center","background-size":"auto","background-attachment":"scroll","background-type":"","background-media":"","overlay-type":"","overlay-color":"","overlay-opacity":"","overlay-gradient":""},"mobile":{"background-color":"","background-image":"","background-repeat":"repeat","background-position":"center center","background-size":"auto","background-attachment":"scroll","background-type":"","background-media":"","overlay-type":"","overlay-color":"","overlay-opacity":"","overlay-gradient":""}},"ast-content-background-meta":{"desktop":{"background-color":"var(--ast-global-color-5)","background-image":"","background-repeat":"repeat","background-position":"center center","background-size":"auto","background-attachment":"scroll","background-type":"","background-media":"","overlay-type":"","overlay-color":"","overlay-opacity":"","overlay-gradient":""},"tablet":{"background-color":"var(--ast-global-color-5)","background-image":"","background-repeat":"repeat","background-position":"center center","background-size":"auto","background-attachment":"scroll","background-type":"","background-media":"","overlay-type":"","overlay-color":"","overlay-opacity":"","overlay-gradient":""},"mobile":{"background-color":"var(--ast-global-color-5)","background-image":"","background-repeat":"repeat","background-position":"center center","background-size":"auto","background-attachment":"scroll","background-type":"","background-media":"","overlay-type":"","overlay-color":"","overlay-opacity":"","overlay-gradient":""}},"footnotes":""},"class_list":["post-24036","page","type-page","status-publish","hentry"],"yoast_head":"<!-- This site is optimized with the Yoast SEO plugin v27.3 - https:\/\/yoast.com\/product\/yoast-seo-wordpress\/ -->\n<title>Presse et m\u00e9dias &#187; The Hedgehog Program<\/title>\n<meta name=\"robots\" content=\"index, follow, max-snippet:-1, max-image-preview:large, max-video-preview:-1\" \/>\n<link rel=\"canonical\" href=\"https:\/\/vh2023vjmwd-0.hosting-space.nl\/fr\/page-daccueil\/presse-et-medias\/\" \/>\n<meta property=\"og:locale\" content=\"fr_FR\" \/>\n<meta property=\"og:type\" content=\"article\" \/>\n<meta property=\"og:title\" content=\"Presse et m\u00e9dias &#187; The Hedgehog Program\" \/>\n<meta property=\"og:description\" content=\"Presse et m\u00e9dias Pour les journalistes et les demandes des m\u00e9dias Si vous \u00eates journaliste ou professionnel des m\u00e9dias et que vous souhaitez pr\u00e9senter mon travail, solliciter une interview ou collaborer \u00e0 un article, n&rsquo;h\u00e9sitez pas \u00e0 me contacter par e-mail ou WhatsApp. Je suis toujours ravi de partager des analyses, des visuels ou des [&hellip;]\" \/>\n<meta property=\"og:url\" content=\"https:\/\/vh2023vjmwd-0.hosting-space.nl\/fr\/page-daccueil\/presse-et-medias\/\" \/>\n<meta property=\"og:site_name\" content=\"The Hedgehog Program\" \/>\n<meta property=\"article:publisher\" content=\"https:\/\/www.facebook.com\/hedgehogprogram\" \/>\n<meta property=\"article:modified_time\" content=\"2025-11-06T23:18:34+00:00\" \/>\n<meta property=\"og:image\" content=\"https:\/\/hedgehogprogram.com\/wp-content\/uploads\/2025\/07\/pexels-photo-5009385.jpeg\" \/>\n<meta name=\"twitter:card\" content=\"summary_large_image\" \/>\n<meta name=\"twitter:label1\" content=\"Dur\u00e9e de lecture estim\u00e9e\" \/>\n\t<meta name=\"twitter:data1\" content=\"1 minute\" \/>\n<script type=\"application\/ld+json\" class=\"yoast-schema-graph\">{\"@context\":\"https:\\\/\\\/schema.org\",\"@graph\":[{\"@type\":\"WebPage\",\"@id\":\"https:\\\/\\\/vh2023vjmwd-0.hosting-space.nl\\\/fr\\\/page-daccueil\\\/presse-et-medias\\\/\",\"url\":\"https:\\\/\\\/vh2023vjmwd-0.hosting-space.nl\\\/fr\\\/page-daccueil\\\/presse-et-medias\\\/\",\"name\":\"Presse et m\u00e9dias &#187; The Hedgehog Program\",\"isPartOf\":{\"@id\":\"https:\\\/\\\/www.hedgehogprogram.com\\\/de\\\/#website\"},\"primaryImageOfPage\":{\"@id\":\"https:\\\/\\\/vh2023vjmwd-0.hosting-space.nl\\\/fr\\\/page-daccueil\\\/presse-et-medias\\\/#primaryimage\"},\"image\":{\"@id\":\"https:\\\/\\\/vh2023vjmwd-0.hosting-space.nl\\\/fr\\\/page-daccueil\\\/presse-et-medias\\\/#primaryimage\"},\"thumbnailUrl\":\"https:\\\/\\\/hedgehogprogram.com\\\/wp-content\\\/uploads\\\/2025\\\/07\\\/pexels-photo-5009385.jpeg\",\"datePublished\":\"2025-07-20T09:13:00+00:00\",\"dateModified\":\"2025-11-06T23:18:34+00:00\",\"breadcrumb\":{\"@id\":\"https:\\\/\\\/vh2023vjmwd-0.hosting-space.nl\\\/fr\\\/page-daccueil\\\/presse-et-medias\\\/#breadcrumb\"},\"inLanguage\":\"fr-FR\",\"potentialAction\":[{\"@type\":\"ReadAction\",\"target\":[\"https:\\\/\\\/vh2023vjmwd-0.hosting-space.nl\\\/fr\\\/page-daccueil\\\/presse-et-medias\\\/\"]}]},{\"@type\":\"ImageObject\",\"inLanguage\":\"fr-FR\",\"@id\":\"https:\\\/\\\/vh2023vjmwd-0.hosting-space.nl\\\/fr\\\/page-daccueil\\\/presse-et-medias\\\/#primaryimage\",\"url\":\"https:\\\/\\\/hedgehogprogram.com\\\/wp-content\\\/uploads\\\/2025\\\/07\\\/pexels-photo-5009385.jpeg\",\"contentUrl\":\"https:\\\/\\\/hedgehogprogram.com\\\/wp-content\\\/uploads\\\/2025\\\/07\\\/pexels-photo-5009385.jpeg\"},{\"@type\":\"BreadcrumbList\",\"@id\":\"https:\\\/\\\/vh2023vjmwd-0.hosting-space.nl\\\/fr\\\/page-daccueil\\\/presse-et-medias\\\/#breadcrumb\",\"itemListElement\":[{\"@type\":\"ListItem\",\"position\":1,\"name\":\"Home\",\"item\":\"https:\\\/\\\/www.hedgehogprogram.com\\\/fr\\\/\"},{\"@type\":\"ListItem\",\"position\":2,\"name\":\"The Hedgehog Program\",\"item\":\"https:\\\/\\\/www.hedgehogprogram.com\\\/fr\\\/\"},{\"@type\":\"ListItem\",\"position\":3,\"name\":\"Presse et m\u00e9dias\"}]},{\"@type\":\"WebSite\",\"@id\":\"https:\\\/\\\/www.hedgehogprogram.com\\\/de\\\/#website\",\"url\":\"https:\\\/\\\/www.hedgehogprogram.com\\\/de\\\/\",\"name\":\"The Hedgehog Program\",\"description\":\"The Hedgehog Program is an online platform of research and education about hedgehogs and tenrecs.\",\"publisher\":{\"@id\":\"https:\\\/\\\/www.hedgehogprogram.com\\\/de\\\/#organization\"},\"alternateName\":\"THP\",\"potentialAction\":[{\"@type\":\"SearchAction\",\"target\":{\"@type\":\"EntryPoint\",\"urlTemplate\":\"https:\\\/\\\/www.hedgehogprogram.com\\\/de\\\/?s={search_term_string}\"},\"query-input\":{\"@type\":\"PropertyValueSpecification\",\"valueRequired\":true,\"valueName\":\"search_term_string\"}}],\"inLanguage\":\"fr-FR\"},{\"@type\":\"Organization\",\"@id\":\"https:\\\/\\\/www.hedgehogprogram.com\\\/de\\\/#organization\",\"name\":\"The Hedgehog Program\",\"alternateName\":\"THP\",\"url\":\"https:\\\/\\\/www.hedgehogprogram.com\\\/de\\\/\",\"logo\":{\"@type\":\"ImageObject\",\"inLanguage\":\"fr-FR\",\"@id\":\"https:\\\/\\\/www.hedgehogprogram.com\\\/de\\\/#\\\/schema\\\/logo\\\/image\\\/\",\"url\":\"https:\\\/\\\/www.hedgehogprogram.com\\\/wp-content\\\/uploads\\\/2022\\\/11\\\/logo-klein.png\",\"contentUrl\":\"https:\\\/\\\/www.hedgehogprogram.com\\\/wp-content\\\/uploads\\\/2022\\\/11\\\/logo-klein.png\",\"width\":250,\"height\":125,\"caption\":\"The Hedgehog Program\"},\"image\":{\"@id\":\"https:\\\/\\\/www.hedgehogprogram.com\\\/de\\\/#\\\/schema\\\/logo\\\/image\\\/\"},\"sameAs\":[\"https:\\\/\\\/www.facebook.com\\\/hedgehogprogram\",\"https:\\\/\\\/www.linkedin.com\\\/company\\\/hedgehogprogram\\\/\",\"https:\\\/\\\/www.tiktok.com\\\/@hedgehogprogram\"]}]}<\/script>\n<!-- \/ Yoast SEO plugin. -->","yoast_head_json":{"title":"Presse et m\u00e9dias &#187; The Hedgehog Program","robots":{"index":"index","follow":"follow","max-snippet":"max-snippet:-1","max-image-preview":"max-image-preview:large","max-video-preview":"max-video-preview:-1"},"canonical":"https:\/\/vh2023vjmwd-0.hosting-space.nl\/fr\/page-daccueil\/presse-et-medias\/","og_locale":"fr_FR","og_type":"article","og_title":"Presse et m\u00e9dias &#187; The Hedgehog Program","og_description":"Presse et m\u00e9dias Pour les journalistes et les demandes des m\u00e9dias Si vous \u00eates journaliste ou professionnel des m\u00e9dias et que vous souhaitez pr\u00e9senter mon travail, solliciter une interview ou collaborer \u00e0 un article, n&rsquo;h\u00e9sitez pas \u00e0 me contacter par e-mail ou WhatsApp. Je suis toujours ravi de partager des analyses, des visuels ou des [&hellip;]","og_url":"https:\/\/vh2023vjmwd-0.hosting-space.nl\/fr\/page-daccueil\/presse-et-medias\/","og_site_name":"The Hedgehog Program","article_publisher":"https:\/\/www.facebook.com\/hedgehogprogram","article_modified_time":"2025-11-06T23:18:34+00:00","og_image":[{"url":"https:\/\/hedgehogprogram.com\/wp-content\/uploads\/2025\/07\/pexels-photo-5009385.jpeg","type":"","width":"","height":""}],"twitter_card":"summary_large_image","twitter_misc":{"Dur\u00e9e de lecture estim\u00e9e":"1 minute"},"schema":{"@context":"https:\/\/schema.org","@graph":[{"@type":"WebPage","@id":"https:\/\/vh2023vjmwd-0.hosting-space.nl\/fr\/page-daccueil\/presse-et-medias\/","url":"https:\/\/vh2023vjmwd-0.hosting-space.nl\/fr\/page-daccueil\/presse-et-medias\/","name":"Presse et m\u00e9dias &#187; The Hedgehog Program","isPartOf":{"@id":"https:\/\/www.hedgehogprogram.com\/de\/#website"},"primaryImageOfPage":{"@id":"https:\/\/vh2023vjmwd-0.hosting-space.nl\/fr\/page-daccueil\/presse-et-medias\/#primaryimage"},"image":{"@id":"https:\/\/vh2023vjmwd-0.hosting-space.nl\/fr\/page-daccueil\/presse-et-medias\/#primaryimage"},"thumbnailUrl":"https:\/\/hedgehogprogram.com\/wp-content\/uploads\/2025\/07\/pexels-photo-5009385.jpeg","datePublished":"2025-07-20T09:13:00+00:00","dateModified":"2025-11-06T23:18:34+00:00","breadcrumb":{"@id":"https:\/\/vh2023vjmwd-0.hosting-space.nl\/fr\/page-daccueil\/presse-et-medias\/#breadcrumb"},"inLanguage":"fr-FR","potentialAction":[{"@type":"ReadAction","target":["https:\/\/vh2023vjmwd-0.hosting-space.nl\/fr\/page-daccueil\/presse-et-medias\/"]}]},{"@type":"ImageObject","inLanguage":"fr-FR","@id":"https:\/\/vh2023vjmwd-0.hosting-space.nl\/fr\/page-daccueil\/presse-et-medias\/#primaryimage","url":"https:\/\/hedgehogprogram.com\/wp-content\/uploads\/2025\/07\/pexels-photo-5009385.jpeg","contentUrl":"https:\/\/hedgehogprogram.com\/wp-content\/uploads\/2025\/07\/pexels-photo-5009385.jpeg"},{"@type":"BreadcrumbList","@id":"https:\/\/vh2023vjmwd-0.hosting-space.nl\/fr\/page-daccueil\/presse-et-medias\/#breadcrumb","itemListElement":[{"@type":"ListItem","position":1,"name":"Home","item":"https:\/\/www.hedgehogprogram.com\/fr\/"},{"@type":"ListItem","position":2,"name":"The Hedgehog Program","item":"https:\/\/www.hedgehogprogram.com\/fr\/"},{"@type":"ListItem","position":3,"name":"Presse et m\u00e9dias"}]},{"@type":"WebSite","@id":"https:\/\/www.hedgehogprogram.com\/de\/#website","url":"https:\/\/www.hedgehogprogram.com\/de\/","name":"The Hedgehog Program","description":"The Hedgehog Program is an online platform of research and education about hedgehogs and tenrecs.","publisher":{"@id":"https:\/\/www.hedgehogprogram.com\/de\/#organization"},"alternateName":"THP","potentialAction":[{"@type":"SearchAction","target":{"@type":"EntryPoint","urlTemplate":"https:\/\/www.hedgehogprogram.com\/de\/?s={search_term_string}"},"query-input":{"@type":"PropertyValueSpecification","valueRequired":true,"valueName":"search_term_string"}}],"inLanguage":"fr-FR"},{"@type":"Organization","@id":"https:\/\/www.hedgehogprogram.com\/de\/#organization","name":"The Hedgehog Program","alternateName":"THP","url":"https:\/\/www.hedgehogprogram.com\/de\/","logo":{"@type":"ImageObject","inLanguage":"fr-FR","@id":"https:\/\/www.hedgehogprogram.com\/de\/#\/schema\/logo\/image\/","url":"https:\/\/www.hedgehogprogram.com\/wp-content\/uploads\/2022\/11\/logo-klein.png","contentUrl":"https:\/\/www.hedgehogprogram.com\/wp-content\/uploads\/2022\/11\/logo-klein.png","width":250,"height":125,"caption":"The Hedgehog Program"},"image":{"@id":"https:\/\/www.hedgehogprogram.com\/de\/#\/schema\/logo\/image\/"},"sameAs":["https:\/\/www.facebook.com\/hedgehogprogram","https:\/\/www.linkedin.com\/company\/hedgehogprogram\/","https:\/\/www.tiktok.com\/@hedgehogprogram"]}]}},"_links":{"self":[{"href":"https:\/\/vh2023vjmwd-0.hosting-space.nl\/fr\/wp-json\/wp\/v2\/pages\/24036","targetHints":{"allow":["GET"]}}],"collection":[{"href":"https:\/\/vh2023vjmwd-0.hosting-space.nl\/fr\/wp-json\/wp\/v2\/pages"}],"about":[{"href":"https:\/\/vh2023vjmwd-0.hosting-space.nl\/fr\/wp-json\/wp\/v2\/types\/page"}],"author":[{"embeddable":true,"href":"https:\/\/vh2023vjmwd-0.hosting-space.nl\/fr\/wp-json\/wp\/v2\/users\/1"}],"replies":[{"embeddable":true,"href":"https:\/\/vh2023vjmwd-0.hosting-space.nl\/fr\/wp-json\/wp\/v2\/comments?post=24036"}],"version-history":[{"count":0,"href":"https:\/\/vh2023vjmwd-0.hosting-space.nl\/fr\/wp-json\/wp\/v2\/pages\/24036\/revisions"}],"up":[{"embeddable":true,"href":"https:\/\/vh2023vjmwd-0.hosting-space.nl\/fr\/wp-json\/wp\/v2\/pages\/23899"}],"wp:attachment":[{"href":"https:\/\/vh2023vjmwd-0.hosting-space.nl\/fr\/wp-json\/wp\/v2\/media?parent=24036"}],"curies":[{"name":"wp","href":"https:\/\/api.w.org\/{rel}","templated":true}]}}