{"id":24077,"date":"2025-08-05T19:25:10","date_gmt":"2025-08-05T17:25:10","guid":{"rendered":"https:\/\/hedgehogprogram.com\/participation\/science-citoyenne\/"},"modified":"2026-03-09T13:43:31","modified_gmt":"2026-03-09T12:43:31","slug":"science-citoyenne","status":"publish","type":"page","link":"https:\/\/vh2023vjmwd-0.hosting-space.nl\/fr\/participation\/science-citoyenne\/","title":{"rendered":"Science citoyenne"},"content":{"rendered":"\n<h2 class=\"wp-block-heading\">Science citoyenne<\/h2>\n\n<div class=\"wp-block-cover alignfull\"><img loading=\"lazy\" decoding=\"async\" width=\"1024\" height=\"683\" class=\"wp-block-cover__image-background wp-image-21234 size-large\" alt=\"\" src=\"https:\/\/hedgehogprogram.com\/wp-content\/uploads\/2025\/08\/animal-2636367_1280-1024x683.jpg\" style=\"object-position:50% 62%\" data-object-fit=\"cover\" data-object-position=\"50% 62%\" srcset=\"https:\/\/vh2023vjmwd-0.hosting-space.nl\/wp-content\/uploads\/2025\/08\/animal-2636367_1280-1024x683.jpg 1024w, https:\/\/vh2023vjmwd-0.hosting-space.nl\/wp-content\/uploads\/2025\/08\/animal-2636367_1280-768x512.jpg 768w, https:\/\/vh2023vjmwd-0.hosting-space.nl\/wp-content\/uploads\/2025\/08\/animal-2636367_1280-600x400.jpg 600w, https:\/\/vh2023vjmwd-0.hosting-space.nl\/wp-content\/uploads\/2025\/08\/animal-2636367_1280-75x50.jpg 75w, https:\/\/vh2023vjmwd-0.hosting-space.nl\/wp-content\/uploads\/2025\/08\/animal-2636367_1280.jpg 1280w\" sizes=\"auto, (max-width: 1024px) 100vw, 1024px\" \/><span aria-hidden=\"true\" class=\"wp-block-cover__background has-ast-global-color-3-background-color has-background-dim-60 has-background-dim\"><\/span><div class=\"wp-block-cover__inner-container is-layout-constrained wp-block-cover-is-layout-constrained\">\n<p class=\"has-text-align-center has-white-color has-text-color has-link-color has-medium-font-size wp-elements-5ffc9a79a13a60625a8ee976db6483eb\">Vos observations et contributions peuvent faire une r\u00e9elle diff\u00e9rence. Participez \u00e0 nos initiatives de sciences participatives et aidez-nous \u00e0 recueillir les donn\u00e9es n\u00e9cessaires \u00e0 la protection des h\u00e9rissons. <\/p>\n<\/div><\/div>\n\n<div class=\"wp-block-group alignfull has-white-background-color has-background is-layout-constrained wp-block-group-is-layout-constrained\">\n<div class=\"wp-block-columns is-layout-flex wp-container-core-columns-is-layout-28f84493 wp-block-columns-is-layout-flex\">\n<div class=\"wp-block-column is-layout-flow wp-block-column-is-layout-flow\">\n<figure class=\"wp-block-image size-large\"><img loading=\"lazy\" decoding=\"async\" width=\"1024\" height=\"682\" src=\"https:\/\/hedgehogprogram.com\/wp-content\/uploads\/2025\/08\/photographer-4882729_1280-1024x682.jpg\" alt=\"\" class=\"wp-image-21235\" srcset=\"https:\/\/vh2023vjmwd-0.hosting-space.nl\/wp-content\/uploads\/2025\/08\/photographer-4882729_1280-1024x682.jpg 1024w, https:\/\/vh2023vjmwd-0.hosting-space.nl\/wp-content\/uploads\/2025\/08\/photographer-4882729_1280-768x512.jpg 768w, https:\/\/vh2023vjmwd-0.hosting-space.nl\/wp-content\/uploads\/2025\/08\/photographer-4882729_1280-600x400.jpg 600w, https:\/\/vh2023vjmwd-0.hosting-space.nl\/wp-content\/uploads\/2025\/08\/photographer-4882729_1280.jpg 1280w\" sizes=\"auto, (max-width: 1024px) 100vw, 1024px\" \/><\/figure>\n<\/div>\n\n\n\n<div class=\"wp-block-column is-layout-flow wp-block-column-is-layout-flow\">\n<h4 class=\"wp-block-heading\">Introduction<\/h4>\n\n\n\n<p>Au Programme Hedgehog, nous pensons que chacun peut jouer un r\u00f4le actif dans la protection des h\u00e9rissons. Nos initiatives de science citoyenne permettent \u00e0 chacun, quelle que soit son exp\u00e9rience, de contribuer directement \u00e0 la recherche et \u00e0 la conservation. <\/p>\n\n\n\n<p>En collectant et en partageant des donn\u00e9es, vous nous aidez \u00e0 comprendre o\u00f9 vivent les h\u00e9rissons, comment ils se comportent et quelles menaces ils subissent. Chaque observation, qu&rsquo;il s&rsquo;agisse d&rsquo;un h\u00e9risson aper\u00e7u dans son jardin ou d&rsquo;un \u00e9chantillon pr\u00e9lev\u00e9, est une pi\u00e8ce pr\u00e9cieuse du puzzle. <\/p>\n<\/div>\n<\/div>\n<\/div>\n\n<div class=\"wp-block-group alignfull is-layout-constrained wp-block-group-is-layout-constrained\">\n<h4 class=\"wp-block-heading has-text-align-center\">Comment fonctionne la science citoyenne<\/h4>\n\n\n\n<div class=\"wp-block-columns is-layout-flex wp-container-core-columns-is-layout-28f84493 wp-block-columns-is-layout-flex\">\n<div class=\"wp-block-column is-layout-flow wp-block-column-is-layout-flow\">\n<div class=\"wp-block-font-awesome-icon wp-font-awesome-icon\" style=\"display:flex;justify-content:center\"><svg xmlns=\"http:\/\/www.w3.org\/2000\/svg\" aria-hidden=\"true\" focusable=\"false\" data-prefix=\"fas\" data-icon=\"binoculars\" class=\"svg-inline--fa fa-binoculars \" role=\"img\" viewbox=\"0 0 512 512\" style=\"font-size:4em\" color=\"var(--ast-global-color-1)\"><path fill=\"currentColor\" d=\"M128 32l32 0c17.7 0 32 14.3 32 32l0 32L96 96l0-32c0-17.7 14.3-32 32-32zm64 96l0 320c0 17.7-14.3 32-32 32L32 480c-17.7 0-32-14.3-32-32l0-59.1c0-34.6 9.4-68.6 27.2-98.3C40.9 267.8 49.7 242.4 53 216L60.5 156c2-16 15.6-28 31.8-28l99.8 0zm227.8 0c16.1 0 29.8 12 31.8 28L459 216c3.3 26.4 12.1 51.8 25.8 74.6c17.8 29.7 27.2 63.7 27.2 98.3l0 59.1c0 17.7-14.3 32-32 32l-128 0c-17.7 0-32-14.3-32-32l0-320 99.8 0zM320 64c0-17.7 14.3-32 32-32l32 0c17.7 0 32 14.3 32 32l0 32-96 0 0-32zm-32 64l0 160-64 0 0-160 64 0z\"><\/path><\/svg><\/div>\n\n\n\n<h5 class=\"wp-block-heading has-text-align-center\">Observations<\/h5>\n\n\n\n<p class=\"has-text-align-center\">Vous avez rep\u00e9r\u00e9 un h\u00e9risson ? Enregistrez les d\u00e9tails via <a title=\"Observation.org\" href=\"https:\/\/www.observation.org\" target=\"_blank\" rel=\"noopener\">Observation.org<\/a> ou <a title=\"\" href=\"https:\/\/observation.org\/apps\/observation\/\" target=\"_blank\" rel=\"noopener\">l&rsquo;application ObsIdentify<\/a>. Vos donn\u00e9es nous aident \u00e0 suivre les populations et les changements saisonniers.  <\/p>\n<\/div>\n\n\n\n<div class=\"wp-block-column is-layout-flow wp-block-column-is-layout-flow\">\n<div class=\"wp-block-font-awesome-icon wp-font-awesome-icon\" style=\"display:flex;justify-content:center\"><svg xmlns=\"http:\/\/www.w3.org\/2000\/svg\" aria-hidden=\"true\" focusable=\"false\" data-prefix=\"fas\" data-icon=\"mobile-screen-button\" class=\"svg-inline--fa fa-mobile-screen-button \" role=\"img\" viewbox=\"0 0 384 512\" style=\"font-size:4em\" color=\"var(--ast-global-color-1)\"><path fill=\"currentColor\" d=\"M16 64C16 28.7 44.7 0 80 0L304 0c35.3 0 64 28.7 64 64l0 384c0 35.3-28.7 64-64 64L80 512c-35.3 0-64-28.7-64-64L16 64zM224 448a32 32 0 1 0 -64 0 32 32 0 1 0 64 0zM304 64L80 64l0 320 224 0 0-320z\"><\/path><\/svg><\/div>\n\n\n\n<h5 class=\"wp-block-heading has-text-align-center\">Soumettez des donn\u00e9es via des applications<\/h5>\n\n\n\n<p class=\"has-text-align-center\">Utilisez votre smartphone ou votre ordinateur pour t\u00e9l\u00e9charger des photos, des notes et les coordonn\u00e9es GPS pr\u00e9cises. Plus les d\u00e9tails sont nombreux, plus le document sera pr\u00e9cieux. <\/p>\n<\/div>\n\n\n\n<div class=\"wp-block-column is-layout-flow wp-block-column-is-layout-flow\">\n<div class=\"wp-block-font-awesome-icon wp-font-awesome-icon\" style=\"display:flex;justify-content:center\"><svg xmlns=\"http:\/\/www.w3.org\/2000\/svg\" aria-hidden=\"true\" focusable=\"false\" data-prefix=\"fas\" data-icon=\"microscope\" class=\"svg-inline--fa fa-microscope \" role=\"img\" viewbox=\"0 0 512 512\" style=\"font-size:4em\" color=\"var(--ast-global-color-1)\"><path fill=\"currentColor\" d=\"M160 32c0-17.7 14.3-32 32-32l32 0c17.7 0 32 14.3 32 32c17.7 0 32 14.3 32 32l0 224c0 17.7-14.3 32-32 32c0 17.7-14.3 32-32 32l-32 0c-17.7 0-32-14.3-32-32c-17.7 0-32-14.3-32-32l0-224c0-17.7 14.3-32 32-32zM32 448l288 0c70.7 0 128-57.3 128-128s-57.3-128-128-128l0-64c106 0 192 86 192 192c0 49.2-18.5 94-48.9 128l16.9 0c17.7 0 32 14.3 32 32s-14.3 32-32 32l-160 0L32 512c-17.7 0-32-14.3-32-32s14.3-32 32-32zm80-64l192 0c8.8 0 16 7.2 16 16s-7.2 16-16 16l-192 0c-8.8 0-16-7.2-16-16s7.2-16 16-16z\"><\/path><\/svg><\/div>\n\n\n\n<h5 class=\"wp-block-heading has-text-align-center\">Envoyez des \u00e9chantillons (poils et plumes)<\/h5>\n\n\n\n<p class=\"has-text-align-center\">Vous souhaitez faire don d&rsquo;\u00e9chantillons physiques ? Veuillez d&rsquo;abord nous contacter en indiquant le titre du projet, votre nom et les d\u00e9tails des \u00e9chantillons. Une fois votre demande approuv\u00e9e, nous vous communiquerons notre adresse postale pour l&rsquo;envoi.  <\/p>\n<\/div>\n<\/div>\n<\/div>\n\n<div class=\"wp-block-group alignfull has-white-background-color has-background is-layout-constrained wp-block-group-is-layout-constrained\">\n<h4 class=\"wp-block-heading\">Aper\u00e7u des initiatives de sciences citoyennes<\/h4>\n\n\n\n<p>Nos initiatives de sciences participatives prennent de nombreuses formes. Vous pouvez vous inscrire aupr\u00e8s d&rsquo;associations locales de protection de la nature, lancer votre propre projet de conservation communautaire avec nos guides et nos formations, ou encore participer \u00e0 des promenades nocturnes pour observer les h\u00e9rissons et nous signaler vos observations. Certaines initiatives consistent \u00e9galement \u00e0 nous envoyer des \u00e9chantillons de poils ou de piquants, mais seulement si vous en trouvez par hasard ou si vous vous occupez de h\u00e9rissons en captivit\u00e9, par exemple dans des centres de sauvetage ou comme animaux domestiques. D\u00e9couvrez les projets ci-dessous et trouvez comment vous impliquer selon vos centres d&rsquo;int\u00e9r\u00eat et votre exp\u00e9rience.   <\/p>\n\n\n<ul class=\"wp-block-latest-posts__list is-grid columns-2 wp-block-latest-posts\"><\/ul><\/div>\n\n<div class=\"wp-block-group alignfull has-ast-global-color-5-background-color has-background is-layout-constrained wp-block-group-is-layout-constrained\">\n<h4 class=\"wp-block-heading\">R\u00e9sultats et impact<\/h4>\n\n\n\n<p>La science participative ne se limite pas \u00e0 la collecte de donn\u00e9es ; elle consiste \u00e0 transformer les contributions individuelles en connaissances collectives. Les observations, les donn\u00e9es recueillies via l\u2019application et les \u00e9chantillons physiques que nous recevons nous aident \u00e0 cartographier les populations de h\u00e9rissons, \u00e0 d\u00e9tecter les changements de comportement ou d\u2019effectif et \u00e0 identifier les zones \u00e0 risque, comme les routes dangereuses. Ces r\u00e9sultats sont partag\u00e9s avec les chercheurs, les d\u00e9fenseurs de l\u2019environnement et les autorit\u00e9s locales afin d\u2019orienter les actions qui ont un impact r\u00e9el et durable sur la survie des h\u00e9rissons.  <\/p>\n\n\n\n<div class=\"wp-block-columns is-layout-flex wp-container-core-columns-is-layout-28f84493 wp-block-columns-is-layout-flex\">\n<div class=\"wp-block-column is-layout-flow wp-block-column-is-layout-flow\">\n<h5 class=\"wp-block-heading has-text-align-left\">\u00c9chantillons envoy\u00e9s<\/h5>\n<\/div>\n\n\n\n<div class=\"wp-block-column is-layout-flow wp-block-column-is-layout-flow\">\n<h5 class=\"wp-block-heading has-text-align-left\">Nombre de participants<\/h5>\n<\/div>\n<\/div>\n<\/div>\n\n<p><\/p>\n","protected":false},"excerpt":{"rendered":"<p>Science citoyenne Introduction Au Programme Hedgehog, nous pensons que chacun peut jouer un r\u00f4le actif dans la protection des h\u00e9rissons. Nos initiatives de science citoyenne permettent \u00e0 chacun, quelle que soit son exp\u00e9rience, de contribuer directement \u00e0 la recherche et \u00e0 la conservation. En collectant et en partageant des donn\u00e9es, vous nous aidez \u00e0 comprendre [&hellip;]<\/p>\n","protected":false},"author":1,"featured_media":0,"parent":24067,"menu_order":0,"comment_status":"closed","ping_status":"closed","template":"","meta":{"_monsterinsights_skip_tracking":false,"_monsterinsights_sitenote_active":false,"_monsterinsights_sitenote_note":"","_monsterinsights_sitenote_category":0,"site-sidebar-layout":"default","site-content-layout":"","ast-site-content-layout":"default","site-content-style":"default","site-sidebar-style":"default","ast-global-header-display":"","ast-banner-title-visibility":"","ast-main-header-display":"","ast-hfb-above-header-display":"","ast-hfb-below-header-display":"","ast-hfb-mobile-header-display":"","site-post-title":"","ast-breadcrumbs-content":"","ast-featured-img":"","footer-sml-layout":"","ast-disable-related-posts":"","theme-transparent-header-meta":"","adv-header-id-meta":"","stick-header-meta":"","header-above-stick-meta":"","header-main-stick-meta":"","header-below-stick-meta":"","astra-migrate-meta-layouts":"default","ast-page-background-enabled":"default","ast-page-background-meta":{"desktop":{"background-color":"var(--ast-global-color-4)","background-image":"","background-repeat":"repeat","background-position":"center center","background-size":"auto","background-attachment":"scroll","background-type":"","background-media":"","overlay-type":"","overlay-color":"","overlay-opacity":"","overlay-gradient":""},"tablet":{"background-color":"","background-image":"","background-repeat":"repeat","background-position":"center center","background-size":"auto","background-attachment":"scroll","background-type":"","background-media":"","overlay-type":"","overlay-color":"","overlay-opacity":"","overlay-gradient":""},"mobile":{"background-color":"","background-image":"","background-repeat":"repeat","background-position":"center center","background-size":"auto","background-attachment":"scroll","background-type":"","background-media":"","overlay-type":"","overlay-color":"","overlay-opacity":"","overlay-gradient":""}},"ast-content-background-meta":{"desktop":{"background-color":"var(--ast-global-color-5)","background-image":"","background-repeat":"repeat","background-position":"center center","background-size":"auto","background-attachment":"scroll","background-type":"","background-media":"","overlay-type":"","overlay-color":"","overlay-opacity":"","overlay-gradient":""},"tablet":{"background-color":"var(--ast-global-color-5)","background-image":"","background-repeat":"repeat","background-position":"center center","background-size":"auto","background-attachment":"scroll","background-type":"","background-media":"","overlay-type":"","overlay-color":"","overlay-opacity":"","overlay-gradient":""},"mobile":{"background-color":"var(--ast-global-color-5)","background-image":"","background-repeat":"repeat","background-position":"center center","background-size":"auto","background-attachment":"scroll","background-type":"","background-media":"","overlay-type":"","overlay-color":"","overlay-opacity":"","overlay-gradient":""}},"footnotes":""},"class_list":["post-24077","page","type-page","status-publish","hentry"],"yoast_head":"<!-- This site is optimized with the Yoast SEO plugin v27.3 - https:\/\/yoast.com\/product\/yoast-seo-wordpress\/ -->\n<title>Science citoyenne &#187; The Hedgehog Program<\/title>\n<meta name=\"robots\" content=\"index, follow, max-snippet:-1, max-image-preview:large, max-video-preview:-1\" \/>\n<link rel=\"canonical\" href=\"https:\/\/vh2023vjmwd-0.hosting-space.nl\/fr\/participation\/science-citoyenne\/\" \/>\n<meta property=\"og:locale\" content=\"fr_FR\" \/>\n<meta property=\"og:type\" content=\"article\" \/>\n<meta property=\"og:title\" content=\"Science citoyenne &#187; The Hedgehog Program\" \/>\n<meta property=\"og:description\" content=\"Science citoyenne Introduction Au Programme Hedgehog, nous pensons que chacun peut jouer un r\u00f4le actif dans la protection des h\u00e9rissons. Nos initiatives de science citoyenne permettent \u00e0 chacun, quelle que soit son exp\u00e9rience, de contribuer directement \u00e0 la recherche et \u00e0 la conservation. En collectant et en partageant des donn\u00e9es, vous nous aidez \u00e0 comprendre [&hellip;]\" \/>\n<meta property=\"og:url\" content=\"https:\/\/vh2023vjmwd-0.hosting-space.nl\/fr\/participation\/science-citoyenne\/\" \/>\n<meta property=\"og:site_name\" content=\"The Hedgehog Program\" \/>\n<meta property=\"article:publisher\" content=\"https:\/\/www.facebook.com\/hedgehogprogram\" \/>\n<meta property=\"article:modified_time\" content=\"2026-03-09T12:43:31+00:00\" \/>\n<meta property=\"og:image\" content=\"https:\/\/hedgehogprogram.com\/wp-content\/uploads\/2025\/08\/animal-2636367_1280-1024x683.jpg\" \/>\n<meta name=\"twitter:card\" content=\"summary_large_image\" \/>\n<meta name=\"twitter:label1\" content=\"Dur\u00e9e de lecture estim\u00e9e\" \/>\n\t<meta name=\"twitter:data1\" content=\"2 minutes\" \/>\n<script type=\"application\/ld+json\" class=\"yoast-schema-graph\">{\"@context\":\"https:\\\/\\\/schema.org\",\"@graph\":[{\"@type\":\"WebPage\",\"@id\":\"https:\\\/\\\/vh2023vjmwd-0.hosting-space.nl\\\/fr\\\/participation\\\/science-citoyenne\\\/\",\"url\":\"https:\\\/\\\/vh2023vjmwd-0.hosting-space.nl\\\/fr\\\/participation\\\/science-citoyenne\\\/\",\"name\":\"Science citoyenne &#187; The Hedgehog Program\",\"isPartOf\":{\"@id\":\"https:\\\/\\\/www.hedgehogprogram.com\\\/de\\\/#website\"},\"primaryImageOfPage\":{\"@id\":\"https:\\\/\\\/vh2023vjmwd-0.hosting-space.nl\\\/fr\\\/participation\\\/science-citoyenne\\\/#primaryimage\"},\"image\":{\"@id\":\"https:\\\/\\\/vh2023vjmwd-0.hosting-space.nl\\\/fr\\\/participation\\\/science-citoyenne\\\/#primaryimage\"},\"thumbnailUrl\":\"https:\\\/\\\/hedgehogprogram.com\\\/wp-content\\\/uploads\\\/2025\\\/08\\\/animal-2636367_1280-1024x683.jpg\",\"datePublished\":\"2025-08-05T17:25:10+00:00\",\"dateModified\":\"2026-03-09T12:43:31+00:00\",\"breadcrumb\":{\"@id\":\"https:\\\/\\\/vh2023vjmwd-0.hosting-space.nl\\\/fr\\\/participation\\\/science-citoyenne\\\/#breadcrumb\"},\"inLanguage\":\"fr-FR\",\"potentialAction\":[{\"@type\":\"ReadAction\",\"target\":[\"https:\\\/\\\/vh2023vjmwd-0.hosting-space.nl\\\/fr\\\/participation\\\/science-citoyenne\\\/\"]}]},{\"@type\":\"ImageObject\",\"inLanguage\":\"fr-FR\",\"@id\":\"https:\\\/\\\/vh2023vjmwd-0.hosting-space.nl\\\/fr\\\/participation\\\/science-citoyenne\\\/#primaryimage\",\"url\":\"https:\\\/\\\/hedgehogprogram.com\\\/wp-content\\\/uploads\\\/2025\\\/08\\\/animal-2636367_1280-1024x683.jpg\",\"contentUrl\":\"https:\\\/\\\/hedgehogprogram.com\\\/wp-content\\\/uploads\\\/2025\\\/08\\\/animal-2636367_1280-1024x683.jpg\"},{\"@type\":\"BreadcrumbList\",\"@id\":\"https:\\\/\\\/vh2023vjmwd-0.hosting-space.nl\\\/fr\\\/participation\\\/science-citoyenne\\\/#breadcrumb\",\"itemListElement\":[{\"@type\":\"ListItem\",\"position\":1,\"name\":\"Home\",\"item\":\"https:\\\/\\\/www.hedgehogprogram.com\\\/fr\\\/\"},{\"@type\":\"ListItem\",\"position\":2,\"name\":\"Participation\",\"item\":\"https:\\\/\\\/www.hedgehogprogram.com\\\/fr\\\/participation\\\/\"},{\"@type\":\"ListItem\",\"position\":3,\"name\":\"Science citoyenne\"}]},{\"@type\":\"WebSite\",\"@id\":\"https:\\\/\\\/www.hedgehogprogram.com\\\/de\\\/#website\",\"url\":\"https:\\\/\\\/www.hedgehogprogram.com\\\/de\\\/\",\"name\":\"The Hedgehog Program\",\"description\":\"The Hedgehog Program is an online platform of research and education about hedgehogs and tenrecs.\",\"publisher\":{\"@id\":\"https:\\\/\\\/www.hedgehogprogram.com\\\/de\\\/#organization\"},\"alternateName\":\"THP\",\"potentialAction\":[{\"@type\":\"SearchAction\",\"target\":{\"@type\":\"EntryPoint\",\"urlTemplate\":\"https:\\\/\\\/www.hedgehogprogram.com\\\/de\\\/?s={search_term_string}\"},\"query-input\":{\"@type\":\"PropertyValueSpecification\",\"valueRequired\":true,\"valueName\":\"search_term_string\"}}],\"inLanguage\":\"fr-FR\"},{\"@type\":\"Organization\",\"@id\":\"https:\\\/\\\/www.hedgehogprogram.com\\\/de\\\/#organization\",\"name\":\"The Hedgehog Program\",\"alternateName\":\"THP\",\"url\":\"https:\\\/\\\/www.hedgehogprogram.com\\\/de\\\/\",\"logo\":{\"@type\":\"ImageObject\",\"inLanguage\":\"fr-FR\",\"@id\":\"https:\\\/\\\/www.hedgehogprogram.com\\\/de\\\/#\\\/schema\\\/logo\\\/image\\\/\",\"url\":\"https:\\\/\\\/www.hedgehogprogram.com\\\/wp-content\\\/uploads\\\/2022\\\/11\\\/logo-klein.png\",\"contentUrl\":\"https:\\\/\\\/www.hedgehogprogram.com\\\/wp-content\\\/uploads\\\/2022\\\/11\\\/logo-klein.png\",\"width\":250,\"height\":125,\"caption\":\"The Hedgehog Program\"},\"image\":{\"@id\":\"https:\\\/\\\/www.hedgehogprogram.com\\\/de\\\/#\\\/schema\\\/logo\\\/image\\\/\"},\"sameAs\":[\"https:\\\/\\\/www.facebook.com\\\/hedgehogprogram\",\"https:\\\/\\\/www.linkedin.com\\\/company\\\/hedgehogprogram\\\/\",\"https:\\\/\\\/www.tiktok.com\\\/@hedgehogprogram\"]}]}<\/script>\n<!-- \/ Yoast SEO plugin. -->","yoast_head_json":{"title":"Science citoyenne &#187; The Hedgehog Program","robots":{"index":"index","follow":"follow","max-snippet":"max-snippet:-1","max-image-preview":"max-image-preview:large","max-video-preview":"max-video-preview:-1"},"canonical":"https:\/\/vh2023vjmwd-0.hosting-space.nl\/fr\/participation\/science-citoyenne\/","og_locale":"fr_FR","og_type":"article","og_title":"Science citoyenne &#187; The Hedgehog Program","og_description":"Science citoyenne Introduction Au Programme Hedgehog, nous pensons que chacun peut jouer un r\u00f4le actif dans la protection des h\u00e9rissons. Nos initiatives de science citoyenne permettent \u00e0 chacun, quelle que soit son exp\u00e9rience, de contribuer directement \u00e0 la recherche et \u00e0 la conservation. En collectant et en partageant des donn\u00e9es, vous nous aidez \u00e0 comprendre [&hellip;]","og_url":"https:\/\/vh2023vjmwd-0.hosting-space.nl\/fr\/participation\/science-citoyenne\/","og_site_name":"The Hedgehog Program","article_publisher":"https:\/\/www.facebook.com\/hedgehogprogram","article_modified_time":"2026-03-09T12:43:31+00:00","og_image":[{"url":"https:\/\/hedgehogprogram.com\/wp-content\/uploads\/2025\/08\/animal-2636367_1280-1024x683.jpg","type":"","width":"","height":""}],"twitter_card":"summary_large_image","twitter_misc":{"Dur\u00e9e de lecture estim\u00e9e":"2 minutes"},"schema":{"@context":"https:\/\/schema.org","@graph":[{"@type":"WebPage","@id":"https:\/\/vh2023vjmwd-0.hosting-space.nl\/fr\/participation\/science-citoyenne\/","url":"https:\/\/vh2023vjmwd-0.hosting-space.nl\/fr\/participation\/science-citoyenne\/","name":"Science citoyenne &#187; The Hedgehog Program","isPartOf":{"@id":"https:\/\/www.hedgehogprogram.com\/de\/#website"},"primaryImageOfPage":{"@id":"https:\/\/vh2023vjmwd-0.hosting-space.nl\/fr\/participation\/science-citoyenne\/#primaryimage"},"image":{"@id":"https:\/\/vh2023vjmwd-0.hosting-space.nl\/fr\/participation\/science-citoyenne\/#primaryimage"},"thumbnailUrl":"https:\/\/hedgehogprogram.com\/wp-content\/uploads\/2025\/08\/animal-2636367_1280-1024x683.jpg","datePublished":"2025-08-05T17:25:10+00:00","dateModified":"2026-03-09T12:43:31+00:00","breadcrumb":{"@id":"https:\/\/vh2023vjmwd-0.hosting-space.nl\/fr\/participation\/science-citoyenne\/#breadcrumb"},"inLanguage":"fr-FR","potentialAction":[{"@type":"ReadAction","target":["https:\/\/vh2023vjmwd-0.hosting-space.nl\/fr\/participation\/science-citoyenne\/"]}]},{"@type":"ImageObject","inLanguage":"fr-FR","@id":"https:\/\/vh2023vjmwd-0.hosting-space.nl\/fr\/participation\/science-citoyenne\/#primaryimage","url":"https:\/\/hedgehogprogram.com\/wp-content\/uploads\/2025\/08\/animal-2636367_1280-1024x683.jpg","contentUrl":"https:\/\/hedgehogprogram.com\/wp-content\/uploads\/2025\/08\/animal-2636367_1280-1024x683.jpg"},{"@type":"BreadcrumbList","@id":"https:\/\/vh2023vjmwd-0.hosting-space.nl\/fr\/participation\/science-citoyenne\/#breadcrumb","itemListElement":[{"@type":"ListItem","position":1,"name":"Home","item":"https:\/\/www.hedgehogprogram.com\/fr\/"},{"@type":"ListItem","position":2,"name":"Participation","item":"https:\/\/www.hedgehogprogram.com\/fr\/participation\/"},{"@type":"ListItem","position":3,"name":"Science citoyenne"}]},{"@type":"WebSite","@id":"https:\/\/www.hedgehogprogram.com\/de\/#website","url":"https:\/\/www.hedgehogprogram.com\/de\/","name":"The Hedgehog Program","description":"The Hedgehog Program is an online platform of research and education about hedgehogs and tenrecs.","publisher":{"@id":"https:\/\/www.hedgehogprogram.com\/de\/#organization"},"alternateName":"THP","potentialAction":[{"@type":"SearchAction","target":{"@type":"EntryPoint","urlTemplate":"https:\/\/www.hedgehogprogram.com\/de\/?s={search_term_string}"},"query-input":{"@type":"PropertyValueSpecification","valueRequired":true,"valueName":"search_term_string"}}],"inLanguage":"fr-FR"},{"@type":"Organization","@id":"https:\/\/www.hedgehogprogram.com\/de\/#organization","name":"The Hedgehog Program","alternateName":"THP","url":"https:\/\/www.hedgehogprogram.com\/de\/","logo":{"@type":"ImageObject","inLanguage":"fr-FR","@id":"https:\/\/www.hedgehogprogram.com\/de\/#\/schema\/logo\/image\/","url":"https:\/\/www.hedgehogprogram.com\/wp-content\/uploads\/2022\/11\/logo-klein.png","contentUrl":"https:\/\/www.hedgehogprogram.com\/wp-content\/uploads\/2022\/11\/logo-klein.png","width":250,"height":125,"caption":"The Hedgehog Program"},"image":{"@id":"https:\/\/www.hedgehogprogram.com\/de\/#\/schema\/logo\/image\/"},"sameAs":["https:\/\/www.facebook.com\/hedgehogprogram","https:\/\/www.linkedin.com\/company\/hedgehogprogram\/","https:\/\/www.tiktok.com\/@hedgehogprogram"]}]}},"_links":{"self":[{"href":"https:\/\/vh2023vjmwd-0.hosting-space.nl\/fr\/wp-json\/wp\/v2\/pages\/24077","targetHints":{"allow":["GET"]}}],"collection":[{"href":"https:\/\/vh2023vjmwd-0.hosting-space.nl\/fr\/wp-json\/wp\/v2\/pages"}],"about":[{"href":"https:\/\/vh2023vjmwd-0.hosting-space.nl\/fr\/wp-json\/wp\/v2\/types\/page"}],"author":[{"embeddable":true,"href":"https:\/\/vh2023vjmwd-0.hosting-space.nl\/fr\/wp-json\/wp\/v2\/users\/1"}],"replies":[{"embeddable":true,"href":"https:\/\/vh2023vjmwd-0.hosting-space.nl\/fr\/wp-json\/wp\/v2\/comments?post=24077"}],"version-history":[{"count":2,"href":"https:\/\/vh2023vjmwd-0.hosting-space.nl\/fr\/wp-json\/wp\/v2\/pages\/24077\/revisions"}],"predecessor-version":[{"id":25627,"href":"https:\/\/vh2023vjmwd-0.hosting-space.nl\/fr\/wp-json\/wp\/v2\/pages\/24077\/revisions\/25627"}],"up":[{"embeddable":true,"href":"https:\/\/vh2023vjmwd-0.hosting-space.nl\/fr\/wp-json\/wp\/v2\/pages\/24067"}],"wp:attachment":[{"href":"https:\/\/vh2023vjmwd-0.hosting-space.nl\/fr\/wp-json\/wp\/v2\/media?parent=24077"}],"curies":[{"name":"wp","href":"https:\/\/api.w.org\/{rel}","templated":true}]}}