{"id":24120,"date":"2025-07-20T11:13:00","date_gmt":"2025-07-20T09:13:00","guid":{"rendered":"https:\/\/hedgehogprogram.com\/participation\/projets-de-benevolat\/"},"modified":"2025-11-07T10:15:49","modified_gmt":"2025-11-07T09:15:49","slug":"projets-de-benevolat","status":"publish","type":"page","link":"https:\/\/vh2023vjmwd-0.hosting-space.nl\/fr\/participation\/projets-de-benevolat\/","title":{"rendered":"Projets de b\u00e9n\u00e9volat"},"content":{"rendered":"\n<h2 class=\"wp-block-heading\">Projets de b\u00e9n\u00e9volat<\/h2>\n\n<div class=\"wp-block-cover alignfull\"><img loading=\"lazy\" decoding=\"async\" width=\"1024\" height=\"682\" class=\"wp-block-cover__image-background wp-image-21281 size-large\" alt=\"\" src=\"https:\/\/hedgehogprogram.com\/wp-content\/uploads\/2025\/08\/nature-2340449_1280-1024x682.jpg\" data-object-fit=\"cover\" srcset=\"https:\/\/vh2023vjmwd-0.hosting-space.nl\/wp-content\/uploads\/2025\/08\/nature-2340449_1280-1024x682.jpg 1024w, https:\/\/vh2023vjmwd-0.hosting-space.nl\/wp-content\/uploads\/2025\/08\/nature-2340449_1280-768x512.jpg 768w, https:\/\/vh2023vjmwd-0.hosting-space.nl\/wp-content\/uploads\/2025\/08\/nature-2340449_1280-600x400.jpg 600w, https:\/\/vh2023vjmwd-0.hosting-space.nl\/wp-content\/uploads\/2025\/08\/nature-2340449_1280-75x50.jpg 75w, https:\/\/vh2023vjmwd-0.hosting-space.nl\/wp-content\/uploads\/2025\/08\/nature-2340449_1280.jpg 1280w\" sizes=\"auto, (max-width: 1024px) 100vw, 1024px\" \/><span aria-hidden=\"true\" class=\"wp-block-cover__background has-ast-global-color-3-background-color has-background-dim-60 has-background-dim\"><\/span><div class=\"wp-block-cover__inner-container is-layout-constrained wp-block-cover-is-layout-constrained\">\n<p class=\"has-text-align-center has-white-color has-text-color has-link-color has-medium-font-size wp-elements-bf67cfd393439879b98d2d008e8ebebd\">Participez \u00e0 des projets concrets qui contribuent directement \u00e0 la conservation des h\u00e9rissons. Travaillez aux c\u00f4t\u00e9s d&rsquo;autres passionn\u00e9s et acqu\u00e9rez une exp\u00e9rience pratique. <\/p>\n<\/div><\/div>\n\n<div class=\"wp-block-group alignfull has-white-background-color has-background is-layout-constrained wp-block-group-is-layout-constrained\">\n<h4 class=\"wp-block-heading\">Introduction<\/h4>\n\n\n\n<p>Le b\u00e9n\u00e9volat au sein The Hedgehog Program consiste \u00e0 agir concr\u00e8tement, sur le terrain, dans votre communaut\u00e9 ou aux c\u00f4t\u00e9s d&rsquo;organisations partenaires, pour prot\u00e9ger les h\u00e9rissons et leurs habitats. Que vous participiez \u00e0 la collecte de donn\u00e9es, \u00e0 l&rsquo;am\u00e9lioration des habitats ou au partage de connaissances, votre contribution a un impact direct. Bien que nous d\u00e9veloppions actuellement nos propres projets de b\u00e9n\u00e9volat, cette page pr\u00e9sentera \u00e9galement des opportunit\u00e9s offertes par nos partenaires de confiance afin que vous puissiez vous impliquer d\u00e8s maintenant.  <\/p>\n<\/div>\n\n<div class=\"wp-block-group alignfull has-ast-global-color-5-background-color has-background is-layout-constrained wp-block-group-is-layout-constrained\">\n<h4 class=\"wp-block-heading has-text-align-center\">En quoi consiste le b\u00e9n\u00e9volat<\/h4>\n\n\n\n<div class=\"wp-block-columns is-layout-flex wp-container-core-columns-is-layout-28f84493 wp-block-columns-is-layout-flex\">\n<div class=\"wp-block-column is-layout-flow wp-block-column-is-layout-flow\">\n<div class=\"wp-block-font-awesome-icon wp-font-awesome-icon\" style=\"display:flex;justify-content:center\"><svg xmlns=\"http:\/\/www.w3.org\/2000\/svg\" aria-hidden=\"true\" focusable=\"false\" data-prefix=\"fas\" data-icon=\"chart-simple\" class=\"svg-inline--fa fa-chart-simple \" role=\"img\" viewbox=\"0 0 448 512\" style=\"font-size:4em\" color=\"var(--ast-global-color-1)\"><path fill=\"currentColor\" d=\"M160 80c0-26.5 21.5-48 48-48l32 0c26.5 0 48 21.5 48 48l0 352c0 26.5-21.5 48-48 48l-32 0c-26.5 0-48-21.5-48-48l0-352zM0 272c0-26.5 21.5-48 48-48l32 0c26.5 0 48 21.5 48 48l0 160c0 26.5-21.5 48-48 48l-32 0c-26.5 0-48-21.5-48-48L0 272zM368 96l32 0c26.5 0 48 21.5 48 48l0 288c0 26.5-21.5 48-48 48l-32 0c-26.5 0-48-21.5-48-48l0-288c0-26.5 21.5-48 48-48z\"><\/path><\/svg><\/div>\n\n\n\n<h5 class=\"wp-block-heading has-text-align-center\">Travaux de terrain et suivi<\/h5>\n\n\n\n<p class=\"has-text-align-center\">Participer \u00e0 la collecte de donn\u00e9es pr\u00e9cieuses sur les populations et le comportement des h\u00e9rissons. Cela peut inclure le signalement des observations, la mise en place de dispositifs de surveillance et l&rsquo;aide \u00e0 l&rsquo;identification des menaces potentielles. <\/p>\n<\/div>\n\n\n\n<div class=\"wp-block-column is-layout-flow wp-block-column-is-layout-flow\">\n<div class=\"wp-block-font-awesome-icon wp-font-awesome-icon\" style=\"display:flex;justify-content:center\"><svg xmlns=\"http:\/\/www.w3.org\/2000\/svg\" aria-hidden=\"true\" focusable=\"false\" data-prefix=\"fas\" data-icon=\"tree\" class=\"svg-inline--fa fa-tree \" role=\"img\" viewbox=\"0 0 448 512\" style=\"font-size:4em\" color=\"var(--ast-global-color-1)\"><path fill=\"currentColor\" d=\"M210.6 5.9L62 169.4c-3.9 4.2-6 9.8-6 15.5C56 197.7 66.3 208 79.1 208l24.9 0L30.6 281.4c-4.2 4.2-6.6 10-6.6 16C24 309.9 34.1 320 46.6 320L80 320 5.4 409.5C1.9 413.7 0 419 0 424.5c0 13 10.5 23.5 23.5 23.5L192 448l0 32c0 17.7 14.3 32 32 32s32-14.3 32-32l0-32 168.5 0c13 0 23.5-10.5 23.5-23.5c0-5.5-1.9-10.8-5.4-15L368 320l33.4 0c12.5 0 22.6-10.1 22.6-22.6c0-6-2.4-11.8-6.6-16L344 208l24.9 0c12.7 0 23.1-10.3 23.1-23.1c0-5.7-2.1-11.3-6-15.5L237.4 5.9C234 2.1 229.1 0 224 0s-10 2.1-13.4 5.9z\"><\/path><\/svg><\/div>\n\n\n\n<h5 class=\"wp-block-heading has-text-align-center\">Am\u00e9lioration de l&rsquo;habitat<\/h5>\n\n\n\n<p class=\"has-text-align-center\">Participez \u00e0 la cr\u00e9ation et \u00e0 l&rsquo;entretien d&rsquo;espaces s\u00fbrs pour les h\u00e9rissons. Les activit\u00e9s peuvent inclure la plantation de v\u00e9g\u00e9tation indig\u00e8ne, la construction d&rsquo;abris et l&rsquo;am\u00e9nagement de jardins ou d&rsquo;espaces verts plus accueillants pour la faune sauvage. <\/p>\n<\/div>\n\n\n\n<div class=\"wp-block-column is-layout-flow wp-block-column-is-layout-flow\">\n<div class=\"wp-block-font-awesome-icon wp-font-awesome-icon\" style=\"display:flex;justify-content:center\"><svg xmlns=\"http:\/\/www.w3.org\/2000\/svg\" aria-hidden=\"true\" focusable=\"false\" data-prefix=\"fas\" data-icon=\"chalkboard-user\" class=\"svg-inline--fa fa-chalkboard-user \" role=\"img\" viewbox=\"0 0 640 512\" style=\"font-size:4em\" color=\"var(--ast-global-color-1)\"><path fill=\"currentColor\" d=\"M160 64c0-35.3 28.7-64 64-64L576 0c35.3 0 64 28.7 64 64l0 288c0 35.3-28.7 64-64 64l-239.2 0c-11.8-25.5-29.9-47.5-52.4-64l99.6 0 0-32c0-17.7 14.3-32 32-32l64 0c17.7 0 32 14.3 32 32l0 32 64 0 0-288L224 64l0 49.1C205.2 102.2 183.3 96 160 96l0-32zm0 64a96 96 0 1 1 0 192 96 96 0 1 1 0-192zM133.3 352l53.3 0C260.3 352 320 411.7 320 485.3c0 14.7-11.9 26.7-26.7 26.7L26.7 512C11.9 512 0 500.1 0 485.3C0 411.7 59.7 352 133.3 352z\"><\/path><\/svg><\/div>\n\n\n\n<h5 class=\"wp-block-heading has-text-align-center\">\u00c9ducation et sensibilisation<\/h5>\n\n\n\n<p class=\"has-text-align-center\">Contribuez \u00e0 sensibiliser votre communaut\u00e9 en partageant vos connaissances sur les h\u00e9rissons et la biodiversit\u00e9. Vous pouvez, par exemple, donner des conf\u00e9rences, participer \u00e0 des \u00e9v\u00e9nements ou soutenir des activit\u00e9s \u00e9ducatives pour les \u00e9coles et les groupes. <\/p>\n<\/div>\n<\/div>\n<\/div>\n\n<div class=\"wp-block-group alignfull has-white-background-color has-background is-layout-constrained wp-block-group-is-layout-constrained\">\n<h4 class=\"wp-block-heading\">Projets en cours<\/h4>\n\n\n<ul class=\"wp-block-latest-posts__list is-grid columns-3 wp-block-latest-posts\"><\/ul><\/div>\n\n<div class=\"wp-block-group alignfull has-ast-global-color-5-background-color has-background is-layout-constrained wp-block-group-is-layout-constrained\">\n<h4 class=\"wp-block-heading\">Comment s&rsquo;inscrire<\/h4>\n\n\n\n<p>Si le b\u00e9n\u00e9volat vous int\u00e9resse, n&rsquo;h\u00e9sitez pas \u00e0 nous contacter. Aucune exp\u00e9rience n&rsquo;est requise : votre enthousiasme, votre fiabilit\u00e9 et votre envie d&rsquo;apprendre sont essentiels. Inscrivez-vous via notre formulaire d&rsquo;int\u00e9r\u00eat pour le b\u00e9n\u00e9volat et nous vous informerons des nouveaux projets disponibles. Vous pouvez \u00e9galement choisir de recevoir des informations sur les initiatives de nos partenaires qui correspondent \u00e0 vos comp\u00e9tences et \u00e0 vos centres d&rsquo;int\u00e9r\u00eat.   <\/p>\n\n\n\n<div class=\"wp-block-buttons is-layout-flex wp-block-buttons-is-layout-flex\">\n<div class=\"wp-block-button\"><a class=\"wp-block-button__link wp-element-button\">Inscrivez-vous pour recevoir les mises \u00e0 jour<\/a><\/div>\n<\/div>\n<\/div>\n\n<p><\/p>\n","protected":false},"excerpt":{"rendered":"<p>Projets de b\u00e9n\u00e9volat Introduction Le b\u00e9n\u00e9volat au sein The Hedgehog Program consiste \u00e0 agir concr\u00e8tement, sur le terrain, dans votre communaut\u00e9 ou aux c\u00f4t\u00e9s d&rsquo;organisations partenaires, pour prot\u00e9ger les h\u00e9rissons et leurs habitats. Que vous participiez \u00e0 la collecte de donn\u00e9es, \u00e0 l&rsquo;am\u00e9lioration des habitats ou au partage de connaissances, votre contribution a un impact [&hellip;]<\/p>\n","protected":false},"author":1,"featured_media":0,"parent":24067,"menu_order":0,"comment_status":"closed","ping_status":"closed","template":"","meta":{"_monsterinsights_skip_tracking":false,"_monsterinsights_sitenote_active":false,"_monsterinsights_sitenote_note":"","_monsterinsights_sitenote_category":0,"site-sidebar-layout":"default","site-content-layout":"","ast-site-content-layout":"default","site-content-style":"default","site-sidebar-style":"default","ast-global-header-display":"","ast-banner-title-visibility":"","ast-main-header-display":"","ast-hfb-above-header-display":"","ast-hfb-below-header-display":"","ast-hfb-mobile-header-display":"","site-post-title":"","ast-breadcrumbs-content":"","ast-featured-img":"","footer-sml-layout":"","ast-disable-related-posts":"","theme-transparent-header-meta":"","adv-header-id-meta":"","stick-header-meta":"","header-above-stick-meta":"","header-main-stick-meta":"","header-below-stick-meta":"","astra-migrate-meta-layouts":"default","ast-page-background-enabled":"default","ast-page-background-meta":{"desktop":{"background-color":"var(--ast-global-color-4)","background-image":"","background-repeat":"repeat","background-position":"center center","background-size":"auto","background-attachment":"scroll","background-type":"","background-media":"","overlay-type":"","overlay-color":"","overlay-opacity":"","overlay-gradient":""},"tablet":{"background-color":"","background-image":"","background-repeat":"repeat","background-position":"center center","background-size":"auto","background-attachment":"scroll","background-type":"","background-media":"","overlay-type":"","overlay-color":"","overlay-opacity":"","overlay-gradient":""},"mobile":{"background-color":"","background-image":"","background-repeat":"repeat","background-position":"center center","background-size":"auto","background-attachment":"scroll","background-type":"","background-media":"","overlay-type":"","overlay-color":"","overlay-opacity":"","overlay-gradient":""}},"ast-content-background-meta":{"desktop":{"background-color":"var(--ast-global-color-5)","background-image":"","background-repeat":"repeat","background-position":"center center","background-size":"auto","background-attachment":"scroll","background-type":"","background-media":"","overlay-type":"","overlay-color":"","overlay-opacity":"","overlay-gradient":""},"tablet":{"background-color":"var(--ast-global-color-5)","background-image":"","background-repeat":"repeat","background-position":"center center","background-size":"auto","background-attachment":"scroll","background-type":"","background-media":"","overlay-type":"","overlay-color":"","overlay-opacity":"","overlay-gradient":""},"mobile":{"background-color":"var(--ast-global-color-5)","background-image":"","background-repeat":"repeat","background-position":"center center","background-size":"auto","background-attachment":"scroll","background-type":"","background-media":"","overlay-type":"","overlay-color":"","overlay-opacity":"","overlay-gradient":""}},"footnotes":""},"class_list":["post-24120","page","type-page","status-publish","hentry"],"yoast_head":"<!-- This site is optimized with the Yoast SEO plugin v27.4 - https:\/\/yoast.com\/product\/yoast-seo-wordpress\/ -->\n<title>Projets de b\u00e9n\u00e9volat &#187; The Hedgehog Program<\/title>\n<meta name=\"robots\" content=\"index, follow, max-snippet:-1, max-image-preview:large, max-video-preview:-1\" \/>\n<link rel=\"canonical\" href=\"https:\/\/vh2023vjmwd-0.hosting-space.nl\/fr\/participation\/projets-de-benevolat\/\" \/>\n<meta property=\"og:locale\" content=\"fr_FR\" \/>\n<meta property=\"og:type\" content=\"article\" \/>\n<meta property=\"og:title\" content=\"Projets de b\u00e9n\u00e9volat &#187; The Hedgehog Program\" \/>\n<meta property=\"og:description\" content=\"Projets de b\u00e9n\u00e9volat Introduction Le b\u00e9n\u00e9volat au sein The Hedgehog Program consiste \u00e0 agir concr\u00e8tement, sur le terrain, dans votre communaut\u00e9 ou aux c\u00f4t\u00e9s d&rsquo;organisations partenaires, pour prot\u00e9ger les h\u00e9rissons et leurs habitats. Que vous participiez \u00e0 la collecte de donn\u00e9es, \u00e0 l&rsquo;am\u00e9lioration des habitats ou au partage de connaissances, votre contribution a un impact [&hellip;]\" \/>\n<meta property=\"og:url\" content=\"https:\/\/vh2023vjmwd-0.hosting-space.nl\/fr\/participation\/projets-de-benevolat\/\" \/>\n<meta property=\"og:site_name\" content=\"The Hedgehog Program\" \/>\n<meta property=\"article:publisher\" content=\"https:\/\/www.facebook.com\/hedgehogprogram\" \/>\n<meta property=\"article:modified_time\" content=\"2025-11-07T09:15:49+00:00\" \/>\n<meta property=\"og:image\" content=\"https:\/\/hedgehogprogram.com\/wp-content\/uploads\/2025\/08\/nature-2340449_1280-1024x682.jpg\" \/>\n<meta name=\"twitter:card\" content=\"summary_large_image\" \/>\n<meta name=\"twitter:label1\" content=\"Dur\u00e9e de lecture estim\u00e9e\" \/>\n\t<meta name=\"twitter:data1\" content=\"2 minutes\" \/>\n<script type=\"application\/ld+json\" class=\"yoast-schema-graph\">{\"@context\":\"https:\\\/\\\/schema.org\",\"@graph\":[{\"@type\":\"WebPage\",\"@id\":\"https:\\\/\\\/vh2023vjmwd-0.hosting-space.nl\\\/fr\\\/participation\\\/projets-de-benevolat\\\/\",\"url\":\"https:\\\/\\\/vh2023vjmwd-0.hosting-space.nl\\\/fr\\\/participation\\\/projets-de-benevolat\\\/\",\"name\":\"Projets de b\u00e9n\u00e9volat &#187; The Hedgehog Program\",\"isPartOf\":{\"@id\":\"https:\\\/\\\/hedgehogprogram.com\\\/#website\"},\"primaryImageOfPage\":{\"@id\":\"https:\\\/\\\/vh2023vjmwd-0.hosting-space.nl\\\/fr\\\/participation\\\/projets-de-benevolat\\\/#primaryimage\"},\"image\":{\"@id\":\"https:\\\/\\\/vh2023vjmwd-0.hosting-space.nl\\\/fr\\\/participation\\\/projets-de-benevolat\\\/#primaryimage\"},\"thumbnailUrl\":\"https:\\\/\\\/hedgehogprogram.com\\\/wp-content\\\/uploads\\\/2025\\\/08\\\/nature-2340449_1280-1024x682.jpg\",\"datePublished\":\"2025-07-20T09:13:00+00:00\",\"dateModified\":\"2025-11-07T09:15:49+00:00\",\"breadcrumb\":{\"@id\":\"https:\\\/\\\/vh2023vjmwd-0.hosting-space.nl\\\/fr\\\/participation\\\/projets-de-benevolat\\\/#breadcrumb\"},\"inLanguage\":\"fr-FR\",\"potentialAction\":[{\"@type\":\"ReadAction\",\"target\":[\"https:\\\/\\\/vh2023vjmwd-0.hosting-space.nl\\\/fr\\\/participation\\\/projets-de-benevolat\\\/\"]}]},{\"@type\":\"ImageObject\",\"inLanguage\":\"fr-FR\",\"@id\":\"https:\\\/\\\/vh2023vjmwd-0.hosting-space.nl\\\/fr\\\/participation\\\/projets-de-benevolat\\\/#primaryimage\",\"url\":\"https:\\\/\\\/hedgehogprogram.com\\\/wp-content\\\/uploads\\\/2025\\\/08\\\/nature-2340449_1280-1024x682.jpg\",\"contentUrl\":\"https:\\\/\\\/hedgehogprogram.com\\\/wp-content\\\/uploads\\\/2025\\\/08\\\/nature-2340449_1280-1024x682.jpg\"},{\"@type\":\"BreadcrumbList\",\"@id\":\"https:\\\/\\\/vh2023vjmwd-0.hosting-space.nl\\\/fr\\\/participation\\\/projets-de-benevolat\\\/#breadcrumb\",\"itemListElement\":[{\"@type\":\"ListItem\",\"position\":1,\"name\":\"Home\",\"item\":\"https:\\\/\\\/hedgehogprogram.com\\\/fr\\\/\"},{\"@type\":\"ListItem\",\"position\":2,\"name\":\"Participation\",\"item\":\"https:\\\/\\\/hedgehogprogram.com\\\/fr\\\/participation\\\/\"},{\"@type\":\"ListItem\",\"position\":3,\"name\":\"Projets de b\u00e9n\u00e9volat\"}]},{\"@type\":\"WebSite\",\"@id\":\"https:\\\/\\\/hedgehogprogram.com\\\/#website\",\"url\":\"https:\\\/\\\/hedgehogprogram.com\\\/\",\"name\":\"The Hedgehog Program\",\"description\":\"The Hedgehog Program is an online platform of research and education about hedgehogs and tenrecs.\",\"publisher\":{\"@id\":\"https:\\\/\\\/hedgehogprogram.com\\\/#organization\"},\"alternateName\":\"THP\",\"potentialAction\":[{\"@type\":\"SearchAction\",\"target\":{\"@type\":\"EntryPoint\",\"urlTemplate\":\"https:\\\/\\\/hedgehogprogram.com\\\/?s={search_term_string}\"},\"query-input\":{\"@type\":\"PropertyValueSpecification\",\"valueRequired\":true,\"valueName\":\"search_term_string\"}}],\"inLanguage\":\"fr-FR\"},{\"@type\":\"Organization\",\"@id\":\"https:\\\/\\\/hedgehogprogram.com\\\/#organization\",\"name\":\"The Hedgehog Program\",\"alternateName\":\"THP\",\"url\":\"https:\\\/\\\/hedgehogprogram.com\\\/\",\"logo\":{\"@type\":\"ImageObject\",\"inLanguage\":\"fr-FR\",\"@id\":\"https:\\\/\\\/hedgehogprogram.com\\\/#\\\/schema\\\/logo\\\/image\\\/\",\"url\":\"https:\\\/\\\/www.hedgehogprogram.com\\\/wp-content\\\/uploads\\\/2022\\\/11\\\/logo-klein.png\",\"contentUrl\":\"https:\\\/\\\/www.hedgehogprogram.com\\\/wp-content\\\/uploads\\\/2022\\\/11\\\/logo-klein.png\",\"width\":250,\"height\":125,\"caption\":\"The Hedgehog Program\"},\"image\":{\"@id\":\"https:\\\/\\\/hedgehogprogram.com\\\/#\\\/schema\\\/logo\\\/image\\\/\"},\"sameAs\":[\"https:\\\/\\\/www.facebook.com\\\/hedgehogprogram\",\"https:\\\/\\\/www.linkedin.com\\\/company\\\/hedgehogprogram\\\/\",\"https:\\\/\\\/www.tiktok.com\\\/@hedgehogprogram\"]}]}<\/script>\n<!-- \/ Yoast SEO plugin. -->","yoast_head_json":{"title":"Projets de b\u00e9n\u00e9volat &#187; The Hedgehog Program","robots":{"index":"index","follow":"follow","max-snippet":"max-snippet:-1","max-image-preview":"max-image-preview:large","max-video-preview":"max-video-preview:-1"},"canonical":"https:\/\/vh2023vjmwd-0.hosting-space.nl\/fr\/participation\/projets-de-benevolat\/","og_locale":"fr_FR","og_type":"article","og_title":"Projets de b\u00e9n\u00e9volat &#187; The Hedgehog Program","og_description":"Projets de b\u00e9n\u00e9volat Introduction Le b\u00e9n\u00e9volat au sein The Hedgehog Program consiste \u00e0 agir concr\u00e8tement, sur le terrain, dans votre communaut\u00e9 ou aux c\u00f4t\u00e9s d&rsquo;organisations partenaires, pour prot\u00e9ger les h\u00e9rissons et leurs habitats. Que vous participiez \u00e0 la collecte de donn\u00e9es, \u00e0 l&rsquo;am\u00e9lioration des habitats ou au partage de connaissances, votre contribution a un impact [&hellip;]","og_url":"https:\/\/vh2023vjmwd-0.hosting-space.nl\/fr\/participation\/projets-de-benevolat\/","og_site_name":"The Hedgehog Program","article_publisher":"https:\/\/www.facebook.com\/hedgehogprogram","article_modified_time":"2025-11-07T09:15:49+00:00","og_image":[{"url":"https:\/\/hedgehogprogram.com\/wp-content\/uploads\/2025\/08\/nature-2340449_1280-1024x682.jpg","type":"","width":"","height":""}],"twitter_card":"summary_large_image","twitter_misc":{"Dur\u00e9e de lecture estim\u00e9e":"2 minutes"},"schema":{"@context":"https:\/\/schema.org","@graph":[{"@type":"WebPage","@id":"https:\/\/vh2023vjmwd-0.hosting-space.nl\/fr\/participation\/projets-de-benevolat\/","url":"https:\/\/vh2023vjmwd-0.hosting-space.nl\/fr\/participation\/projets-de-benevolat\/","name":"Projets de b\u00e9n\u00e9volat &#187; The Hedgehog Program","isPartOf":{"@id":"https:\/\/hedgehogprogram.com\/#website"},"primaryImageOfPage":{"@id":"https:\/\/vh2023vjmwd-0.hosting-space.nl\/fr\/participation\/projets-de-benevolat\/#primaryimage"},"image":{"@id":"https:\/\/vh2023vjmwd-0.hosting-space.nl\/fr\/participation\/projets-de-benevolat\/#primaryimage"},"thumbnailUrl":"https:\/\/hedgehogprogram.com\/wp-content\/uploads\/2025\/08\/nature-2340449_1280-1024x682.jpg","datePublished":"2025-07-20T09:13:00+00:00","dateModified":"2025-11-07T09:15:49+00:00","breadcrumb":{"@id":"https:\/\/vh2023vjmwd-0.hosting-space.nl\/fr\/participation\/projets-de-benevolat\/#breadcrumb"},"inLanguage":"fr-FR","potentialAction":[{"@type":"ReadAction","target":["https:\/\/vh2023vjmwd-0.hosting-space.nl\/fr\/participation\/projets-de-benevolat\/"]}]},{"@type":"ImageObject","inLanguage":"fr-FR","@id":"https:\/\/vh2023vjmwd-0.hosting-space.nl\/fr\/participation\/projets-de-benevolat\/#primaryimage","url":"https:\/\/hedgehogprogram.com\/wp-content\/uploads\/2025\/08\/nature-2340449_1280-1024x682.jpg","contentUrl":"https:\/\/hedgehogprogram.com\/wp-content\/uploads\/2025\/08\/nature-2340449_1280-1024x682.jpg"},{"@type":"BreadcrumbList","@id":"https:\/\/vh2023vjmwd-0.hosting-space.nl\/fr\/participation\/projets-de-benevolat\/#breadcrumb","itemListElement":[{"@type":"ListItem","position":1,"name":"Home","item":"https:\/\/hedgehogprogram.com\/fr\/"},{"@type":"ListItem","position":2,"name":"Participation","item":"https:\/\/hedgehogprogram.com\/fr\/participation\/"},{"@type":"ListItem","position":3,"name":"Projets de b\u00e9n\u00e9volat"}]},{"@type":"WebSite","@id":"https:\/\/hedgehogprogram.com\/#website","url":"https:\/\/hedgehogprogram.com\/","name":"The Hedgehog Program","description":"The Hedgehog Program is an online platform of research and education about hedgehogs and tenrecs.","publisher":{"@id":"https:\/\/hedgehogprogram.com\/#organization"},"alternateName":"THP","potentialAction":[{"@type":"SearchAction","target":{"@type":"EntryPoint","urlTemplate":"https:\/\/hedgehogprogram.com\/?s={search_term_string}"},"query-input":{"@type":"PropertyValueSpecification","valueRequired":true,"valueName":"search_term_string"}}],"inLanguage":"fr-FR"},{"@type":"Organization","@id":"https:\/\/hedgehogprogram.com\/#organization","name":"The Hedgehog Program","alternateName":"THP","url":"https:\/\/hedgehogprogram.com\/","logo":{"@type":"ImageObject","inLanguage":"fr-FR","@id":"https:\/\/hedgehogprogram.com\/#\/schema\/logo\/image\/","url":"https:\/\/www.hedgehogprogram.com\/wp-content\/uploads\/2022\/11\/logo-klein.png","contentUrl":"https:\/\/www.hedgehogprogram.com\/wp-content\/uploads\/2022\/11\/logo-klein.png","width":250,"height":125,"caption":"The Hedgehog Program"},"image":{"@id":"https:\/\/hedgehogprogram.com\/#\/schema\/logo\/image\/"},"sameAs":["https:\/\/www.facebook.com\/hedgehogprogram","https:\/\/www.linkedin.com\/company\/hedgehogprogram\/","https:\/\/www.tiktok.com\/@hedgehogprogram"]}]}},"_links":{"self":[{"href":"https:\/\/vh2023vjmwd-0.hosting-space.nl\/fr\/wp-json\/wp\/v2\/pages\/24120","targetHints":{"allow":["GET"]}}],"collection":[{"href":"https:\/\/vh2023vjmwd-0.hosting-space.nl\/fr\/wp-json\/wp\/v2\/pages"}],"about":[{"href":"https:\/\/vh2023vjmwd-0.hosting-space.nl\/fr\/wp-json\/wp\/v2\/types\/page"}],"author":[{"embeddable":true,"href":"https:\/\/vh2023vjmwd-0.hosting-space.nl\/fr\/wp-json\/wp\/v2\/users\/1"}],"replies":[{"embeddable":true,"href":"https:\/\/vh2023vjmwd-0.hosting-space.nl\/fr\/wp-json\/wp\/v2\/comments?post=24120"}],"version-history":[{"count":0,"href":"https:\/\/vh2023vjmwd-0.hosting-space.nl\/fr\/wp-json\/wp\/v2\/pages\/24120\/revisions"}],"up":[{"embeddable":true,"href":"https:\/\/vh2023vjmwd-0.hosting-space.nl\/fr\/wp-json\/wp\/v2\/pages\/24067"}],"wp:attachment":[{"href":"https:\/\/vh2023vjmwd-0.hosting-space.nl\/fr\/wp-json\/wp\/v2\/media?parent=24120"}],"curies":[{"name":"wp","href":"https:\/\/api.w.org\/{rel}","templated":true}]}}