{"id":24155,"date":"2025-07-20T11:09:26","date_gmt":"2025-07-20T09:09:26","guid":{"rendered":"https:\/\/hedgehogprogram.com\/projets\/science-citoyenne\/"},"modified":"2026-03-09T13:52:12","modified_gmt":"2026-03-09T12:52:12","slug":"science-citoyenne","status":"publish","type":"page","link":"https:\/\/vh2023vjmwd-0.hosting-space.nl\/fr\/projets\/science-citoyenne\/","title":{"rendered":"Science citoyenne"},"content":{"rendered":"\n<h2 class=\"wp-block-heading\">Science citoyenne<\/h2>\n\n<div class=\"wp-block-cover alignfull\"><img loading=\"lazy\" decoding=\"async\" width=\"1024\" height=\"683\" class=\"wp-block-cover__image-background wp-image-21220 size-large\" alt=\"\" src=\"https:\/\/hedgehogprogram.com\/wp-content\/uploads\/2025\/08\/james-bremer-K3Zk5ZLPZsw-unsplash-scaled-1-1024x683.jpg\" style=\"object-position:54% 75%\" data-object-fit=\"cover\" data-object-position=\"54% 75%\" srcset=\"https:\/\/vh2023vjmwd-0.hosting-space.nl\/wp-content\/uploads\/2025\/08\/james-bremer-K3Zk5ZLPZsw-unsplash-scaled-1-1024x683.jpg 1024w, https:\/\/vh2023vjmwd-0.hosting-space.nl\/wp-content\/uploads\/2025\/08\/james-bremer-K3Zk5ZLPZsw-unsplash-scaled-1-768x512.jpg 768w, https:\/\/vh2023vjmwd-0.hosting-space.nl\/wp-content\/uploads\/2025\/08\/james-bremer-K3Zk5ZLPZsw-unsplash-scaled-1-1536x1024.jpg 1536w, https:\/\/vh2023vjmwd-0.hosting-space.nl\/wp-content\/uploads\/2025\/08\/james-bremer-K3Zk5ZLPZsw-unsplash-scaled-1-2048x1366.jpg 2048w, https:\/\/vh2023vjmwd-0.hosting-space.nl\/wp-content\/uploads\/2025\/08\/james-bremer-K3Zk5ZLPZsw-unsplash-scaled-1-600x400.jpg 600w, https:\/\/vh2023vjmwd-0.hosting-space.nl\/wp-content\/uploads\/2025\/08\/james-bremer-K3Zk5ZLPZsw-unsplash-scaled-1-75x50.jpg 75w\" sizes=\"auto, (max-width: 1024px) 100vw, 1024px\" \/><span aria-hidden=\"true\" class=\"wp-block-cover__background has-ast-global-color-3-background-color has-background-dim-60 has-background-dim\"><\/span><div class=\"wp-block-cover__inner-container is-layout-constrained wp-block-cover-is-layout-constrained\">\n<p class=\"has-text-align-center has-white-color has-text-color has-link-color has-medium-font-size wp-elements-734d6ed1ba95920087c4c5405cc3e014\">Participez \u00e0 nos initiatives de sciences participatives et transformez vos observations en donn\u00e9es pr\u00e9cieuses pour la conservation des h\u00e9rissons.<\/p>\n<\/div><\/div>\n\n<div class=\"wp-block-group alignfull has-ast-global-color-3-background-color has-text-color has-background is-layout-flow wp-block-group-is-layout-flow\" style=\"color:#000000\">\n<div class=\"wp-block-group is-layout-constrained wp-block-group-is-layout-constrained\">\n<h2 class=\"wp-block-heading has-text-align-center has-white-color has-text-color has-link-color wp-elements-9d5e5dd2631ed7d74be47346ecd63db9\" id=\"schedule-a-visit\" style=\"font-size:59px;line-height:1.15\"><strong>Participer<\/strong><\/h2>\n\n\n\n<p class=\"has-text-align-center has-white-color has-text-color has-link-color wp-elements-60eb977c4189ccb0b352107fb56c1aea\" style=\"font-size:16px;line-height:1.5\">Votre contribution est importante. Que vous ayez aper\u00e7u un h\u00e9risson dans votre jardin, trouv\u00e9 des traces ou que vous souhaitiez simplement participer \u00e0 la surveillance de la faune locale, votre participation peut faire toute la diff\u00e9rence. Rejoignez nos projets en cours, partagez vos observations et aidez-nous \u00e0 prot\u00e9ger les h\u00e9rissons pour les g\u00e9n\u00e9rations futures.  <\/p>\n\n\n\n<div class=\"wp-block-buttons is-horizontal is-content-justification-center is-layout-flex wp-container-core-buttons-is-layout-03627597 wp-block-buttons-is-layout-flex\">\n<div class=\"wp-block-button has-custom-width wp-block-button__width-50\"><a class=\"wp-block-button__link has-ast-global-color-1-background-color has-text-color has-background wp-element-button\" href=\"https:\/\/hedgehogprogram.com\/fr\/participation\/\" style=\"border-radius:50px;color:#ffffff\">Se joindre \u00e0!<\/a><\/div>\n<\/div>\n<\/div>\n\n\n\n<div style=\"height:64px\" aria-hidden=\"true\" class=\"wp-block-spacer\"><\/div>\n<\/div>\n\n<div class=\"wp-block-columns has-white-background-color has-background is-layout-flex wp-container-core-columns-is-layout-28f84493 wp-block-columns-is-layout-flex\">\n<div class=\"wp-block-column is-layout-flow wp-block-column-is-layout-flow\">\n<figure class=\"wp-block-image size-large\"><img loading=\"lazy\" decoding=\"async\" width=\"1024\" height=\"576\" src=\"https:\/\/hedgehogprogram.com\/wp-content\/uploads\/2025\/08\/524012719_3598945780412893_5329110938621663001_n-1024x576.jpg\" alt=\"\" class=\"wp-image-21221\" srcset=\"https:\/\/vh2023vjmwd-0.hosting-space.nl\/wp-content\/uploads\/2025\/08\/524012719_3598945780412893_5329110938621663001_n-1024x576.jpg 1024w, https:\/\/vh2023vjmwd-0.hosting-space.nl\/wp-content\/uploads\/2025\/08\/524012719_3598945780412893_5329110938621663001_n-768x432.jpg 768w, https:\/\/vh2023vjmwd-0.hosting-space.nl\/wp-content\/uploads\/2025\/08\/524012719_3598945780412893_5329110938621663001_n-1536x864.jpg 1536w, https:\/\/vh2023vjmwd-0.hosting-space.nl\/wp-content\/uploads\/2025\/08\/524012719_3598945780412893_5329110938621663001_n-600x338.jpg 600w, https:\/\/vh2023vjmwd-0.hosting-space.nl\/wp-content\/uploads\/2025\/08\/524012719_3598945780412893_5329110938621663001_n-89x50.jpg 89w, https:\/\/vh2023vjmwd-0.hosting-space.nl\/wp-content\/uploads\/2025\/08\/524012719_3598945780412893_5329110938621663001_n.jpg 2048w\" sizes=\"auto, (max-width: 1024px) 100vw, 1024px\" \/><\/figure>\n<\/div>\n\n\n\n<div class=\"wp-block-column is-layout-flow wp-block-column-is-layout-flow\">\n<h4 class=\"wp-block-heading\">Introduction<\/h4>\n\n\n\n<p>Au sein The Hedgehog Program, nous sommes convaincus que chacun peut contribuer \u00e0 la protection des h\u00e9rissons. Nos initiatives de sciences participatives vous offrent la possibilit\u00e9 de participer directement \u00e0 la recherche et \u00e0 la conservation, quel que soit votre niveau d&rsquo;exp\u00e9rience. <\/p>\n\n\n\n<p>En participant, vous nous aidez \u00e0 collecter des donn\u00e9es pr\u00e9cieuses qui peuvent r\u00e9v\u00e9ler les tendances des populations, identifier les menaces et am\u00e9liorer les habitats. Que vous soyez dans votre jardin, que vous vous promeniez dans la campagne ou que vous travailliez aux champs, votre contribution fait la diff\u00e9rence. <\/p>\n<\/div>\n<\/div>\n\n<div class=\"wp-block-group alignfull has-ast-global-color-5-background-color has-background is-layout-constrained wp-block-group-is-layout-constrained\">\n<h4 class=\"wp-block-heading\">Initiatives actuelles<\/h4>\n\n\n<ul class=\"wp-block-latest-posts__list is-grid columns-3 wp-block-latest-posts\"><\/ul><\/div>\n\n<div class=\"wp-block-group alignfull has-white-background-color has-background is-layout-constrained wp-block-group-is-layout-constrained\">\n<h4 class=\"wp-block-heading\">Comment fonctionne la participation<\/h4>\n\n\n\n<p>Participer \u00e0 nos projets de sciences participatives est simple et accessible, mais la m\u00e9thode varie selon le projet. Pour certaines initiatives, vous pouvez enregistrer vos observations via <a href=\"https:\/\/observation.org\/\" target=\"_blank\" rel=\"noopener\" title=\"\">Observation.org<\/a> ou l&rsquo;application <a href=\"https:\/\/observation.org\/apps\/observation\/\" target=\"_blank\" rel=\"noopener\" title=\"\">ObsIdentify<\/a>, qui vous permettent de soumettre des photos et des d\u00e9tails de vos rencontres. Pour d&rsquo;autres projets, vous pouvez nous aider en nous envoyant des \u00e9chantillons de poils et\/ou de piquants de h\u00e9risson, que nous analysons pour \u00e9tudier leur structure microscopique. Chaque projet est accompagn\u00e9 d&rsquo;instructions claires, vous saurez donc toujours pr\u00e9cis\u00e9ment comment contribuer et quelles informations sont les plus utiles.   <\/p>\n<\/div>\n\n<div class=\"wp-block-group alignfull has-ast-global-color-5-background-color has-background is-layout-constrained wp-block-group-is-layout-constrained\">\n<h4 class=\"wp-block-heading\">R\u00e9sultats et impact<\/h4>\n\n\n\n<p>La science participative ne se limite pas \u00e0 la collecte de donn\u00e9es ; il s\u2019agit de transformer les observations en actions concr\u00e8tes. Les r\u00e9sultats de nos initiatives nous aident \u00e0 cartographier les populations de h\u00e9rissons, \u00e0 suivre leurs comportements saisonniers et \u00e0 d\u00e9tecter les changements de leur environnement. Ces informations sont partag\u00e9es avec les associations de protection de la nature, les chercheurs et les d\u00e9cideurs politiques afin d\u2019orienter les d\u00e9cisions qui peuvent avoir un impact r\u00e9el et durable sur la survie des h\u00e9rissons. Chaque contribution que vous soumettez apporte une pi\u00e8ce essentielle \u00e0 ce tableau d\u2019ensemble.   <\/p>\n\n\n\n<div class=\"wp-block-columns has-ast-global-color-5-background-color has-background is-layout-flex wp-container-core-columns-is-layout-28f84493 wp-block-columns-is-layout-flex\">\n<div class=\"wp-block-column is-layout-flow wp-block-column-is-layout-flow\">\n\n\n<h5 class=\"wp-block-heading has-text-align-center\">Nom<\/h5>\n\n\n\n<p class=\"has-text-align-center\">Quote<\/p>\n<\/div>\n\n\n\n<div class=\"wp-block-column is-layout-flow wp-block-column-is-layout-flow\">\n\n\n<h5 class=\"wp-block-heading has-text-align-center\">Nom<\/h5>\n\n\n\n<p class=\"has-text-align-center\">Quote<\/p>\n<\/div>\n\n\n\n<div class=\"wp-block-column is-layout-flow wp-block-column-is-layout-flow\">\n\n\n<h5 class=\"wp-block-heading has-text-align-center\">Nom<\/h5>\n\n\n\n<p class=\"has-text-align-center\">Quote<\/p>\n<\/div>\n<\/div>\n<\/div>\n\n<div class=\"wp-block-group alignfull has-ast-global-color-3-background-color has-text-color has-background is-layout-flow wp-block-group-is-layout-flow\" style=\"color:#000000\">\n<div class=\"wp-block-group is-layout-constrained wp-block-group-is-layout-constrained\">\n<h3 class=\"wp-block-heading has-text-align-center has-white-color has-text-color has-link-color wp-elements-881f1fbe351ec19a04557ef64be4048c\" id=\"schedule-a-visit\" style=\"font-size:40px;line-height:1.15\"><strong>Participez \u00e0 la science citoyenne<\/strong><\/h3>\n\n\n\n<p class=\"has-text-align-center has-white-color has-text-color has-link-color wp-elements-a9f7e586b6b80ee22f22c433b6d00797\" style=\"font-size:16px;line-height:1.5\">Envie de faire la diff\u00e9rence ? Rejoignez d\u00e8s aujourd\u2019hui l\u2019un de nos projets de sciences participatives et aidez-nous \u00e0 prot\u00e9ger les h\u00e9rissons, une observation \u00e0 la fois. <\/p>\n\n\n\n<div class=\"wp-block-buttons is-horizontal is-content-justification-center is-layout-flex wp-container-core-buttons-is-layout-03627597 wp-block-buttons-is-layout-flex\">\n<div class=\"wp-block-button has-custom-width wp-block-button__width-50\"><a class=\"wp-block-button__link has-ast-global-color-1-background-color has-text-color has-background wp-element-button\" href=\"https:\/\/hedgehogprogram.com\/fr\/participation\/\" style=\"border-radius:50px;color:#ffffff\">Se joindre \u00e0!<\/a><\/div>\n<\/div>\n<\/div>\n\n\n\n<div style=\"height:64px\" aria-hidden=\"true\" class=\"wp-block-spacer\"><\/div>\n<\/div>\n","protected":false},"excerpt":{"rendered":"<p>Science citoyenne Participer Votre contribution est importante. Que vous ayez aper\u00e7u un h\u00e9risson dans votre jardin, trouv\u00e9 des traces ou que vous souhaitiez simplement participer \u00e0 la surveillance de la faune locale, votre participation peut faire toute la diff\u00e9rence. Rejoignez nos projets en cours, partagez vos observations et aidez-nous \u00e0 prot\u00e9ger les h\u00e9rissons pour les [&hellip;]<\/p>\n","protected":false},"author":1,"featured_media":0,"parent":24136,"menu_order":0,"comment_status":"closed","ping_status":"closed","template":"","meta":{"_monsterinsights_skip_tracking":false,"_monsterinsights_sitenote_active":false,"_monsterinsights_sitenote_note":"","_monsterinsights_sitenote_category":0,"site-sidebar-layout":"default","site-content-layout":"","ast-site-content-layout":"default","site-content-style":"default","site-sidebar-style":"default","ast-global-header-display":"","ast-banner-title-visibility":"","ast-main-header-display":"","ast-hfb-above-header-display":"","ast-hfb-below-header-display":"","ast-hfb-mobile-header-display":"","site-post-title":"","ast-breadcrumbs-content":"","ast-featured-img":"","footer-sml-layout":"","ast-disable-related-posts":"","theme-transparent-header-meta":"","adv-header-id-meta":"","stick-header-meta":"","header-above-stick-meta":"","header-main-stick-meta":"","header-below-stick-meta":"","astra-migrate-meta-layouts":"default","ast-page-background-enabled":"default","ast-page-background-meta":{"desktop":{"background-color":"var(--ast-global-color-4)","background-image":"","background-repeat":"repeat","background-position":"center center","background-size":"auto","background-attachment":"scroll","background-type":"","background-media":"","overlay-type":"","overlay-color":"","overlay-opacity":"","overlay-gradient":""},"tablet":{"background-color":"","background-image":"","background-repeat":"repeat","background-position":"center center","background-size":"auto","background-attachment":"scroll","background-type":"","background-media":"","overlay-type":"","overlay-color":"","overlay-opacity":"","overlay-gradient":""},"mobile":{"background-color":"","background-image":"","background-repeat":"repeat","background-position":"center center","background-size":"auto","background-attachment":"scroll","background-type":"","background-media":"","overlay-type":"","overlay-color":"","overlay-opacity":"","overlay-gradient":""}},"ast-content-background-meta":{"desktop":{"background-color":"var(--ast-global-color-5)","background-image":"","background-repeat":"repeat","background-position":"center center","background-size":"auto","background-attachment":"scroll","background-type":"","background-media":"","overlay-type":"","overlay-color":"","overlay-opacity":"","overlay-gradient":""},"tablet":{"background-color":"var(--ast-global-color-5)","background-image":"","background-repeat":"repeat","background-position":"center center","background-size":"auto","background-attachment":"scroll","background-type":"","background-media":"","overlay-type":"","overlay-color":"","overlay-opacity":"","overlay-gradient":""},"mobile":{"background-color":"var(--ast-global-color-5)","background-image":"","background-repeat":"repeat","background-position":"center center","background-size":"auto","background-attachment":"scroll","background-type":"","background-media":"","overlay-type":"","overlay-color":"","overlay-opacity":"","overlay-gradient":""}},"footnotes":""},"class_list":["post-24155","page","type-page","status-publish","hentry"],"yoast_head":"<!-- This site is optimized with the Yoast SEO plugin v27.3 - https:\/\/yoast.com\/product\/yoast-seo-wordpress\/ -->\n<title>Science citoyenne &#187; The Hedgehog Program<\/title>\n<meta name=\"robots\" content=\"index, follow, max-snippet:-1, max-image-preview:large, max-video-preview:-1\" \/>\n<link rel=\"canonical\" href=\"https:\/\/vh2023vjmwd-0.hosting-space.nl\/fr\/projets\/science-citoyenne\/\" \/>\n<meta property=\"og:locale\" content=\"fr_FR\" \/>\n<meta property=\"og:type\" content=\"article\" \/>\n<meta property=\"og:title\" content=\"Science citoyenne &#187; The Hedgehog Program\" \/>\n<meta property=\"og:description\" content=\"Science citoyenne Participer Votre contribution est importante. Que vous ayez aper\u00e7u un h\u00e9risson dans votre jardin, trouv\u00e9 des traces ou que vous souhaitiez simplement participer \u00e0 la surveillance de la faune locale, votre participation peut faire toute la diff\u00e9rence. Rejoignez nos projets en cours, partagez vos observations et aidez-nous \u00e0 prot\u00e9ger les h\u00e9rissons pour les [&hellip;]\" \/>\n<meta property=\"og:url\" content=\"https:\/\/vh2023vjmwd-0.hosting-space.nl\/fr\/projets\/science-citoyenne\/\" \/>\n<meta property=\"og:site_name\" content=\"The Hedgehog Program\" \/>\n<meta property=\"article:publisher\" content=\"https:\/\/www.facebook.com\/hedgehogprogram\" \/>\n<meta property=\"article:modified_time\" content=\"2026-03-09T12:52:12+00:00\" \/>\n<meta property=\"og:image\" content=\"https:\/\/hedgehogprogram.com\/wp-content\/uploads\/2025\/08\/james-bremer-K3Zk5ZLPZsw-unsplash-scaled-1-1024x683.jpg\" \/>\n<meta name=\"twitter:card\" content=\"summary_large_image\" \/>\n<meta name=\"twitter:label1\" content=\"Dur\u00e9e de lecture estim\u00e9e\" \/>\n\t<meta name=\"twitter:data1\" content=\"2 minutes\" \/>\n<script type=\"application\/ld+json\" class=\"yoast-schema-graph\">{\"@context\":\"https:\\\/\\\/schema.org\",\"@graph\":[{\"@type\":\"WebPage\",\"@id\":\"https:\\\/\\\/vh2023vjmwd-0.hosting-space.nl\\\/fr\\\/projets\\\/science-citoyenne\\\/\",\"url\":\"https:\\\/\\\/vh2023vjmwd-0.hosting-space.nl\\\/fr\\\/projets\\\/science-citoyenne\\\/\",\"name\":\"Science citoyenne &#187; The Hedgehog Program\",\"isPartOf\":{\"@id\":\"https:\\\/\\\/www.hedgehogprogram.com\\\/de\\\/#website\"},\"primaryImageOfPage\":{\"@id\":\"https:\\\/\\\/vh2023vjmwd-0.hosting-space.nl\\\/fr\\\/projets\\\/science-citoyenne\\\/#primaryimage\"},\"image\":{\"@id\":\"https:\\\/\\\/vh2023vjmwd-0.hosting-space.nl\\\/fr\\\/projets\\\/science-citoyenne\\\/#primaryimage\"},\"thumbnailUrl\":\"https:\\\/\\\/hedgehogprogram.com\\\/wp-content\\\/uploads\\\/2025\\\/08\\\/james-bremer-K3Zk5ZLPZsw-unsplash-scaled-1-1024x683.jpg\",\"datePublished\":\"2025-07-20T09:09:26+00:00\",\"dateModified\":\"2026-03-09T12:52:12+00:00\",\"breadcrumb\":{\"@id\":\"https:\\\/\\\/vh2023vjmwd-0.hosting-space.nl\\\/fr\\\/projets\\\/science-citoyenne\\\/#breadcrumb\"},\"inLanguage\":\"fr-FR\",\"potentialAction\":[{\"@type\":\"ReadAction\",\"target\":[\"https:\\\/\\\/vh2023vjmwd-0.hosting-space.nl\\\/fr\\\/projets\\\/science-citoyenne\\\/\"]}]},{\"@type\":\"ImageObject\",\"inLanguage\":\"fr-FR\",\"@id\":\"https:\\\/\\\/vh2023vjmwd-0.hosting-space.nl\\\/fr\\\/projets\\\/science-citoyenne\\\/#primaryimage\",\"url\":\"https:\\\/\\\/hedgehogprogram.com\\\/wp-content\\\/uploads\\\/2025\\\/08\\\/james-bremer-K3Zk5ZLPZsw-unsplash-scaled-1-1024x683.jpg\",\"contentUrl\":\"https:\\\/\\\/hedgehogprogram.com\\\/wp-content\\\/uploads\\\/2025\\\/08\\\/james-bremer-K3Zk5ZLPZsw-unsplash-scaled-1-1024x683.jpg\"},{\"@type\":\"BreadcrumbList\",\"@id\":\"https:\\\/\\\/vh2023vjmwd-0.hosting-space.nl\\\/fr\\\/projets\\\/science-citoyenne\\\/#breadcrumb\",\"itemListElement\":[{\"@type\":\"ListItem\",\"position\":1,\"name\":\"Home\",\"item\":\"https:\\\/\\\/www.hedgehogprogram.com\\\/fr\\\/\"},{\"@type\":\"ListItem\",\"position\":2,\"name\":\"Projets\",\"item\":\"https:\\\/\\\/hedgehogprogram.com\\\/fr\\\/projets\\\/\"},{\"@type\":\"ListItem\",\"position\":3,\"name\":\"Science citoyenne\"}]},{\"@type\":\"WebSite\",\"@id\":\"https:\\\/\\\/www.hedgehogprogram.com\\\/de\\\/#website\",\"url\":\"https:\\\/\\\/www.hedgehogprogram.com\\\/de\\\/\",\"name\":\"The Hedgehog Program\",\"description\":\"The Hedgehog Program is an online platform of research and education about hedgehogs and tenrecs.\",\"publisher\":{\"@id\":\"https:\\\/\\\/www.hedgehogprogram.com\\\/de\\\/#organization\"},\"alternateName\":\"THP\",\"potentialAction\":[{\"@type\":\"SearchAction\",\"target\":{\"@type\":\"EntryPoint\",\"urlTemplate\":\"https:\\\/\\\/www.hedgehogprogram.com\\\/de\\\/?s={search_term_string}\"},\"query-input\":{\"@type\":\"PropertyValueSpecification\",\"valueRequired\":true,\"valueName\":\"search_term_string\"}}],\"inLanguage\":\"fr-FR\"},{\"@type\":\"Organization\",\"@id\":\"https:\\\/\\\/www.hedgehogprogram.com\\\/de\\\/#organization\",\"name\":\"The Hedgehog Program\",\"alternateName\":\"THP\",\"url\":\"https:\\\/\\\/www.hedgehogprogram.com\\\/de\\\/\",\"logo\":{\"@type\":\"ImageObject\",\"inLanguage\":\"fr-FR\",\"@id\":\"https:\\\/\\\/www.hedgehogprogram.com\\\/de\\\/#\\\/schema\\\/logo\\\/image\\\/\",\"url\":\"https:\\\/\\\/www.hedgehogprogram.com\\\/wp-content\\\/uploads\\\/2022\\\/11\\\/logo-klein.png\",\"contentUrl\":\"https:\\\/\\\/www.hedgehogprogram.com\\\/wp-content\\\/uploads\\\/2022\\\/11\\\/logo-klein.png\",\"width\":250,\"height\":125,\"caption\":\"The Hedgehog Program\"},\"image\":{\"@id\":\"https:\\\/\\\/www.hedgehogprogram.com\\\/de\\\/#\\\/schema\\\/logo\\\/image\\\/\"},\"sameAs\":[\"https:\\\/\\\/www.facebook.com\\\/hedgehogprogram\",\"https:\\\/\\\/www.linkedin.com\\\/company\\\/hedgehogprogram\\\/\",\"https:\\\/\\\/www.tiktok.com\\\/@hedgehogprogram\"]}]}<\/script>\n<!-- \/ Yoast SEO plugin. -->","yoast_head_json":{"title":"Science citoyenne &#187; The Hedgehog Program","robots":{"index":"index","follow":"follow","max-snippet":"max-snippet:-1","max-image-preview":"max-image-preview:large","max-video-preview":"max-video-preview:-1"},"canonical":"https:\/\/vh2023vjmwd-0.hosting-space.nl\/fr\/projets\/science-citoyenne\/","og_locale":"fr_FR","og_type":"article","og_title":"Science citoyenne &#187; The Hedgehog Program","og_description":"Science citoyenne Participer Votre contribution est importante. Que vous ayez aper\u00e7u un h\u00e9risson dans votre jardin, trouv\u00e9 des traces ou que vous souhaitiez simplement participer \u00e0 la surveillance de la faune locale, votre participation peut faire toute la diff\u00e9rence. Rejoignez nos projets en cours, partagez vos observations et aidez-nous \u00e0 prot\u00e9ger les h\u00e9rissons pour les [&hellip;]","og_url":"https:\/\/vh2023vjmwd-0.hosting-space.nl\/fr\/projets\/science-citoyenne\/","og_site_name":"The Hedgehog Program","article_publisher":"https:\/\/www.facebook.com\/hedgehogprogram","article_modified_time":"2026-03-09T12:52:12+00:00","og_image":[{"url":"https:\/\/hedgehogprogram.com\/wp-content\/uploads\/2025\/08\/james-bremer-K3Zk5ZLPZsw-unsplash-scaled-1-1024x683.jpg","type":"","width":"","height":""}],"twitter_card":"summary_large_image","twitter_misc":{"Dur\u00e9e de lecture estim\u00e9e":"2 minutes"},"schema":{"@context":"https:\/\/schema.org","@graph":[{"@type":"WebPage","@id":"https:\/\/vh2023vjmwd-0.hosting-space.nl\/fr\/projets\/science-citoyenne\/","url":"https:\/\/vh2023vjmwd-0.hosting-space.nl\/fr\/projets\/science-citoyenne\/","name":"Science citoyenne &#187; The Hedgehog Program","isPartOf":{"@id":"https:\/\/www.hedgehogprogram.com\/de\/#website"},"primaryImageOfPage":{"@id":"https:\/\/vh2023vjmwd-0.hosting-space.nl\/fr\/projets\/science-citoyenne\/#primaryimage"},"image":{"@id":"https:\/\/vh2023vjmwd-0.hosting-space.nl\/fr\/projets\/science-citoyenne\/#primaryimage"},"thumbnailUrl":"https:\/\/hedgehogprogram.com\/wp-content\/uploads\/2025\/08\/james-bremer-K3Zk5ZLPZsw-unsplash-scaled-1-1024x683.jpg","datePublished":"2025-07-20T09:09:26+00:00","dateModified":"2026-03-09T12:52:12+00:00","breadcrumb":{"@id":"https:\/\/vh2023vjmwd-0.hosting-space.nl\/fr\/projets\/science-citoyenne\/#breadcrumb"},"inLanguage":"fr-FR","potentialAction":[{"@type":"ReadAction","target":["https:\/\/vh2023vjmwd-0.hosting-space.nl\/fr\/projets\/science-citoyenne\/"]}]},{"@type":"ImageObject","inLanguage":"fr-FR","@id":"https:\/\/vh2023vjmwd-0.hosting-space.nl\/fr\/projets\/science-citoyenne\/#primaryimage","url":"https:\/\/hedgehogprogram.com\/wp-content\/uploads\/2025\/08\/james-bremer-K3Zk5ZLPZsw-unsplash-scaled-1-1024x683.jpg","contentUrl":"https:\/\/hedgehogprogram.com\/wp-content\/uploads\/2025\/08\/james-bremer-K3Zk5ZLPZsw-unsplash-scaled-1-1024x683.jpg"},{"@type":"BreadcrumbList","@id":"https:\/\/vh2023vjmwd-0.hosting-space.nl\/fr\/projets\/science-citoyenne\/#breadcrumb","itemListElement":[{"@type":"ListItem","position":1,"name":"Home","item":"https:\/\/www.hedgehogprogram.com\/fr\/"},{"@type":"ListItem","position":2,"name":"Projets","item":"https:\/\/hedgehogprogram.com\/fr\/projets\/"},{"@type":"ListItem","position":3,"name":"Science citoyenne"}]},{"@type":"WebSite","@id":"https:\/\/www.hedgehogprogram.com\/de\/#website","url":"https:\/\/www.hedgehogprogram.com\/de\/","name":"The Hedgehog Program","description":"The Hedgehog Program is an online platform of research and education about hedgehogs and tenrecs.","publisher":{"@id":"https:\/\/www.hedgehogprogram.com\/de\/#organization"},"alternateName":"THP","potentialAction":[{"@type":"SearchAction","target":{"@type":"EntryPoint","urlTemplate":"https:\/\/www.hedgehogprogram.com\/de\/?s={search_term_string}"},"query-input":{"@type":"PropertyValueSpecification","valueRequired":true,"valueName":"search_term_string"}}],"inLanguage":"fr-FR"},{"@type":"Organization","@id":"https:\/\/www.hedgehogprogram.com\/de\/#organization","name":"The Hedgehog Program","alternateName":"THP","url":"https:\/\/www.hedgehogprogram.com\/de\/","logo":{"@type":"ImageObject","inLanguage":"fr-FR","@id":"https:\/\/www.hedgehogprogram.com\/de\/#\/schema\/logo\/image\/","url":"https:\/\/www.hedgehogprogram.com\/wp-content\/uploads\/2022\/11\/logo-klein.png","contentUrl":"https:\/\/www.hedgehogprogram.com\/wp-content\/uploads\/2022\/11\/logo-klein.png","width":250,"height":125,"caption":"The Hedgehog Program"},"image":{"@id":"https:\/\/www.hedgehogprogram.com\/de\/#\/schema\/logo\/image\/"},"sameAs":["https:\/\/www.facebook.com\/hedgehogprogram","https:\/\/www.linkedin.com\/company\/hedgehogprogram\/","https:\/\/www.tiktok.com\/@hedgehogprogram"]}]}},"_links":{"self":[{"href":"https:\/\/vh2023vjmwd-0.hosting-space.nl\/fr\/wp-json\/wp\/v2\/pages\/24155","targetHints":{"allow":["GET"]}}],"collection":[{"href":"https:\/\/vh2023vjmwd-0.hosting-space.nl\/fr\/wp-json\/wp\/v2\/pages"}],"about":[{"href":"https:\/\/vh2023vjmwd-0.hosting-space.nl\/fr\/wp-json\/wp\/v2\/types\/page"}],"author":[{"embeddable":true,"href":"https:\/\/vh2023vjmwd-0.hosting-space.nl\/fr\/wp-json\/wp\/v2\/users\/1"}],"replies":[{"embeddable":true,"href":"https:\/\/vh2023vjmwd-0.hosting-space.nl\/fr\/wp-json\/wp\/v2\/comments?post=24155"}],"version-history":[{"count":2,"href":"https:\/\/vh2023vjmwd-0.hosting-space.nl\/fr\/wp-json\/wp\/v2\/pages\/24155\/revisions"}],"predecessor-version":[{"id":25642,"href":"https:\/\/vh2023vjmwd-0.hosting-space.nl\/fr\/wp-json\/wp\/v2\/pages\/24155\/revisions\/25642"}],"up":[{"embeddable":true,"href":"https:\/\/vh2023vjmwd-0.hosting-space.nl\/fr\/wp-json\/wp\/v2\/pages\/24136"}],"wp:attachment":[{"href":"https:\/\/vh2023vjmwd-0.hosting-space.nl\/fr\/wp-json\/wp\/v2\/media?parent=24155"}],"curies":[{"name":"wp","href":"https:\/\/api.w.org\/{rel}","templated":true}]}}