{"id":25419,"date":"2025-08-02T21:07:29","date_gmt":"2025-08-02T19:07:29","guid":{"rendered":"https:\/\/hedgehogprogram.com\/shop\/non%20class\u00e9\/ebook-african-pygmy-hedgehog\/"},"modified":"2026-03-24T20:10:00","modified_gmt":"2026-03-24T19:10:00","slug":"ebook-african-pygmy-hedgehog","status":"publish","type":"product","link":"https:\/\/vh2023vjmwd-0.hosting-space.nl\/fr\/shop\/livres\/ebook-african-pygmy-hedgehog\/","title":{"rendered":"H\u00e9risson pygm\u00e9e d&rsquo;Afrique : Guide complet sur les soins, la biologie et l&rsquo;\u00e9levage"},"content":{"rendered":"<p>Le guide complet sur le h\u00e9risson pygm\u00e9e d&rsquo;Afrique (Atelerix albiventris) est un ouvrage num\u00e9rique de r\u00e9f\u00e9rence, \u00e0 la fois exhaustif et faisant autorit\u00e9. Il s&rsquo;adresse aux propri\u00e9taires actuels et futurs de h\u00e9rissons pygm\u00e9es d&rsquo;Afrique. Fort de 119 pages d&rsquo;informations d\u00e9taill\u00e9es, ce guide fait le lien entre les soins pratiques et les connaissances scientifiques, et constitue ainsi une ressource essentielle pour les propri\u00e9taires d&rsquo;animaux, les \u00e9leveurs et les professionnels.   <\/p>\n<p>Les h\u00e9rissons pygm\u00e9es d&rsquo;Afrique sont originaires de la r\u00e9gion subsaharienne, et plus particuli\u00e8rement du Sahel, une zone r\u00e9put\u00e9e pour ses \u00e9cosyst\u00e8mes uniques et sa biodiversit\u00e9. Bien que ces h\u00e9rissons soient devenus de plus en plus populaires comme animaux de compagnie depuis les ann\u00e9es 1990, les informations fiables et structur\u00e9es concernant leurs soins, leur biologie et leur bien-\u00eatre restent limit\u00e9es. Cet ouvrage comble cette lacune en combinant connaissances de terrain, exp\u00e9rience pratique et collaboration universitaire.  <\/p>\n<p>\u00c9labor\u00e9 en collaboration avec des organisations et des experts, dont la Liste rouge de l&rsquo;UICN, Hedgehogs of Asgard, The Hedgehog Program et un \u00e9tudiant de l&rsquo;universit\u00e9 d&rsquo;Utrecht, cet ouvrage num\u00e9rique offre une perspective compl\u00e8te et \u00e9tay\u00e9e par la recherche sur l&rsquo;esp\u00e8ce. <\/p>\n<h4>Ce que vous trouverez<\/h4>\n<p>Dans ce guide, vous d\u00e9couvrirez :<\/p>\n<ul>\n<li>Une exploration approfondie de l&rsquo;habitat naturel et du comportement des h\u00e9rissons pygm\u00e9es africains.<\/li>\n<li>Des conseils clairs et pratiques sur le logement, l&rsquo;enrichissement du milieu et les besoins environnementaux.<\/li>\n<li>Des sections d\u00e9taill\u00e9es sur la nutrition, les strat\u00e9gies d&rsquo;alimentation et les erreurs courantes.<\/li>\n<li>Des informations compl\u00e8tes sur la sant\u00e9, la pr\u00e9vention des maladies et le bien-\u00eatre.<\/li>\n<li>Consid\u00e9rations \u00e9thiques et meilleures pratiques en mati\u00e8re d&rsquo;\u00e9levage et de possession responsable.<\/li>\n<li>Contexte scientifique associ\u00e9 \u00e0 une exp\u00e9rience concr\u00e8te des soins.<\/li>\n<\/ul>\n<p>Que vous soyez novice en mati\u00e8re d&rsquo;\u00e9levage de h\u00e9rissons ou que vous cherchiez \u00e0 approfondir vos connaissances, ce livre vous apportera \u00e0 la fois les bases et des informations avanc\u00e9es.<\/p>\n<p>Disponible en format .epub et t\u00e9l\u00e9chargeable sous forme d&rsquo;eBook avec un num\u00e9ro ISBN officiel, ce guide convient \u00e0 une utilisation de r\u00e9f\u00e9rence \u00e0 long terme et \u00e0 un usage professionnel.<\/p>\n<p>Si vous souhaitez vraiment offrir les meilleurs soins possibles aux h\u00e9rissons pygm\u00e9es africains, ce livre vous apportera la profondeur, la cr\u00e9dibilit\u00e9 et la clart\u00e9 dont vous avez besoin.<\/p>\n","protected":false},"excerpt":{"rendered":"<p>Le guide complet \u00ab H\u00e9risson pygm\u00e9e d&rsquo;Afrique : soins, biologie et \u00e9levage \u00bb est un ouvrage num\u00e9rique de r\u00e9f\u00e9rence, con\u00e7u pour les propri\u00e9taires actuels et futurs de h\u00e9rissons pygm\u00e9es d&rsquo;Afrique (Atelerix albiventris). Fort de 119 pages d&rsquo;informations d\u00e9taill\u00e9es, ce guide fait le lien entre les soins pratiques et les connaissances scientifiques, et constitue une ressource essentielle pour les propri\u00e9taires d&rsquo;animaux, les \u00e9leveurs et les professionnels. <\/p>\n<p>&nbsp;<\/p>\n","protected":false},"featured_media":20982,"template":"","meta":{"_monsterinsights_skip_tracking":false,"_monsterinsights_sitenote_active":false,"_monsterinsights_sitenote_note":"","_monsterinsights_sitenote_category":0,"site-sidebar-layout":"default","site-content-layout":"","ast-site-content-layout":"default","site-content-style":"default","site-sidebar-style":"default","ast-global-header-display":"","ast-banner-title-visibility":"","ast-main-header-display":"","ast-hfb-above-header-display":"","ast-hfb-below-header-display":"","ast-hfb-mobile-header-display":"","site-post-title":"","ast-breadcrumbs-content":"","ast-featured-img":"","footer-sml-layout":"","ast-disable-related-posts":"","theme-transparent-header-meta":"default","adv-header-id-meta":"","stick-header-meta":"","header-above-stick-meta":"","header-main-stick-meta":"","header-below-stick-meta":"","astra-migrate-meta-layouts":"default","ast-page-background-enabled":"default","ast-page-background-meta":{"desktop":{"background-color":"var(--ast-global-color-4)","background-image":"","background-repeat":"repeat","background-position":"center center","background-size":"auto","background-attachment":"scroll","background-type":"","background-media":"","overlay-type":"","overlay-color":"","overlay-opacity":"","overlay-gradient":""},"tablet":{"background-color":"","background-image":"","background-repeat":"repeat","background-position":"center center","background-size":"auto","background-attachment":"scroll","background-type":"","background-media":"","overlay-type":"","overlay-color":"","overlay-opacity":"","overlay-gradient":""},"mobile":{"background-color":"","background-image":"","background-repeat":"repeat","background-position":"center center","background-size":"auto","background-attachment":"scroll","background-type":"","background-media":"","overlay-type":"","overlay-color":"","overlay-opacity":"","overlay-gradient":""}},"ast-content-background-meta":{"desktop":{"background-color":"var(--ast-global-color-5)","background-image":"","background-repeat":"repeat","background-position":"center center","background-size":"auto","background-attachment":"scroll","background-type":"","background-media":"","overlay-type":"","overlay-color":"","overlay-opacity":"","overlay-gradient":""},"tablet":{"background-color":"var(--ast-global-color-5)","background-image":"","background-repeat":"repeat","background-position":"center center","background-size":"auto","background-attachment":"scroll","background-type":"","background-media":"","overlay-type":"","overlay-color":"","overlay-opacity":"","overlay-gradient":""},"mobile":{"background-color":"var(--ast-global-color-5)","background-image":"","background-repeat":"repeat","background-position":"center center","background-size":"auto","background-attachment":"scroll","background-type":"","background-media":"","overlay-type":"","overlay-color":"","overlay-opacity":"","overlay-gradient":""}}},"product_brand":[],"product_cat":[632],"product_tag":[],"class_list":{"0":"post-25419","1":"product","2":"type-product","3":"status-publish","4":"has-post-thumbnail","6":"product_cat-livres","7":"desktop-align-left","8":"tablet-align-left","9":"mobile-align-left","11":"first","12":"instock","13":"downloadable","14":"virtual","15":"sold-individually","16":"taxable","17":"purchasable","18":"product-type-simple"},"yoast_head":"<!-- This site is optimized with the Yoast SEO plugin v27.3 - https:\/\/yoast.com\/product\/yoast-seo-wordpress\/ -->\n<title>H\u00e9risson pygm\u00e9e d&#039;Afrique : Guide complet sur les soins, la biologie et l&#039;\u00e9levage &#187; The Hedgehog Program<\/title>\n<meta name=\"description\" content=\"Guide complet d&#039;\u00e9levage du h\u00e9risson pygm\u00e9e d&#039;Afrique : logement, alimentation, sant\u00e9 et comportement. Un e-book de 119 pages destin\u00e9 aux propri\u00e9taires et aux \u00e9leveurs.\" \/>\n<meta name=\"robots\" content=\"index, follow, max-snippet:-1, max-image-preview:large, max-video-preview:-1\" \/>\n<link rel=\"canonical\" href=\"https:\/\/vh2023vjmwd-0.hosting-space.nl\/fr\/shop\/livres\/ebook-african-pygmy-hedgehog\/\" \/>\n<meta property=\"og:locale\" content=\"fr_FR\" \/>\n<meta property=\"og:type\" content=\"article\" \/>\n<meta property=\"og:title\" content=\"H\u00e9risson pygm\u00e9e d&#039;Afrique : Guide complet sur les soins, la biologie et l&#039;\u00e9levage &#187; The Hedgehog Program\" \/>\n<meta property=\"og:description\" content=\"Guide complet d&#039;\u00e9levage du h\u00e9risson pygm\u00e9e d&#039;Afrique : logement, alimentation, sant\u00e9 et comportement. Un e-book de 119 pages destin\u00e9 aux propri\u00e9taires et aux \u00e9leveurs.\" \/>\n<meta property=\"og:url\" content=\"https:\/\/vh2023vjmwd-0.hosting-space.nl\/fr\/shop\/livres\/ebook-african-pygmy-hedgehog\/\" \/>\n<meta property=\"og:site_name\" content=\"The Hedgehog Program\" \/>\n<meta property=\"article:publisher\" content=\"https:\/\/www.facebook.com\/hedgehogprogram\" \/>\n<meta property=\"article:modified_time\" content=\"2026-03-24T19:10:00+00:00\" \/>\n<meta property=\"og:image\" content=\"https:\/\/hedgehogprogram.com\/wp-content\/uploads\/2025\/08\/african-pygmy-hedgehog.jpg\" \/>\n\t<meta property=\"og:image:width\" content=\"353\" \/>\n\t<meta property=\"og:image:height\" content=\"510\" \/>\n\t<meta property=\"og:image:type\" content=\"image\/jpeg\" \/>\n<meta name=\"twitter:card\" content=\"summary_large_image\" \/>\n<meta name=\"twitter:label1\" content=\"Dur\u00e9e de lecture estim\u00e9e\" \/>\n\t<meta name=\"twitter:data1\" content=\"2 minutes\" \/>\n<script type=\"application\/ld+json\" class=\"yoast-schema-graph\">{\"@context\":\"https:\\\/\\\/schema.org\",\"@graph\":[{\"@type\":\"WebPage\",\"@id\":\"https:\\\/\\\/vh2023vjmwd-0.hosting-space.nl\\\/fr\\\/shop\\\/livres\\\/ebook-african-pygmy-hedgehog\\\/\",\"url\":\"https:\\\/\\\/vh2023vjmwd-0.hosting-space.nl\\\/fr\\\/shop\\\/livres\\\/ebook-african-pygmy-hedgehog\\\/\",\"name\":\"H\u00e9risson pygm\u00e9e d'Afrique : Guide complet sur les soins, la biologie et l'\u00e9levage &#187; The Hedgehog Program\",\"isPartOf\":{\"@id\":\"https:\\\/\\\/www.hedgehogprogram.com\\\/de\\\/#website\"},\"primaryImageOfPage\":{\"@id\":\"https:\\\/\\\/vh2023vjmwd-0.hosting-space.nl\\\/fr\\\/shop\\\/livres\\\/ebook-african-pygmy-hedgehog\\\/#primaryimage\"},\"image\":{\"@id\":\"https:\\\/\\\/vh2023vjmwd-0.hosting-space.nl\\\/fr\\\/shop\\\/livres\\\/ebook-african-pygmy-hedgehog\\\/#primaryimage\"},\"thumbnailUrl\":\"https:\\\/\\\/vh2023vjmwd-0.hosting-space.nl\\\/wp-content\\\/uploads\\\/2025\\\/08\\\/african-pygmy-hedgehog.jpg\",\"datePublished\":\"2025-08-02T19:07:29+00:00\",\"dateModified\":\"2026-03-24T19:10:00+00:00\",\"description\":\"Guide complet d'\u00e9levage du h\u00e9risson pygm\u00e9e d'Afrique : logement, alimentation, sant\u00e9 et comportement. Un e-book de 119 pages destin\u00e9 aux propri\u00e9taires et aux \u00e9leveurs.\",\"breadcrumb\":{\"@id\":\"https:\\\/\\\/vh2023vjmwd-0.hosting-space.nl\\\/fr\\\/shop\\\/livres\\\/ebook-african-pygmy-hedgehog\\\/#breadcrumb\"},\"inLanguage\":\"fr-FR\",\"potentialAction\":[{\"@type\":\"ReadAction\",\"target\":[\"https:\\\/\\\/vh2023vjmwd-0.hosting-space.nl\\\/fr\\\/shop\\\/livres\\\/ebook-african-pygmy-hedgehog\\\/\"]}]},{\"@type\":\"ImageObject\",\"inLanguage\":\"fr-FR\",\"@id\":\"https:\\\/\\\/vh2023vjmwd-0.hosting-space.nl\\\/fr\\\/shop\\\/livres\\\/ebook-african-pygmy-hedgehog\\\/#primaryimage\",\"url\":\"https:\\\/\\\/vh2023vjmwd-0.hosting-space.nl\\\/wp-content\\\/uploads\\\/2025\\\/08\\\/african-pygmy-hedgehog.jpg\",\"contentUrl\":\"https:\\\/\\\/vh2023vjmwd-0.hosting-space.nl\\\/wp-content\\\/uploads\\\/2025\\\/08\\\/african-pygmy-hedgehog.jpg\",\"width\":353,\"height\":510},{\"@type\":\"BreadcrumbList\",\"@id\":\"https:\\\/\\\/vh2023vjmwd-0.hosting-space.nl\\\/fr\\\/shop\\\/livres\\\/ebook-african-pygmy-hedgehog\\\/#breadcrumb\",\"itemListElement\":[{\"@type\":\"ListItem\",\"position\":1,\"name\":\"Home\",\"item\":\"https:\\\/\\\/www.hedgehogprogram.com\\\/fr\\\/\"},{\"@type\":\"ListItem\",\"position\":2,\"name\":\"Boutique\",\"item\":\"https:\\\/\\\/hedgehogprogram.com\\\/fr\\\/boutique\\\/\"},{\"@type\":\"ListItem\",\"position\":3,\"name\":\"H\u00e9risson pygm\u00e9e d&rsquo;Afrique : Guide complet sur les soins, la biologie et l&rsquo;\u00e9levage\"}]},{\"@type\":\"WebSite\",\"@id\":\"https:\\\/\\\/www.hedgehogprogram.com\\\/de\\\/#website\",\"url\":\"https:\\\/\\\/www.hedgehogprogram.com\\\/de\\\/\",\"name\":\"The Hedgehog Program\",\"description\":\"The Hedgehog Program is an online platform of research and education about hedgehogs and tenrecs.\",\"publisher\":{\"@id\":\"https:\\\/\\\/www.hedgehogprogram.com\\\/de\\\/#organization\"},\"alternateName\":\"THP\",\"potentialAction\":[{\"@type\":\"SearchAction\",\"target\":{\"@type\":\"EntryPoint\",\"urlTemplate\":\"https:\\\/\\\/www.hedgehogprogram.com\\\/de\\\/?s={search_term_string}\"},\"query-input\":{\"@type\":\"PropertyValueSpecification\",\"valueRequired\":true,\"valueName\":\"search_term_string\"}}],\"inLanguage\":\"fr-FR\"},{\"@type\":\"Organization\",\"@id\":\"https:\\\/\\\/www.hedgehogprogram.com\\\/de\\\/#organization\",\"name\":\"The Hedgehog Program\",\"alternateName\":\"THP\",\"url\":\"https:\\\/\\\/www.hedgehogprogram.com\\\/de\\\/\",\"logo\":{\"@type\":\"ImageObject\",\"inLanguage\":\"fr-FR\",\"@id\":\"https:\\\/\\\/www.hedgehogprogram.com\\\/de\\\/#\\\/schema\\\/logo\\\/image\\\/\",\"url\":\"https:\\\/\\\/www.hedgehogprogram.com\\\/wp-content\\\/uploads\\\/2022\\\/11\\\/logo-klein.png\",\"contentUrl\":\"https:\\\/\\\/www.hedgehogprogram.com\\\/wp-content\\\/uploads\\\/2022\\\/11\\\/logo-klein.png\",\"width\":250,\"height\":125,\"caption\":\"The Hedgehog Program\"},\"image\":{\"@id\":\"https:\\\/\\\/www.hedgehogprogram.com\\\/de\\\/#\\\/schema\\\/logo\\\/image\\\/\"},\"sameAs\":[\"https:\\\/\\\/www.facebook.com\\\/hedgehogprogram\",\"https:\\\/\\\/www.linkedin.com\\\/company\\\/hedgehogprogram\\\/\",\"https:\\\/\\\/www.tiktok.com\\\/@hedgehogprogram\"]}]}<\/script>\n<!-- \/ Yoast SEO plugin. -->","yoast_head_json":{"title":"H\u00e9risson pygm\u00e9e d'Afrique : Guide complet sur les soins, la biologie et l'\u00e9levage &#187; The Hedgehog Program","description":"Guide complet d'\u00e9levage du h\u00e9risson pygm\u00e9e d'Afrique : logement, alimentation, sant\u00e9 et comportement. Un e-book de 119 pages destin\u00e9 aux propri\u00e9taires et aux \u00e9leveurs.","robots":{"index":"index","follow":"follow","max-snippet":"max-snippet:-1","max-image-preview":"max-image-preview:large","max-video-preview":"max-video-preview:-1"},"canonical":"https:\/\/vh2023vjmwd-0.hosting-space.nl\/fr\/shop\/livres\/ebook-african-pygmy-hedgehog\/","og_locale":"fr_FR","og_type":"article","og_title":"H\u00e9risson pygm\u00e9e d'Afrique : Guide complet sur les soins, la biologie et l'\u00e9levage &#187; The Hedgehog Program","og_description":"Guide complet d'\u00e9levage du h\u00e9risson pygm\u00e9e d'Afrique : logement, alimentation, sant\u00e9 et comportement. Un e-book de 119 pages destin\u00e9 aux propri\u00e9taires et aux \u00e9leveurs.","og_url":"https:\/\/vh2023vjmwd-0.hosting-space.nl\/fr\/shop\/livres\/ebook-african-pygmy-hedgehog\/","og_site_name":"The Hedgehog Program","article_publisher":"https:\/\/www.facebook.com\/hedgehogprogram","article_modified_time":"2026-03-24T19:10:00+00:00","og_image":[{"width":353,"height":510,"url":"https:\/\/hedgehogprogram.com\/wp-content\/uploads\/2025\/08\/african-pygmy-hedgehog.jpg","type":"image\/jpeg"}],"twitter_card":"summary_large_image","twitter_misc":{"Dur\u00e9e de lecture estim\u00e9e":"2 minutes"},"schema":{"@context":"https:\/\/schema.org","@graph":[{"@type":"WebPage","@id":"https:\/\/vh2023vjmwd-0.hosting-space.nl\/fr\/shop\/livres\/ebook-african-pygmy-hedgehog\/","url":"https:\/\/vh2023vjmwd-0.hosting-space.nl\/fr\/shop\/livres\/ebook-african-pygmy-hedgehog\/","name":"H\u00e9risson pygm\u00e9e d'Afrique : Guide complet sur les soins, la biologie et l'\u00e9levage &#187; The Hedgehog Program","isPartOf":{"@id":"https:\/\/www.hedgehogprogram.com\/de\/#website"},"primaryImageOfPage":{"@id":"https:\/\/vh2023vjmwd-0.hosting-space.nl\/fr\/shop\/livres\/ebook-african-pygmy-hedgehog\/#primaryimage"},"image":{"@id":"https:\/\/vh2023vjmwd-0.hosting-space.nl\/fr\/shop\/livres\/ebook-african-pygmy-hedgehog\/#primaryimage"},"thumbnailUrl":"https:\/\/vh2023vjmwd-0.hosting-space.nl\/wp-content\/uploads\/2025\/08\/african-pygmy-hedgehog.jpg","datePublished":"2025-08-02T19:07:29+00:00","dateModified":"2026-03-24T19:10:00+00:00","description":"Guide complet d'\u00e9levage du h\u00e9risson pygm\u00e9e d'Afrique : logement, alimentation, sant\u00e9 et comportement. Un e-book de 119 pages destin\u00e9 aux propri\u00e9taires et aux \u00e9leveurs.","breadcrumb":{"@id":"https:\/\/vh2023vjmwd-0.hosting-space.nl\/fr\/shop\/livres\/ebook-african-pygmy-hedgehog\/#breadcrumb"},"inLanguage":"fr-FR","potentialAction":[{"@type":"ReadAction","target":["https:\/\/vh2023vjmwd-0.hosting-space.nl\/fr\/shop\/livres\/ebook-african-pygmy-hedgehog\/"]}]},{"@type":"ImageObject","inLanguage":"fr-FR","@id":"https:\/\/vh2023vjmwd-0.hosting-space.nl\/fr\/shop\/livres\/ebook-african-pygmy-hedgehog\/#primaryimage","url":"https:\/\/vh2023vjmwd-0.hosting-space.nl\/wp-content\/uploads\/2025\/08\/african-pygmy-hedgehog.jpg","contentUrl":"https:\/\/vh2023vjmwd-0.hosting-space.nl\/wp-content\/uploads\/2025\/08\/african-pygmy-hedgehog.jpg","width":353,"height":510},{"@type":"BreadcrumbList","@id":"https:\/\/vh2023vjmwd-0.hosting-space.nl\/fr\/shop\/livres\/ebook-african-pygmy-hedgehog\/#breadcrumb","itemListElement":[{"@type":"ListItem","position":1,"name":"Home","item":"https:\/\/www.hedgehogprogram.com\/fr\/"},{"@type":"ListItem","position":2,"name":"Boutique","item":"https:\/\/hedgehogprogram.com\/fr\/boutique\/"},{"@type":"ListItem","position":3,"name":"H\u00e9risson pygm\u00e9e d&rsquo;Afrique : Guide complet sur les soins, la biologie et l&rsquo;\u00e9levage"}]},{"@type":"WebSite","@id":"https:\/\/www.hedgehogprogram.com\/de\/#website","url":"https:\/\/www.hedgehogprogram.com\/de\/","name":"The Hedgehog Program","description":"The Hedgehog Program is an online platform of research and education about hedgehogs and tenrecs.","publisher":{"@id":"https:\/\/www.hedgehogprogram.com\/de\/#organization"},"alternateName":"THP","potentialAction":[{"@type":"SearchAction","target":{"@type":"EntryPoint","urlTemplate":"https:\/\/www.hedgehogprogram.com\/de\/?s={search_term_string}"},"query-input":{"@type":"PropertyValueSpecification","valueRequired":true,"valueName":"search_term_string"}}],"inLanguage":"fr-FR"},{"@type":"Organization","@id":"https:\/\/www.hedgehogprogram.com\/de\/#organization","name":"The Hedgehog Program","alternateName":"THP","url":"https:\/\/www.hedgehogprogram.com\/de\/","logo":{"@type":"ImageObject","inLanguage":"fr-FR","@id":"https:\/\/www.hedgehogprogram.com\/de\/#\/schema\/logo\/image\/","url":"https:\/\/www.hedgehogprogram.com\/wp-content\/uploads\/2022\/11\/logo-klein.png","contentUrl":"https:\/\/www.hedgehogprogram.com\/wp-content\/uploads\/2022\/11\/logo-klein.png","width":250,"height":125,"caption":"The Hedgehog Program"},"image":{"@id":"https:\/\/www.hedgehogprogram.com\/de\/#\/schema\/logo\/image\/"},"sameAs":["https:\/\/www.facebook.com\/hedgehogprogram","https:\/\/www.linkedin.com\/company\/hedgehogprogram\/","https:\/\/www.tiktok.com\/@hedgehogprogram"]}]}},"_links":{"self":[{"href":"https:\/\/vh2023vjmwd-0.hosting-space.nl\/fr\/wp-json\/wp\/v2\/product\/25419","targetHints":{"allow":["GET"]}}],"collection":[{"href":"https:\/\/vh2023vjmwd-0.hosting-space.nl\/fr\/wp-json\/wp\/v2\/product"}],"about":[{"href":"https:\/\/vh2023vjmwd-0.hosting-space.nl\/fr\/wp-json\/wp\/v2\/types\/product"}],"wp:featuredmedia":[{"embeddable":true,"href":"https:\/\/vh2023vjmwd-0.hosting-space.nl\/fr\/wp-json\/wp\/v2\/media\/20982"}],"wp:attachment":[{"href":"https:\/\/vh2023vjmwd-0.hosting-space.nl\/fr\/wp-json\/wp\/v2\/media?parent=25419"}],"wp:term":[{"taxonomy":"product_brand","embeddable":true,"href":"https:\/\/vh2023vjmwd-0.hosting-space.nl\/fr\/wp-json\/wp\/v2\/product_brand?post=25419"},{"taxonomy":"product_cat","embeddable":true,"href":"https:\/\/vh2023vjmwd-0.hosting-space.nl\/fr\/wp-json\/wp\/v2\/product_cat?post=25419"},{"taxonomy":"product_tag","embeddable":true,"href":"https:\/\/vh2023vjmwd-0.hosting-space.nl\/fr\/wp-json\/wp\/v2\/product_tag?post=25419"}],"curies":[{"name":"wp","href":"https:\/\/api.w.org\/{rel}","templated":true}]}}