{"id":25432,"date":"2025-08-02T20:08:06","date_gmt":"2025-08-02T18:08:06","guid":{"rendered":"https:\/\/hedgehogprogram.com\/shop\/non%20class\u00e9\/ebook-hedgehog-tales\/"},"modified":"2026-03-22T20:40:12","modified_gmt":"2026-03-22T19:40:12","slug":"ebook-hedgehog-tales","status":"publish","type":"product","link":"https:\/\/vh2023vjmwd-0.hosting-space.nl\/fr\/shop\/livres\/ebook-hedgehog-tales\/","title":{"rendered":"Contes de h\u00e9rissons: Histoires de h\u00e9rissons sauvages aux Pays-Bas"},"content":{"rendered":"<p>Contes de h\u00e9rissons: Histoires de h\u00e9rissons sauvages aux Pays-Bas est un livre num\u00e9rique unique et immersif qui met en lumi\u00e8re la vie cach\u00e9e des h\u00e9rissons europ\u00e9ens (Erinaceus europaeus) \u00e0 travers des r\u00e9cits.<\/p>\n<p>Dans ce livre, vous suivrez des h\u00e9rissons \u00e0 travers les Pays-Bas tout au long de l&rsquo;ann\u00e9e. De janvier \u00e0 d\u00e9cembre, chaque chapitre se d\u00e9roule dans un lieu diff\u00e9rent. Vous reconna\u00eetrez peut-\u00eatre : un jardin, un terrain vague, un verger ou un paisible village de vacances. Chaque histoire est racont\u00e9e du point de vue d&rsquo;un h\u00e9risson diff\u00e9rent, offrant un aper\u00e7u profond\u00e9ment personnel et r\u00e9aliste de leur monde.   <\/p>\n<p>Bien que les h\u00e9rissons de ce livre soient fictifs, les d\u00e9fis auxquels ils sont confront\u00e9s sont bien r\u00e9els.<\/p>\n<p>Les paysages modernes \u00e9voluent rapidement. La circulation, l&rsquo;urbanisation, la s\u00e9cheresse et le d\u00e9clin des populations d&rsquo;insectes ont tous un impact direct sur la survie des h\u00e9rissons. \u00c0 travers ces r\u00e9cits, vous d\u00e9couvrirez leurs migrations nocturnes et comprendrez mieux leur vuln\u00e9rabilit\u00e9 et les pressions qu&rsquo;ils subissent dans l&rsquo;environnement actuel.   <\/p>\n<p>Ce livre m\u00eale r\u00e9cit narratif et v\u00e9ritables connaissances \u00e9cologiques, ce qui le rend \u00e0 la fois captivant et instructif.<\/p>\n<h4>Ce que vous trouverez<\/h4>\n<p>Dans Contes de h\u00e9rissons: Histoires de h\u00e9rissons sauvages aux Pays-Bas, vous trouverez:<\/p>\n<ul>\n<li>12 nouvelles, chacune se d\u00e9roulant dans un mois et un habitat diff\u00e9rents.<\/li>\n<li>Repr\u00e9sentations r\u00e9alistes du comportement et de l&rsquo;habitat des h\u00e9rissons.<\/li>\n<li>Aper\u00e7u de l&rsquo;impact humain sur la faune sauvage.<\/li>\n<li>Conseils pratiques pour aider les h\u00e9rissons dans votre environnement.<\/li>\n<li>De petits \u00e9l\u00e9ments \u00e9ducatifs int\u00e9gr\u00e9s naturellement aux histoires.<\/li>\n<\/ul>\n<p>Ce livre peut \u00eatre lu de plusieurs fa\u00e7ons : en suivant les mois dans l\u2019ordre, en lisant des histoires individuelles ou en explorant diff\u00e9rentes \u00ab ann\u00e9es du h\u00e9risson \u00bb \u00e0 votre propre rythme.<\/p>\n<p>Con\u00e7u pour les lecteurs de 12 ans et plus, cet ebook est id\u00e9al pour les amoureux de la nature, les passionn\u00e9s d&rsquo;animaux et tous ceux qui souhaitent renouer avec la vie nocturne, souvent invisible et paisible. <\/p>\n<p>Propos\u00e9 sous forme de livre \u00e9lectronique t\u00e9l\u00e9chargeable au format .epub, il est id\u00e9al pour une lecture d\u00e9tendue tout en offrant un aper\u00e7u pertinent de la conservation de la faune sauvage.<\/p>\n<p>Si vous souhaitez d\u00e9couvrir la nature sous un nouvel angle et mieux comprendre la vie des h\u00e9rissons \u00e0 l&rsquo;\u00e9tat sauvage, ce livre vous propose un voyage captivant et \u00e9mouvant. <\/p>\n","protected":false},"excerpt":{"rendered":"<p>Contes de h\u00e9rissons: Histoires de h\u00e9rissons sauvages aux Pays-Bas est un livre num\u00e9rique unique et immersif qui met en lumi\u00e8re la vie cach\u00e9e des h\u00e9rissons europ\u00e9ens (Erinaceus europaeus) \u00e0 travers des r\u00e9cits.<\/p>\n<p>Dans ce livre, vous suivrez des h\u00e9rissons \u00e0 travers les Pays-Bas tout au long de l&rsquo;ann\u00e9e. De janvier \u00e0 d\u00e9cembre, chaque chapitre se d\u00e9roule dans un lieu diff\u00e9rent. Vous reconna\u00eetrez peut-\u00eatre : un jardin, un terrain vague, un verger ou un paisible village de vacances. Chaque histoire est racont\u00e9e du point de vue d&rsquo;un h\u00e9risson diff\u00e9rent, offrant un aper\u00e7u profond\u00e9ment personnel et r\u00e9aliste de leur monde.   <\/p>\n","protected":false},"featured_media":20965,"template":"","meta":{"_monsterinsights_skip_tracking":false,"_monsterinsights_sitenote_active":false,"_monsterinsights_sitenote_note":"","_monsterinsights_sitenote_category":0,"site-sidebar-layout":"default","site-content-layout":"","ast-site-content-layout":"default","site-content-style":"default","site-sidebar-style":"default","ast-global-header-display":"","ast-banner-title-visibility":"","ast-main-header-display":"","ast-hfb-above-header-display":"","ast-hfb-below-header-display":"","ast-hfb-mobile-header-display":"","site-post-title":"","ast-breadcrumbs-content":"","ast-featured-img":"","footer-sml-layout":"","ast-disable-related-posts":"","theme-transparent-header-meta":"default","adv-header-id-meta":"","stick-header-meta":"","header-above-stick-meta":"","header-main-stick-meta":"","header-below-stick-meta":"","astra-migrate-meta-layouts":"default","ast-page-background-enabled":"default","ast-page-background-meta":{"desktop":{"background-color":"var(--ast-global-color-4)","background-image":"","background-repeat":"repeat","background-position":"center center","background-size":"auto","background-attachment":"scroll","background-type":"","background-media":"","overlay-type":"","overlay-color":"","overlay-opacity":"","overlay-gradient":""},"tablet":{"background-color":"","background-image":"","background-repeat":"repeat","background-position":"center center","background-size":"auto","background-attachment":"scroll","background-type":"","background-media":"","overlay-type":"","overlay-color":"","overlay-opacity":"","overlay-gradient":""},"mobile":{"background-color":"","background-image":"","background-repeat":"repeat","background-position":"center center","background-size":"auto","background-attachment":"scroll","background-type":"","background-media":"","overlay-type":"","overlay-color":"","overlay-opacity":"","overlay-gradient":""}},"ast-content-background-meta":{"desktop":{"background-color":"var(--ast-global-color-5)","background-image":"","background-repeat":"repeat","background-position":"center center","background-size":"auto","background-attachment":"scroll","background-type":"","background-media":"","overlay-type":"","overlay-color":"","overlay-opacity":"","overlay-gradient":""},"tablet":{"background-color":"var(--ast-global-color-5)","background-image":"","background-repeat":"repeat","background-position":"center center","background-size":"auto","background-attachment":"scroll","background-type":"","background-media":"","overlay-type":"","overlay-color":"","overlay-opacity":"","overlay-gradient":""},"mobile":{"background-color":"var(--ast-global-color-5)","background-image":"","background-repeat":"repeat","background-position":"center center","background-size":"auto","background-attachment":"scroll","background-type":"","background-media":"","overlay-type":"","overlay-color":"","overlay-opacity":"","overlay-gradient":""}}},"product_brand":[],"product_cat":[632],"product_tag":[],"class_list":{"0":"post-25432","1":"product","2":"type-product","3":"status-publish","4":"has-post-thumbnail","6":"product_cat-livres","7":"desktop-align-left","8":"tablet-align-left","9":"mobile-align-left","11":"first","12":"instock","13":"downloadable","14":"virtual","15":"sold-individually","16":"taxable","17":"purchasable","18":"product-type-simple"},"yoast_head":"<!-- This site is optimized with the Yoast SEO plugin v27.3 - https:\/\/yoast.com\/product\/yoast-seo-wordpress\/ -->\n<title>Contes de h\u00e9rissons: Histoires de h\u00e9rissons sauvages aux Pays-Bas &#187; The Hedgehog Program<\/title>\n<meta name=\"description\" content=\"D\u00e9couvrez l&#039;histoire des h\u00e9rissons sauvages europ\u00e9ens aux Pays-Bas. Un livre num\u00e9rique captivant, interactif et \u00e9ducatif sur la nature, touchant et \u00e9ducatif, destin\u00e9 aux lecteurs de 12 ans et plus.\" \/>\n<meta name=\"robots\" content=\"index, follow, max-snippet:-1, max-image-preview:large, max-video-preview:-1\" \/>\n<link rel=\"canonical\" href=\"https:\/\/vh2023vjmwd-0.hosting-space.nl\/fr\/shop\/livres\/ebook-hedgehog-tales\/\" \/>\n<meta property=\"og:locale\" content=\"fr_FR\" \/>\n<meta property=\"og:type\" content=\"article\" \/>\n<meta property=\"og:title\" content=\"Contes de h\u00e9rissons: Histoires de h\u00e9rissons sauvages aux Pays-Bas &#187; The Hedgehog Program\" \/>\n<meta property=\"og:description\" content=\"D\u00e9couvrez l&#039;histoire des h\u00e9rissons sauvages europ\u00e9ens aux Pays-Bas. Un livre num\u00e9rique captivant, interactif et \u00e9ducatif sur la nature, touchant et \u00e9ducatif, destin\u00e9 aux lecteurs de 12 ans et plus.\" \/>\n<meta property=\"og:url\" content=\"https:\/\/vh2023vjmwd-0.hosting-space.nl\/fr\/shop\/livres\/ebook-hedgehog-tales\/\" \/>\n<meta property=\"og:site_name\" content=\"The Hedgehog Program\" \/>\n<meta property=\"article:publisher\" content=\"https:\/\/www.facebook.com\/hedgehogprogram\" \/>\n<meta property=\"article:modified_time\" content=\"2026-03-22T19:40:12+00:00\" \/>\n<meta property=\"og:image\" content=\"https:\/\/www.hedgehogprogram.com\/wp-content\/uploads\/2025\/08\/Full-Cover-engels.jpg\" \/>\n\t<meta property=\"og:image:width\" content=\"881\" \/>\n\t<meta property=\"og:image:height\" content=\"596\" \/>\n\t<meta property=\"og:image:type\" content=\"image\/jpeg\" \/>\n<meta name=\"twitter:card\" content=\"summary_large_image\" \/>\n<meta name=\"twitter:label1\" content=\"Dur\u00e9e de lecture estim\u00e9e\" \/>\n\t<meta name=\"twitter:data1\" content=\"2 minutes\" \/>\n<script type=\"application\/ld+json\" class=\"yoast-schema-graph\">{\"@context\":\"https:\\\/\\\/schema.org\",\"@graph\":[{\"@type\":\"WebPage\",\"@id\":\"https:\\\/\\\/vh2023vjmwd-0.hosting-space.nl\\\/fr\\\/shop\\\/livres\\\/ebook-hedgehog-tales\\\/\",\"url\":\"https:\\\/\\\/vh2023vjmwd-0.hosting-space.nl\\\/fr\\\/shop\\\/livres\\\/ebook-hedgehog-tales\\\/\",\"name\":\"Contes de h\u00e9rissons: Histoires de h\u00e9rissons sauvages aux Pays-Bas &#187; The Hedgehog Program\",\"isPartOf\":{\"@id\":\"https:\\\/\\\/www.hedgehogprogram.com\\\/de\\\/#website\"},\"primaryImageOfPage\":{\"@id\":\"https:\\\/\\\/vh2023vjmwd-0.hosting-space.nl\\\/fr\\\/shop\\\/livres\\\/ebook-hedgehog-tales\\\/#primaryimage\"},\"image\":{\"@id\":\"https:\\\/\\\/vh2023vjmwd-0.hosting-space.nl\\\/fr\\\/shop\\\/livres\\\/ebook-hedgehog-tales\\\/#primaryimage\"},\"thumbnailUrl\":\"https:\\\/\\\/vh2023vjmwd-0.hosting-space.nl\\\/wp-content\\\/uploads\\\/2025\\\/08\\\/Full-Cover-engels.jpg\",\"datePublished\":\"2025-08-02T18:08:06+00:00\",\"dateModified\":\"2026-03-22T19:40:12+00:00\",\"description\":\"D\u00e9couvrez l'histoire des h\u00e9rissons sauvages europ\u00e9ens aux Pays-Bas. Un livre num\u00e9rique captivant, interactif et \u00e9ducatif sur la nature, touchant et \u00e9ducatif, destin\u00e9 aux lecteurs de 12 ans et plus.\",\"breadcrumb\":{\"@id\":\"https:\\\/\\\/vh2023vjmwd-0.hosting-space.nl\\\/fr\\\/shop\\\/livres\\\/ebook-hedgehog-tales\\\/#breadcrumb\"},\"inLanguage\":\"fr-FR\",\"potentialAction\":[{\"@type\":\"ReadAction\",\"target\":[\"https:\\\/\\\/vh2023vjmwd-0.hosting-space.nl\\\/fr\\\/shop\\\/livres\\\/ebook-hedgehog-tales\\\/\"]}]},{\"@type\":\"ImageObject\",\"inLanguage\":\"fr-FR\",\"@id\":\"https:\\\/\\\/vh2023vjmwd-0.hosting-space.nl\\\/fr\\\/shop\\\/livres\\\/ebook-hedgehog-tales\\\/#primaryimage\",\"url\":\"https:\\\/\\\/vh2023vjmwd-0.hosting-space.nl\\\/wp-content\\\/uploads\\\/2025\\\/08\\\/Full-Cover-engels.jpg\",\"contentUrl\":\"https:\\\/\\\/vh2023vjmwd-0.hosting-space.nl\\\/wp-content\\\/uploads\\\/2025\\\/08\\\/Full-Cover-engels.jpg\",\"width\":881,\"height\":596},{\"@type\":\"BreadcrumbList\",\"@id\":\"https:\\\/\\\/vh2023vjmwd-0.hosting-space.nl\\\/fr\\\/shop\\\/livres\\\/ebook-hedgehog-tales\\\/#breadcrumb\",\"itemListElement\":[{\"@type\":\"ListItem\",\"position\":1,\"name\":\"Home\",\"item\":\"https:\\\/\\\/www.hedgehogprogram.com\\\/fr\\\/\"},{\"@type\":\"ListItem\",\"position\":2,\"name\":\"Boutique\",\"item\":\"https:\\\/\\\/hedgehogprogram.com\\\/fr\\\/boutique\\\/\"},{\"@type\":\"ListItem\",\"position\":3,\"name\":\"Contes de h\u00e9rissons: Histoires de h\u00e9rissons sauvages aux Pays-Bas\"}]},{\"@type\":\"WebSite\",\"@id\":\"https:\\\/\\\/www.hedgehogprogram.com\\\/de\\\/#website\",\"url\":\"https:\\\/\\\/www.hedgehogprogram.com\\\/de\\\/\",\"name\":\"The Hedgehog Program\",\"description\":\"The Hedgehog Program is an online platform of research and education about hedgehogs and tenrecs.\",\"publisher\":{\"@id\":\"https:\\\/\\\/www.hedgehogprogram.com\\\/de\\\/#organization\"},\"alternateName\":\"THP\",\"potentialAction\":[{\"@type\":\"SearchAction\",\"target\":{\"@type\":\"EntryPoint\",\"urlTemplate\":\"https:\\\/\\\/www.hedgehogprogram.com\\\/de\\\/?s={search_term_string}\"},\"query-input\":{\"@type\":\"PropertyValueSpecification\",\"valueRequired\":true,\"valueName\":\"search_term_string\"}}],\"inLanguage\":\"fr-FR\"},{\"@type\":\"Organization\",\"@id\":\"https:\\\/\\\/www.hedgehogprogram.com\\\/de\\\/#organization\",\"name\":\"The Hedgehog Program\",\"alternateName\":\"THP\",\"url\":\"https:\\\/\\\/www.hedgehogprogram.com\\\/de\\\/\",\"logo\":{\"@type\":\"ImageObject\",\"inLanguage\":\"fr-FR\",\"@id\":\"https:\\\/\\\/www.hedgehogprogram.com\\\/de\\\/#\\\/schema\\\/logo\\\/image\\\/\",\"url\":\"https:\\\/\\\/www.hedgehogprogram.com\\\/wp-content\\\/uploads\\\/2022\\\/11\\\/logo-klein.png\",\"contentUrl\":\"https:\\\/\\\/www.hedgehogprogram.com\\\/wp-content\\\/uploads\\\/2022\\\/11\\\/logo-klein.png\",\"width\":250,\"height\":125,\"caption\":\"The Hedgehog Program\"},\"image\":{\"@id\":\"https:\\\/\\\/www.hedgehogprogram.com\\\/de\\\/#\\\/schema\\\/logo\\\/image\\\/\"},\"sameAs\":[\"https:\\\/\\\/www.facebook.com\\\/hedgehogprogram\",\"https:\\\/\\\/www.linkedin.com\\\/company\\\/hedgehogprogram\\\/\",\"https:\\\/\\\/www.tiktok.com\\\/@hedgehogprogram\"]}]}<\/script>\n<!-- \/ Yoast SEO plugin. -->","yoast_head_json":{"title":"Contes de h\u00e9rissons: Histoires de h\u00e9rissons sauvages aux Pays-Bas &#187; The Hedgehog Program","description":"D\u00e9couvrez l'histoire des h\u00e9rissons sauvages europ\u00e9ens aux Pays-Bas. Un livre num\u00e9rique captivant, interactif et \u00e9ducatif sur la nature, touchant et \u00e9ducatif, destin\u00e9 aux lecteurs de 12 ans et plus.","robots":{"index":"index","follow":"follow","max-snippet":"max-snippet:-1","max-image-preview":"max-image-preview:large","max-video-preview":"max-video-preview:-1"},"canonical":"https:\/\/vh2023vjmwd-0.hosting-space.nl\/fr\/shop\/livres\/ebook-hedgehog-tales\/","og_locale":"fr_FR","og_type":"article","og_title":"Contes de h\u00e9rissons: Histoires de h\u00e9rissons sauvages aux Pays-Bas &#187; The Hedgehog Program","og_description":"D\u00e9couvrez l'histoire des h\u00e9rissons sauvages europ\u00e9ens aux Pays-Bas. Un livre num\u00e9rique captivant, interactif et \u00e9ducatif sur la nature, touchant et \u00e9ducatif, destin\u00e9 aux lecteurs de 12 ans et plus.","og_url":"https:\/\/vh2023vjmwd-0.hosting-space.nl\/fr\/shop\/livres\/ebook-hedgehog-tales\/","og_site_name":"The Hedgehog Program","article_publisher":"https:\/\/www.facebook.com\/hedgehogprogram","article_modified_time":"2026-03-22T19:40:12+00:00","og_image":[{"width":881,"height":596,"url":"https:\/\/www.hedgehogprogram.com\/wp-content\/uploads\/2025\/08\/Full-Cover-engels.jpg","type":"image\/jpeg"}],"twitter_card":"summary_large_image","twitter_misc":{"Dur\u00e9e de lecture estim\u00e9e":"2 minutes"},"schema":{"@context":"https:\/\/schema.org","@graph":[{"@type":"WebPage","@id":"https:\/\/vh2023vjmwd-0.hosting-space.nl\/fr\/shop\/livres\/ebook-hedgehog-tales\/","url":"https:\/\/vh2023vjmwd-0.hosting-space.nl\/fr\/shop\/livres\/ebook-hedgehog-tales\/","name":"Contes de h\u00e9rissons: Histoires de h\u00e9rissons sauvages aux Pays-Bas &#187; The Hedgehog Program","isPartOf":{"@id":"https:\/\/www.hedgehogprogram.com\/de\/#website"},"primaryImageOfPage":{"@id":"https:\/\/vh2023vjmwd-0.hosting-space.nl\/fr\/shop\/livres\/ebook-hedgehog-tales\/#primaryimage"},"image":{"@id":"https:\/\/vh2023vjmwd-0.hosting-space.nl\/fr\/shop\/livres\/ebook-hedgehog-tales\/#primaryimage"},"thumbnailUrl":"https:\/\/vh2023vjmwd-0.hosting-space.nl\/wp-content\/uploads\/2025\/08\/Full-Cover-engels.jpg","datePublished":"2025-08-02T18:08:06+00:00","dateModified":"2026-03-22T19:40:12+00:00","description":"D\u00e9couvrez l'histoire des h\u00e9rissons sauvages europ\u00e9ens aux Pays-Bas. Un livre num\u00e9rique captivant, interactif et \u00e9ducatif sur la nature, touchant et \u00e9ducatif, destin\u00e9 aux lecteurs de 12 ans et plus.","breadcrumb":{"@id":"https:\/\/vh2023vjmwd-0.hosting-space.nl\/fr\/shop\/livres\/ebook-hedgehog-tales\/#breadcrumb"},"inLanguage":"fr-FR","potentialAction":[{"@type":"ReadAction","target":["https:\/\/vh2023vjmwd-0.hosting-space.nl\/fr\/shop\/livres\/ebook-hedgehog-tales\/"]}]},{"@type":"ImageObject","inLanguage":"fr-FR","@id":"https:\/\/vh2023vjmwd-0.hosting-space.nl\/fr\/shop\/livres\/ebook-hedgehog-tales\/#primaryimage","url":"https:\/\/vh2023vjmwd-0.hosting-space.nl\/wp-content\/uploads\/2025\/08\/Full-Cover-engels.jpg","contentUrl":"https:\/\/vh2023vjmwd-0.hosting-space.nl\/wp-content\/uploads\/2025\/08\/Full-Cover-engels.jpg","width":881,"height":596},{"@type":"BreadcrumbList","@id":"https:\/\/vh2023vjmwd-0.hosting-space.nl\/fr\/shop\/livres\/ebook-hedgehog-tales\/#breadcrumb","itemListElement":[{"@type":"ListItem","position":1,"name":"Home","item":"https:\/\/www.hedgehogprogram.com\/fr\/"},{"@type":"ListItem","position":2,"name":"Boutique","item":"https:\/\/hedgehogprogram.com\/fr\/boutique\/"},{"@type":"ListItem","position":3,"name":"Contes de h\u00e9rissons: Histoires de h\u00e9rissons sauvages aux Pays-Bas"}]},{"@type":"WebSite","@id":"https:\/\/www.hedgehogprogram.com\/de\/#website","url":"https:\/\/www.hedgehogprogram.com\/de\/","name":"The Hedgehog Program","description":"The Hedgehog Program is an online platform of research and education about hedgehogs and tenrecs.","publisher":{"@id":"https:\/\/www.hedgehogprogram.com\/de\/#organization"},"alternateName":"THP","potentialAction":[{"@type":"SearchAction","target":{"@type":"EntryPoint","urlTemplate":"https:\/\/www.hedgehogprogram.com\/de\/?s={search_term_string}"},"query-input":{"@type":"PropertyValueSpecification","valueRequired":true,"valueName":"search_term_string"}}],"inLanguage":"fr-FR"},{"@type":"Organization","@id":"https:\/\/www.hedgehogprogram.com\/de\/#organization","name":"The Hedgehog Program","alternateName":"THP","url":"https:\/\/www.hedgehogprogram.com\/de\/","logo":{"@type":"ImageObject","inLanguage":"fr-FR","@id":"https:\/\/www.hedgehogprogram.com\/de\/#\/schema\/logo\/image\/","url":"https:\/\/www.hedgehogprogram.com\/wp-content\/uploads\/2022\/11\/logo-klein.png","contentUrl":"https:\/\/www.hedgehogprogram.com\/wp-content\/uploads\/2022\/11\/logo-klein.png","width":250,"height":125,"caption":"The Hedgehog Program"},"image":{"@id":"https:\/\/www.hedgehogprogram.com\/de\/#\/schema\/logo\/image\/"},"sameAs":["https:\/\/www.facebook.com\/hedgehogprogram","https:\/\/www.linkedin.com\/company\/hedgehogprogram\/","https:\/\/www.tiktok.com\/@hedgehogprogram"]}]}},"_links":{"self":[{"href":"https:\/\/vh2023vjmwd-0.hosting-space.nl\/fr\/wp-json\/wp\/v2\/product\/25432","targetHints":{"allow":["GET"]}}],"collection":[{"href":"https:\/\/vh2023vjmwd-0.hosting-space.nl\/fr\/wp-json\/wp\/v2\/product"}],"about":[{"href":"https:\/\/vh2023vjmwd-0.hosting-space.nl\/fr\/wp-json\/wp\/v2\/types\/product"}],"wp:featuredmedia":[{"embeddable":true,"href":"https:\/\/vh2023vjmwd-0.hosting-space.nl\/fr\/wp-json\/wp\/v2\/media\/20965"}],"wp:attachment":[{"href":"https:\/\/vh2023vjmwd-0.hosting-space.nl\/fr\/wp-json\/wp\/v2\/media?parent=25432"}],"wp:term":[{"taxonomy":"product_brand","embeddable":true,"href":"https:\/\/vh2023vjmwd-0.hosting-space.nl\/fr\/wp-json\/wp\/v2\/product_brand?post=25432"},{"taxonomy":"product_cat","embeddable":true,"href":"https:\/\/vh2023vjmwd-0.hosting-space.nl\/fr\/wp-json\/wp\/v2\/product_cat?post=25432"},{"taxonomy":"product_tag","embeddable":true,"href":"https:\/\/vh2023vjmwd-0.hosting-space.nl\/fr\/wp-json\/wp\/v2\/product_tag?post=25432"}],"curies":[{"name":"wp","href":"https:\/\/api.w.org\/{rel}","templated":true}]}}