{"id":25437,"date":"2025-08-02T20:49:44","date_gmt":"2025-08-02T18:49:44","guid":{"rendered":"https:\/\/hedgehogprogram.com\/shop\/non%20class\u00e9\/ebook-egelverhalen\/"},"modified":"2026-03-22T20:46:47","modified_gmt":"2026-03-22T19:46:47","slug":"ebook-egelverhalen","status":"publish","type":"product","link":"https:\/\/vh2023vjmwd-0.hosting-space.nl\/fr\/shop\/livres\/ebook-egelverhalen\/","title":{"rendered":"Egelverhalen: histoires de h\u00e9rissons sauvages aux Pays-Bas"},"content":{"rendered":"<p>Egelverhalen: Histoires de h\u00e9rissons sauvages aux Pays-Bas est un livre \u00e9lectronique unique et immersif qui met en lumi\u00e8re la vie cach\u00e9e des h\u00e9rissons europ\u00e9ens (Erinaceus europaeus) \u00e0 travers la narration.<\/p>\n<p>Dans ce livre, vous suivez les h\u00e9rissons \u00e0 travers les Pays-Bas tout au long de l&rsquo;ann\u00e9e. De janvier \u00e0 d\u00e9cembre, chaque chapitre se d\u00e9roule dans un endroit diff\u00e9rent. Vous reconna\u00eetrez peut-\u00eatre : une cour, un terrain vague, un verger ou un parc de vacances tranquille. Chaque histoire est racont\u00e9e du point de vue d&rsquo;un h\u00e9risson diff\u00e9rent, offrant un aper\u00e7u profond\u00e9ment personnel et r\u00e9aliste de son monde.   <\/p>\n<p>Bien que les h\u00e9rissons de ce livre soient fictifs, les d\u00e9fis auxquels ils sont confront\u00e9s sont bien r\u00e9els.<\/p>\n<p>Les paysages modernes \u00e9voluent rapidement. Le trafic, l\u2019urbanisation, la s\u00e9cheresse et le d\u00e9clin des populations d\u2019insectes ont tous un impact direct sur la survie des h\u00e9rissons. A travers ces histoires, vous ne vivrez pas seulement leurs voyages nocturnes. Vous acqu\u00e9rez \u00e9galement une compr\u00e9hension plus approfondie de leur vuln\u00e9rabilit\u00e9 et des pressions auxquelles ils sont confront\u00e9s dans l\u2019environnement actuel.   <\/p>\n<p>Ce livre allie narration narrative et v\u00e9ritable vision \u00e9cologique, ce qui le rend \u00e0 la fois engageant et \u00e9ducatif.<\/p>\n<h4>Ce que vous trouverez<\/h4>\n<p>Dans Egelverhalen: Histoires de h\u00e9rissons sauvages aux Pays-Bas, vous trouverez:<\/p>\n<ul>\n<li>12 nouvelles, chacune se d\u00e9roulant dans un mois et un habitat diff\u00e9rents.<\/li>\n<li>Repr\u00e9sentations r\u00e9alistes du comportement et de l&rsquo;habitat du h\u00e9risson.<\/li>\n<li>Aper\u00e7u de l\u2019impact humain sur la faune.<\/li>\n<li>Conseils pratiques pour soutenir les h\u00e9rissons dans votre propre environnement.<\/li>\n<li>De petits \u00e9l\u00e9ments p\u00e9dagogiques tiss\u00e9s naturellement dans les histoires.<\/li>\n<\/ul>\n<p>Le livre peut \u00eatre lu de plusieurs mani\u00e8res : suivez les mois dans l&rsquo;ordre, lisez des histoires individuelles ou explorez diff\u00e9rentes \u00ab ann\u00e9es du h\u00e9risson \u00bb \u00e0 votre rythme.<\/p>\n<p>\u00c9crit pour les lecteurs \u00e2g\u00e9s de 12 ans et plus. Cet eBook est parfait pour les amoureux de la nature, les passionn\u00e9s d\u2019animaux et tous ceux qui souhaitent renouer avec la vie tranquille, souvent invisible, qui se d\u00e9roule la nuit tomb\u00e9e. <\/p>\n<p>Livr\u00e9 sous forme de livre \u00e9lectronique t\u00e9l\u00e9chargeable au format .epub, il est id\u00e9al pour une lecture d\u00e9tendue tout en offrant un aper\u00e7u significatif de la conservation de la faune.<\/p>\n<p>Si vous souhaitez d\u00e9couvrir la nature sous un nouvel angle et mieux comprendre la vie des h\u00e9rissons \u00e0 l&rsquo;\u00e9tat sauvage. Ce livre propose un voyage fascinant et sinc\u00e8re. <\/p>\n","protected":false},"excerpt":{"rendered":"<p>Egelverhalen: Histoires de h\u00e9rissons sauvages aux Pays-Bas est un livre \u00e9lectronique unique et immersif qui met en lumi\u00e8re la vie cach\u00e9e des h\u00e9rissons europ\u00e9ens (Erinaceus europaeus) \u00e0 travers la narration.<\/p>\n<p>Dans ce livre, vous suivez les h\u00e9rissons \u00e0 travers les Pays-Bas tout au long de l&rsquo;ann\u00e9e. De janvier \u00e0 d\u00e9cembre, chaque chapitre se d\u00e9roule dans un endroit diff\u00e9rent. Vous reconna\u00eetrez peut-\u00eatre : une cour, un terrain vague, un verger ou un parc de vacances tranquille. Chaque histoire est racont\u00e9e du point de vue d&rsquo;un h\u00e9risson diff\u00e9rent, offrant un aper\u00e7u profond\u00e9ment personnel et r\u00e9aliste de son monde.   <\/p>\n","protected":false},"featured_media":20969,"template":"","meta":{"_monsterinsights_skip_tracking":false,"_monsterinsights_sitenote_active":false,"_monsterinsights_sitenote_note":"","_monsterinsights_sitenote_category":0,"site-sidebar-layout":"default","site-content-layout":"","ast-site-content-layout":"default","site-content-style":"default","site-sidebar-style":"default","ast-global-header-display":"","ast-banner-title-visibility":"","ast-main-header-display":"","ast-hfb-above-header-display":"","ast-hfb-below-header-display":"","ast-hfb-mobile-header-display":"","site-post-title":"","ast-breadcrumbs-content":"","ast-featured-img":"","footer-sml-layout":"","ast-disable-related-posts":"","theme-transparent-header-meta":"default","adv-header-id-meta":"","stick-header-meta":"","header-above-stick-meta":"","header-main-stick-meta":"","header-below-stick-meta":"","astra-migrate-meta-layouts":"default","ast-page-background-enabled":"default","ast-page-background-meta":{"desktop":{"background-color":"var(--ast-global-color-4)","background-image":"","background-repeat":"repeat","background-position":"center center","background-size":"auto","background-attachment":"scroll","background-type":"","background-media":"","overlay-type":"","overlay-color":"","overlay-opacity":"","overlay-gradient":""},"tablet":{"background-color":"","background-image":"","background-repeat":"repeat","background-position":"center center","background-size":"auto","background-attachment":"scroll","background-type":"","background-media":"","overlay-type":"","overlay-color":"","overlay-opacity":"","overlay-gradient":""},"mobile":{"background-color":"","background-image":"","background-repeat":"repeat","background-position":"center center","background-size":"auto","background-attachment":"scroll","background-type":"","background-media":"","overlay-type":"","overlay-color":"","overlay-opacity":"","overlay-gradient":""}},"ast-content-background-meta":{"desktop":{"background-color":"var(--ast-global-color-5)","background-image":"","background-repeat":"repeat","background-position":"center center","background-size":"auto","background-attachment":"scroll","background-type":"","background-media":"","overlay-type":"","overlay-color":"","overlay-opacity":"","overlay-gradient":""},"tablet":{"background-color":"var(--ast-global-color-5)","background-image":"","background-repeat":"repeat","background-position":"center center","background-size":"auto","background-attachment":"scroll","background-type":"","background-media":"","overlay-type":"","overlay-color":"","overlay-opacity":"","overlay-gradient":""},"mobile":{"background-color":"var(--ast-global-color-5)","background-image":"","background-repeat":"repeat","background-position":"center center","background-size":"auto","background-attachment":"scroll","background-type":"","background-media":"","overlay-type":"","overlay-color":"","overlay-opacity":"","overlay-gradient":""}}},"product_brand":[],"product_cat":[632],"product_tag":[],"class_list":{"0":"post-25437","1":"product","2":"type-product","3":"status-publish","4":"has-post-thumbnail","6":"product_cat-livres","7":"desktop-align-left","8":"tablet-align-left","9":"mobile-align-left","11":"first","12":"instock","13":"downloadable","14":"virtual","15":"sold-individually","16":"taxable","17":"purchasable","18":"product-type-simple"},"yoast_head":"<!-- This site is optimized with the Yoast SEO plugin v27.3 - https:\/\/yoast.com\/product\/yoast-seo-wordpress\/ -->\n<title>Egelverhalen: histoires de h\u00e9rissons sauvages aux Pays-Bas &#187; The Hedgehog Program<\/title>\n<meta name=\"description\" content=\"D\u00e9couvrez des histoires de h\u00e9rissons sauvages europ\u00e9ens aux Pays-Bas. Un livre \u00e9lectronique de nature touchante, engageante, interactive et \u00e9ducative pour les lecteurs \u00e2g\u00e9s de 12 ans et plus.\" \/>\n<meta name=\"robots\" content=\"index, follow, max-snippet:-1, max-image-preview:large, max-video-preview:-1\" \/>\n<link rel=\"canonical\" href=\"https:\/\/vh2023vjmwd-0.hosting-space.nl\/fr\/shop\/livres\/ebook-egelverhalen\/\" \/>\n<meta property=\"og:locale\" content=\"fr_FR\" \/>\n<meta property=\"og:type\" content=\"article\" \/>\n<meta property=\"og:title\" content=\"Egelverhalen: histoires de h\u00e9rissons sauvages aux Pays-Bas &#187; The Hedgehog Program\" \/>\n<meta property=\"og:description\" content=\"D\u00e9couvrez des histoires de h\u00e9rissons sauvages europ\u00e9ens aux Pays-Bas. Un livre \u00e9lectronique de nature touchante, engageante, interactive et \u00e9ducative pour les lecteurs \u00e2g\u00e9s de 12 ans et plus.\" \/>\n<meta property=\"og:url\" content=\"https:\/\/vh2023vjmwd-0.hosting-space.nl\/fr\/shop\/livres\/ebook-egelverhalen\/\" \/>\n<meta property=\"og:site_name\" content=\"The Hedgehog Program\" \/>\n<meta property=\"article:publisher\" content=\"https:\/\/www.facebook.com\/hedgehogprogram\" \/>\n<meta property=\"article:modified_time\" content=\"2026-03-22T19:46:47+00:00\" \/>\n<meta property=\"og:image\" content=\"https:\/\/hedgehogprogram.com\/wp-content\/uploads\/2025\/08\/full-cover-scaled.png\" \/>\n\t<meta property=\"og:image:width\" content=\"2560\" \/>\n\t<meta property=\"og:image:height\" content=\"1764\" \/>\n\t<meta property=\"og:image:type\" content=\"image\/png\" \/>\n<meta name=\"twitter:card\" content=\"summary_large_image\" \/>\n<meta name=\"twitter:label1\" content=\"Dur\u00e9e de lecture estim\u00e9e\" \/>\n\t<meta name=\"twitter:data1\" content=\"2 minutes\" \/>\n<script type=\"application\/ld+json\" class=\"yoast-schema-graph\">{\"@context\":\"https:\\\/\\\/schema.org\",\"@graph\":[{\"@type\":\"WebPage\",\"@id\":\"https:\\\/\\\/vh2023vjmwd-0.hosting-space.nl\\\/fr\\\/shop\\\/livres\\\/ebook-egelverhalen\\\/\",\"url\":\"https:\\\/\\\/vh2023vjmwd-0.hosting-space.nl\\\/fr\\\/shop\\\/livres\\\/ebook-egelverhalen\\\/\",\"name\":\"Egelverhalen: histoires de h\u00e9rissons sauvages aux Pays-Bas &#187; The Hedgehog Program\",\"isPartOf\":{\"@id\":\"https:\\\/\\\/www.hedgehogprogram.com\\\/de\\\/#website\"},\"primaryImageOfPage\":{\"@id\":\"https:\\\/\\\/vh2023vjmwd-0.hosting-space.nl\\\/fr\\\/shop\\\/livres\\\/ebook-egelverhalen\\\/#primaryimage\"},\"image\":{\"@id\":\"https:\\\/\\\/vh2023vjmwd-0.hosting-space.nl\\\/fr\\\/shop\\\/livres\\\/ebook-egelverhalen\\\/#primaryimage\"},\"thumbnailUrl\":\"https:\\\/\\\/vh2023vjmwd-0.hosting-space.nl\\\/wp-content\\\/uploads\\\/2025\\\/08\\\/full-cover-scaled.png\",\"datePublished\":\"2025-08-02T18:49:44+00:00\",\"dateModified\":\"2026-03-22T19:46:47+00:00\",\"description\":\"D\u00e9couvrez des histoires de h\u00e9rissons sauvages europ\u00e9ens aux Pays-Bas. Un livre \u00e9lectronique de nature touchante, engageante, interactive et \u00e9ducative pour les lecteurs \u00e2g\u00e9s de 12 ans et plus.\",\"breadcrumb\":{\"@id\":\"https:\\\/\\\/vh2023vjmwd-0.hosting-space.nl\\\/fr\\\/shop\\\/livres\\\/ebook-egelverhalen\\\/#breadcrumb\"},\"inLanguage\":\"fr-FR\",\"potentialAction\":[{\"@type\":\"ReadAction\",\"target\":[\"https:\\\/\\\/vh2023vjmwd-0.hosting-space.nl\\\/fr\\\/shop\\\/livres\\\/ebook-egelverhalen\\\/\"]}]},{\"@type\":\"ImageObject\",\"inLanguage\":\"fr-FR\",\"@id\":\"https:\\\/\\\/vh2023vjmwd-0.hosting-space.nl\\\/fr\\\/shop\\\/livres\\\/ebook-egelverhalen\\\/#primaryimage\",\"url\":\"https:\\\/\\\/vh2023vjmwd-0.hosting-space.nl\\\/wp-content\\\/uploads\\\/2025\\\/08\\\/full-cover-scaled.png\",\"contentUrl\":\"https:\\\/\\\/vh2023vjmwd-0.hosting-space.nl\\\/wp-content\\\/uploads\\\/2025\\\/08\\\/full-cover-scaled.png\",\"width\":2560,\"height\":1764},{\"@type\":\"BreadcrumbList\",\"@id\":\"https:\\\/\\\/vh2023vjmwd-0.hosting-space.nl\\\/fr\\\/shop\\\/livres\\\/ebook-egelverhalen\\\/#breadcrumb\",\"itemListElement\":[{\"@type\":\"ListItem\",\"position\":1,\"name\":\"Home\",\"item\":\"https:\\\/\\\/www.hedgehogprogram.com\\\/fr\\\/\"},{\"@type\":\"ListItem\",\"position\":2,\"name\":\"Boutique\",\"item\":\"https:\\\/\\\/hedgehogprogram.com\\\/fr\\\/boutique\\\/\"},{\"@type\":\"ListItem\",\"position\":3,\"name\":\"Egelverhalen: histoires de h\u00e9rissons sauvages aux Pays-Bas\"}]},{\"@type\":\"WebSite\",\"@id\":\"https:\\\/\\\/www.hedgehogprogram.com\\\/de\\\/#website\",\"url\":\"https:\\\/\\\/www.hedgehogprogram.com\\\/de\\\/\",\"name\":\"The Hedgehog Program\",\"description\":\"The Hedgehog Program is an online platform of research and education about hedgehogs and tenrecs.\",\"publisher\":{\"@id\":\"https:\\\/\\\/www.hedgehogprogram.com\\\/de\\\/#organization\"},\"alternateName\":\"THP\",\"potentialAction\":[{\"@type\":\"SearchAction\",\"target\":{\"@type\":\"EntryPoint\",\"urlTemplate\":\"https:\\\/\\\/www.hedgehogprogram.com\\\/de\\\/?s={search_term_string}\"},\"query-input\":{\"@type\":\"PropertyValueSpecification\",\"valueRequired\":true,\"valueName\":\"search_term_string\"}}],\"inLanguage\":\"fr-FR\"},{\"@type\":\"Organization\",\"@id\":\"https:\\\/\\\/www.hedgehogprogram.com\\\/de\\\/#organization\",\"name\":\"The Hedgehog Program\",\"alternateName\":\"THP\",\"url\":\"https:\\\/\\\/www.hedgehogprogram.com\\\/de\\\/\",\"logo\":{\"@type\":\"ImageObject\",\"inLanguage\":\"fr-FR\",\"@id\":\"https:\\\/\\\/www.hedgehogprogram.com\\\/de\\\/#\\\/schema\\\/logo\\\/image\\\/\",\"url\":\"https:\\\/\\\/www.hedgehogprogram.com\\\/wp-content\\\/uploads\\\/2022\\\/11\\\/logo-klein.png\",\"contentUrl\":\"https:\\\/\\\/www.hedgehogprogram.com\\\/wp-content\\\/uploads\\\/2022\\\/11\\\/logo-klein.png\",\"width\":250,\"height\":125,\"caption\":\"The Hedgehog Program\"},\"image\":{\"@id\":\"https:\\\/\\\/www.hedgehogprogram.com\\\/de\\\/#\\\/schema\\\/logo\\\/image\\\/\"},\"sameAs\":[\"https:\\\/\\\/www.facebook.com\\\/hedgehogprogram\",\"https:\\\/\\\/www.linkedin.com\\\/company\\\/hedgehogprogram\\\/\",\"https:\\\/\\\/www.tiktok.com\\\/@hedgehogprogram\"]}]}<\/script>\n<!-- \/ Yoast SEO plugin. -->","yoast_head_json":{"title":"Egelverhalen: histoires de h\u00e9rissons sauvages aux Pays-Bas &#187; The Hedgehog Program","description":"D\u00e9couvrez des histoires de h\u00e9rissons sauvages europ\u00e9ens aux Pays-Bas. Un livre \u00e9lectronique de nature touchante, engageante, interactive et \u00e9ducative pour les lecteurs \u00e2g\u00e9s de 12 ans et plus.","robots":{"index":"index","follow":"follow","max-snippet":"max-snippet:-1","max-image-preview":"max-image-preview:large","max-video-preview":"max-video-preview:-1"},"canonical":"https:\/\/vh2023vjmwd-0.hosting-space.nl\/fr\/shop\/livres\/ebook-egelverhalen\/","og_locale":"fr_FR","og_type":"article","og_title":"Egelverhalen: histoires de h\u00e9rissons sauvages aux Pays-Bas &#187; The Hedgehog Program","og_description":"D\u00e9couvrez des histoires de h\u00e9rissons sauvages europ\u00e9ens aux Pays-Bas. Un livre \u00e9lectronique de nature touchante, engageante, interactive et \u00e9ducative pour les lecteurs \u00e2g\u00e9s de 12 ans et plus.","og_url":"https:\/\/vh2023vjmwd-0.hosting-space.nl\/fr\/shop\/livres\/ebook-egelverhalen\/","og_site_name":"The Hedgehog Program","article_publisher":"https:\/\/www.facebook.com\/hedgehogprogram","article_modified_time":"2026-03-22T19:46:47+00:00","og_image":[{"width":2560,"height":1764,"url":"https:\/\/hedgehogprogram.com\/wp-content\/uploads\/2025\/08\/full-cover-scaled.png","type":"image\/png"}],"twitter_card":"summary_large_image","twitter_misc":{"Dur\u00e9e de lecture estim\u00e9e":"2 minutes"},"schema":{"@context":"https:\/\/schema.org","@graph":[{"@type":"WebPage","@id":"https:\/\/vh2023vjmwd-0.hosting-space.nl\/fr\/shop\/livres\/ebook-egelverhalen\/","url":"https:\/\/vh2023vjmwd-0.hosting-space.nl\/fr\/shop\/livres\/ebook-egelverhalen\/","name":"Egelverhalen: histoires de h\u00e9rissons sauvages aux Pays-Bas &#187; The Hedgehog Program","isPartOf":{"@id":"https:\/\/www.hedgehogprogram.com\/de\/#website"},"primaryImageOfPage":{"@id":"https:\/\/vh2023vjmwd-0.hosting-space.nl\/fr\/shop\/livres\/ebook-egelverhalen\/#primaryimage"},"image":{"@id":"https:\/\/vh2023vjmwd-0.hosting-space.nl\/fr\/shop\/livres\/ebook-egelverhalen\/#primaryimage"},"thumbnailUrl":"https:\/\/vh2023vjmwd-0.hosting-space.nl\/wp-content\/uploads\/2025\/08\/full-cover-scaled.png","datePublished":"2025-08-02T18:49:44+00:00","dateModified":"2026-03-22T19:46:47+00:00","description":"D\u00e9couvrez des histoires de h\u00e9rissons sauvages europ\u00e9ens aux Pays-Bas. Un livre \u00e9lectronique de nature touchante, engageante, interactive et \u00e9ducative pour les lecteurs \u00e2g\u00e9s de 12 ans et plus.","breadcrumb":{"@id":"https:\/\/vh2023vjmwd-0.hosting-space.nl\/fr\/shop\/livres\/ebook-egelverhalen\/#breadcrumb"},"inLanguage":"fr-FR","potentialAction":[{"@type":"ReadAction","target":["https:\/\/vh2023vjmwd-0.hosting-space.nl\/fr\/shop\/livres\/ebook-egelverhalen\/"]}]},{"@type":"ImageObject","inLanguage":"fr-FR","@id":"https:\/\/vh2023vjmwd-0.hosting-space.nl\/fr\/shop\/livres\/ebook-egelverhalen\/#primaryimage","url":"https:\/\/vh2023vjmwd-0.hosting-space.nl\/wp-content\/uploads\/2025\/08\/full-cover-scaled.png","contentUrl":"https:\/\/vh2023vjmwd-0.hosting-space.nl\/wp-content\/uploads\/2025\/08\/full-cover-scaled.png","width":2560,"height":1764},{"@type":"BreadcrumbList","@id":"https:\/\/vh2023vjmwd-0.hosting-space.nl\/fr\/shop\/livres\/ebook-egelverhalen\/#breadcrumb","itemListElement":[{"@type":"ListItem","position":1,"name":"Home","item":"https:\/\/www.hedgehogprogram.com\/fr\/"},{"@type":"ListItem","position":2,"name":"Boutique","item":"https:\/\/hedgehogprogram.com\/fr\/boutique\/"},{"@type":"ListItem","position":3,"name":"Egelverhalen: histoires de h\u00e9rissons sauvages aux Pays-Bas"}]},{"@type":"WebSite","@id":"https:\/\/www.hedgehogprogram.com\/de\/#website","url":"https:\/\/www.hedgehogprogram.com\/de\/","name":"The Hedgehog Program","description":"The Hedgehog Program is an online platform of research and education about hedgehogs and tenrecs.","publisher":{"@id":"https:\/\/www.hedgehogprogram.com\/de\/#organization"},"alternateName":"THP","potentialAction":[{"@type":"SearchAction","target":{"@type":"EntryPoint","urlTemplate":"https:\/\/www.hedgehogprogram.com\/de\/?s={search_term_string}"},"query-input":{"@type":"PropertyValueSpecification","valueRequired":true,"valueName":"search_term_string"}}],"inLanguage":"fr-FR"},{"@type":"Organization","@id":"https:\/\/www.hedgehogprogram.com\/de\/#organization","name":"The Hedgehog Program","alternateName":"THP","url":"https:\/\/www.hedgehogprogram.com\/de\/","logo":{"@type":"ImageObject","inLanguage":"fr-FR","@id":"https:\/\/www.hedgehogprogram.com\/de\/#\/schema\/logo\/image\/","url":"https:\/\/www.hedgehogprogram.com\/wp-content\/uploads\/2022\/11\/logo-klein.png","contentUrl":"https:\/\/www.hedgehogprogram.com\/wp-content\/uploads\/2022\/11\/logo-klein.png","width":250,"height":125,"caption":"The Hedgehog Program"},"image":{"@id":"https:\/\/www.hedgehogprogram.com\/de\/#\/schema\/logo\/image\/"},"sameAs":["https:\/\/www.facebook.com\/hedgehogprogram","https:\/\/www.linkedin.com\/company\/hedgehogprogram\/","https:\/\/www.tiktok.com\/@hedgehogprogram"]}]}},"_links":{"self":[{"href":"https:\/\/vh2023vjmwd-0.hosting-space.nl\/fr\/wp-json\/wp\/v2\/product\/25437","targetHints":{"allow":["GET"]}}],"collection":[{"href":"https:\/\/vh2023vjmwd-0.hosting-space.nl\/fr\/wp-json\/wp\/v2\/product"}],"about":[{"href":"https:\/\/vh2023vjmwd-0.hosting-space.nl\/fr\/wp-json\/wp\/v2\/types\/product"}],"wp:featuredmedia":[{"embeddable":true,"href":"https:\/\/vh2023vjmwd-0.hosting-space.nl\/fr\/wp-json\/wp\/v2\/media\/20969"}],"wp:attachment":[{"href":"https:\/\/vh2023vjmwd-0.hosting-space.nl\/fr\/wp-json\/wp\/v2\/media?parent=25437"}],"wp:term":[{"taxonomy":"product_brand","embeddable":true,"href":"https:\/\/vh2023vjmwd-0.hosting-space.nl\/fr\/wp-json\/wp\/v2\/product_brand?post=25437"},{"taxonomy":"product_cat","embeddable":true,"href":"https:\/\/vh2023vjmwd-0.hosting-space.nl\/fr\/wp-json\/wp\/v2\/product_cat?post=25437"},{"taxonomy":"product_tag","embeddable":true,"href":"https:\/\/vh2023vjmwd-0.hosting-space.nl\/fr\/wp-json\/wp\/v2\/product_tag?post=25437"}],"curies":[{"name":"wp","href":"https:\/\/api.w.org\/{rel}","templated":true}]}}